{"id":21675,"date":"2023-02-11T21:25:00","date_gmt":"2023-02-11T20:25:00","guid":{"rendered":"https:\/\/1001vertus.com\/?post_type=product&#038;p=21675"},"modified":"2026-02-24T21:37:56","modified_gmt":"2026-02-24T20:37:56","slug":"dentifrico-natural-en-polvo-siwak","status":"publish","type":"product","link":"https:\/\/1001vertus.com\/es\/produit\/dentifrice-en-poudre-de-siwak-naturel\/","title":{"rendered":"Dent\u00edfrico natural en polvo siwak - 30g"},"content":{"rendered":"<p>Como parte de nuestra rutina diaria, elegir la pasta de dientes adecuada es vital para garantizar una buena salud bucodental. A menudo estamos acostumbrados a los dent\u00edfricos convencionales en tubo, pero existe una alternativa m\u00e1s natural y respetuosa con el medio ambiente:\u00a0<strong>siwak polvo dent\u00edfrico<\/strong>. En este art\u00edculo, explicaremos los beneficios de este producto y c\u00f3mo utilizarlo a diario.<\/p>\n<h2><strong>\u00bfQu\u00e9 es el siwak?<\/strong><\/h2>\n<p>El siwak, tambi\u00e9n conocido como <a href=\"https:\/\/1001vertus.com\/es\/product\/dentifrico-miswak\/\"><strong>miswak<\/strong><\/a>, es un \u00e1rbol originario de las regiones \u00e1ridas de \u00c1frica y Oriente Medio. Durante siglos, las poblaciones locales han utilizado las fibras de las ra\u00edces de este \u00e1rbol para cepillarse los dientes y mantener una buena higiene bucal. S\u00f3lo recientemente se ha redescubierto y popularizado esta pr\u00e1ctica tradicional en forma de dent\u00edfrico de polvo de siwak.<\/p>\n<h3><strong>Un producto natural 100 %<\/strong><\/h3>\n<p>La principal ventaja del dent\u00edfrico en polvo de siwak es que est\u00e1 elaborado \u00edntegramente con ingredientes naturales: las fibras de la ra\u00edz de siwak se muelen finamente para obtener un polvo fino y homog\u00e9neo. Tambi\u00e9n puede encontrar dent\u00edfricos en polvo con otros ingredientes naturales, como carb\u00f3n activado, arcilla, aceites esenciales o bicarbonato de sodio, para una soluci\u00f3n completa de higiene bucal.<\/p>\n<h2><strong>Los beneficios del polvo dent\u00edfrico siwak<\/strong><\/h2>\n<p>Numerosos estudios han demostrado las propiedades beneficiosas de la fibra de siwak para la salud bucodental. Estos son algunos de los principales beneficios de este producto:<\/p>\n<ul>\n<li><strong>Antibacteriano :<\/strong>\u00a0El siwak contiene compuestos que ayudan a combatir la formaci\u00f3n de placa dental y a eliminar las bacterias responsables del mal olor de la boca.<\/li>\n<li><strong>Fortalece el esmalte :<\/strong>\u00a0El polvo de siwak tambi\u00e9n ayuda a fortalecer el esmalte dental y a prevenir las caries.<\/li>\n<li><strong>Previene el sangrado de las enc\u00edas:<\/strong>\u00a0El uso regular de pasta dent\u00edfrica en polvo de siwak favorece una mejor circulaci\u00f3n sangu\u00ednea en las enc\u00edas y reduce el sangrado.<\/li>\n<li><strong>Acci\u00f3n blanqueadora :<\/strong>\u00a0Gracias a sus propiedades ligeramente abrasivas, el polvo de siwak ayuda a eliminar las manchas de los dientes y a devolverles su luminosidad.<\/li>\n<\/ul>\n<h3><strong>Biodegradable y respetuoso con el medio ambiente<\/strong><\/h3>\n<p>Adem\u00e1s de sus muchos beneficios para la salud bucodental, la pasta dent\u00edfrica en polvo siwak es tambi\u00e9n un producto respetuoso con el medio ambiente y responsable. No contiene conservantes, colorantes ni sustancias qu\u00edmicas nocivas para el medio ambiente.<\/p>\n<p>Adem\u00e1s, la producci\u00f3n de dent\u00edfrico en polvo genera menos residuos pl\u00e1sticos que los tubos de dent\u00edfrico convencional, que a menudo no son reciclables. Por tanto, optar por el dent\u00edfrico en polvo siwak ayuda a reducir tu huella ecol\u00f3gica.<\/p>\n<h2><strong>\u00bfC\u00f3mo se utiliza la pasta dent\u00edfrica en polvo siwak?<\/strong><\/h2>\n<p>Incorporar el polvo dent\u00edfrico siwak a tu rutina de higiene bucal es muy sencillo. He aqu\u00ed c\u00f3mo hacerlo:<\/p>\n<ol>\n<li><strong>Moja el cepillo de dientes:<\/strong>\u00a0Al igual que con la pasta de dientes convencional, humedezca ligeramente el cepillo bajo el grifo.<\/li>\n<li><strong>Sumerge la brocha en el polvo:<\/strong>\u00a0sumerja las cerdas h\u00famedas del cepillo en el tarro de pasta dent\u00edfrica en polvo siwak para aplicar una peque\u00f1a cantidad de producto.<\/li>\n<li><strong>Cep\u00edllate los dientes:<\/strong>\u00a0Cep\u00edllate los dientes durante al menos dos minutos, asegur\u00e1ndote de cubrir todas las superficies dentales. No dudes en realizar movimientos circulares para una limpieza \u00f3ptima.<\/li>\n<li><strong>Enju\u00e1gate la boca:<\/strong>\u00a0Despu\u00e9s del cepillado, enju\u00e1guese bien la boca con agua limpia para eliminar cualquier resto de polvo.<\/li>\n<\/ol>\n<p>La pasta dent\u00edfrica en polvo Siwak tambi\u00e9n puede utilizarse con un cepillo el\u00e9ctrico. Basta con aplicar un poco de polvo en las cerdas del cepillo y limpiar como de costumbre.<\/p>\n<h2><strong>\u00bfD\u00f3nde puedo encontrar siwak pasta de dientes en polvo?<\/strong><\/h2>\n<p>La pasta dent\u00edfrica hecha con polvo de siwak es cada vez m\u00e1s popular y est\u00e1 disponible en una amplia gama de puntos de venta:<\/p>\n<ul>\n<li>Tiendas de alimentos ecol\u00f3gicos y saludables,<\/li>\n<li>Tiendas especializadas en productos naturales y ecol\u00f3gicos,<\/li>\n<li>Sitios web que ofrecen productos naturales para el bienestar y la higiene.<\/li>\n<\/ul>\n<p>Para estar seguro de comprar un producto aut\u00e9ntico y de calidad, compruebe la lista de ingredientes y opte por marcas ecol\u00f3gicas certificadas y de buena reputaci\u00f3n.<\/p>\n<h3><strong>Los l\u00edmites del polvo dent\u00edfrico siwak<\/strong><\/h3>\n<p>Aunque tiene muchas ventajas, es importante tener en cuenta algunos inconvenientes:<\/p>\n<ul>\n<li><strong>Gusto:<\/strong>\u00a0El polvo de siwak tiene un sabor ligeramente amargo y terroso que a algunas personas les resulta desagradable. Sin embargo, muchos fabricantes ofrecen ahora polvos dent\u00edfricos aromatizados con aceites esenciales para darles un agradable toque de sabor.<\/li>\n<li><strong>Sensaci\u00f3n de sequedad :<\/strong>\u00a0Como el polvo no produce espuma, puede provocar una sensaci\u00f3n de tirantez y sequedad en la boca despu\u00e9s del cepillado. Es importante enjuagarse bien la boca despu\u00e9s de usar este producto para evitar cualquier molestia.<\/li>\n<li><strong>Practicidad:<\/strong>\u00a0La pasta dent\u00edfrica en polvo puede resultar menos c\u00f3moda de usar cuando se viaja o en casa, ya que requiere un manejo diferente al de la pasta dent\u00edfrica en tubo. Sin embargo, puede alternar f\u00e1cilmente los dos tipos de producto, en funci\u00f3n de sus necesidades y preferencias.<\/li>\n<\/ul>\n<p>En conclusi\u00f3n, elegir siwak pasta dent\u00edfrica en polvo significa disfrutar de un producto natural y respetuoso con el medio ambiente para una higiene bucal \u00f3ptima. F\u00e1cil de usar y con numerosas ventajas, es una excelente alternativa a los dent\u00edfricos convencionales en tubo.<\/p>","protected":false},"excerpt":{"rendered":"<p>Dans notre routine quotidienne, le choix d&rsquo;un bon dentifrice est primordial pour assurer une bonne sant\u00e9 bucco-dentaire. Nous sommes souvent habitu\u00e9s aux dentifrices conventionnels en tube, mais il existe une alternative plus naturelle et \u00e9cologique :\u00a0le dentifrice en poudre de siwak. Dans cet article, nous vous pr\u00e9senterons les avantages de ce produit et comment l&rsquo;utiliser [&#8230;]\n","protected":false},"featured_media":21676,"template":"","meta":[],"product_brand":[],"product_cat":[27],"product_tag":[],"class_list":{"0":"post-21675","1":"product","2":"type-product","3":"status-publish","4":"has-post-thumbnail","6":"product_cat-bien-etre","8":"first","9":"instock","10":"shipping-taxable","11":"purchasable","12":"product-type-simple"},"_links":{"self":[{"href":"https:\/\/1001vertus.com\/es\/wp-json\/wp\/v2\/product\/21675","targetHints":{"allow":["GET"]}}],"collection":[{"href":"https:\/\/1001vertus.com\/es\/wp-json\/wp\/v2\/product"}],"about":[{"href":"https:\/\/1001vertus.com\/es\/wp-json\/wp\/v2\/types\/product"}],"wp:featuredmedia":[{"embeddable":true,"href":"https:\/\/1001vertus.com\/es\/wp-json\/wp\/v2\/media\/21676"}],"wp:attachment":[{"href":"https:\/\/1001vertus.com\/es\/wp-json\/wp\/v2\/media?parent=21675"}],"wp:term":[{"taxonomy":"product_brand","embeddable":true,"href":"https:\/\/1001vertus.com\/es\/wp-json\/wp\/v2\/product_brand?post=21675"},{"taxonomy":"product_cat","embeddable":true,"href":"https:\/\/1001vertus.com\/es\/wp-json\/wp\/v2\/product_cat?post=21675"},{"taxonomy":"product_tag","embeddable":true,"href":"https:\/\/1001vertus.com\/es\/wp-json\/wp\/v2\/product_tag?post=21675"}],"curies":[{"name":"wp","href":"https:\/\/api.w.org\/{rel}","templated":true}]}}