{"id":21608,"date":"2024-02-10T20:25:54","date_gmt":"2024-02-10T19:25:54","guid":{"rendered":"https:\/\/1001vertus.com\/?post_type=product&#038;p=21608"},"modified":"2024-02-10T20:25:55","modified_gmt":"2024-02-10T19:25:55","slug":"miel-de-primavera-de-francia","status":"publish","type":"product","link":"https:\/\/1001vertus.com\/es\/produit\/miel-de-printemps-de-france\/","title":{"rendered":"Miel de primavera de Francia - 250g"},"content":{"rendered":"<p>Le\u00a0<strong>miel de primavera de Francia<\/strong>\u00a0est un v\u00e9ritable tr\u00e9sor gastronomique aux ar\u00f4mes d\u00e9licats et subtils. Issu des premi\u00e8res floraisons de l&rsquo;ann\u00e9e, il refl\u00e8te la richesse et la diversit\u00e9 des paysages et \u00e9cosyst\u00e8mes hexagonaux. De la Provence \u00e0 la Normandie en passant par la Bourgogne ou encore l&rsquo;Auvergne, explorez les \u00e9tendues fleuries et rencontrez les abeilles butineuses qui participent \u00e0 la cr\u00e9ation de ce pr\u00e9cieux nectar sucr\u00e9.<\/p>\n<h2><strong>Les caract\u00e9ristiques incontournables du miel de printemps de France<\/strong><\/h2>\n<p>Le miel de printemps se distingue par sa texture cr\u00e9meuse aux reflets l\u00e9g\u00e8rement ambr\u00e9s. Il s&rsquo;agit g\u00e9n\u00e9ralement d&rsquo;un miel plurifloral, c&rsquo;est-\u00e0-dire issu de diff\u00e9rentes plantes en fleurs au m\u00eame moment. Les bourgeons qui \u00e9closent en cette saison sont tr\u00e8s riches en pollen et en nectar, permettant ainsi aux abeilles de produire du miel en grande quantit\u00e9.<\/p>\n<h3><strong>Un miel doux et fruit\u00e9<\/strong><\/h3>\n<p>Riche en saveurs fruit\u00e9es et subtiles, le miel de printemps propose des notes agr\u00e9ables pour les papilles des amateurs de produits locaux. En fonction des r\u00e9gions et des esp\u00e8ces florales dominantes dans chaque terroir, on rencontre une panoplie vari\u00e9e de saveurs allant du plus doux au plus cors\u00e9. Parfait sur une <strong>tostadas<\/strong> de pain frais ou dans une tisane le soir, le miel printanier offre un panel gustatif raffin\u00e9 et \u00e9l\u00e9gant.<\/p>\n<h2><strong>\u00c0 la d\u00e9couverte des vari\u00e9t\u00e9s r\u00e9gionales de miel de printemps de France<\/strong><\/h2>\n<p>Le territoire fran\u00e7ais rassemble de nombreuses \u00e9tendues propices \u00e0 la production du miel. Dans les montagnes, les plaines, les for\u00eats et les champs, chaque \u00e9cosyst\u00e8me est unique et dresse son propre panorama floral. Partez donc \u00e0 la rencontre des abeilles pour savourer le fruit de leur travail.<\/p>\n<h3><strong>Miel de primavera de Haute-Provence<\/strong><\/h3>\n<p>Avec ses vastes \u00e9tendues florales, la\u00a0<strong>Alta Provenza<\/strong>\u00a0est un v\u00e9ritable paradis pour les abeilles. Savamment compos\u00e9es de <a href=\"https:\/\/1001vertus.com\/es\/product\/despagne-1001-virtudes-miel-de-tomillo\/\"><strong>tomillo<\/strong><\/a> sauvage, d&rsquo;arbousiers et de romarin, les fleurs offrent des saveurs m\u00e9diterran\u00e9ennes qui impr\u00e8gnent le miel du caract\u00e8re bien distinct de la r\u00e9gion. La fine texture de ce miel onctueux convient aussi bien aux fins gourmets qu&rsquo;aux petits app\u00e9tits sucr\u00e9s.<\/p>\n<h3><strong>Miel de primavera de Normand\u00eda<\/strong><\/h3>\n<p>Riche en fleurs aux senteurs d\u00e9licates, la\u00a0<strong>Normand\u00eda<\/strong>\u00a0offre une palette olfactive contrast\u00e9e avec ses pommiers en fleur et ses prairies verdoyantes. Le miel produit par les abeilles normandes se distingue par sa douceur extr\u00eame, alli\u00e9e \u00e0 une subtile pointe de saveur acidul\u00e9e typique des fruits locaux. C&rsquo;est une v\u00e9ritable invitation au voyage et \u00e0 la d\u00e9couverte d&rsquo;un terroir authentique.<\/p>\n<h3><strong>Miel de primavera de Borgo\u00f1a<\/strong><\/h3>\n<p>Terre de tr\u00e9sors gastronomiques, la\u00a0<strong>Borgo\u00f1a<\/strong>\u00a0n&rsquo;est pas en reste lorsqu&rsquo;il s&rsquo;agit de miel printanier. Compos\u00e9 majoritairement de fleurs de colza, d&rsquo;aub\u00e9pines et de prunelliers, le r\u00e9sultat est un miel aux nuances d\u00e9licates et infiniment suaves. Son parfum g\u00e9n\u00e9reux et sa texture fondante font du miel bourguignon un incontournable dans les placards des fins gourmets.<\/p>\n<h2><strong>Los beneficios nutricionales de la miel de primavera<\/strong><\/h2>\n<p>Au-del\u00e0 de ses qualit\u00e9s gustatives remarquables, le miel de printemps poss\u00e8de \u00e9galement de nombreuses vertus nutritionnelles. Riche en vitamines, min\u00e9raux et oligo-\u00e9l\u00e9ments (zinc, cuivre, fer, magn\u00e9sium), il pr\u00e9sente une teneur en antioxydants sup\u00e9rieure \u00e0 celle des autres miels toutes fleurs confondues. De plus, son apport \u00e9nerg\u00e9tique fait de ce met gourmand une excellente alternative naturelle et saine au sucre raffin\u00e9.<\/p>\n<h3><strong>Soutenir l&rsquo;immunit\u00e9 et faciliter la digestion<\/strong><\/h3>\n<p>Le miel printanier contient des enzymes et des substances antibact\u00e9riennes qui soutiennent les d\u00e9fenses immunitaires et digestion. La richesse enzymatique du miel permet en effet d&rsquo;am\u00e9liorer la flore intestinale et de r\u00e9duire les maux d&rsquo;estomac. Associez ce miel revitalisant \u00e0 une alimentation \u00e9quilibr\u00e9e pour b\u00e9n\u00e9ficier pleinement de ses bienfaits sur votre corps et votre vitalit\u00e9.<\/p>\n<h3><strong>Combatir el estr\u00e9s y la fatiga<\/strong><\/h3>\n<p>Apaisant et relaxant, le miel de printemps apporte un regain d&rsquo;\u00e9nergie significatif chez les individus fatigu\u00e9s ou stress\u00e9s. Gr\u00e2ce \u00e0 sa composition en fructose naturel, il contribue \u00e0 augmenter la quantit\u00e9 de s\u00e9rotonine dans l&rsquo;organisme, hormone du bonheur qui apaise et favorise la d\u00e9tente. Il est donc parfaitement conseill\u00e9 pour conclure une rapide pause gourmande avant de reprendre vos activit\u00e9s quotidiennes.<\/p>\n<ul>\n<li><strong>Miel de primavera de Haute-Provence :<\/strong>\u00a0ar\u00f4mes m\u00e9diterran\u00e9ens<\/li>\n<li><strong>Miel de primavera de Normand\u00eda :<\/strong>\u00a0saveurs acidul\u00e9es<\/li>\n<li><strong>Miel de primavera de Borgo\u00f1a :<\/strong>\u00a0nuances suaves et d\u00e9licates<\/li>\n<\/ul>\n<p>N&rsquo;h\u00e9sitez pas \u00e0 go\u00fbter aux diff\u00e9rents types de miel de printemps afin de d\u00e9couvrir les particularit\u00e9s gustatives des terroirs fran\u00e7ais. Chacun saura vous surprendre par son bouquet floral unique et vous offrir un instant de plaisir suspendu au c\u0153ur des \u00e9tendues fleuries hexagonales.<\/p>","protected":false},"excerpt":{"rendered":"<p>Le\u00a0miel de printemps de France\u00a0est un v\u00e9ritable tr\u00e9sor gastronomique aux ar\u00f4mes d\u00e9licats et subtils. Issu des premi\u00e8res floraisons de l&rsquo;ann\u00e9e, il refl\u00e8te la richesse et la diversit\u00e9 des paysages et \u00e9cosyst\u00e8mes hexagonaux. De la Provence \u00e0 la Normandie en passant par la Bourgogne ou encore l&rsquo;Auvergne, explorez les \u00e9tendues fleuries et rencontrez les abeilles butineuses [&#8230;]\n","protected":false},"featured_media":21609,"template":"","meta":[],"product_brand":[],"product_cat":[116,25],"product_tag":[],"class_list":{"0":"post-21608","1":"product","2":"type-product","3":"status-publish","4":"has-post-thumbnail","6":"product_cat-miel-de-france","7":"product_cat-miels","9":"first","10":"instock","11":"shipping-taxable","12":"purchasable","13":"product-type-simple"},"_links":{"self":[{"href":"https:\/\/1001vertus.com\/es\/wp-json\/wp\/v2\/product\/21608","targetHints":{"allow":["GET"]}}],"collection":[{"href":"https:\/\/1001vertus.com\/es\/wp-json\/wp\/v2\/product"}],"about":[{"href":"https:\/\/1001vertus.com\/es\/wp-json\/wp\/v2\/types\/product"}],"wp:featuredmedia":[{"embeddable":true,"href":"https:\/\/1001vertus.com\/es\/wp-json\/wp\/v2\/media\/21609"}],"wp:attachment":[{"href":"https:\/\/1001vertus.com\/es\/wp-json\/wp\/v2\/media?parent=21608"}],"wp:term":[{"taxonomy":"product_brand","embeddable":true,"href":"https:\/\/1001vertus.com\/es\/wp-json\/wp\/v2\/product_brand?post=21608"},{"taxonomy":"product_cat","embeddable":true,"href":"https:\/\/1001vertus.com\/es\/wp-json\/wp\/v2\/product_cat?post=21608"},{"taxonomy":"product_tag","embeddable":true,"href":"https:\/\/1001vertus.com\/es\/wp-json\/wp\/v2\/product_tag?post=21608"}],"curies":[{"name":"wp","href":"https:\/\/api.w.org\/{rel}","templated":true}]}}