{"id":20868,"date":"2024-01-31T20:20:17","date_gmt":"2024-01-31T19:20:17","guid":{"rendered":"https:\/\/1001vertus.com\/?post_type=product&#038;p=20868"},"modified":"2024-03-31T04:45:34","modified_gmt":"2024-03-31T03:45:34","slug":"higos-secos","status":"publish","type":"product","link":"https:\/\/1001vertus.com\/es\/produit\/figues-sechees\/","title":{"rendered":"Higos secos 400g"},"content":{"rendered":"<p>En\u00a0<strong>higos secos<\/strong>\u00a0son una fruta deliciosa de la que disfrutan muchos gourmets. Se pueden consumir frescas o secas, pero es la forma seca la que ofrece m\u00e1s beneficios en t\u00e9rminos de salud y comodidad. En este art\u00edculo le presentamos las\u00a0<strong>sabores<\/strong>\u00a0y\u00a0<strong>beneficios<\/strong>\u00a0que los higos secos pueden aportar a su vida cotidiana.<\/p>\n<h2><strong>Un festival de sabores para su paladar<\/strong><\/h2>\n<p>La textura suave y dulce de los higos secos revela una paleta de sabores ricos y variados. Su sabor dulce y ligeramente \u00e1cido despierta los sentidos. Sus intensos aromas pueden utilizarse para realzar una gran variedad de platos y combinaciones culinarias:<\/p>\n<ul>\n<li><strong>Como aperitivo:<\/strong>\u00a0S\u00edrvalos con embutidos o queso para sorprender a sus invitados;<\/li>\n<li><strong>En ensaladas :<\/strong>\u00a0A\u00f1\u00e1delas a tus mescluns para animar tus entrantes;<\/li>\n<li><strong>Postre:<\/strong>\u00a0Deleite su paladar mezcl\u00e1ndolos en sus preparaciones dulces como yogures, crumbles o clafoutis.<\/li>\n<\/ul>\n<p>En definitiva, los higos secos son una aut\u00e9ntica mina de oro para todos los amantes de la cocina y de los sabores exquisitos.<\/p>\n<h2><strong>Los insospechados beneficios para la salud de los higos secos<\/strong><\/h2>\n<p>Los higos secos son una delicia para el paladar. Pero \u00bfsab\u00eda que tambi\u00e9n son incre\u00edblemente ricos en nutrientes? Est\u00e1n repletos de nutrientes esenciales para su bienestar:<\/p>\n<ul>\n<li><strong>Rico en fibra diet\u00e9tica<\/strong><\/li>\n<\/ul>\n<p>Los higos secos son una excelente fuente de\u00a0<strong>fibras<\/strong>\u00a0Son elementos esenciales para el buen funcionamiento del organismo. Favorecen la digesti\u00f3n y ayudan a regular las funciones intestinales, contribuyendo a prevenir problemas como el estre\u00f1imiento y la hinchaz\u00f3n.<\/p>\n<ul>\n<li><strong>Fuente natural de antioxidantes<\/strong><\/li>\n<\/ul>\n<p>Durante el proceso de secado, los higos concentran sus compuestos antioxidantes, en particular el famoso\u00a0<strong>flavonoides<\/strong>. \u00c9stas son reconocidas por su acci\u00f3n protectora contra el estr\u00e9s oxidativo responsable del envejecimiento celular y de diversas patolog\u00edas cr\u00f3nicas como las enfermedades cardiovasculares y ciertos c\u00e1nceres.<\/p>\n<ul>\n<li><strong>Interesante contribuci\u00f3n energ\u00e9tica<\/strong><\/li>\n<\/ul>\n<p>Fruta emblem\u00e1tica de la cuenca mediterr\u00e1nea, los higos secos son famosos por sus propiedades energ\u00e9ticas. Una raci\u00f3n de 100 g aporta unas 250 kcal, de las que casi 60 g son hidratos de carbono, principalmente en forma de az\u00facares simples. Este perfil nutricional los convierte en un tentempi\u00e9 ideal para los deportistas que desean llenarse de energ\u00eda antes del ejercicio.<\/p>\n<ul>\n<li><strong>Lleno de vitaminas y minerales<\/strong><\/li>\n<\/ul>\n<p>Los higos secos tambi\u00e9n contienen un c\u00f3ctel de vitaminas y minerales esenciales para el organismo:<\/p>\n<ul>\n<li>Vitamina K, que contribuye a la coagulaci\u00f3n de la sangre y a la salud \u00f3sea;<\/li>\n<li>Vitaminas B1, B2, B6 y C, que intervienen en diversas reacciones metab\u00f3licas;<\/li>\n<li>Magnesio, potasio, <a href=\"https:\/\/1001vertus.com\/es\/product\/azucar-datil\/\"><strong>calcio<\/strong><\/a> y f\u00f3sforo, minerales que contribuyen a mantener la vitalidad general y la funci\u00f3n muscular.<\/li>\n<\/ul>\n<p>As\u00ed pues, comer higos secos con regularidad le ayudar\u00e1 a compensar ciertas carencias nutricionales y a reforzar su sistema inmunitario.<\/p>\n<h2><strong>\u00bfC\u00f3mo elegir los higos secos?<\/strong><\/h2>\n<p>Cuando compre higos secos, busque los que sean blandos, carnosos y de un bonito color marr\u00f3n intenso. Los frutos secos deben conservarse preferentemente en un lugar fresco y seco, al abrigo de la luz, para preservar su sabor y sus cualidades nutritivas.<\/p>\n<p>Tambi\u00e9n le recomendamos que opte por higos ecol\u00f3gicos y\/o etiquetados, para garantizar una calidad gustativa \u00f3ptima y el respeto del medio ambiente en el proceso de cultivo y secado de la fruta.<\/p>\n<h3><strong>Algunos consejos para disfrutar de los higos secos<\/strong><\/h3>\n<p>Degustar higos secos puede ser un aut\u00e9ntico placer siempre que se sigan unas sencillas reglas:<\/p>\n<ol>\n<li><strong>Moderaci\u00f3n :<\/strong>\u00a0Lim\u00edtate a 3 \u00f3 4 higos al d\u00eda para evitar un exceso de energ\u00eda o una dieta desequilibrada;<\/li>\n<li><strong>Variedad :<\/strong>\u00a0No dude en explorar las distintas variedades del mercado, como Mission Noir, Blonde de Smyrne y Kadota;<\/li>\n<li><strong>Cocina creativa :<\/strong>\u00a0Incorp\u00f3relas a todo tipo de preparaciones culinarias para animar su plato y beneficiarse de sus propiedades saludables.<\/li>\n<\/ol>\n<p>As\u00ed que no espere m\u00e1s, haga de los higos secos parte de su vida y d\u00e9jese llevar por su m\u00e1gico sabor y bienestar.<\/p>","protected":false},"excerpt":{"rendered":"<p>Les\u00a0figues s\u00e9ch\u00e9es\u00a0sont un fruit d\u00e9licieux et appr\u00e9ci\u00e9 de nombreux gourmets. Elles peuvent \u00eatre consomm\u00e9es fra\u00eeches ou s\u00e9ch\u00e9es, mais c&rsquo;est sous la forme s\u00e9ch\u00e9e qu&rsquo;elles offrent le plus d&rsquo;avantages en termes de sant\u00e9 et de praticit\u00e9. Dans cet article, nous allons vous pr\u00e9senter les\u00a0saveurs\u00a0et les\u00a0bienfaits\u00a0que les figues s\u00e9ch\u00e9es peuvent apporter \u00e0 votre vie quotidienne. Un festival [&#8230;]\n","protected":false},"featured_media":20869,"template":"","meta":[],"product_brand":[],"product_cat":[111],"product_tag":[],"class_list":{"0":"post-20868","1":"product","2":"type-product","3":"status-publish","4":"has-post-thumbnail","6":"product_cat-fruits-secs","8":"first","9":"outofstock","10":"shipping-taxable","11":"purchasable","12":"product-type-simple"},"_links":{"self":[{"href":"https:\/\/1001vertus.com\/es\/wp-json\/wp\/v2\/product\/20868","targetHints":{"allow":["GET"]}}],"collection":[{"href":"https:\/\/1001vertus.com\/es\/wp-json\/wp\/v2\/product"}],"about":[{"href":"https:\/\/1001vertus.com\/es\/wp-json\/wp\/v2\/types\/product"}],"wp:featuredmedia":[{"embeddable":true,"href":"https:\/\/1001vertus.com\/es\/wp-json\/wp\/v2\/media\/20869"}],"wp:attachment":[{"href":"https:\/\/1001vertus.com\/es\/wp-json\/wp\/v2\/media?parent=20868"}],"wp:term":[{"taxonomy":"product_brand","embeddable":true,"href":"https:\/\/1001vertus.com\/es\/wp-json\/wp\/v2\/product_brand?post=20868"},{"taxonomy":"product_cat","embeddable":true,"href":"https:\/\/1001vertus.com\/es\/wp-json\/wp\/v2\/product_cat?post=20868"},{"taxonomy":"product_tag","embeddable":true,"href":"https:\/\/1001vertus.com\/es\/wp-json\/wp\/v2\/product_tag?post=20868"}],"curies":[{"name":"wp","href":"https:\/\/api.w.org\/{rel}","templated":true}]}}