{"id":20739,"date":"2024-01-29T13:30:50","date_gmt":"2024-01-29T12:30:50","guid":{"rendered":"https:\/\/1001vertus.com\/?post_type=product&#038;p=20739"},"modified":"2025-09-24T22:21:40","modified_gmt":"2025-09-24T21:21:40","slug":"azucar-datil","status":"publish","type":"product","link":"https:\/\/1001vertus.com\/es\/produit\/sucre-de-dattes\/","title":{"rendered":"Az\u00facar natural de d\u00e1tiles en polvo 100 g"},"content":{"rendered":"<p>De nos jours, nous cherchons tous \u00e0 adopter une alimentation plus saine et \u00e9quilibr\u00e9e. C&rsquo;est l\u00e0 qu&rsquo;intervient le\u00a0<strong>az\u00facar natural de d\u00e1tiles<\/strong>, une excellente alternative aux sucres raffin\u00e9s et autres \u00e9dulcorants chimiques. Dans cet article, d\u00e9couvrez les bienfaits du sucre de dattes et comment l&rsquo;utiliser dans votre quotidien pour remplacer le sucre blanc. Vous pouvez d&rsquo;ailleurs faire votre\u00a0<strong>comprar en l\u00ednea en 1001vertus.com.<\/strong><\/p>\n<h2><strong>\u00bfQu\u00e9 es el az\u00facar en polvo de d\u00e1tiles?<\/strong><\/h2>\n<p>Le sucre de dattes est un sucre naturel, obtenu \u00e0 partir des fruits s\u00e9ch\u00e9s des palmiers dattiers. Cette poudre fine et granuleuse a une couleur brun clair et un go\u00fbt l\u00e9g\u00e8rement caram\u00e9lis\u00e9. Elle est donc id\u00e9ale pour sucrer vos boissons chaudes ou froides, donner une touche sucr\u00e9e \u00e0 vos plats sal\u00e9s et m\u00eame pour pr\u00e9parer vos p\u00e2tisseries et desserts pr\u00e9f\u00e9r\u00e9s.<\/p>\n<h2><strong>Los beneficios nutricionales de este polvo natural<\/strong><\/h2>\n<p>Le principal avantage du sucre de dattes r\u00e9side dans sa composition nutritionnelle. En effet, il contient plusieurs\u00a0<strong>nutrientes esenciales<\/strong>\u00a0para nuestra organizaci\u00f3n :<\/p>\n<ul>\n<li>Vitaminas del grupo B (B1, B2, B3, B5 y B6)<\/li>\n<li>Vitaminas A y E<\/li>\n<li>Min\u00e9raux comme le potassium, le magn\u00e9sium, le calcium, le fer et le cuivre<\/li>\n<\/ul>\n<p>Tambi\u00e9n es rica en\u00a0<strong>fibras<\/strong>, ce qui aide \u00e0 am\u00e9liorer la sant\u00e9 de nos intestins et r\u00e9guler notre transit intestinal. Ces fibres peuvent notamment aider \u00e0 pr\u00e9venir la constipation et faciliter la digestion.<\/p>\n<h2><strong>Una alternativa m\u00e1s sana al az\u00facar blanco<\/strong><\/h2>\n<p>Le sucre de dattes est consid\u00e9r\u00e9 comme une option plus saine que le sucre blanc raffin\u00e9 car il poss\u00e8de un index glyc\u00e9mique bas, ce qui signifie qu&rsquo;il n&rsquo;entra\u00eene pas de pics de glyc\u00e9mie et d&rsquo;insuline dans le sang. Il convient donc particuli\u00e8rement aux personnes atteintes de diab\u00e8te ou cherchant \u00e0 contr\u00f4ler leur taux de sucre sanguin.<\/p>\n<p>En outre, contrairement au sucre blanc, cette poudre naturelle conserve les nutriments et les fibres pr\u00e9sents dans les dattes, ce qui conf\u00e8re \u00e0 ce sucre des propri\u00e9t\u00e9s antioxydantes et anti-inflammatoires.<\/p>\n<h2><strong>\u00bfC\u00f3mo puede utilizar el az\u00facar de d\u00e1tiles en su vida diaria?<\/strong><\/h2>\n<ul>\n<li><strong>En sus bebidas fr\u00edas y calientes<\/strong><\/li>\n<\/ul>\n<p>El az\u00facar de d\u00e1tiles se disuelve f\u00e1cilmente en los l\u00edquidos, por lo que es la opci\u00f3n perfecta para endulzar sus platos. <a href=\"https:\/\/1001vertus.com\/es\/product-category\/salud-medicina\/te-de-hierbas\/\"><strong>th\u00e9s<\/strong><\/a>, caf\u00e9s, chocolats chauds ou m\u00eame vos smoothies et jus de fruits frais. De plus, son go\u00fbt l\u00e9g\u00e8rement caram\u00e9lis\u00e9 ajoute une saveur unique et gourmande \u00e0 vos boissons.<\/p>\n<ul>\n<li><strong>Dans vos plats sal\u00e9s<\/strong><\/li>\n<\/ul>\n<p>Il peut \u00e9galement servir \u00e0 adoucir certaines pr\u00e9parations culinaires, comme les sauces pour salades, les chutneys ou les marinades. Son go\u00fbt discret et sa richesse en nutriments se marient parfaitement avec une grande vari\u00e9t\u00e9 d&rsquo;ingr\u00e9dients, vous offrant des possibilit\u00e9s de recettes infinies.<\/p>\n<ul>\n<li><strong>Dans vos p\u00e2tisseries et desserts<\/strong><\/li>\n<\/ul>\n<p>Enfin, le sucre de dattes est id\u00e9al pour confectionner vos g\u00e2teaux, biscuits, glaces, cr\u00e8mes dessert ou m\u00eame vos confitures maison. Il remplace avantageusement le sucre blanc dans la majorit\u00e9 des recettes et leur apporte une saveur plus ronde et intense.<\/p>\n<h2><strong>Consejo: \u00bfc\u00f3mo dosificar?<\/strong><\/h2>\n<p>Puisque cette poudre naturelle est moins sucr\u00e9 que le sucre blanc traditionnel, il est important d&rsquo;adapter les dosages lorsque vous l&rsquo;utilisez dans vos recettes. <strong>Une bonne r\u00e8gle de base consiste \u00e0 utiliser environ 1,5 fois la quantit\u00e9 de sucre blanc indiqu\u00e9e dans la recette.<\/strong><\/p>\n<p>Par exemple, si votre recette demande 100g de sucre blanc, utilisez plut\u00f4t 150g de sucre de dattes. Vous pouvez \u00e9galement ajuster cette proportion selon vos pr\u00e9f\u00e9rences gustatives.<\/p>\n<h3><strong>O\u00f9 acheter du sucre de dattes naturel ?<\/strong><\/h3>\n<p>Vous \u00eates convaincu par les atouts du sucre de dattes et souhaitez en faire l&rsquo;acquisition ? Rien de plus simple, vous pouvez acheter ce produit di\u00e9t\u00e9tique sur la\u00a0<strong>tienda 1001vertus.com<\/strong>, un site sp\u00e9cialis\u00e9 dans les produits naturels et biologiques. Allez-y d\u00e8s maintenant pour commander votre poudre naturelle et commencer \u00e0 profiter de ses nombreux bienfaits !<\/p>","protected":false},"excerpt":{"rendered":"<p>De nos jours, nous cherchons tous \u00e0 adopter une alimentation plus saine et \u00e9quilibr\u00e9e. C&rsquo;est l\u00e0 qu&rsquo;intervient le\u00a0sucre de dattes naturel, une excellente alternative aux sucres raffin\u00e9s et autres \u00e9dulcorants chimiques. Dans cet article, d\u00e9couvrez les bienfaits du sucre de dattes et comment l&rsquo;utiliser dans votre quotidien pour remplacer le sucre blanc. Vous pouvez d&rsquo;ailleurs [&#8230;]\n","protected":false},"featured_media":20740,"template":"","meta":[],"product_brand":[],"product_cat":[79],"product_tag":[],"class_list":{"0":"post-20739","1":"product","2":"type-product","3":"status-publish","4":"has-post-thumbnail","6":"product_cat-bienfaits-des-dattes","8":"first","9":"outofstock","10":"shipping-taxable","11":"purchasable","12":"product-type-simple"},"_links":{"self":[{"href":"https:\/\/1001vertus.com\/es\/wp-json\/wp\/v2\/product\/20739","targetHints":{"allow":["GET"]}}],"collection":[{"href":"https:\/\/1001vertus.com\/es\/wp-json\/wp\/v2\/product"}],"about":[{"href":"https:\/\/1001vertus.com\/es\/wp-json\/wp\/v2\/types\/product"}],"wp:featuredmedia":[{"embeddable":true,"href":"https:\/\/1001vertus.com\/es\/wp-json\/wp\/v2\/media\/20740"}],"wp:attachment":[{"href":"https:\/\/1001vertus.com\/es\/wp-json\/wp\/v2\/media?parent=20739"}],"wp:term":[{"taxonomy":"product_brand","embeddable":true,"href":"https:\/\/1001vertus.com\/es\/wp-json\/wp\/v2\/product_brand?post=20739"},{"taxonomy":"product_cat","embeddable":true,"href":"https:\/\/1001vertus.com\/es\/wp-json\/wp\/v2\/product_cat?post=20739"},{"taxonomy":"product_tag","embeddable":true,"href":"https:\/\/1001vertus.com\/es\/wp-json\/wp\/v2\/product_tag?post=20739"}],"curies":[{"name":"wp","href":"https:\/\/api.w.org\/{rel}","templated":true}]}}