{"id":20585,"date":"2024-01-26T12:02:37","date_gmt":"2024-01-26T11:02:37","guid":{"rendered":"https:\/\/1001vertus.com\/?post_type=product&#038;p=20585"},"modified":"2026-04-26T08:07:43","modified_gmt":"2026-04-26T07:07:43","slug":"desodorante-en-crema-de-almizcle-de-tahara","status":"publish","type":"product","link":"https:\/\/1001vertus.com\/es\/produit\/deodorant-creme-au-musc-tahara\/","title":{"rendered":"D\u00e9odorant cr\u00e8me au musc tahara &#8211; 50ml"},"content":{"rendered":"","protected":false},"excerpt":{"rendered":"<p><strong>Caracter\u00edsticas :<\/strong><\/p>\n<ul>\n<li>\u00c9conomique, il dure environ 2 \u00e0 3 mois \u00e0 raison d\u2019une utilisation par jour<\/li>\n<li>Il est conditionn\u00e9 dans une bo\u00eete en aluminium, c\u2019est donc un produit \u00e9cologique et \u00e9co-responsable.<\/li>\n<\/ul>","protected":false},"featured_media":20586,"template":"","meta":[],"product_brand":[],"product_cat":[103],"product_tag":[],"class_list":{"0":"post-20585","1":"product","2":"type-product","3":"status-publish","4":"has-post-thumbnail","6":"product_cat-deodorant-naturel","8":"first","9":"instock","10":"shipping-taxable","11":"purchasable","12":"product-type-simple"},"_links":{"self":[{"href":"https:\/\/1001vertus.com\/es\/wp-json\/wp\/v2\/product\/20585","targetHints":{"allow":["GET"]}}],"collection":[{"href":"https:\/\/1001vertus.com\/es\/wp-json\/wp\/v2\/product"}],"about":[{"href":"https:\/\/1001vertus.com\/es\/wp-json\/wp\/v2\/types\/product"}],"wp:featuredmedia":[{"embeddable":true,"href":"https:\/\/1001vertus.com\/es\/wp-json\/wp\/v2\/media\/20586"}],"wp:attachment":[{"href":"https:\/\/1001vertus.com\/es\/wp-json\/wp\/v2\/media?parent=20585"}],"wp:term":[{"taxonomy":"product_brand","embeddable":true,"href":"https:\/\/1001vertus.com\/es\/wp-json\/wp\/v2\/product_brand?post=20585"},{"taxonomy":"product_cat","embeddable":true,"href":"https:\/\/1001vertus.com\/es\/wp-json\/wp\/v2\/product_cat?post=20585"},{"taxonomy":"product_tag","embeddable":true,"href":"https:\/\/1001vertus.com\/es\/wp-json\/wp\/v2\/product_tag?post=20585"}],"curies":[{"name":"wp","href":"https:\/\/api.w.org\/{rel}","templated":true}]}}