{"id":19971,"date":"2024-01-14T17:30:24","date_gmt":"2024-01-14T16:30:24","guid":{"rendered":"https:\/\/1001vertus.com\/?post_type=product&#038;p=19971"},"modified":"2026-04-21T21:30:22","modified_gmt":"2026-04-21T20:30:22","slug":"champu-solido-2","status":"publish","type":"product","link":"https:\/\/1001vertus.com\/es\/produit\/shampoing-solide-nila\/","title":{"rendered":"Champ\u00fa s\u00f3lido Nila (aprox. 80 g) - Assali"},"content":{"rendered":"<p>Tout le secret de la cosm\u00e9tique des femmes du Sahara dans<strong>un petit carr\u00e9 naturel et \u00e9co-responsable\u00a0<\/strong>? S\u00ed, es posible. Porque eso es lo que\u00a0<strong>Nila champ\u00fa s\u00f3lido.<\/strong>\u00a0Un tr\u00e9sor issu d&rsquo;un geste de beaut\u00e9 ancestral. On vous le pr\u00e9sente juste l\u00e0 !<\/p>\n<h2><strong>Le shampoing solide Nila : un geste ancestral et \u00e9co-responsable !<\/strong><\/h2>\n<p>Eh oui, dans la qu\u00eate du respect de soi-m\u00eame et de la plan\u00e8te, le produit que vous trouvez ici sign\u00e9 Assali, est assur\u00e9ment une v\u00e9ritable p\u00e9pite !<\/p>\n<p><strong>D\u00e9nu\u00e9 de tout emballage plastique et superflu,<\/strong>\u00a0s&rsquo;offre \u00e0 vous un carr\u00e9 de shampoing, respectueux de votre corps et de l&rsquo;environnement, qui renferme un v\u00e9ritable soin.<\/p>\n<p>Y con raz\u00f3n. Le ofrece\u00a0<strong>todos los beneficios de Nila.\u00a0<\/strong>Un soin cosm\u00e9tique utilis\u00e9e <strong>depuis des si\u00e8cles par les femmes du Sahara !<\/strong>\u00a0Autant vous le dire, ici, vous allez allier l&rsquo;agr\u00e9able \u00e0 l&rsquo;utile !<\/p>\n<h2><strong>\u00bfQu\u00e9 es el champ\u00fa s\u00f3lido Nila?<\/strong><\/h2>\n<p>Au sein de ce shampoing, vous trouverez tous les bienfaits de cette poudre d&rsquo;une couleur puissamment bleut\u00e9e. Plus pr\u00e9cis\u00e9ment, la poudre de Nila est issue d&rsquo;une roche min\u00e9rale qui est renomm\u00e9 pour <strong>ses bienfaits \u00e9claircissants.<\/strong>\u00a0Pero tambi\u00e9n sus virtudes\u00a0<strong>calmante y suavizante<\/strong>. As\u00ed como<a href=\"https:\/\/1001vertus.com\/es\/product\/aceite-de-cangrejo\/\"><strong>anticaspa<\/strong><\/a>\u00a0en particular.<\/p>\n<p>Mais ce n&rsquo;est pas termin\u00e9 ! Car oui, ce qui plait \u00e9galement dans ce carr\u00e9 bleut\u00e9, c&rsquo;est aussi son\u00a0<strong>estimula el crecimiento,<\/strong>\u00a0y su tratamiento contra la ca\u00edda del cabello, \u00a1sin duda!<\/p>\n<p>Il se r\u00e9v\u00e8lera donc comme une nouvelle jeunesse pour votre fibre capillaire ! <strong>Adoptez donc ce geste soin et \u00e9colo sans conteste !<\/strong><\/p>\n<h3><strong>\u00bfC\u00f3mo se utiliza esta peque\u00f1a maravilla?<\/strong><\/h3>\n<p>Pour profiter pleinement des bienfaits du shampoing solide Nila sign\u00e9 Assali,\u00a0<strong>\u00a1no podr\u00eda ser m\u00e1s f\u00e1cil!<\/strong><\/p>\n<p>Todo lo que tiene que hacer es\u00a0<strong>enjab\u00f3nala entre las manos,<\/strong> ou de l&rsquo;appliquer directement \u00e0 m\u00eame votre cuir chevelu,\u00a0<strong>antes de masajear\u00a0<\/strong>entonces, finalmente, <strong>Aclarar abundantemente.<\/strong><\/p>\n<p>Enfin, n&rsquo;aurez plus qu&rsquo;\u00e0 proc\u00e9der au s\u00e9chage de votre chevelure. Et \u00e0 appr\u00e9cier son \u00e9clat et sa tenue !<\/p>","protected":false},"excerpt":{"rendered":"<p>Tout le secret de la cosm\u00e9tique des femmes du Sahara dansun petit carr\u00e9 naturel et \u00e9co-responsable\u00a0? Oui, c&rsquo;est possible ! Puisque c&rsquo;est ce que vous offre\u00a0le shampoing solide Nila.\u00a0Un tr\u00e9sor issu d&rsquo;un geste de beaut\u00e9 ancestral. On vous le pr\u00e9sente juste l\u00e0 ! Le shampoing solide Nila : un geste ancestral et \u00e9co-responsable ! Eh [&#8230;]\n","protected":false},"featured_media":19962,"template":"","meta":[],"product_brand":[],"product_cat":[112],"product_tag":[],"class_list":{"0":"post-19971","1":"product","2":"type-product","3":"status-publish","4":"has-post-thumbnail","6":"product_cat-shampoing-solide","8":"first","9":"instock","10":"shipping-taxable","11":"purchasable","12":"product-type-simple"},"_links":{"self":[{"href":"https:\/\/1001vertus.com\/es\/wp-json\/wp\/v2\/product\/19971","targetHints":{"allow":["GET"]}}],"collection":[{"href":"https:\/\/1001vertus.com\/es\/wp-json\/wp\/v2\/product"}],"about":[{"href":"https:\/\/1001vertus.com\/es\/wp-json\/wp\/v2\/types\/product"}],"wp:featuredmedia":[{"embeddable":true,"href":"https:\/\/1001vertus.com\/es\/wp-json\/wp\/v2\/media\/19962"}],"wp:attachment":[{"href":"https:\/\/1001vertus.com\/es\/wp-json\/wp\/v2\/media?parent=19971"}],"wp:term":[{"taxonomy":"product_brand","embeddable":true,"href":"https:\/\/1001vertus.com\/es\/wp-json\/wp\/v2\/product_brand?post=19971"},{"taxonomy":"product_cat","embeddable":true,"href":"https:\/\/1001vertus.com\/es\/wp-json\/wp\/v2\/product_cat?post=19971"},{"taxonomy":"product_tag","embeddable":true,"href":"https:\/\/1001vertus.com\/es\/wp-json\/wp\/v2\/product_tag?post=19971"}],"curies":[{"name":"wp","href":"https:\/\/api.w.org\/{rel}","templated":true}]}}