{"id":19970,"date":"2024-01-14T17:27:29","date_gmt":"2024-01-14T16:27:29","guid":{"rendered":"https:\/\/1001vertus.com\/?post_type=product&#038;p=19970"},"modified":"2026-01-25T17:48:43","modified_gmt":"2026-01-25T16:48:43","slug":"champu-solido-de-amla","status":"publish","type":"product","link":"https:\/\/1001vertus.com\/es\/produit\/shampoing-solide-amla\/","title":{"rendered":"Champ\u00fa s\u00f3lido de amla (aprox. 80 g) - Assali"},"content":{"rendered":"<p>Dans notre s\u00e9lection de p\u00e9pites sign\u00e9es Assali, nous sommes\u00a0<strong>ravis de vous pr\u00e9senter le shampoing solide Amla aux bienfaits incroyables<\/strong>. On vous en parle juste l\u00e0.<\/p>\n<h2><strong>\u00bfQu\u00e9 es el Amla?<\/strong><\/h2>\n<p>El Amla es un \u00e1rbol que nos da\u00a0<strong>un petit fruit auquel vos cheveux ne r\u00e9sisteront pas !<\/strong><\/p>\n<p>Originaire du N\u00e9pal ou encore du Sri Lanka, l&rsquo;Amla ou encore la groseille indienne livre un\u00a0<strong>una excelente fuente de vitaminas.<\/strong>Y\u00a0<strong>en vitamina C<\/strong>\u00a0de fa\u00e7on pr\u00e9cise.<\/p>\n<p>Ainsi de ce fait, il offre des propri\u00e9t\u00e9s antioxydantes sans pareille.<\/p>\n<h2><strong>\u00bfPor qu\u00e9 elegir el champ\u00fa s\u00f3lido de Amla?<\/strong><\/h2>\n<p>En vista de\u00a0<strong>propiedades antioxidantes\u00a0<\/strong>sino tambi\u00e9n<strong>r\u00e9g\u00e9n\u00e9ratrices, antibact\u00e9riennes ou encore tonifiantes\u00a0<\/strong>le shampoing Amla est un tr\u00e9sor capillaire sans pr\u00e9c\u00e9dent !<\/p>\n<p>Le permite\u00a0<strong>restaurar la suavidad y el brillo.<\/strong>\u00a0Y por una buena raz\u00f3n, ofrece una hidrataci\u00f3n perfecta, al igual que<strong>il r\u00e9pare et aide \u00e0 lutter contre la chute du cheveu.<\/strong>\u00a0Al igual que mantiene sano el cuero cabelludo.<\/p>\n<p>Le ofrecer\u00e1<strong>Cabello fresco y suave.\u00a0<\/strong>As\u00ed como\u00a0<strong>limpio y brillante<\/strong>\u00a0\u00e0 souhait. Il respectera donc votre masse capillaire autant que notre plan\u00e8te !<\/p>\n<p>Profitez donc de cette douceur tout comme de ses confr\u00e8res tels que\u00a0<strong>el <a href=\"https:\/\/1001vertus.com\/es\/product\/champu-solido-de-nigella\/\">champ\u00fa de comino negro<\/a>, <a href=\"https:\/\/1001vertus.com\/es\/product\/champu-solido-2\/\">Nila<\/a>, <a href=\"https:\/\/1001vertus.com\/es\/product\/champu-solido-de-azufaifo\/\">azufaifo<\/a> o incluso <a href=\"https:\/\/1001vertus.com\/es\/product\/champu-solido-de-arcilla-verde\/\">arcilla verde<\/a>.<\/strong><\/p>\n<h3><strong>\u00bfC\u00f3mo utilizar el champ\u00fa s\u00f3lido de Amla?<\/strong><\/h3>\n<p>Pour profiter des pr\u00e9cieux bienfaits de ce shampoing, sachez tout d&rsquo;abord que vous pouvez amplement <strong>utilizarlo a diario.<\/strong><\/p>\n<p>De plus, en ce qui concerne son utilisation de fa\u00e7on pr\u00e9cise, rien de plus facile.<\/p>\n<p>De hecho, una vez que su\u00a0<strong>cheveux pr\u00e9alablement mouill\u00e9s<\/strong>\u00a0uniform\u00e9ment, il vous faudra\u00a0<strong>enjabonar el champ\u00fa con las manos<\/strong>. Puis, appliquez la mousse sur vos cheveux, et faire p\u00e9n\u00e9trer jusqu&rsquo;au cuir chevelu. Pour se faire, nous vous conseillons d&rsquo;<strong>realizar movimientos circulares<\/strong>. Et n&rsquo;h\u00e9sitez pas \u00e0 les effectuer avec le shampoing directement.<\/p>\n<p>Maintenez ce cap pendant quelques instants. Avant de rincer \u00e0 l&rsquo;eau claire abondamment.<\/p>\n<p>Une fois que vous avez termin\u00e9, nous vous recommandons de\u00a0<strong>bien faire s\u00e9cher votre shampoing dans un endroit sec.<\/strong><\/p>","protected":false},"excerpt":{"rendered":"<p>Dans notre s\u00e9lection de p\u00e9pites sign\u00e9es Assali, nous sommes\u00a0ravis de vous pr\u00e9senter le shampoing solide Amla aux bienfaits incroyables. On vous en parle juste l\u00e0. L&rsquo;Amla c&rsquo;est quoi ? L&rsquo;Amla c&rsquo;est un arbre qui nous livre\u00a0un petit fruit auquel vos cheveux ne r\u00e9sisteront pas ! Originaire du N\u00e9pal ou encore du Sri Lanka, l&rsquo;Amla ou [&#8230;]\n","protected":false},"featured_media":19958,"template":"","meta":[],"product_brand":[],"product_cat":[112],"product_tag":[],"class_list":{"0":"post-19970","1":"product","2":"type-product","3":"status-publish","4":"has-post-thumbnail","6":"product_cat-shampoing-solide","8":"first","9":"outofstock","10":"shipping-taxable","11":"purchasable","12":"product-type-simple"},"_links":{"self":[{"href":"https:\/\/1001vertus.com\/es\/wp-json\/wp\/v2\/product\/19970","targetHints":{"allow":["GET"]}}],"collection":[{"href":"https:\/\/1001vertus.com\/es\/wp-json\/wp\/v2\/product"}],"about":[{"href":"https:\/\/1001vertus.com\/es\/wp-json\/wp\/v2\/types\/product"}],"wp:featuredmedia":[{"embeddable":true,"href":"https:\/\/1001vertus.com\/es\/wp-json\/wp\/v2\/media\/19958"}],"wp:attachment":[{"href":"https:\/\/1001vertus.com\/es\/wp-json\/wp\/v2\/media?parent=19970"}],"wp:term":[{"taxonomy":"product_brand","embeddable":true,"href":"https:\/\/1001vertus.com\/es\/wp-json\/wp\/v2\/product_brand?post=19970"},{"taxonomy":"product_cat","embeddable":true,"href":"https:\/\/1001vertus.com\/es\/wp-json\/wp\/v2\/product_cat?post=19970"},{"taxonomy":"product_tag","embeddable":true,"href":"https:\/\/1001vertus.com\/es\/wp-json\/wp\/v2\/product_tag?post=19970"}],"curies":[{"name":"wp","href":"https:\/\/api.w.org\/{rel}","templated":true}]}}