{"id":19967,"date":"2024-01-14T17:23:01","date_gmt":"2024-01-14T16:23:01","guid":{"rendered":"https:\/\/1001vertus.com\/?post_type=product&#038;p=19967"},"modified":"2025-12-24T19:40:37","modified_gmt":"2025-12-24T18:40:37","slug":"champu-solido-de-ortiga","status":"publish","type":"product","link":"https:\/\/1001vertus.com\/es\/produit\/shampoing-solide-ortie\/","title":{"rendered":"Champ\u00fa s\u00f3lido de ortiga (aprox. 80 g) - Assali"},"content":{"rendered":"<p>On va parler d&rsquo;un sujet piquant \u00e0 souhait mais tout aussi rempli de bienfaits. Vous l&rsquo;aurez compris nous allons vous parler du\u00a0<strong>champ\u00fa s\u00f3lido de ortiga,<\/strong>\u00a0une p\u00e9pite pour\u00a0<strong>retrouver l&rsquo;\u00e9quilibre de votre cuir chevelu autant que pour l&rsquo;assainir<\/strong>. L\u00e9alo todo aqu\u00ed.<\/p>\n<h2><strong>Champ\u00fa s\u00f3lido de ortiga: \u00a1que no cunda el p\u00e1nico, es todo diversi\u00f3n!<\/strong><\/h2>\n<p>C&rsquo;est tel un v\u00e9ritable soin qui vous attend \u00e0 travers ce shampoing. Eh oui, il vous attend ici un plaisir capillaire sans pareil.<\/p>\n<p>En effet, l&rsquo;ortie pr\u00e9sent dans sa composition, <strong>offre des propri\u00e9t\u00e9s r\u00e9gulatrices et assainissantes<\/strong>lo que hace que\u00a0<strong>un shampoing profond\u00e9ment purifiant.<\/strong><\/p>\n<p>A <strong>un verdadero soplo de aire fresco para tu cabello<\/strong>\u00a0qui vous le rendront de fa\u00e7on merveilleuse.<\/p>\n<h2><strong>\u00bfQui\u00e9n debe utilizar el champ\u00fa s\u00f3lido de ortiga?<\/strong><\/h2>\n<p>En priorit\u00e9 ce sont <strong>les cheveux ayant tendance \u00e0 regraisser rapidement<\/strong>\u00a0qui trouveront dans ce shampoing solide ortie un alli\u00e9 de r\u00e9f\u00e9rence. Petit \u00e0 petit,\u00a0<strong>le cuir chevelu est purifi\u00e9.\u00a0<\/strong>Et vos cheveux arboreront un aspect plus sain mais sans pour autant \u00eatre d\u00e9cap\u00e9s.<\/p>\n<p>Tambi\u00e9n le permite <strong>lutter d\u00e9licatement contre les pellicules, de renforcer petit \u00e0 petit les cheveux fragiles<\/strong> y\u00a0<strong>para fomentar su crecimiento a lo largo del tiempo.<\/strong><\/p>\n<p>C&rsquo;est donc avec douceur qu&rsquo;il s&rsquo;occupe de votre masse capillaire grasse ou encore fragilis\u00e9e. Tout en prenant soin de votre \u00e9piderme et de la plan\u00e8te.<\/p>\n<h3><strong>Adoptez le geste \u00ab\u00a0solide\u00a0\u00bb, votre corps et la plan\u00e8te vous en remercie !<\/strong><\/h3>\n<p>Assur\u00e9ment, dans la cat\u00e9gorie geste respectueux de l&rsquo;environnement le shampoing solide prend tout son sens. Et pour cause,\u00a0<strong>ne rev\u00eatant aucun emballage superflu ni plastique<\/strong>es\u00a0<strong>une solution \u00e9co-responsable<\/strong>\u00a0e igual de duraderas.<\/p>\n<p>En effet, un shampoing solide vous offre une quantit\u00e9 de shampoing significative. Et ce puisqu&rsquo;en moyenne celui-ci vous offre\u00a0<strong>jusqu&rsquo;\u00e0 80 utilisations.\u00a0<\/strong>Alors qu&rsquo;un shampoing classique liquide, lui, ne vous en offrira qu&rsquo;a peine la moiti\u00e9 de ce chiffre.<\/p>\n<p>Alors sans plus tarder, laissez-vous aller \u00e0 l&rsquo;exp\u00e9rience shampoing solide. <strong><a href=\"https:\/\/1001vertus.com\/es\/product\/champu-solido-de-azufaifo\/\">Azufaifo<\/a>comino negro, <a href=\"https:\/\/1001vertus.com\/es\/product\/champu-solido-de-amla\/\">Amla<\/a> ou encore Nila, le choix chez 1001 vertus est assur\u00e9ment large.<\/strong><\/p>","protected":false},"excerpt":{"rendered":"<p>On va parler d&rsquo;un sujet piquant \u00e0 souhait mais tout aussi rempli de bienfaits. Vous l&rsquo;aurez compris nous allons vous parler du\u00a0shampoing solide ortie,\u00a0une p\u00e9pite pour\u00a0retrouver l&rsquo;\u00e9quilibre de votre cuir chevelu autant que pour l&rsquo;assainir. On vous en parle juste ici. Shampoing solide ortie : pas de panique, ce n&rsquo;est que du plaisir ! C&rsquo;est [&#8230;]\n","protected":false},"featured_media":19959,"template":"","meta":[],"product_brand":[],"product_cat":[112],"product_tag":[],"class_list":{"0":"post-19967","1":"product","2":"type-product","3":"status-publish","4":"has-post-thumbnail","6":"product_cat-shampoing-solide","8":"first","9":"instock","10":"shipping-taxable","11":"purchasable","12":"product-type-simple"},"_links":{"self":[{"href":"https:\/\/1001vertus.com\/es\/wp-json\/wp\/v2\/product\/19967","targetHints":{"allow":["GET"]}}],"collection":[{"href":"https:\/\/1001vertus.com\/es\/wp-json\/wp\/v2\/product"}],"about":[{"href":"https:\/\/1001vertus.com\/es\/wp-json\/wp\/v2\/types\/product"}],"wp:featuredmedia":[{"embeddable":true,"href":"https:\/\/1001vertus.com\/es\/wp-json\/wp\/v2\/media\/19959"}],"wp:attachment":[{"href":"https:\/\/1001vertus.com\/es\/wp-json\/wp\/v2\/media?parent=19967"}],"wp:term":[{"taxonomy":"product_brand","embeddable":true,"href":"https:\/\/1001vertus.com\/es\/wp-json\/wp\/v2\/product_brand?post=19967"},{"taxonomy":"product_cat","embeddable":true,"href":"https:\/\/1001vertus.com\/es\/wp-json\/wp\/v2\/product_cat?post=19967"},{"taxonomy":"product_tag","embeddable":true,"href":"https:\/\/1001vertus.com\/es\/wp-json\/wp\/v2\/product_tag?post=19967"}],"curies":[{"name":"wp","href":"https:\/\/api.w.org\/{rel}","templated":true}]}}