{"id":1992,"date":"2019-11-20T22:26:41","date_gmt":"2019-11-20T21:26:41","guid":{"rendered":"https:\/\/1001vertus.com\/?post_type=product&#038;p=1992"},"modified":"2021-12-05T09:37:55","modified_gmt":"2021-12-05T08:37:55","slug":"pack-grand-gourmand","status":"publish","type":"product","link":"https:\/\/1001vertus.com\/es\/produit\/pack-grand-gourmand\/","title":{"rendered":"Pack Gourmet"},"content":{"rendered":"<p class=\"western\" align=\"justify\">Este pack incluye un tarro de 250 g de amlou, un tarro de 310 ml de carajmel y un tarro de 250 g de sirope de d\u00e1tiles.<\/p>\n<ul>\n<li>\n<p class=\"western\" align=\"justify\"><b>Carajmel es un producto \u00fanico en el mundo: <\/b><strong><b>\u00a1una mermelada natural de leche de camello 100%! <\/b><\/strong><\/p>\n<\/li>\n<\/ul>\n<p class=\"western\" align=\"justify\"><strong>Tiene un sabor delicioso y es muy parecido al caramelo de mantequilla salada.<\/strong><\/p>\n<p class=\"western\" align=\"justify\">Este aut\u00e9ntico producto del S\u00e1hara ha conservado gran parte de su enorme potencial. <strong>virtudes de la leche de camella :<\/strong><\/p>\n<p class=\"western\" align=\"justify\"><strong>- <\/strong>esta leche es <strong>10 veces m\u00e1s rico en hierro<\/strong> y <strong>3 veces m\u00e1s rico en vitamina C<\/strong> que la leche de vaca,<\/p>\n<p class=\"western\" align=\"justify\">- lo <strong>apto para personas con intolerancia a la lactosa,<\/strong><\/p>\n<p class=\"western\" align=\"justify\">- gracias a su <strong>alto contenido en potasio, magnesio y vitamina B<\/strong>, La leche de camella favorece el desarrollo \u00f3seo, fortalece el crecimiento del cabello y previene su ca\u00edda, adem\u00e1s de garantizar una dentadura sana.<\/p>\n<p class=\"western\" align=\"justify\">El Carajmel es, por tanto, un proceso innovador, adaptado a la leche de camella para que pueda conservarse durante varios meses manteniendo muchas de las virtudes de la leche de base.<\/p>\n<p class=\"western\" align=\"justify\">Se elabora exclusivamente con leche entera fresca extra\u00edda diariamente de camellos criados en libertad.<\/p>\n<ul>\n<li>\n<p class=\"western\" align=\"justify\"><b>El amlou es una 100% tradicional para untar natural del sur de Marruecos.<\/b><\/p>\n<\/li>\n<\/ul>\n<p class=\"western\" align=\"justify\">Se compone de 3 alimentos ricos en m\u00faltiples beneficios: miel, aceite de arg\u00e1n y almendras.<\/p>\n<p class=\"western\" align=\"justify\">Es una pasta cremosa elaborada con miel para el dulzor, aceite de arg\u00e1n para su caracter\u00edstico sabor a avellana y almendras trituradas para el sabor y un poco de crujiente. La combinaci\u00f3n de sabores es perfecta, a la vez dulce y explosiva...<\/p>\n<p class=\"western\" align=\"justify\">De hecho, es un verdadero<strong> bomba nutricional<\/strong>. Es muy rico en vitaminas, antioxidantes, \u00e1cidos grasos (Omega 9 y 6) y prote\u00ednas.  Es un t\u00f3nico que tradicionalmente se sirve en el desayuno o para untar en pan o tortitas. Un poco de amlou por la ma\u00f1ana sobre pan y no tendr\u00e1 problemas para llegar a la comida.<\/p>\n<p class=\"western\" align=\"justify\">Por no mencionar el hecho de que es un <strong>Un refuerzo de energ\u00eda muy eficaz para las nuevas madres<\/strong>\u2026<\/p>\n<p class=\"western\" align=\"justify\">As\u00ed pues, el amlou es una pasta sabrosa y sana que se disfruta sin moderaci\u00f3n.<\/p>\n<ul>\n<li>\n<p class=\"western\" align=\"justify\"><b>El sirope de d\u00e1til, tambi\u00e9n conocido como melaza de d\u00e1til, es un alimento natural y saludable. <\/b><\/p>\n<\/li>\n<\/ul>\n<p class=\"western\" align=\"justify\">Se extrae mediante un proceso totalmente natural que garantiza todos los beneficios conocidos de su fruto original. Una cucharada tiene el mismo valor cal\u00f3rico que unos siete d\u00e1tiles. <span style=\"color: #000000;\"><span style=\"font-family: Liberation Serif, Times New Roman, serif;\"><span style=\"font-size: medium;\">Pero lo que la diferencia de la fruta es que se digiere r\u00e1pidamente y es f\u00e1cilmente absorbida por la pared intestinal.<\/span><\/span><\/span><\/p>\n<p class=\"western\" align=\"justify\">Se considera un alimento excepcional por la gran cantidad de minerales, hierro y vitaminas que contiene. <strong><span style=\"color: #000000;\"><span style=\"font-family: Liberation Serif, Times New Roman, serif;\"><span style=\"font-size: medium;\">Por ello, lo utilizan con frecuencia las mujeres que acaban de dar a luz o que est\u00e1n en per\u00edodo de lactancia, ya que, adem\u00e1s de favorecer la subida de la leche, restablece la energ\u00eda.<\/span><\/span><\/span><\/strong><\/p>\n<p class=\"western\" align=\"justify\"><span style=\"color: #000000;\"><span style=\"font-family: Liberation Serif, Times New Roman, serif;\"><span style=\"font-size: medium;\">El sirope de d\u00e1tiles tambi\u00e9n es ideal si <\/span><\/span><\/span><strong><span style=\"color: #000000;\"><span style=\"font-family: Liberation Serif, Times New Roman, serif;\"><span style=\"font-size: medium;\">an\u00e9mico<\/span><\/span><\/span><\/strong><span style=\"color: #000000;\"><span style=\"font-family: Liberation Serif, Times New Roman, serif;\"><span style=\"font-size: medium;\"> (falta hierro) o <\/span><\/span><\/span><strong><span style=\"color: #000000;\"><span style=\"font-family: Liberation Serif, Times New Roman, serif;\"><span style=\"font-size: medium;\">cansado<\/span><\/span><\/span><\/strong><span style=\"color: #000000;\"><span style=\"font-family: Liberation Serif, Times New Roman, serif;\"><span style=\"font-size: medium;\">.<\/span><\/span><\/span><\/p>\n<p class=\"western\" align=\"justify\"><span style=\"color: #000000;\"><span style=\"font-family: Liberation Serif, Times New Roman, serif;\"><span style=\"font-size: medium;\">Tambi\u00e9n es rica en fibra, por lo que es eficaz contra <\/span><\/span><\/span><strong><span style=\"color: #000000;\"><span style=\"font-family: Liberation Serif, Times New Roman, serif;\"><span style=\"font-size: medium;\">estre\u00f1imiento<\/span><\/span><\/span><\/strong><span style=\"color: #000000;\"><span style=\"font-family: Liberation Serif, Times New Roman, serif;\"><span style=\"font-size: medium;\">.\u00a0 <\/span><\/span><\/span><\/p>\n<p class=\"western\" align=\"justify\"><span style=\"font-family: Liberation Serif, Times New Roman, serif;\"><span style=\"font-size: medium;\">Por \u00faltimo, es una alternativa <strong>100 % natural<\/strong> az\u00facar blanco refinado.<\/span><\/span><\/p>\n<p class=\"western\" align=\"justify\"><span style=\"color: #000000;\"><span style=\"font-family: Liberation Serif, Times New Roman, serif;\"><span style=\"font-size: medium;\">El jarabe de d\u00e1tiles se utiliza de la misma manera que el <\/span><\/span><\/span><span style=\"color: #000000;\"><span style=\"font-family: Liberation Serif, Times New Roman, serif;\"><span style=\"font-size: medium;\"><span lang=\"zxx\">jarabe de arce<\/span><\/span><\/span><\/span><span style=\"color: #000000;\"><span style=\"font-family: Liberation Serif, Times New Roman, serif;\"><span style=\"font-size: medium;\"> o agave: para acompa\u00f1ar tortitas, gofres o crepes, o como aperitivo. <\/span><\/span><\/span><span style=\"color: #000000;\"><span style=\"font-family: Liberation Serif, Times New Roman, serif;\"><span style=\"font-size: medium;\"><span lang=\"zxx\">difundir<\/span><\/span><\/span><\/span><span style=\"color: #000000;\"><span style=\"font-family: Liberation Serif, Times New Roman, serif;\"><span style=\"font-size: medium;\">. Tambi\u00e9n puede utilizarse para endulzar yogures y queso fresco. Tambi\u00e9n se puede utilizar en reposter\u00eda y postres.<\/span><\/span><\/span><\/p>\n<p class=\"western\" align=\"justify\">","protected":false},"excerpt":{"rendered":"<p class=\"western\" align=\"justify\">Este pack contiene 3 sabrosos productos con multitud de beneficios:<\/p>\n<ul>\n<li>\n<p class=\"western\" align=\"justify\">el <strong>amlou<\/strong>, una propagaci\u00f3n natural 100% tradicional del sur de Marruecos,<\/p>\n<\/li>\n<li>\n<p class=\"western\" align=\"justify\">el <strong>carajmel<\/strong>una mermelada de leche de camello.<\/p>\n<\/li>\n<li>\n<p class=\"western\" align=\"justify\">el <strong>jarabe de d\u00e1tiles<\/strong>, un sirope dulce y oscuro elaborado con extracto de d\u00e1til y t\u00edpico de la cocina de Oriente Medio.<\/p>\n<\/li>\n<\/ul>\n<p class=\"western\" align=\"justify\">D\u00e9jese tentar por este pack gourmet, que le sentar\u00e1 de maravilla a su paladar y a su organismo.<\/p>","protected":false},"featured_media":1981,"template":"","meta":[],"product_brand":[],"product_cat":[29,44],"product_tag":[],"class_list":{"0":"post-1992","1":"product","2":"type-product","3":"status-publish","4":"has-post-thumbnail","6":"product_cat-alimentation","7":"product_cat-nos-packs","9":"first","10":"outofstock","11":"sale","12":"shipping-taxable","13":"purchasable","14":"product-type-simple"},"_links":{"self":[{"href":"https:\/\/1001vertus.com\/es\/wp-json\/wp\/v2\/product\/1992","targetHints":{"allow":["GET"]}}],"collection":[{"href":"https:\/\/1001vertus.com\/es\/wp-json\/wp\/v2\/product"}],"about":[{"href":"https:\/\/1001vertus.com\/es\/wp-json\/wp\/v2\/types\/product"}],"wp:featuredmedia":[{"embeddable":true,"href":"https:\/\/1001vertus.com\/es\/wp-json\/wp\/v2\/media\/1981"}],"wp:attachment":[{"href":"https:\/\/1001vertus.com\/es\/wp-json\/wp\/v2\/media?parent=1992"}],"wp:term":[{"taxonomy":"product_brand","embeddable":true,"href":"https:\/\/1001vertus.com\/es\/wp-json\/wp\/v2\/product_brand?post=1992"},{"taxonomy":"product_cat","embeddable":true,"href":"https:\/\/1001vertus.com\/es\/wp-json\/wp\/v2\/product_cat?post=1992"},{"taxonomy":"product_tag","embeddable":true,"href":"https:\/\/1001vertus.com\/es\/wp-json\/wp\/v2\/product_tag?post=1992"}],"curies":[{"name":"wp","href":"https:\/\/api.w.org\/{rel}","templated":true}]}}