{"id":1990,"date":"2019-11-20T22:09:21","date_gmt":"2019-11-20T21:09:21","guid":{"rendered":"https:\/\/1001vertus.com\/?post_type=product&#038;p=1990"},"modified":"2021-12-05T09:37:43","modified_gmt":"2021-12-05T08:37:43","slug":"pack-gourmet","status":"publish","type":"product","link":"https:\/\/1001vertus.com\/es\/produit\/pack-gourmand\/","title":{"rendered":"Pack Gourmet"},"content":{"rendered":"<p class=\"western\">Ce pack est compos\u00e9 d\u2019un pot de 250g de amlou et d\u2019un pot de 310ml de carajmel.<\/p>\n<p>&nbsp;<\/p>\n<ul>\n<li>\n<p class=\"western\"><b>Carajmel es un producto \u00fanico en el mundo: <\/b><strong><b>\u00a1un dulce de leche elaborado con leche de camello natural 100%! <\/b><\/strong><\/p>\n<\/li>\n<\/ul>\n<p class=\"western\"><strong>Tiene un sabor delicioso y es muy parecido al caramelo de mantequilla salada.<\/strong><\/p>\n<p class=\"western\">Este aut\u00e9ntico producto del S\u00e1hara ha conservado gran parte de su enorme potencial. <strong>virtudes de la leche de camella :<\/strong><\/p>\n<p class=\"western\"><strong>- <\/strong>esta leche es <strong>10 veces m\u00e1s rico en hierro<\/strong> y <strong>3 veces m\u00e1s rico en vitamina C<\/strong> que la leche de vaca,<\/p>\n<p class=\"western\">- lo <strong>apto para personas con intolerancia a la lactosa,<\/strong><\/p>\n<p class=\"western\">- gracias a su <strong>alto contenido en potasio, magnesio y vitamina B<\/strong>, La leche de camella favorece el desarrollo \u00f3seo, fortalece el crecimiento del cabello y previene su ca\u00edda, adem\u00e1s de garantizar una dentadura sana.<\/p>\n<p class=\"western\" align=\"left\">El Carajmel es, por tanto, un proceso innovador, adaptado a la leche de camella para que pueda conservarse durante varios meses manteniendo muchas de las virtudes de la leche de base.<\/p>\n<p class=\"western\" align=\"left\">Se elabora exclusivamente con leche entera fresca extra\u00edda diariamente de camellos criados en libertad.<\/p>\n<ul>\n<li>\n<p class=\"western\"><b>El amlou es una 100% tradicional para untar natural del sur de Marruecos.<\/b><\/p>\n<\/li>\n<\/ul>\n<p class=\"western\">Se compone de 3 alimentos ricos en m\u00faltiples beneficios: miel, aceite de arg\u00e1n y almendras.<\/p>\n<p class=\"western\">Es una pasta cremosa elaborada con miel para el dulzor, aceite de arg\u00e1n para su caracter\u00edstico sabor a avellana y almendras trituradas para el sabor y un poco de crujiente. La combinaci\u00f3n de sabores es perfecta, a la vez dulce y explosiva...<\/p>\n<p class=\"western\">D\u2019ailleurs, c\u2019est une v\u00e9ritable bombe nutritionnelle. En effet, il tr\u00e8s riche en vitamines, en antioxydants, en acides gras (Om\u00e9ga 9 et 6) et en prot\u00e9ines.\u00a0 C\u2019est un fortifiant qui est traditionnellement servi au petit-d\u00e9jeuner ou au go\u00fbter en p\u00e2te \u00e0 tartiner sur du pain ou des cr\u00eapes. Un peu d\u2019amlou le matin sur du pain et on tient sans probl\u00e8me jusqu\u2019au d\u00e9jeuner.<\/p>\n<p class=\"western\">Sans oublier le fait que c\u2019est un remontant \u00e9nerg\u00e9tique tr\u00e8s efficace pour les jeunes mamans\u2026<\/p>\n<p class=\"western\">As\u00ed pues, el amlou es una pasta sabrosa y sana que se disfruta sin moderaci\u00f3n.<\/p>","protected":false},"excerpt":{"rendered":"<p class=\"western\">D\u00e9couvrez dans ce pack 2 produits typiquement marocains\u00a0:<\/p>\n<ul>\n<li>\n<p class=\"western\">el amlou, <strong>une p\u00e2te \u00e0 tartiner 100% naturelle traditionnelle du sud du Maroc<\/strong>,<\/p>\n<\/li>\n<li>\n<p class=\"western\">y carajmel, <strong>mermelada de leche de camello.<\/strong><\/p>\n<\/li>\n<\/ul>\n<p class=\"western\">En plus d\u2019\u00eatre d\u00e9licieux, ils contiennent chacun de tr\u00e8s nombreuses vertus\u00a0!<\/p>\n<p class=\"western\">D\u00e9jese tentar por este pack gourmet, que le sentar\u00e1 de maravilla a su paladar y a su organismo.<\/p>","protected":false},"featured_media":1980,"template":"","meta":[],"product_brand":[],"product_cat":[29,44],"product_tag":[],"class_list":{"0":"post-1990","1":"product","2":"type-product","3":"status-publish","4":"has-post-thumbnail","6":"product_cat-alimentation","7":"product_cat-nos-packs","9":"first","10":"outofstock","11":"sale","12":"shipping-taxable","13":"purchasable","14":"product-type-simple"},"_links":{"self":[{"href":"https:\/\/1001vertus.com\/es\/wp-json\/wp\/v2\/product\/1990","targetHints":{"allow":["GET"]}}],"collection":[{"href":"https:\/\/1001vertus.com\/es\/wp-json\/wp\/v2\/product"}],"about":[{"href":"https:\/\/1001vertus.com\/es\/wp-json\/wp\/v2\/types\/product"}],"wp:featuredmedia":[{"embeddable":true,"href":"https:\/\/1001vertus.com\/es\/wp-json\/wp\/v2\/media\/1980"}],"wp:attachment":[{"href":"https:\/\/1001vertus.com\/es\/wp-json\/wp\/v2\/media?parent=1990"}],"wp:term":[{"taxonomy":"product_brand","embeddable":true,"href":"https:\/\/1001vertus.com\/es\/wp-json\/wp\/v2\/product_brand?post=1990"},{"taxonomy":"product_cat","embeddable":true,"href":"https:\/\/1001vertus.com\/es\/wp-json\/wp\/v2\/product_cat?post=1990"},{"taxonomy":"product_tag","embeddable":true,"href":"https:\/\/1001vertus.com\/es\/wp-json\/wp\/v2\/product_tag?post=1990"}],"curies":[{"name":"wp","href":"https:\/\/api.w.org\/{rel}","templated":true}]}}