{"id":18126,"date":"2023-12-05T19:44:22","date_gmt":"2023-12-05T18:44:22","guid":{"rendered":"https:\/\/1001vertus.com\/?post_type=product&#038;p=18126"},"modified":"2025-01-10T10:47:50","modified_gmt":"2025-01-10T09:47:50","slug":"maamoul-con-datiles","status":"publish","type":"product","link":"https:\/\/1001vertus.com\/es\/produit\/maamoul-aux-dattes\/","title":{"rendered":"Maamoul aux dattes x 12 &#8211; Teashop"},"content":{"rendered":"<p>En <strong>Maamoul con d\u00e1tiles<\/strong> sont de petits biscuits traditionnels originaires du Moyen-Orient. Ils sont particuli\u00e8rement populaires lors des f\u00eates religieuses telles que l&rsquo;Eid al-Fitr et l&rsquo;Eid al-Adha, mais se d\u00e9gustent \u00e9galement tout au long de l&rsquo;ann\u00e9e.<\/p>\n<h2><strong>Succombez \u00e0 ces c\u00e9l\u00e8bres g\u00e2teaux orientaux<\/strong><\/h2>\n<p>Les Maamoul aux dattes sont compos\u00e9s d&rsquo;une p\u00e2te sabl\u00e9e friable, g\u00e9n\u00e9ralement faites maison, qui enrobe une garniture moelleuse de dattes sucr\u00e9es. Ces biscuits sont souvent fa\u00e7onn\u00e9s gr\u00e2ce \u00e0 un moule sp\u00e9cialis\u00e9 en bois sculpt\u00e9, appel\u00e9 <em>tabi'<\/em>, ou alors r\u00e9alis\u00e9s \u00e0 la main en donnant diff\u00e9rentes formes.<\/p>\n<h2><strong>Les ingr\u00e9dients essentiels pour r\u00e9aliser des Maamoul aux dattes<\/strong><\/h2>\n<ol>\n<li><strong>Harina :<\/strong> Le choix de la farine est crucial pour obtenir la bonne consistance et la texture des Maamoul aux dattes. La majorit\u00e9 des recettes utilisent de la farine de bl\u00e9, bien qu&rsquo;il soit possible de remplacer celle-ci par de la farine sans gluten en cas d&rsquo;intol\u00e9rance ou d&rsquo;allergies alimentaires.<\/li>\n<li><strong>Mantequilla :<\/strong> Pour donner une douceur et une onctuosit\u00e9 unique au maamoul, il est conseill\u00e9 d&rsquo;utiliser du beurre clarifi\u00e9. Toutefois, si vous \u00eates v\u00e9g\u00e9talien, vous pouvez \u00e9galement opter pour de la margarine v\u00e9g\u00e9tale sans lactose.<\/li>\n<li><strong>Az\u00facar :<\/strong> Le m\u00e9lange entre le sucre et la farine permet d&rsquo;obtenir une p\u00e2te sabl\u00e9e craquante et d\u00e9licieuse. Vous pouvez remplacer le sucre blanc classique par du sucre brun ou m\u00eame du sirop d&rsquo;agave, selon vos pr\u00e9f\u00e9rences et votre mode de vie alimentaire.<\/li>\n<li><strong>Fechas:<\/strong> C&rsquo;est bien entendu l&rsquo;ingr\u00e9dient phare des Maamoul aux dattes. Optez de pr\u00e9f\u00e9rence pour des dattes moelleuses comme les Medjool ou <a href=\"https:\/\/1001vertus.com\/es\/product\/datiles-de-argelia-deglet-nour\/\"><strong>Deglet Nour<\/strong><\/a>. Vous pouvez \u00e9galement ajouter un peu de p\u00e2te \u00e0 dattes pour faciliter la manipulation lors du fa\u00e7onnage des biscuits.<\/li>\n<\/ol>\n<h2><strong>La pr\u00e9paration traditionnelle des Maamoul aux dattes<\/strong><\/h2>\n<ul>\n<li><strong>La r\u00e9alisation de la p\u00e2te sabl\u00e9e<\/strong><\/li>\n<\/ul>\n<p>Para obtener un <strong>p\u00e2te sabl\u00e9e<\/strong> parfaite pour vos Maamoul aux dattes, commencez par tamiser ensemble la farine et le sucre dans un grand bol. Ensuite, ajoutez progressivement le beurre ou la margarine tout en p\u00e9trissant soigneusement avec vos mains pour cr\u00e9er une p\u00e2te homog\u00e8ne.<\/p>\n<p>Une fois que vous avez obtenu une consistance lisse et sableuse, incorporez quelques cuill\u00e8res \u00e0 soupe d&rsquo;eau froide pour former une boule de p\u00e2te. Couvrez celle-ci avec un film plastique et laissez reposer pendant environ 30 minutes au r\u00e9frig\u00e9rateur.<\/p>\n<ul>\n<li><strong>La pr\u00e9paration de la garniture aux dattes<\/strong><\/li>\n<\/ul>\n<p>Pendant ce temps, \u00e9pluchez et d\u00e9noyautez les dattes avant de les hacher finement \u00e0 l&rsquo;aide d&rsquo;un couteau ou d&rsquo;un robot culinaire. Pour donner encore plus de saveur \u00e0 votre farce, n&rsquo;h\u00e9sitez pas \u00e0 incorporer des \u00e9pices comme de la cannelle, du clou de girofle moulu ou m\u00eame un peu d&rsquo;eau de fleur d&rsquo;oranger.<\/p>\n<p>Lorsque vous avez obtenu une p\u00e2te de dattes homog\u00e8ne, formez des petites boules de la taille d&rsquo;une <strong>fecha<\/strong> et r\u00e9servez-les dans un bol.<\/p>\n<h3><strong>Le fa\u00e7onnage des Maamoul aux dattes<\/strong><\/h3>\n<p>Apr\u00e8s avoir sorti la p\u00e2te sabl\u00e9e du r\u00e9frig\u00e9rateur, divisez-la en portions \u00e9gales afin de r\u00e9aliser autant de biscuits que vous le souhaitez. \u00c9talez chaque portion de p\u00e2te sur une surface l\u00e9g\u00e8rement farin\u00e9e pour obtenir une couche fine et r\u00e9guli\u00e8re.<\/p>\n<p>Placez ensuite la boule de datte au centre de la p\u00e2te et rabattez les bords autour pour enfermer enti\u00e8rement la garniture. Veillez \u00e0 bien souder la fermeture pour \u00e9viter que cette derni\u00e8re ne s&rsquo;\u00e9chappe lors de la cuisson.<\/p>\n<p>Si vous poss\u00e9dez un moule \u00e0 maamoul, placez alors le biscuit form\u00e9 \u00e0 l&rsquo;int\u00e9rieur puis pressez d\u00e9licatement pour imprimer le motif sur la p\u00e2te. Sinon, vous pouvez \u00e9galement fa\u00e7onner vos Maamoul aux dattes \u00e0 la main en utilisant une <em>bolsillo<\/em> sin manga pastelera para dibujar dise\u00f1os en la parte superior de cada galleta.<\/p>\n<h3><strong>Cocinar Maamoul con d\u00e1tiles<\/strong><\/h3>\n<p>Pr\u00e9chauffez votre four \u00e0 180\u00b0C (th.6) et posez vos biscuits sur une plaque recouverte de papier sulfuris\u00e9 ou d&rsquo;un tapis de cuisson en silicone. Enfournez-les pour environ 15 \u00e0 20 minutes, jusqu&rsquo;\u00e0 ce qu&rsquo;ils soient l\u00e9g\u00e8rement dor\u00e9s sur les bords.<\/p>\n<p>Laissez ensuite vos Maamoul aux dattes refroidir sur une grille avant de les saupoudrer g\u00e9n\u00e9reusement de sucre glace pour ajouter une touche finale gourmande et esth\u00e9tique \u00e0 ces d\u00e9licieux biscuits orientaux.<\/p>\n<h3><strong>D\u00e9gustez les Maamoul aux dattes lors de diverses occasions<\/strong><\/h3>\n<p>Bien que tr\u00e8s appr\u00e9ci\u00e9s lors des f\u00eates religieuses musulmanes, les Maamoul aux dattes se consomment \u00e9galement avec plaisir lors de r\u00e9ceptions entre amis, en famille ou encore comme pause gourmande au quotidien. Accompagnez-les volontiers d&rsquo;une tasse de th\u00e9 \u00e0 la menthe ou d&rsquo;un caf\u00e9 turc pour cr\u00e9er un instant convivial et chaleureux autour de cette sp\u00e9cialit\u00e9 du Moyen-Orient.<\/p>","protected":false},"excerpt":{"rendered":"<p><strong>Ingr\u00e9dients<\/strong> : farine, huile v\u00e9g\u00e9tale non hydrog\u00e9n\u00e9e, sucre, beurre (palme),\u00a0 glucose, f\u00e9cule de mais, \u0153uf, miel, glyc\u00e9rine, sel, bicarbonate de sodium, E471, E472, ar\u00f4me beurre, vanilline.<\/p>","protected":false},"featured_media":18127,"template":"","meta":[],"product_brand":[],"product_cat":[29,79],"product_tag":[],"class_list":{"0":"post-18126","1":"product","2":"type-product","3":"status-publish","4":"has-post-thumbnail","6":"product_cat-alimentation","7":"product_cat-bienfaits-des-dattes","9":"first","10":"outofstock","11":"shipping-taxable","12":"purchasable","13":"product-type-simple"},"_links":{"self":[{"href":"https:\/\/1001vertus.com\/es\/wp-json\/wp\/v2\/product\/18126","targetHints":{"allow":["GET"]}}],"collection":[{"href":"https:\/\/1001vertus.com\/es\/wp-json\/wp\/v2\/product"}],"about":[{"href":"https:\/\/1001vertus.com\/es\/wp-json\/wp\/v2\/types\/product"}],"wp:featuredmedia":[{"embeddable":true,"href":"https:\/\/1001vertus.com\/es\/wp-json\/wp\/v2\/media\/18127"}],"wp:attachment":[{"href":"https:\/\/1001vertus.com\/es\/wp-json\/wp\/v2\/media?parent=18126"}],"wp:term":[{"taxonomy":"product_brand","embeddable":true,"href":"https:\/\/1001vertus.com\/es\/wp-json\/wp\/v2\/product_brand?post=18126"},{"taxonomy":"product_cat","embeddable":true,"href":"https:\/\/1001vertus.com\/es\/wp-json\/wp\/v2\/product_cat?post=18126"},{"taxonomy":"product_tag","embeddable":true,"href":"https:\/\/1001vertus.com\/es\/wp-json\/wp\/v2\/product_tag?post=18126"}],"curies":[{"name":"wp","href":"https:\/\/api.w.org\/{rel}","templated":true}]}}