{"id":17954,"date":"2023-12-02T17:11:20","date_gmt":"2023-12-02T16:11:20","guid":{"rendered":"https:\/\/1001vertus.com\/?post_type=product&#038;p=17954"},"modified":"2025-02-26T10:23:48","modified_gmt":"2025-02-26T09:23:48","slug":"datiles-de-argelia-deglet-nour","status":"publish","type":"product","link":"https:\/\/1001vertus.com\/es\/produit\/dattes-algeriennes-deglet-nour\/","title":{"rendered":"D\u00e1tiles argelinos deglet nour 1kg - Nadaty"},"content":{"rendered":"<p>Pruebe los deliciosos y exquisitos d\u00e1tiles deglet nour: la reina de los d\u00e1tiles, que fascinan a los gourmets por su carne tierna y dorada.<\/p>\n<h2><strong>Or\u00edgenes e historia del deglet nour<\/strong><\/h2>\n<p>Considerada una de las mejores variedades de d\u00e1tiles del mundo, la\u00a0<strong>deglet nour<\/strong>\u00a0es el resultado de una mutaci\u00f3n y se cree que se origin\u00f3 en Oued Righ. Se cree que apareci\u00f3 a finales del siglo XIII o principios del XIV. Varias obras y relatos antiguos avalan la antigua presencia de esta fruta en Argelia, como Le Palmier-dattier de Pierre Munier, L'Alg\u00e9rie: un si\u00e8cle de colonisation fran\u00e7aise de F\u00e9lix Falck y Un voyage au pays des dattes. Seg\u00fan una leyenda musulmana, sus or\u00edgenes se remontan a Noura, nombre de una mujer de Om\u00e1n.<\/p>\n<p>Seg\u00fan las tradiciones argelinas, se atribuye a Aicha Bent Tenhih, hija del c\u00e9lebre Tenhih Moussa El Talaoui. Apodada <em>Lala Noura<\/em>\u00a0por su gran belleza. Es importante recordar que esta variedad fue seleccionada en los siglos XIX y XX por los colonizadores para su exportaci\u00f3n al mercado europeo, mientras que otros tipos de palmera quedaron relegados a variedades comunes.<\/p>\n<h2><strong>Producci\u00f3n de d\u00e1tiles de deglet argelino<\/strong><\/h2>\n<p>El deglet nour se cultiva principalmente en la regi\u00f3n del Bajo Sahara, a ambos lados de la frontera argelino-tunecina. En muchos lugares donde se ha introducido, el deglet nour produce resultados mediocres o apenas satisfactorios. Argelia, que cuenta con un patrimonio de m\u00e1s de 18 millones de <a href=\"https:\/\/1001vertus.com\/es\/product\/polen-de-palma-50g-especial-fertilidad\/\"><strong>palmeras<\/strong><\/a>-productores de d\u00e1tiles. Ocupa una buena posici\u00f3n entre los pa\u00edses productores y exportadores de d\u00e1tiles del mundo.<\/p>\n<p>Produce 630.000 toneladas de d\u00e1tiles, incluidas unas 240.000 toneladas de deglet nour en 2019.<\/p>\n<p>T\u00fanez, por su parte, produce 110.000 toneladas de d\u00e1tiles, de las cuales 63% son de deglet nour, seg\u00fan las estad\u00edsticas de la FAO. Esto significa que T\u00fanez es el primer exportador de deglet nour en valor, pero el segundo productor por detr\u00e1s de Argelia. Tambi\u00e9n existen otras variedades similares al deglet nour. Como la tifizouine y la menakher, que a veces se comercializan con este nombre, aunque no tienen las mismas cualidades gustativas.<\/p>\n<ul>\n<li><strong>Deglet nour :<\/strong>\u00a0carne extrafundente, az\u00facar refinado y piel muy fina<\/li>\n<li><strong>Tifizouine :<\/strong>\u00a0aspecto similar pero menos sabroso<\/li>\n<li><strong>Menakher :<\/strong>\u00a0De aspecto muy similar al d\u00e9glet nour, pero menos productivo.<\/li>\n<\/ul>\n<h2><strong>Los beneficios nutricionales del deglet nour<\/strong><\/h2>\n<p>Este d\u00e1til argelino es muy rico en contenido energ\u00e9tico, con 280 kcal por cada 100 gramos. Ofrece una amplia gama de nutrientes esenciales para una buena salud, como fibra, vitaminas y minerales.<\/p>\n<p><strong>He aqu\u00ed los principales componentes nutricionales y sus beneficios:<\/strong><\/p>\n<ul>\n<li><strong>Fibra :<\/strong>\u00a0contribuye a la sensaci\u00f3n de saciedad, al buen funcionamiento del tr\u00e1nsito intestinal y a la prevenci\u00f3n de las enfermedades cardiovasculares.<\/li>\n<li><strong>Potasio :<\/strong>\u00a0regula el equilibrio \u00e1cido-base y la presi\u00f3n sangu\u00ednea, favoreciendo as\u00ed la salud del coraz\u00f3n.<\/li>\n<li><strong>Magnesio :<\/strong>\u00a0interviene en la producci\u00f3n de energ\u00eda celular, la transmisi\u00f3n nerviosa y la s\u00edntesis de prote\u00ednas.<\/li>\n<li><strong>Vitamina B6 :<\/strong>\u00a0esencial para el metabolismo de los amino\u00e1cidos y la formaci\u00f3n de gl\u00f3bulos rojos.<\/li>\n<\/ul>\n<h3><strong>Ideas gastron\u00f3micas para disfrutar de los d\u00e1tiles argelinos<\/strong><\/h3>\n<p>En resumen, el d\u00e9glet nour no s\u00f3lo es una fruta sabrosa, sino tambi\u00e9n muy nutritiva, que se puede comer de muchas maneras:<\/p>\n<ul>\n<li><strong>Naturaleza :<\/strong>\u00a0para disfrutar al m\u00e1ximo de su sabor \u00fanico.<\/li>\n<li><strong>Combinado con queso fresco :<\/strong>\u00a0para un postre equilibrado y delicioso.<\/li>\n<li><strong>En pasteler\u00edas orientales :<\/strong>\u00a0por ejemplo, marrajos o cuernos de gacela.<\/li>\n<li><strong>En la cocina:<\/strong>\u00a0para platos dulces y salados o como base de salsas y chutneys.<\/li>\n<\/ul>\n<p>El deglet nour es, por tanto, una fruta de calidad excepcional, \u00a1muy merecedora de su t\u00edtulo de \u00abreina de los d\u00e1tiles\u00bb!<\/p>","protected":false},"excerpt":{"rendered":"<p><strong>Caracter\u00edsticas :<\/strong><\/p>\n<ul>\n<li>La prestigiosa cita argelina de Deglet Nour<\/li>\n<li>Nueva cosecha.<\/li>\n<li>Fechas de Tolga<\/li>\n<\/ul>","protected":false},"featured_media":17955,"template":"","meta":[],"product_brand":[],"product_cat":[29,79,109,111],"product_tag":[],"class_list":{"0":"post-17954","1":"product","2":"type-product","3":"status-publish","4":"has-post-thumbnail","6":"product_cat-alimentation","7":"product_cat-bienfaits-des-dattes","8":"product_cat-dattes-nadaty","9":"product_cat-fruits-secs","11":"first","12":"outofstock","13":"shipping-taxable","14":"purchasable","15":"product-type-simple"},"_links":{"self":[{"href":"https:\/\/1001vertus.com\/es\/wp-json\/wp\/v2\/product\/17954","targetHints":{"allow":["GET"]}}],"collection":[{"href":"https:\/\/1001vertus.com\/es\/wp-json\/wp\/v2\/product"}],"about":[{"href":"https:\/\/1001vertus.com\/es\/wp-json\/wp\/v2\/types\/product"}],"wp:featuredmedia":[{"embeddable":true,"href":"https:\/\/1001vertus.com\/es\/wp-json\/wp\/v2\/media\/17955"}],"wp:attachment":[{"href":"https:\/\/1001vertus.com\/es\/wp-json\/wp\/v2\/media?parent=17954"}],"wp:term":[{"taxonomy":"product_brand","embeddable":true,"href":"https:\/\/1001vertus.com\/es\/wp-json\/wp\/v2\/product_brand?post=17954"},{"taxonomy":"product_cat","embeddable":true,"href":"https:\/\/1001vertus.com\/es\/wp-json\/wp\/v2\/product_cat?post=17954"},{"taxonomy":"product_tag","embeddable":true,"href":"https:\/\/1001vertus.com\/es\/wp-json\/wp\/v2\/product_tag?post=17954"}],"curies":[{"name":"wp","href":"https:\/\/api.w.org\/{rel}","templated":true}]}}