{"id":17950,"date":"2023-12-02T16:14:20","date_gmt":"2023-12-02T15:14:20","guid":{"rendered":"https:\/\/1001vertus.com\/?post_type=product&#038;p=17950"},"modified":"2026-05-03T18:59:58","modified_gmt":"2026-05-03T17:59:58","slug":"qassim-sukkari-rutab-datiles","status":"publish","type":"product","link":"https:\/\/1001vertus.com\/es\/produit\/dattes-sukkari-rutab-de-qassim\/","title":{"rendered":"Qassim sukkari rutab d\u00e1tiles 500g - Nadaty"},"content":{"rendered":"<p>En este art\u00edculo hablaremos de estos deliciosos d\u00e1tiles sukkari rutab y de las caracter\u00edsticas especiales que los hacen tan \u00fanicos. \u00bfLe interesa? Siga leyendo y descubra esta variedad de d\u00e1tiles sin igual.<\/p>\n<h2><strong>El origen de los d\u00e1tiles sukkari rutab<\/strong><\/h2>\n<p>Para empezar, debe saber que\u00a0<strong>d\u00e1tiles sukkari rutab<\/strong>\u00a0son originarios de Arabia Saud\u00ed, m\u00e1s concretamente de la regi\u00f3n de Al-Qassim. Esta exquisita fruta es el resultado del cruce de dos tipos diferentes de d\u00e1tiles, lo que le confiere un sabor y una textura muy especiales.<\/p>\n<p>Los d\u00e1tiles Sukkari se cultivan desde hace siglos en esta parte del mundo y son un pilar de la cultura agr\u00edcola saud\u00ed. Los d\u00e1tiles Sukkari se han introducido recientemente en los mercados internacionales y han ganado popularidad r\u00e1pidamente por su sabor caracter\u00edstico y sus virtudes nutritivas.<\/p>\n<h2><strong>El sabor \u00fanico de los d\u00e1tiles sukkari rutab<\/strong><\/h2>\n<p>Pasemos a lo que hace que esta variedad de d\u00e1til sea tan popular entre los amantes de los d\u00e1tiles. Su sabor recuerda a\u00a0<strong>caramelo<\/strong>Con notas ligeramente dulces y un regusto terroso.<\/p>\n<p>Adem\u00e1s, estos d\u00e1tiles son naturalmente muy ricos en az\u00facar (alrededor de 70% de su peso), lo que los hace especialmente adecuados para comerlos secos. Tanto si le gusta picarlos con una taza de t\u00e9 o como tentempi\u00e9 saludable, estos d\u00e1tiles son una forma estupenda de disfrutarlos. <a href=\"https:\/\/1001vertus.com\/es\/product-category\/ajwa-fechas\/\"><strong>deleitar\u00e1 su paladar<\/strong><\/a>.<\/p>\n<h3><strong>Uso culinario<\/strong><\/h3>\n<p>Con un sabor tan delicado y \u00fanico, es obvio que estos d\u00e1tiles pueden utilizarse en muchos platos y recetas.<\/p>\n<p><strong>He aqu\u00ed algunas ideas para utilizar los d\u00e1tiles sukkari rutab en la cocina:<\/strong><\/p>\n<ul>\n<li>A\u00f1\u00e1delas a las ensaladas para darles un toque dulce<\/li>\n<li>A\u00f1ada trozos de d\u00e1tiles a los yogures o postres l\u00e1cteos<\/li>\n<li>Util\u00edzalas como ingrediente en la reposter\u00eda oriental<\/li>\n<li>Haz trufas de d\u00e1tiles reboz\u00e1ndolas en cacao o coco.<\/li>\n<\/ul>\n<p>Por supuesto, la lista no acaba aqu\u00ed. Puedes encontrar f\u00e1cilmente en Internet muchas otras recetas con estos d\u00e1tiles y dar rienda suelta a tu imaginaci\u00f3n.<\/p>\n<h2><strong>La irresistible textura de esta fruta de Qassim<\/strong><\/h2>\n<p>Adem\u00e1s de su exquisito sabor, los d\u00e1tiles sukkari son apreciados por su textura \u00fanica. Son conocidos por su carne especialmente tierna y fundente, que los distingue de otras variedades de d\u00e1tiles. Esta textura se debe al proceso de cultivo y secado espec\u00edfico de esta variedad de d\u00e1til.<\/p>\n<p>Esta textura especial permite comerlos en distintas fases del proceso de secado. Por ejemplo, los d\u00e1tiles sukkari rutab frescos tienen una pulpa muy tierna y h\u00fameda, mientras que los d\u00e1tiles secos son m\u00e1s firmes y se parecen m\u00e1s a los d\u00e1tiles tradicionales que se encuentran en el mercado.<\/p>\n<h3><strong>Conservaci\u00f3n de los d\u00e1tiles Sukkari Rutab<\/strong><\/h3>\n<p>Debido a su textura blanda, es esencial conservar estos d\u00e1tiles adecuadamente para mantener su sabor y calidad \u00f3ptimos. He aqu\u00ed algunos consejos para conservar los d\u00e1tiles sukkari rutab en perfecto estado:<\/p>\n<ol>\n<li>Gu\u00e1rdelas en un recipiente herm\u00e9tico: as\u00ed evitar\u00e1 que se sequen demasiado r\u00e1pido y conservar\u00e1 la suavidad de su carne.<\/li>\n<li>Mant\u00e9ngalos frescos: aunque no es necesario refrigerarlos.<\/li>\n<li>Aseg\u00farese de guardarlas en un lugar seco: as\u00ed evitar\u00e1 que se vuelvan pegajosas o blandas y le garantizar\u00e1 la mejor experiencia de sabor posible.<\/li>\n<\/ol>\n<h3><strong>Beneficios nutricionales de los d\u00e1tiles Sukkari Rutab<\/strong><\/h3>\n<p>Ser\u00eda una pena hablar de\u00a0<strong>d\u00e1tiles sukkari rutab<\/strong>\u00a0por no hablar de sus beneficios para la salud. Estas sabrosas frutas no s\u00f3lo son deliciosas de comer, sino que tambi\u00e9n tienen muchos beneficios nutricionales:<\/p>\n<ul>\n<li>Rico en fibra: facilita la digesti\u00f3n y ayuda a regular el apetito.<\/li>\n<li>Buenas fuentes de potasio: este mineral desempe\u00f1a un papel clave en el equilibrio de los fluidos corporales y la funci\u00f3n nerviosa.<\/li>\n<li>Contienen antioxidantes: los d\u00e1tiles son ricos en compuestos vegetales beneficiosos. Protegen nuestras c\u00e9lulas de los da\u00f1os causados por los radicales libres.<\/li>\n<li>Alto contenido en hidratos de carbono naturales: gracias a su alto contenido en az\u00facares simples como la fructosa, estos d\u00e1tiles proporcionan una fuente de energ\u00eda r\u00e1pida y f\u00e1cil.<\/li>\n<\/ul>\n<p><strong>En resumen, los d\u00e1tiles sukkari rutab tienen todo lo que se puede desear<\/strong>Son buenas para el paladar y para la salud. Raz\u00f3n de m\u00e1s para disfrutar de estas sabrosas frutas sin sentirse culpable.<\/p>","protected":false},"excerpt":{"rendered":"<p><strong>Nueva cosecha.<\/strong><\/p>","protected":false},"featured_media":17951,"template":"","meta":[],"product_brand":[],"product_cat":[79,29,109,111],"product_tag":[],"class_list":{"0":"post-17950","1":"product","2":"type-product","3":"status-publish","4":"has-post-thumbnail","6":"product_cat-bienfaits-des-dattes","7":"product_cat-alimentation","8":"product_cat-dattes-nadaty","9":"product_cat-fruits-secs","11":"first","12":"instock","13":"shipping-taxable","14":"purchasable","15":"product-type-simple"},"_links":{"self":[{"href":"https:\/\/1001vertus.com\/es\/wp-json\/wp\/v2\/product\/17950","targetHints":{"allow":["GET"]}}],"collection":[{"href":"https:\/\/1001vertus.com\/es\/wp-json\/wp\/v2\/product"}],"about":[{"href":"https:\/\/1001vertus.com\/es\/wp-json\/wp\/v2\/types\/product"}],"wp:featuredmedia":[{"embeddable":true,"href":"https:\/\/1001vertus.com\/es\/wp-json\/wp\/v2\/media\/17951"}],"wp:attachment":[{"href":"https:\/\/1001vertus.com\/es\/wp-json\/wp\/v2\/media?parent=17950"}],"wp:term":[{"taxonomy":"product_brand","embeddable":true,"href":"https:\/\/1001vertus.com\/es\/wp-json\/wp\/v2\/product_brand?post=17950"},{"taxonomy":"product_cat","embeddable":true,"href":"https:\/\/1001vertus.com\/es\/wp-json\/wp\/v2\/product_cat?post=17950"},{"taxonomy":"product_tag","embeddable":true,"href":"https:\/\/1001vertus.com\/es\/wp-json\/wp\/v2\/product_tag?post=17950"}],"curies":[{"name":"wp","href":"https:\/\/api.w.org\/{rel}","templated":true}]}}