{"id":17549,"date":"2026-03-13T10:51:19","date_gmt":"2026-03-13T09:51:19","guid":{"rendered":"https:\/\/1001vertus.com\/?post_type=product&#038;p=17549"},"modified":"2026-05-07T19:41:44","modified_gmt":"2026-05-07T18:41:44","slug":"talbina","status":"publish","type":"product","link":"https:\/\/1001vertus.com\/es\/produit\/talbina\/","title":{"rendered":"Talbina (Farine d&rsquo;orge) &#8211; 500g"},"content":{"rendered":"<p>Le\u00a0<strong>talbina<\/strong>\u00a0es una bebida nutritiva que est\u00e1 ganando popularidad gracias a sus numerosos beneficios para la salud. Originaria de Oriente Medio, esta mezcla de\u00a0<strong>harina de cebada y leche<\/strong>\u00a0es un remedio natural para el malestar estomacal y facilita la digesti\u00f3n. En este art\u00edculo, descubriremos c\u00f3mo obtiene su fuerza esta receta tradicional.<\/p>\n<h2><strong>Historia y origen de la talbina<\/strong><\/h2>\n<p>La receta de la talbina se remonta a la \u00e9poca prof\u00e9tica en la cultura musulmana. Seg\u00fan la medicina prof\u00e9tica, la talbina era <a href=\"https:\/\/www.la-librairie-musulmane.com\/categorie-produit\/prophete-mohamed\/\" target=\"_blank\" rel=\"noopener\"><strong>utilizado por el profeta Mohamed \ufdfa<\/strong><\/a>\u00a0para tratar diversas enfermedades y facilitar la curaci\u00f3n. Hoy en d\u00eda, esta antigua receta est\u00e1 resurgiendo, tanto por sus virtudes medicinales como por sus sabrosas cualidades.<\/p>\n<h2><strong>Preparaci\u00f3n de la talbina<\/strong><\/h2>\n<p>Esta preparaci\u00f3n r\u00e1pida y f\u00e1cil requiere s\u00f3lo unos pocos ingredientes comunes:<\/p>\n<ul>\n<li><strong>Harina de cebada :<\/strong>\u00a0El principal ingrediente de la talbina es la harina de cebada, rica en fibra diet\u00e9tica y nutrientes esenciales.<\/li>\n<li><strong>Leche :<\/strong>\u00a0La leche aporta a la talbina su cremosidad y delicado sabor, as\u00ed como prote\u00ednas, vitaminas y minerales.<\/li>\n<li><strong><a href=\"https:\/\/1001vertus.com\/es\/product-category\/mieles\/\">Miel<\/a> :<\/strong>\u00a0La miel aporta un sabor dulce natural y tambi\u00e9n tiene propiedades antibacterianas y antiinflamatorias.<\/li>\n<li><strong>Agua :<\/strong>\u00a0el agua se utiliza para diluir los dem\u00e1s ingredientes y obtener la consistencia deseada para la talbina.<\/li>\n<\/ul>\n<p>Para hacer talbina, basta con mezclar todos estos ingredientes en un cazo y cocer hasta que la mezcla espese. A continuaci\u00f3n, d\u00e9jela enfriar a temperatura ambiente o refrig\u00e9rela unas horas antes de servirla.<\/p>\n<h3><strong>Variaciones y adici\u00f3n de ingredientes<\/strong><\/h3>\n<p>La talbina puede adaptarse a sus gustos y necesidades nutricionales. Puede a\u00f1adir frutos secos, semillas o especias para realzar el sabor y aumentar el valor nutritivo de esta saludable bebida.<\/p>\n<p><strong>He aqu\u00ed algunas sugerencias:<\/strong><\/p>\n<ul>\n<li><a href=\"https:\/\/1001vertus.com\/es\/product-category\/beneficios-de-las-fechas\/\"><strong>Fechas<\/strong><\/a>, pasas sultanas o higos secos para darle un toque dulce<\/li>\n<li>Almendras, nueces o pistachos para un toque crujiente y \u00e1cidos grasos esenciales<\/li>\n<li>Semillas de ch\u00eda, lino o s\u00e9samo para aumentar la ingesta de fibra y omega-3<\/li>\n<li>Canela, cardamomo o jengibre para aromatizar sutilmente su talbina<\/li>\n<\/ul>\n<h2><strong>Beneficios de la talbina para la salud<\/strong><\/h2>\n<p>La talbina tiene numerosos beneficios para la salud gracias a su contenido en nutrientes y a sus propiedades naturales. Estos son algunos de los principales beneficios que puede aportar esta bebida:<\/p>\n<ul>\n<li><strong>Alivia el dolor de est\u00f3mago y facilita la digesti\u00f3n<\/strong><\/li>\n<\/ul>\n<p>La harina de cebada es rica en fibra soluble, que ayuda a regular el tr\u00e1nsito intestinal y a aliviar molestias digestivas como la hinchaz\u00f3n, los gases y el estre\u00f1imiento. Adem\u00e1s, la cebada act\u00faa como prebi\u00f3tico, nutriendo las bacterias beneficiosas de nuestro sistema digestivo.<\/p>\n<ul>\n<li><strong>Control del peso<\/strong><\/li>\n<\/ul>\n<p>La talbina es baja en calor\u00edas pero alta en nutrientes, lo que la convierte en una excelente opci\u00f3n para quienes desean controlar su peso. La fibra contenida en la harina de cebada tambi\u00e9n contribuye a crear una sensaci\u00f3n de saciedad, ayudando a reducir el apetito y a evitar los antojos.<\/p>\n<ul>\n<li><strong>Fortalecimiento del sistema inmunitario<\/strong><\/li>\n<\/ul>\n<p>Los ingredientes de la talbina tienen propiedades antimicrobianas y antioxidantes que ayudan a reforzar el sistema inmunitario. La miel, por ejemplo, contiene enzimas y antioxidantes que pueden proteger contra infecciones y enfermedades.<\/p>\n<ul>\n<li><strong>Mantener buenos niveles de colesterol<\/strong><\/li>\n<\/ul>\n<p>Los estudios han demostrado que el consumo de cebada puede ayudar a reducir los niveles de colesterol en sangre al aumentar la eliminaci\u00f3n de colesterol del organismo. El suero de leche, un subproducto de la leche, tambi\u00e9n se ha asociado a una reducci\u00f3n del colesterol LDL (malo) y a un aumento del colesterol HDL (bueno).<\/p>\n<h3><strong>Conclusi\u00f3n parcial<\/strong><\/h3>\n<p>Le\u00a0<strong>talbina<\/strong>\u00a0es una bebida ancestral deliciosa y nutritiva que ofrece numerosos beneficios para la salud. Gracias a su riqueza en fibra y nutrientes de calidad, as\u00ed como a su sabor personalizable gracias a los diferentes ingredientes que puedes a\u00f1adir, deber\u00eda encontrar su lugar en tu rutina alimentaria para favorecer tu bienestar. Recuerde el dicho: \u00abQue tu alimento sea tu medicina y tu medicina sea tu alimento\u00bb.<\/p>","protected":false},"excerpt":{"rendered":"<p>Le\u00a0<strong>talbina<\/strong>\u00a0es una bebida nutritiva que est\u00e1 ganando popularidad gracias a sus numerosos beneficios para la salud. Originaria de Oriente Medio, esta mezcla de\u00a0<strong>harina de cebada y leche<\/strong>\u00a0es un remedio natural para el malestar estomacal y facilita la digesti\u00f3n. En este art\u00edculo, descubriremos c\u00f3mo obtiene su fuerza esta receta tradicional.<\/p>","protected":false},"featured_media":45839,"template":"","meta":[],"product_brand":[],"product_cat":[27,29,53],"product_tag":[],"class_list":{"0":"post-17549","1":"product","2":"type-product","3":"status-publish","4":"has-post-thumbnail","6":"product_cat-bien-etre","7":"product_cat-alimentation","8":"product_cat-complements-alimentaires","10":"first","11":"instock","12":"shipping-taxable","13":"purchasable","14":"product-type-simple"},"_links":{"self":[{"href":"https:\/\/1001vertus.com\/es\/wp-json\/wp\/v2\/product\/17549","targetHints":{"allow":["GET"]}}],"collection":[{"href":"https:\/\/1001vertus.com\/es\/wp-json\/wp\/v2\/product"}],"about":[{"href":"https:\/\/1001vertus.com\/es\/wp-json\/wp\/v2\/types\/product"}],"wp:featuredmedia":[{"embeddable":true,"href":"https:\/\/1001vertus.com\/es\/wp-json\/wp\/v2\/media\/45839"}],"wp:attachment":[{"href":"https:\/\/1001vertus.com\/es\/wp-json\/wp\/v2\/media?parent=17549"}],"wp:term":[{"taxonomy":"product_brand","embeddable":true,"href":"https:\/\/1001vertus.com\/es\/wp-json\/wp\/v2\/product_brand?post=17549"},{"taxonomy":"product_cat","embeddable":true,"href":"https:\/\/1001vertus.com\/es\/wp-json\/wp\/v2\/product_cat?post=17549"},{"taxonomy":"product_tag","embeddable":true,"href":"https:\/\/1001vertus.com\/es\/wp-json\/wp\/v2\/product_tag?post=17549"}],"curies":[{"name":"wp","href":"https:\/\/api.w.org\/{rel}","templated":true}]}}