{"id":16453,"date":"2023-11-02T18:14:00","date_gmt":"2023-11-02T17:14:00","guid":{"rendered":"https:\/\/1001vertus.com\/?post_type=product&#038;p=16453"},"modified":"2023-11-02T18:14:01","modified_gmt":"2023-11-02T17:14:01","slug":"miel-de-tomillo-marroqui","status":"publish","type":"product","link":"https:\/\/1001vertus.com\/es\/produit\/miel-de-thym-du-maroc\/","title":{"rendered":"Miel de Tomillo de Marruecos - 250g"},"content":{"rendered":"<p>Le\u00a0<strong>Miel de tomillo marroqu\u00ed<\/strong>\u00a0es un producto precioso, conocido por sus propiedades terap\u00e9uticas y sus m\u00faltiples usos culinarios. Es el resultado de una sinergia entre las abejas que recolectan las flores de tomillo y el saber hacer de los apicultores marroqu\u00edes. Este dulce elixir, de aromas potentes y delicados a la vez, le invita a descubrir todos sus secretos.<\/p>\n<h2><strong>Tomillo marroqu\u00ed: una planta medicinal ancestral<\/strong><\/h2>\n<p>El tomillo (Thymus vulgaris) es una planta arom\u00e1tica originaria de la cuenca mediterr\u00e1nea. En Marruecos, crece principalmente en las regiones monta\u00f1osas del Rif, Medio Atlas y Anti-Atlas. Las condiciones clim\u00e1ticas son favorables. Desde hace siglos, esta planta se utiliza por sus propiedades medicinales en la medicina tradicional y la fitoterapia marroqu\u00edes. Ricas en aceites esenciales, las hojas de tomillo tienen reconocidas propiedades antibacterianas, antivirales y antif\u00fangicas.<\/p>\n<h3><strong>Producci\u00f3n de miel de tomillo en Marruecos<\/strong><\/h3>\n<p>La miel de tomillo es producida en Marruecos desde hace varias generaciones por apicultores apasionados por la conservaci\u00f3n del medio ambiente. La miel se produce principalmente en zonas rurales, donde las colmenas se instalan en el coraz\u00f3n de campos de tomillo en flor. La miel de tomillo se cosecha tradicionalmente entre mayo y junio, cuando las abejas han terminado de polinizar las flores.<\/p>\n<h2><strong>Los beneficios terap\u00e9uticos de la miel de tomillo marroqu\u00ed<\/strong><\/h2>\n<p>La miel de tomillo de Marruecos tiene muchos beneficios para la salud, sobre todo porque es rica en compuestos bioactivos y antioxidantes. He aqu\u00ed algunos de sus beneficios:<\/p>\n<ol>\n<li><strong>Prevenci\u00f3n de enfermedades infecciosas<\/strong> La miel de tomillo tiene propiedades antibacterianas, antivirales y antif\u00fangicas. Esto ayuda a combatir las infecciones y refuerza el sistema inmunitario.<\/li>\n<li><strong>Alivio de los problemas respiratorios<\/strong> Ayuda a aliviar la congesti\u00f3n de las v\u00edas respiratorias. Ayuda a reducir los s\u00edntomas asociados a dolencias respiratorias como tos, resfriados, bronquitis y gripe.<\/li>\n<li><strong>Favorece la digesti\u00f3n<\/strong> Miel de tomillo: gracias a sus propiedades estimulantes, la miel de tomillo favorece la secreci\u00f3n de jugos g\u00e1stricos. Por tanto, ayuda a mejorar la digesti\u00f3n de los alimentos.<\/li>\n<li><strong>Potente antioxidante<\/strong> Ayuda a proteger nuestras c\u00e9lulas del estr\u00e9s oxidativo causado por los radicales libres. De este modo, previene el envejecimiento prematuro de la piel y la aparici\u00f3n de ciertas enfermedades cr\u00f3nicas.<\/li>\n<li><strong>Mejora del sue\u00f1o<\/strong>\u00a0Al actuar sobre el sistema nervioso, es capaz de inducir una sensaci\u00f3n de relajaci\u00f3n y ayudar a conciliar el sue\u00f1o m\u00e1s r\u00e1pidamente.<\/li>\n<\/ol>\n<h2><strong>Usos culinarios de la miel de tomillo marroqu\u00ed<\/strong><\/h2>\n<p>Adem\u00e1s de sus virtudes terap\u00e9uticas, la miel de tomillo es famosa por su sabor \u00fanico y refinado. Su textura cremosa y su sabor suave y especiado hacen las delicias de los gourmets de todo el mundo. Aqu\u00ed tienes algunas ideas de recetas para mejorar tus platos con miel de tomillo:<\/p>\n<ul>\n<li><strong>Pollo al tomillo y miel de lim\u00f3n<\/strong>\u00a0Esta receta dulce y salada realza los aromas de la miel de tomillo con un adobo. <a href=\"https:\/\/1001vertus.com\/es\/product-category\/aceite-de-oliva\/\"><strong>a base de aceite de oliva<\/strong><\/a>, lim\u00f3n y especias marroqu\u00edes.<\/li>\n<li><strong>Tajine con ciruelas pasas y miel de tomillo<\/strong>\u00a0Este plato tradicional marroqu\u00ed combina ternera o cordero, ciruelas pasas y miel de tomillo para una experiencia gustativa inolvidable.<\/li>\n<li><strong>Venado con salsa de tomillo y miel de romero<\/strong>\u00a0Esta delicada preparaci\u00f3n combina a la perfecci\u00f3n con las notas especiadas y dulces de la miel de tomillo.<\/li>\n<li><strong>Tarta de miel de tomillo y almendras<\/strong>\u00a0En esta deliciosa receta, la miel de tomillo realza el sabor de las almendras y aporta una textura suave a la masa.<\/li>\n<\/ul>\n<p>La miel de tomillo tambi\u00e9n puede consumirse simplemente para untar y aprovechar al m\u00e1ximo sus beneficios. Tambi\u00e9n puede incorporarse f\u00e1cilmente a su rutina de belleza como mascarilla hidratante o cicatrizante para la piel y el cabello.<\/p>\n<h3><strong>C\u00f3mo elegir la miel marroqu\u00ed<\/strong><\/h3>\n<p>Para disfrutar de todos los beneficios de la miel de tomillo marroqu\u00ed, es esencial elegir un producto de calidad. He aqu\u00ed algunos consejos que le ayudar\u00e1n a hacer la elecci\u00f3n correcta:<\/p>\n<ul>\n<li><strong>Comprobar el origen de la miel<\/strong> Aseg\u00farate de que la miel procede de Marruecos comprobando la etiqueta. Da preferencia a los productos de comercio justo.<\/li>\n<li><strong>Reconocer la miel pura y natural<\/strong> La miel de tomillo artesanal debe tener un color \u00e1mbar ligeramente transl\u00facido. Debe tener una textura suave y un aroma potente. Cuidado con los productos demasiado ligeros y l\u00edquidos, que pueden haberse mezclado con otras variedades de miel menos caras.<\/li>\n<li><strong>Confiar en los productores locales<\/strong> Eligiendo la miel procedente directamente de un apicultor marroqu\u00ed. Puede estar seguro de beneficiarse de un saber hacer y una trazabilidad impecables.<\/li>\n<li><strong>Conservar la miel de tomillo<\/strong> Para conservar el sabor y las cualidades nutritivas de la miel. Conservar al abrigo de la luz y el calor, en un lugar fresco y seco.<\/li>\n<\/ul>\n<p>\u00bfPor qu\u00e9 no empieza hoy mismo a disfrutar de los beneficios de la miel de tomillo marroqu\u00ed? Este producto natural con mil virtudes le conquistar\u00e1 por su sabor \u00fanico y sus propiedades curativas. La miel de tomillo es sin duda un tesoro indispensable para todos los amantes de los sabores aut\u00e9nticos y los remedios naturales.<\/p>","protected":false},"excerpt":{"rendered":"<p>Le\u00a0miel de thym du Maroc\u00a0est un produit pr\u00e9cieux, r\u00e9put\u00e9 pour ses vertus th\u00e9rapeutiques et ses multiples utilisations culinaires. Il est le r\u00e9sultat d&rsquo;une synergie entre les abeilles qui butinent les fleurs de thym et le savoir-faire des apiculteurs marocains. Cet \u00e9lixir sucr\u00e9, aux ar\u00f4mes puissants et d\u00e9licats, vous invite \u00e0 d\u00e9couvrir tous ses secrets. Le [&#8230;]\n","protected":false},"featured_media":16454,"template":"","meta":[],"product_brand":[],"product_cat":[68,25],"product_tag":[],"class_list":{"0":"post-16453","1":"product","2":"type-product","3":"status-publish","4":"has-post-thumbnail","6":"product_cat-miel-maroc","7":"product_cat-miels","9":"first","10":"instock","11":"shipping-taxable","12":"purchasable","13":"product-type-simple"},"_links":{"self":[{"href":"https:\/\/1001vertus.com\/es\/wp-json\/wp\/v2\/product\/16453","targetHints":{"allow":["GET"]}}],"collection":[{"href":"https:\/\/1001vertus.com\/es\/wp-json\/wp\/v2\/product"}],"about":[{"href":"https:\/\/1001vertus.com\/es\/wp-json\/wp\/v2\/types\/product"}],"wp:featuredmedia":[{"embeddable":true,"href":"https:\/\/1001vertus.com\/es\/wp-json\/wp\/v2\/media\/16454"}],"wp:attachment":[{"href":"https:\/\/1001vertus.com\/es\/wp-json\/wp\/v2\/media?parent=16453"}],"wp:term":[{"taxonomy":"product_brand","embeddable":true,"href":"https:\/\/1001vertus.com\/es\/wp-json\/wp\/v2\/product_brand?post=16453"},{"taxonomy":"product_cat","embeddable":true,"href":"https:\/\/1001vertus.com\/es\/wp-json\/wp\/v2\/product_cat?post=16453"},{"taxonomy":"product_tag","embeddable":true,"href":"https:\/\/1001vertus.com\/es\/wp-json\/wp\/v2\/product_tag?post=16453"}],"curies":[{"name":"wp","href":"https:\/\/api.w.org\/{rel}","templated":true}]}}