{"id":1635,"date":"2019-08-01T14:25:00","date_gmt":"2019-08-01T13:25:00","guid":{"rendered":"https:\/\/1001vertus.com\/?post_type=product&#038;p=1635"},"modified":"2026-04-12T08:39:28","modified_gmt":"2026-04-12T07:39:28","slug":"tallos-de-cereza-cortados","status":"publish","type":"product","link":"https:\/\/1001vertus.com\/es\/produit\/queues-de-cerises-coupees\/","title":{"rendered":"Rabo de cereza - Desintoxicante, diur\u00e9tico y adelgazante"},"content":{"rendered":"<p align=\"JUSTIFY\">Outre leur effet d\u00e9tox et diur\u00e9tique, les queues de cerises ont de nombreuses vertus.<\/p>\n<h2 align=\"JUSTIFY\"><strong><u>Virtudes de los tallos de cereza :<\/u><\/strong><\/h2>\n<p align=\"JUSTIFY\"><span style=\"color: #000000;\"><span style=\"font-family: Arial, sans-serif;\">Les reins sont des organes qui permettent, comme le foie, d&rsquo;\u00e9liminer les d\u00e9chets de l&rsquo;organisme. Ils filtrent le sang pour en \u00e9liminer les impuret\u00e9s ainsi que l&rsquo;exc\u00e8s d&rsquo;eau. Les plantes diur\u00e9tiques viennent conforter cette filtration et les queues de cerise en font partie.<\/span><\/span><\/p>\n<p align=\"JUSTIFY\"><span style=\"color: #000000;\"><span style=\"font-family: Arial, sans-serif;\">Les queues de cerise sont donc conseill\u00e9es aux personnes qui font de la <b>r\u00e9tention d&rsquo;eau <\/b>ou plut\u00f4t de liquide lymphatique dans les tissus, connaissent un gonflement de leurs jambes et bras. Un tel drainage de l&rsquo;eau et des toxines aidera \u00e9galement les personnes qui ont entam\u00e9 un <b>r\u00e9gime amaigrissant<\/b>.<\/span><\/span><\/p>\n<p align=\"JUSTIFY\"><span style=\"color: #000000;\"><span style=\"font-family: Arial, sans-serif;\">Si conoce a un <b>g\u00eane urinaire, une infection des voies r\u00e9nales et urinaires ou des calculs r\u00e9naux ou biliaires<\/b>, l&rsquo;augmentation de l&rsquo;activit\u00e9 des reins et du flux urinaire soulagera ces maux.<\/span><\/span><\/p>\n<p align=\"LEFT\"><span style=\"color: #000000;\"><span style=\"font-family: Arial, sans-serif;\">Pero tambi\u00e9n tienen otros efectos, como :<br \/>\n&#8211; avoir un effet calmant,<br \/>\n&#8211; renforcer les reins et les v<\/span><\/span><span style=\"color: #000000;\"><span style=\"font-family: Arial, sans-serif;\">gansos urinarios (<\/span><\/span><span style=\"color: #000080;\"><span lang=\"fr-FR\"><span style=\"color: #000000;\"><span style=\"font-family: Arial, sans-serif;\">cistitis<\/span><\/span><\/span><\/span><span style=\"color: #000000;\"><span style=\"font-family: Arial, sans-serif;\">, colique n\u00e9phr\u00e9tique),<br \/>\n&#8211; nettoyer le <\/span><\/span><span style=\"color: #000080;\"><span lang=\"fr-FR\"><span style=\"color: #000000;\"><span style=\"font-family: Arial, sans-serif;\">sangre,<\/span><\/span><\/span><\/span><span style=\"color: #000000;\"><span style=\"font-family: Arial, sans-serif;\"><br \/>\n&#8211; emp\u00eacher la formation de calculs r\u00e9naux <\/span><\/span><span style=\"color: #000000;\"><span style=\"font-family: Arial, sans-serif;\"><i>(cependant, il est d\u00e9conseill\u00e9 aux personnes ayant de gros calculs r\u00e9naux car ils pourraient se d\u00e9placer).<\/i><\/span><\/span><span style=\"color: #000000;\"><span style=\"font-family: Arial, sans-serif;\"><br \/>\n&#8211; lutter contre les rhumatismes, l\u2019<\/span><\/span><span style=\"color: #000080;\"><span lang=\"fr-FR\"><span style=\"color: #000000;\"><span style=\"font-family: Arial, sans-serif;\">artritis<\/span><\/span><\/span><\/span><span style=\"color: #000000;\"><span style=\"font-family: Arial, sans-serif;\">, et l\u2019ath\u00e9roscl\u00e9rose,<\/span><\/span><\/p>\n<p align=\"LEFT\"><span style=\"color: #000000;\"><span style=\"font-family: Arial, sans-serif;\">&#8211; baisser le <\/span><\/span><span style=\"color: #000080;\"><span lang=\"fr-FR\"><span style=\"color: #000000;\"><span style=\"font-family: Arial, sans-serif;\">cholest\u00e9rol<\/span><\/span><\/span><\/span><span style=\"color: #000080;\"><span lang=\"fr-FR\"><span style=\"color: #000000;\"><span style=\"font-family: Arial, sans-serif;\"><span style=\"font-size: medium;\">,<\/span><\/span><\/span><\/span><\/span><\/p>\n<p align=\"LEFT\"><span style=\"color: #000080;\"><span lang=\"fr-FR\"><span style=\"color: #000000;\"><span style=\"font-family: Arial, sans-serif;\"><span style=\"font-size: medium;\">&#8211; lutte contre l\u2019hypertension art\u00e9rielle,<\/span><\/span><\/span><\/span><\/span><\/p>\n<p align=\"LEFT\"><span style=\"color: #000080;\"><span lang=\"fr-FR\"><span style=\"color: #000000;\"><span style=\"font-family: Arial, sans-serif;\"><span style=\"font-size: medium;\">&#8211; lutte contre l\u2019insuffisance cardiaque,<\/span><\/span><\/span><\/span><\/span><span style=\"color: #000000;\"><span style=\"font-family: Arial, sans-serif;\"><br \/>\n&#8211; aider \u00e0 dig\u00e9rer et nettoyer le <\/span><\/span><span style=\"color: #000080;\"><span lang=\"fr-FR\"><span style=\"color: #000000;\"><span style=\"font-family: Arial, sans-serif;\">h\u00edgado<\/span><\/span><\/span><\/span><span style=\"color: #000000;\"><span style=\"font-family: Arial, sans-serif;\">.<\/span><\/span><\/p>\n<h2 align=\"JUSTIFY\"><strong><span style=\"color: #000000;\"><span style=\"font-family: Arial, sans-serif;\"><u>Sus propiedades adelgazantes:<\/u><\/span><\/span><\/strong><\/h2>\n<p align=\"JUSTIFY\"><span style=\"color: #000000;\"><span style=\"font-family: Arial, sans-serif;\">Les queues de cerises sont a utiliser dans le cadre d\u2019une <\/span><\/span><strong><span style=\"color: #000000;\"><span style=\"font-family: Arial, sans-serif;\">cure de d\u00e9tox<\/span><\/span><\/strong><span style=\"color: #000000;\"><span style=\"font-family: Arial, sans-serif;\"> pour \u00e9liminer toutes les toxines de l\u2019organisme, c\u2019est pourquoi de nombreuses femmes en surpoids les utilisent quotidiennement.<\/span><\/span><\/p>\n<p align=\"JUSTIFY\"><span style=\"color: #000000;\"><span style=\"font-family: Arial, sans-serif;\">Les queues de cerises stimulent l\u2019\u00e9limination, qu\u2019elle soit d\u2019ordre urinaire ou digestif, afin de nettoyer l\u2019organisme de tous ces d\u00e9chets et toxines. <b>Cette action diur\u00e9tique est s\u00fbre et sans aucun effet ind\u00e9sirable et est tr\u00e8s utile lors des r\u00e9gimes minceur.<\/b><\/span><\/span><\/p>\n<p align=\"JUSTIFY\"><span style=\"color: #000000;\"><span style=\"font-family: Arial, sans-serif;\">De m\u00eame, elle sert \u00e0 <\/span><\/span><strong><span style=\"color: #000000;\"><span style=\"font-family: Arial, sans-serif;\">lutter contre la r\u00e9tention <\/span><\/span><\/strong><strong><span style=\"color: #000000;\"><span style=\"font-family: Arial, sans-serif;\">d\u2019eau. En effet, e<\/span><\/span><\/strong><span style=\"color: #000000;\"><span style=\"font-family: Arial, sans-serif;\">n<\/span><\/span><span style=\"color: #000000;\"><span style=\"font-family: Arial, sans-serif;\"> buvant une d\u00e9coction ou une tisane de queues de cerise, vous pouvez d\u00e9sengorger les tissus adipeux de la peau et ainsi \u00ab\u00a0d\u00e9gonfler\u00a0\u00bb durablement.<\/span><\/span><\/p>\n<p align=\"JUSTIFY\"><span style=\"color: #000000;\"><span style=\"font-family: Arial, sans-serif;\">Les effets amincissants se voient donc tr\u00e8s rapidement et vous aurez l\u2019impression de maigrir \u00e0 vue d\u2019\u0153il. <\/span><\/span><\/p>\n<p align=\"JUSTIFY\"><span style=\"color: #000000;\"><span style=\"font-family: Arial, sans-serif;\"><i>A noter qu\u2019il est important de coupler la consommation de ces queues de cerises avec une alimentation \u00e9quilibr\u00e9e et une activit\u00e9 sportive r\u00e9guli\u00e8re.<\/i><\/span><\/span><\/p>\n<h2 align=\"JUSTIFY\"><\/h2>\n<h2><span style=\"color: #000000;\"><span style=\"font-family: Arial, sans-serif;\"><u><b>C\u00f3mo utilizar los rabitos de cereza<\/b><\/u><\/span><\/span><\/h2>\n<p align=\"JUSTIFY\"><span style=\"color: #000000;\"><span style=\"font-family: Arial, sans-serif;\">Se pueden utilizar tallos de cereza:<\/span><\/span><\/p>\n<ul>\n<li>\n<p align=\"JUSTIFY\"><span style=\"color: #000000;\"><span style=\"font-family: Arial, sans-serif;\"><b>en infusi\u00f3n.<\/b> <i>Tiempo de preparaci\u00f3n: de 3 a 10 minutos.<\/i><\/span><\/span><\/p>\n<\/li>\n<\/ul>\n<p align=\"JUSTIFY\"><span style=\"color: #000000;\"><span style=\"font-family: Arial, sans-serif;\">Verter una o dos cucharadas en agua hirviendo y dejar en infusi\u00f3n de 3 a 10 minutos.<\/span><\/span><\/p>\n<ul>\n<li>\n<p align=\"JUSTIFY\"><strong><span style=\"color: #000000;\"><span style=\"font-family: Arial, sans-serif;\">en maceraci\u00f3n. <\/span><\/span><\/strong><strong><span style=\"color: #000000;\"><span style=\"font-family: Arial, sans-serif;\"><i>Tiempo de preparaci\u00f3n: varias horas.<\/i><\/span><\/span><\/strong><\/p>\n<\/li>\n<\/ul>\n<p align=\"JUSTIFY\"><span style=\"color: #000000;\"><span style=\"font-family: Arial, sans-serif;\">Poner 4 cucharadas en 1 litro de agua fr\u00eda y dejar macerar durante varias horas. A continuaci\u00f3n, beber fr\u00edo a lo largo del d\u00eda.<\/span><\/span><\/p>\n<ul>\n<li>\n<p align=\"JUSTIFY\"><strong><span style=\"color: #000000;\"><span style=\"font-family: Arial, sans-serif;\">en decocci\u00f3n. <\/span><\/span><\/strong><strong><span style=\"color: #000000;\"><span style=\"font-family: Arial, sans-serif;\"><i>Tiempo de preparaci\u00f3n: aproximadamente 12 horas.<\/i><\/span><\/span><\/strong><\/p>\n<\/li>\n<\/ul>\n<p align=\"JUSTIFY\"><strong><span style=\"color: #000000;\"><span style=\"font-family: Arial, sans-serif;\">Dejar reblandecer 4 cucharadas de rabitos de cereza durante 12 horas en 1 litro de agua. <\/span><\/span><\/strong><span style=\"color: #000000;\"><span style=\"font-family: Arial, sans-serif;\">Hervir durante 10 minutos y dejar en infusi\u00f3n 20 minutos antes de colar. Beber la decocci\u00f3n durante el d\u00eda. <\/span><\/span><\/p>\n<p align=\"JUSTIFY\"><span style=\"color: #000000;\"><span style=\"font-family: Arial, sans-serif;\">Es aconsejable consumir preparados de rabitos de cereza despu\u00e9s de las comidas, a ser posible 3 veces al d\u00eda, para mejorar la eliminaci\u00f3n de toxinas del organismo.<\/span><\/span><\/p>\n<p align=\"JUSTIFY\">PRECAUCI\u00d3N: no utilizar durante el embarazo ni la lactancia.<\/p>\n<p><span style=\"font-family: Liberation Sans, sans-serif;\"><u><b>Ing<\/b><\/u><u><b>r<\/b><\/u><u><b>Ingredientes INCI :<\/b><\/u><\/span><\/p>\n<p><span style=\"color: #00000a;\"><span style=\"font-family: Liberation Sans, sans-serif;\"><span style=\"font-size: medium;\">Tallo de cereza (Prunus cerasus)<br \/>\n<\/span><\/span><\/span><\/p>\n<p><span style=\"font-family: Liberation Sans, sans-serif;\"><u><b>Origen :<\/b><\/u> <span style=\"font-size: medium;\">Turqu\u00eda<\/span><\/span><\/p>\n<p><u><b>Capacidad :<\/b><\/u><span style=\"color: #000000;\"><span style=\"font-family: Arial, sans-serif;\"> Disponible en bolsas kraft de 50 g y 100 g. <\/span><\/span><b> <\/b><\/p>","protected":false},"excerpt":{"rendered":"<p>Los tallos de cereza le permitir\u00e1n hacer un <strong>cure d\u00e9tox tr\u00e8s efficace<\/strong> y excelente para tratar las infecciones del tracto urinario y\/o la hinchaz\u00f3n.<\/p>\n<p>La queue de cerise est la partie la plus b\u00e9n\u00e9fique de ce fruit formidable. Elle aide \u00e9galement \u00e0 <strong>adelgazar<\/strong> et garder la forme. Les effets amincissants se voient tr\u00e8s rapidement et vous aurez l\u2019impression de maigrir \u00e0 vue d\u2019\u0153il.<\/p>\n<p>Diur\u00e9tiques, elle sont \u00e9galement bonnes pour traiter certains probl\u00e8mes de sant\u00e9 comme la goutte, les infections des reins et urinaires et beaucoup d\u2019autres encore.<\/p>","protected":false},"featured_media":6053,"template":"","meta":[],"product_brand":[],"product_cat":[28,27,54],"product_tag":[],"class_list":{"0":"post-1635","1":"product","2":"type-product","3":"status-publish","4":"has-post-thumbnail","6":"product_cat-medecine-sante","7":"product_cat-bien-etre","8":"product_cat-tisane","10":"first","11":"instock","12":"shipping-taxable","13":"purchasable","14":"product-type-variable"},"_links":{"self":[{"href":"https:\/\/1001vertus.com\/es\/wp-json\/wp\/v2\/product\/1635","targetHints":{"allow":["GET"]}}],"collection":[{"href":"https:\/\/1001vertus.com\/es\/wp-json\/wp\/v2\/product"}],"about":[{"href":"https:\/\/1001vertus.com\/es\/wp-json\/wp\/v2\/types\/product"}],"wp:featuredmedia":[{"embeddable":true,"href":"https:\/\/1001vertus.com\/es\/wp-json\/wp\/v2\/media\/6053"}],"wp:attachment":[{"href":"https:\/\/1001vertus.com\/es\/wp-json\/wp\/v2\/media?parent=1635"}],"wp:term":[{"taxonomy":"product_brand","embeddable":true,"href":"https:\/\/1001vertus.com\/es\/wp-json\/wp\/v2\/product_brand?post=1635"},{"taxonomy":"product_cat","embeddable":true,"href":"https:\/\/1001vertus.com\/es\/wp-json\/wp\/v2\/product_cat?post=1635"},{"taxonomy":"product_tag","embeddable":true,"href":"https:\/\/1001vertus.com\/es\/wp-json\/wp\/v2\/product_tag?post=1635"}],"curies":[{"name":"wp","href":"https:\/\/api.w.org\/{rel}","templated":true}]}}