{"id":16192,"date":"2023-10-24T08:15:10","date_gmt":"2023-10-24T07:15:10","guid":{"rendered":"https:\/\/1001vertus.com\/?post_type=product&#038;p=16192"},"modified":"2026-04-15T17:57:53","modified_gmt":"2026-04-15T16:57:53","slug":"almizcle-negro","status":"publish","type":"product","link":"https:\/\/1001vertus.com\/es\/produit\/musc-noir\/","title":{"rendered":"Almizcle negro sin alcohol (Musc Aswad) - 6ml"},"content":{"rendered":"<p>En la actualidad, el\u00a0<strong>el almizcle negro es de origen sint\u00e9tico<\/strong>\u00a0y ya no procede de los animales. Es una fragancia encantadora y poderosa, originaria de los pa\u00edses \u00e1rabes y de algunas regiones de la India, donde ha sido muy apreciada durante siglos. El almizcle negro es conocido sobre todo por su aroma amaderado y animal, que lo distingue de otros perfumes. Es un producto raro y precioso, a menudo descrito como picante y de car\u00e1cter fuerte. De hecho, es parte integrante de las buenas pr\u00e1cticas de higiene, y se recomienda constantemente para mejorar su aspecto y hacerle m\u00e1s presentable.<\/p>\n<ul>\n<li>El almizcle negro tiene un aroma amaderado y animal<\/li>\n<li>Se utiliza desde hace siglos en los pa\u00edses \u00e1rabes y en la India.<\/li>\n<li>El almizcle contribuye a una buena higiene y ayuda a embellecer la piel.<\/li>\n<\/ul>\n<h2><strong>Hadices y almizcle en la tradici\u00f3n musulmana<\/strong><\/h2>\n<p>En los hadices (<a href=\"https:\/\/www.la-librairie-musulmane.com\/categorie-produit\/prophete-mohamed\/\" target=\"_blank\" rel=\"noopener\"><strong>palabras del profeta mahoma \ufdfa<\/strong><\/a>), hay varias menciones al perfume y sus beneficios. Por ejemplo, seg\u00fan Abu Hurairah, el Profeta \ufdfa dijo: \u00abA quien se le ofrezca perfume no debe rechazarlo, pues huele bien y no es pesado de llevar\u00bb. Adem\u00e1s, se cuenta que dijo que Allah es bueno y ama la bondad; ama la limpieza y la gente limpia; ama la generosidad y la gente generosa; ama la munificencia (dar sin contar el coste) y la gente munificente.\u00bb. <strong>Los \u00e1ngeles tambi\u00e9n aprecian los buenos olores<\/strong>incluido el almizcle.<\/p>\n<h2><strong>Usos y beneficios del almizcle negro en la vida cotidiana<\/strong><\/h2>\n<p>El almizcle negro puede utilizarse a diario como un simple perfume. Pero los musulmanes saben que tambi\u00e9n tiene un uso muy espec\u00edfico,\u00a0<strong>Aisha relata que el Profeta \ufdfa le recomend\u00f3 que practicara la ruqya<\/strong> (tratamiento espiritual isl\u00e1mico) para alejar el mal de ojo. Por ejemplo, durante un <a href=\"https:\/\/1001vertus.com\/es\/product-category\/roqya-chariya\/\"><strong>roqya<\/strong><\/a>, Por ejemplo, se puede aplicar un poco de almizcle negro en las partes del cuerpo que necesiten tratamiento: la cabeza, el pecho, el est\u00f3mago, etc. Tambi\u00e9n se puede aplicar por la tarde y dejar actuar toda la noche. Tambi\u00e9n se puede aplicar por la noche y dejarlo actuar toda la noche, ya que su desagradable olor debilita a los djinns.<\/p>\n<h3><strong>Formatos y pr\u00e1ctica<\/strong><\/h3>\n<p>Ofrecemos la\u00a0<strong>almizcle negro en forma l\u00edquida<\/strong>, que es un formato muy pr\u00e1ctico. Esta fragancia unisex es adecuada tanto para hombres como para mujeres. Puede utilizarla a diario para perfumarse con esta inconfundible fragancia oriental. Basta con aplicar unas gotas en los puntos de pulso: mu\u00f1ecas, detr\u00e1s de las orejas, escote, etc. Eche un vistazo a nuestra amplia gama de almizcles El Nabil.<\/p>\n<ul>\n<li>El formato l\u00edquido es pr\u00e1ctico para el uso diario y mixto<\/li>\n<li>Aplicar el almizcle negro en los puntos de pulso para una eficacia \u00f3ptima<\/li>\n<\/ul>\n<p>Si prefiere utilizar almizcle en estado s\u00f3lido, puede cortar un trozo y utilizarlo de diversas formas:<\/p>\n<ul>\n<li>Basta con colocar un trozo de almizcle en el coche, el armario u otro lugar para difundir su agradable fragancia.<\/li>\n<li>Fr\u00f3telo suavemente sobre su ropa para disfrutar de esta incomparable fragancia.<\/li>\n<li>Para una difusi\u00f3n m\u00e1s intensa y amplia, coloque este cuadrado de almizcle negro en un quemador de perfume.<\/li>\n<\/ul>\n<h3><strong>Almizcle negro durante las sesiones de ruqya<\/strong><\/h3>\n<p>Este tipo de almizcle negro tambi\u00e9n puede ser \u00fatil durante las sesiones de ruqya. Como se menciona en el libro de Ibn Al Qayyim, \u00ab <a href=\"https:\/\/1001vertus.com\/es\/product\/libro-de-medicina-tawbah\/\"><strong>La aut\u00e9ntica medicina de la tradici\u00f3n prof\u00e9tica<\/strong><\/a> \u00bbEl potente y desagradable aroma del almizcle que se aplica al cuerpo durante estos tratamientos espirituales ayuda a combatir los malos esp\u00edritus.<\/p>\n<p>En resumen\u00a0<strong>el almizcle negro puro es una fragancia \u00fanica y preciosa<\/strong>, utilizado tanto por sus cualidades olfativas como por sus propiedades curativas espirituales. No espere m\u00e1s para incorporarlo a su rutina diaria y descubrir su incre\u00edble poder.<\/p>","protected":false},"excerpt":{"rendered":"<p><strong>Notas olfativas :<\/strong><\/p>\n<p><strong>Notas altas<\/strong>\u00a0Vainilla, ciruela seca.<br \/>\n<strong>Notas de coraz\u00f3n<\/strong>\u00a0Miel, vetiver, notas amaderadas.<br \/>\n<strong>Notas de fondo<\/strong>\u00a0Almizcle, \u00e1mbar.<\/p>\n<p>Almizcle negro concentrado sin alcohol. Fabricado en Arabia Saud\u00ed.<\/p>","protected":false},"featured_media":43051,"template":"","meta":[],"product_brand":[],"product_cat":[96],"product_tag":[],"class_list":{"0":"post-16192","1":"product","2":"type-product","3":"status-publish","4":"has-post-thumbnail","6":"product_cat-roqya-chariya","8":"first","9":"outofstock","10":"shipping-taxable","11":"purchasable","12":"product-type-simple"},"_links":{"self":[{"href":"https:\/\/1001vertus.com\/es\/wp-json\/wp\/v2\/product\/16192","targetHints":{"allow":["GET"]}}],"collection":[{"href":"https:\/\/1001vertus.com\/es\/wp-json\/wp\/v2\/product"}],"about":[{"href":"https:\/\/1001vertus.com\/es\/wp-json\/wp\/v2\/types\/product"}],"wp:featuredmedia":[{"embeddable":true,"href":"https:\/\/1001vertus.com\/es\/wp-json\/wp\/v2\/media\/43051"}],"wp:attachment":[{"href":"https:\/\/1001vertus.com\/es\/wp-json\/wp\/v2\/media?parent=16192"}],"wp:term":[{"taxonomy":"product_brand","embeddable":true,"href":"https:\/\/1001vertus.com\/es\/wp-json\/wp\/v2\/product_brand?post=16192"},{"taxonomy":"product_cat","embeddable":true,"href":"https:\/\/1001vertus.com\/es\/wp-json\/wp\/v2\/product_cat?post=16192"},{"taxonomy":"product_tag","embeddable":true,"href":"https:\/\/1001vertus.com\/es\/wp-json\/wp\/v2\/product_tag?post=16192"}],"curies":[{"name":"wp","href":"https:\/\/api.w.org\/{rel}","templated":true}]}}