{"id":16030,"date":"2023-10-18T16:18:46","date_gmt":"2023-10-18T15:18:46","guid":{"rendered":"https:\/\/1001vertus.com\/?post_type=product&#038;p=16030"},"modified":"2026-05-05T10:57:15","modified_gmt":"2026-05-05T09:57:15","slug":"miel-de-comino-negro-de-marruecos","status":"publish","type":"product","link":"https:\/\/1001vertus.com\/es\/produit\/miel-de-nigelle-du-maroc\/","title":{"rendered":"Miel Pura de Comino Marroqu\u00ed - 250g"},"content":{"rendered":"<p>La miel de Nigella es un aut\u00e9ntico tesoro, procedente directamente de Marruecos. Apreciada por sus propiedades terap\u00e9uticas y su sabor \u00fanico. Se produce a partir del n\u00e9ctar de las flores de cardo y las hojas de la <a href=\"https:\/\/1001vertus.com\/es\/product\/semillas-de-comino-negro-etiope-abyssinia-habachya\/\"><strong>semillas de comino negro<\/strong><\/a>\u00a0<strong>habba saouda<\/strong>. Aqu\u00ed exploramos los diferentes aspectos de esta preciada miel y las razones por las que es tan apreciada.<\/p>\n<h2><strong>Origen y producci\u00f3n de la miel de comino negro en Marruecos<\/strong><\/h2>\n<p>La nigella, tambi\u00e9n conocida como habba saouda, es una planta que crece de forma natural en varias regiones de Marruecos. Su uso se remonta a las antiguas civilizaciones egipcia y griega, y ya se le reconoc\u00edan numerosas propiedades medicinales.<\/p>\n<p>Hoy en d\u00eda, el cultivo del comino negro y la producci\u00f3n de miel de comino negro se concentran principalmente en ciertas regiones monta\u00f1osas de Marruecos. Los apicultores locales utilizan t\u00e9cnicas tradicionales para recolectar el n\u00e9ctar y producir miel de la mejor calidad.<\/p>\n<h3><strong>Las fases de producci\u00f3n<\/strong><\/h3>\n<ol>\n<li><strong>Cosecha del n\u00e9ctar<\/strong> Durante la floraci\u00f3n, las abejas recogen el n\u00e9ctar de las flores de comino negro.<\/li>\n<li><strong>Transformaci\u00f3n en miel<\/strong> n\u00e9ctar: las abejas transportan el n\u00e9ctar a sus colmenas y lo transforman en miel. Esto se consigue mediante un proceso de deshidrataci\u00f3n y enzimaci\u00f3n.<\/li>\n<li><strong>Recolecci\u00f3n de la miel<\/strong> Los apicultores recogen el panal, cuidando de preservar la integridad de las colmenas y las colonias de abejas.<\/li>\n<li><strong>Filtraci\u00f3n y acondicionamiento<\/strong> A continuaci\u00f3n, la miel se filtra para eliminar las impurezas. Se envasa en tarros herm\u00e9ticos para conservar su frescura y propiedades.<\/li>\n<\/ol>\n<h2><strong>Beneficios de la miel de comino negro para la salud<\/strong><\/h2>\n<p>La miel de comino negro es famosa por sus numerosas virtudes medicinales y beneficios para la salud. He aqu\u00ed algunos de sus beneficios:<\/p>\n<ul>\n<li><strong>Reforzar el sistema inmunitario<\/strong> gracias a su riqueza en nutrientes y antioxidantes. El consumo regular de miel de habba saouda ayuda a reforzar el sistema inmunitario y a prevenir infecciones.<\/li>\n<li><strong>Mejora de la digesti\u00f3n<\/strong> Las propiedades carminativas y antiinflamatorias del comino negro ayudan a aliviar los problemas digestivos. Ayuda a mejorar la digesti\u00f3n.<\/li>\n<li><strong>Alivio de los problemas respiratorios<\/strong> Miel de comino negro con propiedades expectorantes y antitus\u00edgenas. Ayuda a calmar la tos persistente y a despejar las v\u00edas respiratorias congestionadas.<\/li>\n<li><strong>Calma el dolor articular<\/strong>\u00a0Los efectos antiinflamatorios del comino negro tambi\u00e9n pueden ayudar a reducir el dolor y la inflamaci\u00f3n asociados a la artritis y otros trastornos articulares.<\/li>\n<li><strong>Regulaci\u00f3n de los niveles de az\u00facar en sangre<\/strong> La miel de comino negro tiene un \u00edndice gluc\u00e9mico bajo. Puede ayudar a regular los niveles de az\u00facar en sangre de los diab\u00e9ticos o de las personas que intentan controlar sus niveles de az\u00facar en sangre.<\/li>\n<\/ul>\n<h2><strong>Usos culinarios de la miel de habba saouda<\/strong><\/h2>\n<p>La miel de comino negro de Marruecos es apreciada no s\u00f3lo por sus virtudes medicinales, sino tambi\u00e9n por su sabor \u00fanico, que se distingue por notas picantes y ligeramente amargas. He aqu\u00ed algunas sugerencias para incorporar esta deliciosa y beneficiosa miel a su cocina:<\/p>\n<ul>\n<li><strong>Tostadas y pan<\/strong> Unte generosamente una rebanada de pan tostado o brioche con miel de comino negro. Disfrute de su rico y complejo sabor desde el desayuno.<\/li>\n<li><strong>Bebidas calientes<\/strong> A\u00f1ada una cucharadita de miel de comino negro a su taza de t\u00e9 o caf\u00e9. Esto le dar\u00e1 un toque dulce y energizante.<\/li>\n<li><strong>Platos salados<\/strong> La miel de habba saouda tambi\u00e9n puede utilizarse como adobo para carnes o verduras antes de cocinarlas. Para dar un sabor \u00fanico a sus recetas favoritas.<\/li>\n<li><strong>Postres y boller\u00eda<\/strong> Para creaciones dulces: aproveche las notas especiadas de la miel de comino negro. Como la cr\u00e8me br\u00fbl\u00e9e, la mousse de chocolate o las tartas de frutas.<\/li>\n<\/ul>\n<h2><strong>\u00bfC\u00f3mo elegir y conservar la miel habba saouda?<\/strong><\/h2>\n<p>Para aprovechar todos los beneficios de la miel de nigella de Marruecos, es esencial elegir un producto de primera calidad. He aqu\u00ed algunos consejos para guiarle en su compra:<\/p>\n<ul>\n<li><strong>Fuente<\/strong> Para obtener los mejores resultados: elija miel habba saouda aut\u00e9ntica de Marruecos y evite las falsificaciones o las mezclas de calidad inferior.<\/li>\n<li><strong>Composici\u00f3n<\/strong>\u00a0Aseg\u00farese de que la miel sea 100 % pura y natural, sin aromas artificiales ni conservantes qu\u00edmicos a\u00f1adidos.<\/li>\n<li><strong>Color y textura<\/strong>\u00a0La miel de comino negro de calidad suele tener un color \u00e1mbar con matices oscuros y una consistencia suave y cremosa.<\/li>\n<\/ul>\n<p>Una vez comprado, guarde su tarro de miel de comino negro en un lugar fresco y seco. Prot\u00e9jala de la luz y la humedad. Bien conservada, puede mantenerse varios a\u00f1os sin alterar su sabor ni sus cualidades nutritivas.<\/p>\n<h3><strong>Descubra la miel de comino negro de Marruecos<\/strong><\/h3>\n<p>La miel de comino negro de Marruecos ofrece una experiencia gustativa \u00fanica, combinando la fuerza de las semillas de comino negro con la dulzura de la miel. Sus m\u00faltiples virtudes y usos la convierten en un aut\u00e9ntico tesoro para su salud y su paladar. No tarde en probarla e incorporarla a sus recetas favoritas.<\/p>","protected":false},"excerpt":{"rendered":"<p>Le miel de nigelle est un v\u00e9ritable tr\u00e9sor provenant directement du Maroc. Appr\u00e9ci\u00e9 pour ses vertus th\u00e9rapeutiques et son go\u00fbt unique. Il est produit \u00e0 partir du nectar des fleurs de chardon et des graines de nigelle\u00a0habba saouda. Ici, nous allons explorer les diff\u00e9rents aspects de ce miel pr\u00e9cieux, ainsi que les raisons pour lesquelles [&#8230;]\n","protected":false},"featured_media":16031,"template":"","meta":[],"product_brand":[],"product_cat":[26,68,25],"product_tag":[],"class_list":{"0":"post-16030","1":"product","2":"type-product","3":"status-publish","4":"has-post-thumbnail","6":"product_cat-nigelle","7":"product_cat-miel-maroc","8":"product_cat-miels","10":"first","11":"instock","12":"shipping-taxable","13":"purchasable","14":"product-type-simple"},"_links":{"self":[{"href":"https:\/\/1001vertus.com\/es\/wp-json\/wp\/v2\/product\/16030","targetHints":{"allow":["GET"]}}],"collection":[{"href":"https:\/\/1001vertus.com\/es\/wp-json\/wp\/v2\/product"}],"about":[{"href":"https:\/\/1001vertus.com\/es\/wp-json\/wp\/v2\/types\/product"}],"wp:featuredmedia":[{"embeddable":true,"href":"https:\/\/1001vertus.com\/es\/wp-json\/wp\/v2\/media\/16031"}],"wp:attachment":[{"href":"https:\/\/1001vertus.com\/es\/wp-json\/wp\/v2\/media?parent=16030"}],"wp:term":[{"taxonomy":"product_brand","embeddable":true,"href":"https:\/\/1001vertus.com\/es\/wp-json\/wp\/v2\/product_brand?post=16030"},{"taxonomy":"product_cat","embeddable":true,"href":"https:\/\/1001vertus.com\/es\/wp-json\/wp\/v2\/product_cat?post=16030"},{"taxonomy":"product_tag","embeddable":true,"href":"https:\/\/1001vertus.com\/es\/wp-json\/wp\/v2\/product_tag?post=16030"}],"curies":[{"name":"wp","href":"https:\/\/api.w.org\/{rel}","templated":true}]}}