{"id":15876,"date":"2023-10-13T16:04:20","date_gmt":"2023-10-13T15:04:20","guid":{"rendered":"https:\/\/1001vertus.com\/?post_type=product&#038;p=15876"},"modified":"2026-05-03T11:34:23","modified_gmt":"2026-05-03T10:34:23","slug":"jabon-negro-marroqui","status":"publish","type":"product","link":"https:\/\/1001vertus.com\/es\/produit\/savon-noir-du-maroc\/","title":{"rendered":"Jab\u00f3n negro de Marruecos - 350g"},"content":{"rendered":"<p>Originario de Marruecos, el\u00a0<strong>jab\u00f3n negro<\/strong>\u00a0es un producto natural con muchas virtudes. De rica tradici\u00f3n marroqu\u00ed, este jab\u00f3n vegetal se utiliza desde hace siglos para cuidar el cuerpo y el rostro. Hoy en d\u00eda, el jab\u00f3n negro marroqu\u00ed es conocido internacionalmente por sus m\u00faltiples beneficios para la piel. Desde la exfoliaci\u00f3n suave hasta la hidrataci\u00f3n y la limpieza en profundidad, descubra todo lo que este tesoro oriental puede ofrecerle.<\/p>\n<h2><strong>\u00bfQu\u00e9 es el jab\u00f3n negro marroqu\u00ed?<\/strong><\/h2>\n<p>Le\u00a0<strong>Jab\u00f3n negro marroqu\u00ed<\/strong>, tambi\u00e9n conocido como \u00abBeldi\u00bb, es un producto nacido de las tradiciones ancestrales del pa\u00eds. Originario de Marrakech y Fez, este cosm\u00e9tico marroqu\u00ed se obtiene a partir de aceitunas negras trituradas, mezcladas con <a href=\"https:\/\/1001vertus.com\/es\/product-category\/aceite-de-oliva\/\"><strong>aceite de oliva<\/strong><\/a>, agua caliente y potasa. Esta mezcla produce una pasta espesa de color oscuro, rica en vitamina E y \u00e1cidos grasos insaturados, que le confieren sus propiedades beneficiosas para la piel.<\/p>\n<h2><strong>Sus beneficios para la piel<\/strong><\/h2>\n<p>Gracias a su composici\u00f3n natural, el jab\u00f3n negro de Marruecos tiene muchos beneficios para nuestra piel:<\/p>\n<ul>\n<li><strong>Exfoliante natural :<\/strong> Las aceitunas negras trituradas del jab\u00f3n beldi ayudan a eliminar las impurezas. Las c\u00e9lulas muertas que se acumulan en la superficie de la piel. Deja la piel suave, tersa y revitalizada.<\/li>\n<li><strong>Hidratante :<\/strong> Rica en \u00e1cidos grasos insaturados, ayuda a mantener la piel hidratada. Esto evita la deshidrataci\u00f3n y la tirantez.<\/li>\n<li><strong>Limpieza profunda :<\/strong>\u00a0Gracias a su textura espesa, posee excelentes propiedades limpiadoras y elimina las impurezas alojadas en los poros.<\/li>\n<li><strong>Alimentar :<\/strong>\u00a0Su contenido en vitamina E y \u00e1cidos grasos le confiere propiedades nutritivas que combaten el envejecimiento de la piel, manteni\u00e9ndola flexible y el\u00e1stica.<\/li>\n<li><strong>Calmante :<\/strong> este cosm\u00e9tico marroqu\u00ed se puede mezclar con <em>agua de rosas<\/em>\u00a0por sus propiedades calmantes e hidratantes<\/li>\n<\/ul>\n<h2><strong>\u00bfC\u00f3mo se utiliza el jab\u00f3n negro?<\/strong><\/h2>\n<p>Para aprovechar todos los beneficios del jab\u00f3n negro marroqu\u00ed, hay que seguir un ritual preciso:<\/p>\n<ol>\n<li>M\u00f3jate el cuerpo y la cara con agua tibia y aplica un poco de jab\u00f3n negro sobre la piel.<\/li>\n<li>Masajear con movimientos circulares para distribuir el producto uniformemente sobre la piel. Dejar actuar unos minutos: es normal que el jab\u00f3n negro no haga espuma.<\/li>\n<li>Aclarar abundantemente y, a continuaci\u00f3n, exfoliar la piel con un disco de algod\u00f3n. <a href=\"https:\/\/1001vertus.com\/es\/product-category\/guante-kessa\/\"><strong>guante<\/strong><\/a> de crin de caballo o un <a href=\"https:\/\/1001vertus.com\/es\/product\/esponja-de-bano-natural-loofah-o-loofah-100\/\"><strong>loofa<\/strong><\/a>. Se eliminan las c\u00e9lulas muertas y las impurezas, dejando la piel suave y luminosa.<\/li>\n<li>Termina aplicando una leche hidratante o un aceite vegetal para nutrir y proteger tu piel.<\/li>\n<\/ol>\n<p>Tenga en cuenta que los cosm\u00e9ticos marroqu\u00edes pueden utilizarse en todo el cuerpo (incluido el rostro). No obstante, si tiene la piel sensible, es aconsejable realizar una prueba cut\u00e1nea en una zona peque\u00f1a para comprobar si se producen reacciones al\u00e9rgicas.<\/p>\n<h2><strong>Los distintos tipos de jab\u00f3n beldi que debes conocer<\/strong><\/h2>\n<p>M\u00e1s all\u00e1 de su forma tradicional, el\u00a0<strong>Jab\u00f3n negro marroqu\u00ed<\/strong>\u00a0est\u00e1 disponible en diferentes versiones para adaptarse a las necesidades espec\u00edficas de cada tipo de piel:<\/p>\n<ul>\n<li><strong>Con miel :<\/strong> conocida por sus propiedades suavizantes y antis\u00e9pticas. La miel calma las irritaciones y devuelve la luminosidad a la piel.<\/li>\n<li><strong>Jab\u00f3n negro con aceite de arg\u00e1n:<\/strong> rico en \u00e1cidos grasos insaturados y vitamina E. El aceite de arg\u00e1n aporta un extra de nutrici\u00f3n y refuerza la acci\u00f3n antiedad del jab\u00f3n negro tradicional.<\/li>\n<li><strong>El modelo eucalipto :<\/strong>\u00a0Esta versi\u00f3n contiene aceite esencial de eucalipto, que tiene propiedades antis\u00e9pticas y estimulantes de la circulaci\u00f3n. Tambi\u00e9n proporciona una agradable sensaci\u00f3n de frescor y tonicidad.<\/li>\n<\/ul>\n<h3><strong>Elige tu pastilla de jab\u00f3n marroqu\u00ed en funci\u00f3n de las necesidades de tu piel<\/strong><\/h3>\n<p>Para sacar el m\u00e1ximo partido de este producto natural, elija el jab\u00f3n negro adecuado a sus necesidades:<\/p>\n<ul>\n<li><strong>Para pieles secas<\/strong>, Si buscas el hidratante perfecto, opta por un jab\u00f3n beldi enriquecido con aceite de arg\u00e1n o miel, que nutre e hidrata a la perfecci\u00f3n.<\/li>\n<li><strong>Para pieles normales a mixtas<\/strong>, Si utiliza un jab\u00f3n beldi tradicional, elija uno que equilibre, limpie y suavice la piel respetando su pel\u00edcula hidrolip\u00eddica.<\/li>\n<li><strong>Para pieles grasas<\/strong>, Un jab\u00f3n marroqu\u00ed con eucalipto ayudar\u00e1 a regular el exceso de sebo y a reducir las imperfecciones.<\/li>\n<\/ul>\n<p>En consecuencia, el\u00a0<strong>Jab\u00f3n negro marroqu\u00ed<\/strong>\u00a0es sin duda un aliado de belleza para cuidar la piel de forma natural. Adaptado a los distintos tipos de piel y disponible en varias versiones, satisfar\u00e1 las necesidades espec\u00edficas de cada uno. Gracias a sus propiedades exfoliantes, hidratantes y nutritivas, el jab\u00f3n marroqu\u00ed seduce cada vez a m\u00e1s personas en todo el mundo y se ha convertido en un ritual de belleza indispensable.<\/p>","protected":false},"excerpt":{"rendered":"<p>Originario de Marruecos, el\u00a0<strong>jab\u00f3n negro<\/strong>\u00a0es un producto natural con muchas virtudes.<\/p>\n<p>De rica tradici\u00f3n marroqu\u00ed, este jab\u00f3n vegetal se utiliza desde hace siglos para el cuidado del cuerpo y del rostro.<\/p>","protected":false},"featured_media":15877,"template":"","meta":[],"product_brand":[],"product_cat":[55,27],"product_tag":[],"class_list":{"0":"post-15876","1":"product","2":"type-product","3":"status-publish","4":"has-post-thumbnail","6":"product_cat-savon","7":"product_cat-bien-etre","9":"first","10":"instock","11":"shipping-taxable","12":"purchasable","13":"product-type-simple"},"_links":{"self":[{"href":"https:\/\/1001vertus.com\/es\/wp-json\/wp\/v2\/product\/15876","targetHints":{"allow":["GET"]}}],"collection":[{"href":"https:\/\/1001vertus.com\/es\/wp-json\/wp\/v2\/product"}],"about":[{"href":"https:\/\/1001vertus.com\/es\/wp-json\/wp\/v2\/types\/product"}],"wp:featuredmedia":[{"embeddable":true,"href":"https:\/\/1001vertus.com\/es\/wp-json\/wp\/v2\/media\/15877"}],"wp:attachment":[{"href":"https:\/\/1001vertus.com\/es\/wp-json\/wp\/v2\/media?parent=15876"}],"wp:term":[{"taxonomy":"product_brand","embeddable":true,"href":"https:\/\/1001vertus.com\/es\/wp-json\/wp\/v2\/product_brand?post=15876"},{"taxonomy":"product_cat","embeddable":true,"href":"https:\/\/1001vertus.com\/es\/wp-json\/wp\/v2\/product_cat?post=15876"},{"taxonomy":"product_tag","embeddable":true,"href":"https:\/\/1001vertus.com\/es\/wp-json\/wp\/v2\/product_tag?post=15876"}],"curies":[{"name":"wp","href":"https:\/\/api.w.org\/{rel}","templated":true}]}}