{"id":15446,"date":"2023-10-04T11:10:03","date_gmt":"2023-10-04T10:10:03","guid":{"rendered":"https:\/\/1001vertus.com\/?post_type=product&#038;p=15446"},"modified":"2024-08-19T14:25:03","modified_gmt":"2024-08-19T13:25:03","slug":"arcilla-blanca","status":"publish","type":"product","link":"https:\/\/1001vertus.com\/es\/produit\/argile-blanche\/","title":{"rendered":"Mascarilla de arcilla blanca en polvo - 100g"},"content":{"rendered":"<p>L'<strong>arcilla blanca<\/strong>, La arcilla, tambi\u00e9n conocida como caol\u00edn, es un tesoro natural muy apreciado por sus numerosas virtudes. Utilizada desde hace siglos en diversas culturas de todo el mundo, esta arcilla tiene numerosos beneficios para la salud de la piel, sobre todo del rostro.<\/p>\n<p><strong><em>Compra una mascarilla de arcilla blanca en 1001vertus.com<\/em>\u00a0<\/strong>le permitir\u00e1 aprovechar al m\u00e1ximo sus propiedades beneficiosas para la piel.<\/p>\n<h2><strong>Propiedades y componentes de la arcilla blanca<\/strong><\/h2>\n<p>A diferencia del\u2019<a href=\"https:\/\/1001vertus.com\/es\/product\/arcilla-roja\/\"><strong>arcilla roja<\/strong><\/a>, La arcilla blanca tiene una composici\u00f3n mucho m\u00e1s blanda y contiene principalmente s\u00edlice, caolinita y una baja concentraci\u00f3n de minerales. Se extrae de suelos ricos en nutrientes donde se forma de forma natural y suele utilizarse pura o mezclada con otros tipos de arcilla para crear sinergias beneficiosas.<\/p>\n<h3><strong>Acci\u00f3n purificante y descongestionante<\/strong><\/h3>\n<p>Gracias a su gran capacidad de absorci\u00f3n, la arcilla blanca\u00a0<strong>elimina eficazmente impurezas y toxinas<\/strong> presente en la superficie de la piel y en sus poros. A la vez que respeta la pel\u00edcula hidrolip\u00eddica de la epidermis. Tambi\u00e9n posee propiedades antiinflamatorias que ayudan a calmar y reducir las rojeces y la irritaci\u00f3n cut\u00e1nea.<\/p>\n<h3><strong>Efecto regenerador y cicatrizante<\/strong><\/h3>\n<p>La arcilla blanca favorece la regeneraci\u00f3n celular estimulando la renovaci\u00f3n de las c\u00e9lulas de la piel. Esto ayuda a prevenir el envejecimiento prematuro. Tambi\u00e9n es conocida por <strong>promover la curaci\u00f3n<\/strong>\u00a0de heridas y manchas, lo que lo convierte en un ingrediente valioso para las pieles propensas al acn\u00e9 o con problemas de sensibilidad.<\/p>\n<h2><strong>\u00bfC\u00f3mo se utiliza la arcilla blanca como mascarilla facial?<\/strong><\/h2>\n<p>A\u00a0<em>mascarilla de arcilla blanca en 1001vertus.com<\/em>\u00a0puede utilizarse sola o mezclada con otros ingredientes naturales para potenciar sus efectos. Sigue estos sencillos pasos para hacer tu propia mascarilla en casa:<\/p>\n<ol>\n<li><strong>Mezclar la arcilla blanca con un poco de agua:<\/strong> Vierta una cantidad suficiente de caol\u00edn en un recipiente no met\u00e1lico. A\u00f1ada poco a poco agua hasta obtener una pasta homog\u00e9nea.<\/li>\n<li><strong>Aplicar la pasta sobre el rostro:<\/strong> con los dedos o con un pincel limpio. Aplique la pasta de arcilla blanca uniformemente por todo el rostro, evitando la zona de los ojos y los labios.<\/li>\n<li><strong>Dejar cuajar:<\/strong> Deje actuar la mascarilla entre 10 y 15 minutos. No deje que la arcilla se seque completamente sobre la piel.<\/li>\n<li><strong>Aclarar con agua tibia:<\/strong> Enju\u00e1guese bien la cara con agua tibia. Realice movimientos circulares para eliminar todos los restos de arcilla.<\/li>\n<\/ol>\n<p>Para aprovechar todos los beneficios del polvo de caol\u00edn, recomendamos utilizar esta mascarilla una o dos veces por semana, en funci\u00f3n de las necesidades de su piel.<\/p>\n<h3><strong>Personaliza tu mascarilla seg\u00fan las necesidades de tu piel<\/strong><\/h3>\n<p>La arcilla blanca es adecuada para todo tipo de pieles gracias a su suavidad y neutralidad. Puede ser interesante combinarla con otros ingredientes naturales para personalizar la mascarilla seg\u00fan las necesidades espec\u00edficas de la piel. He aqu\u00ed algunas ideas:<\/p>\n<ul>\n<li><strong>Para pieles secas:<\/strong>\u00a0a\u00f1adir unas gotas de aceite vegetal nutritivo, como el de almendras dulces o aguacate.<\/li>\n<li><strong>Para pieles grasas :<\/strong>\u00a0combinar arcilla blanca con unas gotas de lim\u00f3n o un poco de gel de aloe vera.<\/li>\n<li><strong>Para pieles sensibles:<\/strong>\u00a0A\u00f1ada agua de rosas o agua floral de manzanilla a la mezcla para obtener una acci\u00f3n calmante adicional.<\/li>\n<\/ul>\n<h3><strong>Otros usos y beneficios del caol\u00edn<\/strong><\/h3>\n<p>Adem\u00e1s de sus propiedades beneficiosas para la piel, el caol\u00edn tambi\u00e9n tiene otras propiedades interesantes en cosm\u00e9tica y medicina natural:<\/p>\n<ul>\n<li><strong>Pasta de dientes natural:<\/strong> La arcilla blanca tiene suaves propiedades abrasivas y purificantes. Ayudan a limpiar dientes y enc\u00edas eliminando eficazmente las bacterias y los dep\u00f3sitos de alimentos.<\/li>\n<li><strong>Como desodorante casero:<\/strong> gracias a su capacidad de absorci\u00f3n y su acci\u00f3n antibacteriana. El polvo de caol\u00edn blanco puede utilizarse como desodorante natural para neutralizar el olor corporal sin da\u00f1ar la piel.<\/li>\n<li><strong>Como cataplasma:<\/strong> Las propiedades descongestionantes y antiinflamatorias del caol\u00edn lo convierten en un tratamiento eficaz para diversas dolencias. Entre ellas se incluyen el dolor muscular, la inflamaci\u00f3n articular y las picaduras de insectos.<\/li>\n<\/ul>\n<p>En resumen, la arcilla blanca es un verdadero tesoro de la naturaleza. Sus numerosas virtudes pueden aprovecharse para mejorar la salud y la belleza de la piel.<\/p>\n<p>No esperes m\u00e1s para comprar una mascarilla de arcilla blanca en 1001vertus.com y darle a tu piel el cuidado natural que necesita.<\/p>","protected":false},"excerpt":{"rendered":"<p>L&rsquo;argile blanche, \u00e9galement connue sous le nom de kaolin, est un tr\u00e9sor offert par la nature et tr\u00e8s appr\u00e9ci\u00e9e pour ses multiples vertus. Utilis\u00e9e depuis des si\u00e8cles dans diverses cultures du monde entier, cette argile pr\u00e9sente de nombreux avantages pour la sant\u00e9 de la peau et notamment celle du visage. Acheter un masque \u00e0 l&rsquo;argile [&#8230;]\n","protected":false},"featured_media":15447,"template":"","meta":[],"product_brand":[],"product_cat":[101,27],"product_tag":[],"class_list":{"0":"post-15446","1":"product","2":"type-product","3":"status-publish","4":"has-post-thumbnail","6":"product_cat-argile-rhassoul","7":"product_cat-bien-etre","9":"first","10":"outofstock","11":"shipping-taxable","12":"purchasable","13":"product-type-simple"},"_links":{"self":[{"href":"https:\/\/1001vertus.com\/es\/wp-json\/wp\/v2\/product\/15446","targetHints":{"allow":["GET"]}}],"collection":[{"href":"https:\/\/1001vertus.com\/es\/wp-json\/wp\/v2\/product"}],"about":[{"href":"https:\/\/1001vertus.com\/es\/wp-json\/wp\/v2\/types\/product"}],"wp:featuredmedia":[{"embeddable":true,"href":"https:\/\/1001vertus.com\/es\/wp-json\/wp\/v2\/media\/15447"}],"wp:attachment":[{"href":"https:\/\/1001vertus.com\/es\/wp-json\/wp\/v2\/media?parent=15446"}],"wp:term":[{"taxonomy":"product_brand","embeddable":true,"href":"https:\/\/1001vertus.com\/es\/wp-json\/wp\/v2\/product_brand?post=15446"},{"taxonomy":"product_cat","embeddable":true,"href":"https:\/\/1001vertus.com\/es\/wp-json\/wp\/v2\/product_cat?post=15446"},{"taxonomy":"product_tag","embeddable":true,"href":"https:\/\/1001vertus.com\/es\/wp-json\/wp\/v2\/product_tag?post=15446"}],"curies":[{"name":"wp","href":"https:\/\/api.w.org\/{rel}","templated":true}]}}