{"id":14822,"date":"2023-09-18T09:55:43","date_gmt":"2023-09-18T08:55:43","guid":{"rendered":"https:\/\/1001vertus.com\/?post_type=product&#038;p=14822"},"modified":"2023-11-14T22:10:29","modified_gmt":"2023-11-14T21:10:29","slug":"aceite-de-oliva-de-la-kabilia","status":"publish","type":"product","link":"https:\/\/1001vertus.com\/es\/produit\/huile-dolive-de-kabylie\/","title":{"rendered":"Aceite de oliva de la Cabilia - 500 ml"},"content":{"rendered":"<p>Con su<strong>\u00a0un gusto inimitable reconocido en todo el mundo,<\/strong>\u00a0<strong>El aceite de oliva de la Cabilia es un merecido favorito.<\/strong>\u00a0De hecho, su aroma es tan incomparable como sus beneficios. Y eso lo convierte en un \u00abmust have\u00bb en nuestros armarios sin dudarlo un instante. As\u00ed que vamos a echarle un vistazo sin m\u00e1s pre\u00e1mbulos.<\/p>\n<h2><strong>Aceite de oliva de la Cabilia: todo el sabor del fruto<\/strong><\/h2>\n<p>Durante siglos, la regi\u00f3n de Cabilia, en el norte de Argelia, ha servido de lugar de inspiraci\u00f3n para la poblaci\u00f3n local.\u00a0<strong>aceite de oliva de una calidad sin precedentes.<\/strong>\u00a0Cuenta con<strong>\u00a0un intenso sabor a aceituna que ofrece a nuestro paladar un dulzor soleado sin precedentes.<\/strong>\u00a0Un sabor suculento y refinado que puede a\u00f1adir a sus platos o disfrutar solo. Coche\u00a0<strong>El aceite de Cabilia no s\u00f3lo tiene un sabor exquisito, tambi\u00e9n es un concentrado de beneficios.\u00a0<\/strong><\/p>\n<h2><strong>Elegir el aceite de oliva de la Cabilia<\/strong><\/h2>\n<p>Para el bienestar de su organismo en su conjunto, elegir el aceite de oliva es la elecci\u00f3n inteligente, sin dudarlo.<\/p>\n<p>En efecto, este aceite de Argelia encierra desde hace siglos virtudes inigualables. Es m\u00e1s, una de sus cualidades m\u00e1s importantes es que<strong>\u00a0se elabora a partir de fruta cuidadosamente seleccionada.<\/strong>\u00a0As\u00ed como<strong>una producci\u00f3n basada en un saber hacer ancestral de renombre.\u00a0<\/strong><\/p>\n<p>Para decirlo claramente, elegir esta peque\u00f1a maravilla en una botella significa que puede estar seguro de<strong>\u00a0calidad, sabor e intensidad, adem\u00e1s de ser bueno para la salud.\u00a0<\/strong><\/p>\n<h3><strong>La selecci\u00f3n de aceites 1001 vertus tambi\u00e9n incluye<\/strong><\/h3>\n<p>Si desea a\u00f1adir el aceite de Kabylie 500ml a su gama, disfrute de nuestros otros aceites, cuidadosamente seleccionados por sus cualidades nutricionales y gustativas.<\/p>\n<p>De hecho, en nuestra selecci\u00f3n,\u00a0<strong>tambi\u00e9n apreciar\u00e1 la experiencia y la calidad de <a href=\"https:\/\/1001vertus.com\/es\/product\/aceite-de-oliva-marroqui\/\">Aceite de oliva marroqu\u00ed<\/a>, igual de renombrados.<\/strong>\u00a0Un sabor igualmente intenso y sabroso, que encontrar\u00e1\u00a0<strong>en nuestra categor\u00eda dedicada a estos preciosos aceites.\u00a0<\/strong><\/p>","protected":false},"excerpt":{"rendered":"<p>Con su<strong>\u00a0un gusto inimitable reconocido en todo el mundo,<\/strong>\u00a0<strong>El aceite de oliva de la Cabilia es un merecido favorito.<\/strong><\/p>\n<p>De hecho, su aroma es tan incomparable como sus beneficios. Y eso lo convierte en un \u00abmust have\u00bb en nuestros armarios sin dudarlo un instante. As\u00ed que vamos a echarle un vistazo sin m\u00e1s pre\u00e1mbulos.<\/p>","protected":false},"featured_media":14826,"template":"","meta":[],"product_brand":[],"product_cat":[29,97],"product_tag":[],"class_list":{"0":"post-14822","1":"product","2":"type-product","3":"status-publish","4":"has-post-thumbnail","6":"product_cat-alimentation","7":"product_cat-huile-dolive","9":"first","10":"outofstock","11":"shipping-taxable","12":"purchasable","13":"product-type-simple"},"_links":{"self":[{"href":"https:\/\/1001vertus.com\/es\/wp-json\/wp\/v2\/product\/14822","targetHints":{"allow":["GET"]}}],"collection":[{"href":"https:\/\/1001vertus.com\/es\/wp-json\/wp\/v2\/product"}],"about":[{"href":"https:\/\/1001vertus.com\/es\/wp-json\/wp\/v2\/types\/product"}],"wp:featuredmedia":[{"embeddable":true,"href":"https:\/\/1001vertus.com\/es\/wp-json\/wp\/v2\/media\/14826"}],"wp:attachment":[{"href":"https:\/\/1001vertus.com\/es\/wp-json\/wp\/v2\/media?parent=14822"}],"wp:term":[{"taxonomy":"product_brand","embeddable":true,"href":"https:\/\/1001vertus.com\/es\/wp-json\/wp\/v2\/product_brand?post=14822"},{"taxonomy":"product_cat","embeddable":true,"href":"https:\/\/1001vertus.com\/es\/wp-json\/wp\/v2\/product_cat?post=14822"},{"taxonomy":"product_tag","embeddable":true,"href":"https:\/\/1001vertus.com\/es\/wp-json\/wp\/v2\/product_tag?post=14822"}],"curies":[{"name":"wp","href":"https:\/\/api.w.org\/{rel}","templated":true}]}}