{"id":1220,"date":"2019-01-17T19:10:20","date_gmt":"2019-01-17T18:10:20","guid":{"rendered":"https:\/\/1001vertus.com\/?post_type=product&#038;p=1220"},"modified":"2025-02-28T10:06:35","modified_gmt":"2025-02-28T09:06:35","slug":"lote-de-4-tarros-de-miel-de-125-g","status":"publish","type":"product","link":"https:\/\/1001vertus.com\/es\/produit\/coffret-de-4-pots-de-125g-de-miel\/","title":{"rendered":"Caja de 4 tarros de 125 g de miel"},"content":{"rendered":"<p class=\"western\" align=\"left\">Voici avec plus de d\u00e9tails les 2 coffrets de miels que nous vous proposons :<\/p>\n<ul>\n<li><b>\u00ab\u00a0Tour du monde\u00a0\u00bb<\/b>, un coffret d\u00e9gustation insolite compos\u00e9 de\u00a0:<\/li>\n<\/ul>\n<p class=\"western\" align=\"left\">&#8211; 125g de <a href=\"https:\/\/1001vertus.com\/es\/product\/miel-blanca-de-kirguistan\/\">miel blanca de Kirguist\u00e1n<\/a>, une v\u00e9ritable sucrerie !<\/p>\n<p class=\"western\" align=\"left\">&#8211; 125g de <a href=\"https:\/\/1001vertus.com\/es\/product\/miel-de-jujubier-royal-du-yemen-sidr-maliky-analyse\/\">miel de jujubier du Y\u00e9men<\/a>, le meilleur miel miel au monde. Une p\u00e9pite !<\/p>\n<p class=\"western\" align=\"left\">&#8211; 125g de <a href=\"https:\/\/1001vertus.com\/es\/product\/miel-de-aguacate-marroqui\/\">miel d\u2019avocat du Maroc<\/a>, avec son go\u00fbt surprenant !<\/p>\n<p class=\"western\" align=\"left\">&#8211; 125g de <a href=\"https:\/\/1001vertus.com\/es\/product\/daghmous-sahara-spurge-miel\/\">miel de t\u00e1rtago (daghmous) del S\u00e1hara<\/a>, et son incomparable go\u00fbt piquant !<\/p>\n<ul>\n<li>\n<p class=\"western\" align=\"left\"><b>\u00ab L\u2019abeille gu\u00e9risseuse du Maroc 4x125g\u00bb<\/b>, un coffret de miels du Maroc pour se soigner, compos\u00e9 de :<\/p>\n<\/li>\n<\/ul>\n<p class=\"western\" align=\"left\">&#8211; 125g de <a href=\"https:\/\/1001vertus.com\/es\/product\/miel-de-azufaifo-marroqui-89-analisis\/\">miel de azufaifo<\/a>, le miel \u00ab\u00a0couteau-suisse\u00a0\u00bb.<\/p>\n<p class=\"western\" align=\"left\">&#8211; 125g de <a href=\"https:\/\/1001vertus.com\/es\/product\/miel-de-deucalipto-marroqui\/\">miel de eucalipto<\/a>, id\u00e9al pour les voies respiratoires.<\/p>\n<p class=\"western\" align=\"left\">&#8211; 125g de <a href=\"https:\/\/1001vertus.com\/es\/product\/daghmous-sahara-spurge-miel\/\">miel de t\u00e1rtago (daghmous) del S\u00e1hara<\/a>, id\u00e9al pour les maux de gorge et cou de froid.<\/p>\n<p class=\"western\" align=\"left\">&#8211; 125g de <a href=\"https:\/\/1001vertus.com\/es\/product\/analisis-de-la-miel-de-cardo-marroqui-al-57\/\">miel de cardo<\/a>, id\u00e9al pour le foie et la digestion.<\/p>\n<p class=\"western\" align=\"left\"><b>Mais vous pouvez \u00e9galement acheter ce coffret en bois nu et compos\u00e9 vous m\u00eame votre propre coffret\u00a0!<\/b><\/p>\n<p class=\"western\" align=\"left\">Pour cela, s\u00e9lectionner le \u00ab\u00a0coffret nu\u00a0\u00bb et ajouter le \u00e0 votre panier. Puis s\u00e9lectionner dans notre boutique 4 pots de 125g de miel, et ajoutez les un par un, dans votre panier.<\/p>","protected":false},"excerpt":{"rendered":"<p class=\"western\" align=\"left\">Pour offrir ou tout simplement vous faire plaisir, d\u00e9couvrez nos coffrets en bois contenant 4 pots de 125g de miel.<\/p>\n<p class=\"western\" align=\"left\">Nous vous proposons 2 coffrets diff\u00e9rents :<\/p>\n<ul>\n<li>\n<p class=\"western\" align=\"left\">\u00ab L\u2019abeille gu\u00e9risseuse Du Maroc \u00bb, un coffret de diff\u00e9rents miels du Maroc, id\u00e9al pour se soigner,<\/p>\n<\/li>\n<li>\n<p class=\"western\" align=\"left\">\u00ab Tour du monde \u00bb, un coffret d\u00e9gustation insolite, d\u00e9paysement garantie.<\/p>\n<\/li>\n<\/ul>\n<p class=\"western\" align=\"left\">Ou alors vous avez la possibilit\u00e9 d\u2019acheter votre coffret nu et de choisir vous-m\u00eame vos 4 pots de miel de 125g parmi ceux que nous proposons.<\/p>","protected":false},"featured_media":1213,"template":"","meta":[],"product_brand":[],"product_cat":[25,65,44],"product_tag":[],"class_list":{"0":"post-1220","1":"product","2":"type-product","3":"status-publish","4":"has-post-thumbnail","6":"product_cat-miels","7":"product_cat-coffret-miel","8":"product_cat-nos-packs","10":"first","11":"outofstock","12":"shipping-taxable","13":"purchasable","14":"product-type-variable"},"_links":{"self":[{"href":"https:\/\/1001vertus.com\/es\/wp-json\/wp\/v2\/product\/1220","targetHints":{"allow":["GET"]}}],"collection":[{"href":"https:\/\/1001vertus.com\/es\/wp-json\/wp\/v2\/product"}],"about":[{"href":"https:\/\/1001vertus.com\/es\/wp-json\/wp\/v2\/types\/product"}],"wp:featuredmedia":[{"embeddable":true,"href":"https:\/\/1001vertus.com\/es\/wp-json\/wp\/v2\/media\/1213"}],"wp:attachment":[{"href":"https:\/\/1001vertus.com\/es\/wp-json\/wp\/v2\/media?parent=1220"}],"wp:term":[{"taxonomy":"product_brand","embeddable":true,"href":"https:\/\/1001vertus.com\/es\/wp-json\/wp\/v2\/product_brand?post=1220"},{"taxonomy":"product_cat","embeddable":true,"href":"https:\/\/1001vertus.com\/es\/wp-json\/wp\/v2\/product_cat?post=1220"},{"taxonomy":"product_tag","embeddable":true,"href":"https:\/\/1001vertus.com\/es\/wp-json\/wp\/v2\/product_tag?post=1220"}],"curies":[{"name":"wp","href":"https:\/\/api.w.org\/{rel}","templated":true}]}}