{"id":1203,"date":"2019-01-13T19:03:52","date_gmt":"2019-01-13T18:03:52","guid":{"rendered":"https:\/\/1001vertus.com\/?post_type=product&#038;p=1203"},"modified":"2023-02-07T12:46:09","modified_gmt":"2023-02-07T11:46:09","slug":"el-increible-suero-regenerativo-1001-virtudes","status":"publish","type":"product","link":"https:\/\/1001vertus.com\/es\/produit\/lincroyable-serum-repousse-de-1001-vertus\/","title":{"rendered":"El incre\u00edble suero regenerador - 1001 VERTUS"},"content":{"rendered":"<p class=\"western\"><span style=\"font-family: Liberation Serif, Times New Roman, serif;\"><span style=\"font-size: medium;\">El incre\u00edble suero regenerativo de 1001 Vertus est\u00e1 compuesto por los siguientes aceites y macerados oleosos: aceite de arg\u00e1n, aceite de ajo, aceite de comino negro, aceite de almendras dulces, aceite de r\u00facula, aceite de semillas de higo chumbo, aceite de s\u00e9samo, aceite de pino, aceite de cebolla, aceite de mostaza, aceite de fenogreco, aceite de manzanilla, aceite de azufaifo y aceite puro de azafr\u00e1n.<\/span><\/span><\/p>\n<p class=\"western\"><span style=\"font-family: Liberation Serif, Times New Roman, serif;\"><span style=\"font-size: medium;\">Cada uno de estos aceites es beneficioso para el cabello, pero su sinergia es sencillamente asombrosa. Es m\u00e1s, la mayor\u00eda de los usuarios notan efectos positivos desde la primera vez que los utilizan.<br \/>\n<\/span><\/span><\/p>\n<p class=\"western\"><span style=\"font-family: Liberation Serif, Times New Roman, serif;\"><span style=\"font-size: medium;\">Nuestro suero : <\/span><\/span><\/p>\n<ul>\n<li class=\"western\"><span style=\"font-family: Liberation Serif, Times New Roman, serif;\"><span style=\"font-size: medium;\">estimula el crecimiento, <\/span><\/span><\/li>\n<li class=\"western\"><span style=\"font-family: Liberation Serif, Times New Roman, serif;\"><span style=\"font-size: medium;\">activa el rebrote, <\/span><\/span><\/li>\n<li class=\"western\"><span style=\"font-family: Liberation Serif, Times New Roman, serif;\"><span style=\"font-size: medium;\">detiene la ca\u00edda del cabello, <\/span><\/span><\/li>\n<li class=\"western\"><span style=\"font-family: Liberation Serif, Times New Roman, serif;\"><span style=\"font-size: medium;\">nutre y fortalece, <\/span><\/span><\/li>\n<li class=\"western\"><span style=\"font-family: Liberation Serif, Times New Roman, serif;\"><span style=\"font-size: medium;\">repara y espesa, <\/span><\/span><\/li>\n<li class=\"western\"><span style=\"font-family: Liberation Serif, Times New Roman, serif;\"><span style=\"font-size: medium;\">y deja el cabello brillante y sedoso.<br \/>\n<\/span><\/span><\/li>\n<\/ul>\n<p class=\"western\"><span style=\"font-family: Liberation Serif, Times New Roman, serif;\"><span style=\"font-size: medium;\">Los resultados son sencillamente asombrosos. \u00bfTiene dudas? Eche un vistazo a nuestro <a href=\"https:\/\/1001vertus.com\/es\/product\/lincroyable-serum-capillaire-de-1001-vertus\/#reviews\">numerosas rese\u00f1as de clientes<\/a><\/span><\/span> !<\/p>\n<p>&nbsp;<\/p>\n<p class=\"western\"><span style=\"font-family: Liberation Serif, Times New Roman, serif;\"><span style=\"font-size: medium;\"><u><strong>Modo de empleo :<\/strong> <\/u><\/span><\/span><\/p>\n<p class=\"western\"><span style=\"font-family: Liberation Serif, Times New Roman, serif;\"><span style=\"font-size: medium;\">Aplicar el suero en el cuero cabelludo, masajear a fondo durante 1 \u00f3 2 minutos y terminar a lo largo del cabello para obtener resultados \u00f3ptimos. <\/span><\/span><\/p>\n<p class=\"western\"><span style=\"font-family: Liberation Serif, Times New Roman, serif;\"><span style=\"font-size: medium;\">Deja <strong>como m\u00ednimo<\/strong> 1 a 2 horas, luego lavar. <\/span><\/span><span style=\"font-family: Liberation Serif, Times New Roman, serif;\"><span style=\"font-size: medium;\"><strong>Cuanto m\u00e1s larga sea la pausa, mejores ser\u00e1n los resultados.<\/strong> As\u00ed que no dudes en dejarlo toda la noche.<br \/>\n<\/span><\/span><\/p>\n<p class=\"western\"><span style=\"font-family: Liberation Serif, Times New Roman, serif;\"><span style=\"font-size: medium;\">Repetir la operaci\u00f3n dos o tres veces por semana. <strong>m\u00e1ximo<\/strong>. (Tenga cuidado de no hacer esto m\u00e1s de 3 veces por semana, de lo contrario podr\u00eda asfixiar el cuero cabelludo).<br \/>\n<\/span><\/span><\/p>\n<p>&nbsp;<\/p>\n<p><u><b>Origen<\/b><\/u><u> :<\/u> Marruecos<\/p>\n<p class=\"western\"><em><span style=\"font-family: Liberation Serif, Times New Roman, serif;\"><span style=\"font-size: medium;\">Nuestro incre\u00edble suero regenerador est\u00e1 disponible en frascos de 50 ml o 100 ml.<\/span><\/span><\/em><\/p>","protected":false},"excerpt":{"rendered":"<p class=\"western\"><span style=\"font-family: Liberation Serif, Times New Roman, serif;\"><span style=\"font-size: medium;\">Como su nombre indica, nuestro suero para el crecimiento del cabello es sencillamente incre\u00edble. Esta mezcla cuidadosamente equilibrada de aceites y macerados oleosos ya ha demostrado su eficacia con muchos hombres y mujeres.<\/span><\/span><\/p>\n<p class=\"western\"><span style=\"font-family: Liberation Serif, Times New Roman, serif;\"><span style=\"font-size: medium;\">El resultado es claro. <\/span><\/span><\/p>\n<p class=\"western\"><span style=\"font-family: Liberation Serif, Times New Roman, serif;\"><span style=\"font-size: medium;\">Nuestro suero :<\/span><\/span><\/p>\n<ul>\n<li>\n<p class=\"western\"><span style=\"font-family: Liberation Serif, Times New Roman, serif;\"><span style=\"font-size: medium;\">estimula el crecimiento, <\/span><\/span><\/p>\n<\/li>\n<li>\n<p class=\"western\"><span style=\"font-family: Liberation Serif, Times New Roman, serif;\"><span style=\"font-size: medium;\">activa el rebrote,<\/span><\/span><\/p>\n<\/li>\n<li>\n<p class=\"western\"><span style=\"font-family: Liberation Serif, Times New Roman, serif;\"><span style=\"font-size: medium;\">detiene la ca\u00edda,<\/span><\/span><\/p>\n<\/li>\n<li>\n<p class=\"western\"><span style=\"font-family: Liberation Serif, Times New Roman, serif;\"><span style=\"font-size: medium;\">nutre y fortalece,<\/span><\/span><\/p>\n<\/li>\n<li>\n<p class=\"western\"><span style=\"font-family: Liberation Serif, Times New Roman, serif;\"><span style=\"font-size: medium;\">repara y espesa,<\/span><\/span><\/p>\n<\/li>\n<li>\n<p class=\"western\"><span style=\"font-family: Liberation Serif, Times New Roman, serif;\"><span style=\"font-size: medium;\">y deja el cabello brillante y sedoso.<\/span><\/span><\/p>\n<\/li>\n<\/ul>\n<p class=\"western\"><span style=\"font-family: Liberation Serif, Times New Roman, serif;\"><span style=\"font-size: medium;\">Es m\u00e1s, \u00a1la mayor\u00eda de los usuarios han notado los efectos desde la primera vez que lo utilizan!<\/span><\/span><\/p>","protected":false},"featured_media":1209,"template":"","meta":[],"product_brand":[],"product_cat":[27],"product_tag":[],"class_list":{"0":"post-1203","1":"product","2":"type-product","3":"status-publish","4":"has-post-thumbnail","6":"product_cat-bien-etre","8":"first","9":"instock","10":"featured","11":"shipping-taxable","12":"purchasable","13":"product-type-variable"},"_links":{"self":[{"href":"https:\/\/1001vertus.com\/es\/wp-json\/wp\/v2\/product\/1203","targetHints":{"allow":["GET"]}}],"collection":[{"href":"https:\/\/1001vertus.com\/es\/wp-json\/wp\/v2\/product"}],"about":[{"href":"https:\/\/1001vertus.com\/es\/wp-json\/wp\/v2\/types\/product"}],"wp:featuredmedia":[{"embeddable":true,"href":"https:\/\/1001vertus.com\/es\/wp-json\/wp\/v2\/media\/1209"}],"wp:attachment":[{"href":"https:\/\/1001vertus.com\/es\/wp-json\/wp\/v2\/media?parent=1203"}],"wp:term":[{"taxonomy":"product_brand","embeddable":true,"href":"https:\/\/1001vertus.com\/es\/wp-json\/wp\/v2\/product_brand?post=1203"},{"taxonomy":"product_cat","embeddable":true,"href":"https:\/\/1001vertus.com\/es\/wp-json\/wp\/v2\/product_cat?post=1203"},{"taxonomy":"product_tag","embeddable":true,"href":"https:\/\/1001vertus.com\/es\/wp-json\/wp\/v2\/product_tag?post=1203"}],"curies":[{"name":"wp","href":"https:\/\/api.w.org\/{rel}","templated":true}]}}