{"id":1202,"date":"2019-01-13T19:56:03","date_gmt":"2019-01-13T18:56:03","guid":{"rendered":"https:\/\/1001vertus.com\/?post_type=product&#038;p=1202"},"modified":"2026-05-07T14:45:49","modified_gmt":"2026-05-07T13:45:49","slug":"khol-100-natural-hecho-a-mano","status":"publish","type":"product","link":"https:\/\/1001vertus.com\/es\/produit\/khol-artisanal-100-naturel\/","title":{"rendered":"Kh\u00f4l artesanal 100% natural (sin plomo)"},"content":{"rendered":"<p>Hist\u00f3ricamente, el kohl existe desde hace m\u00e1s de 4.500 a\u00f1os. Los egipcios lo utilizaron por primera vez principalmente para protegerse de las refracciones de la luz intensa emitida por las arenas del desierto. Tambi\u00e9n se le atribu\u00edan propiedades medicinales para prevenir todo tipo de infecciones oculares. R\u00e1pidamente conquistados por la profundidad y el misterio que el kohl confer\u00eda a la mirada, los faraones y otros s\u00fabditos, mujeres y hombres, utilizaban este polvo negro para maquillarse los ojos.<br \/>\nA lo largo de los siglos, sigui\u00f3 siendo utilizado por \u00e1rabes y bereberes.<\/p>\n<p><strong>Nuestro polvo de kohl est\u00e1 hecho a mano en Marruecos y es 100% natural. Est\u00e1 elaborado con azafr\u00e1n, huesos de d\u00e1til, huesos de aceituna, p\u00e9talos de rosa de Damasco y antimonio.<\/strong><\/p>\n<h2><strong>Uso y aplicaci\u00f3n de nuestro kohl marroqu\u00ed natural:<\/strong><\/h2>\n<ul>\n<li><strong>Medicina alternativa :<\/strong><\/li>\n<\/ul>\n<p>Si tus ojos sufren por el sol o el viento y no tienes gafas, esto te ser\u00e1 de gran ayuda.<br \/>\nLas primeras veces que te apliques kohl, es posible que segregues l\u00edquido lagrimal, se\u00f1al de que el globo ocular se est\u00e1 limpiando. As\u00ed que \u00a1cuidado con las lentillas! Si las llevas, espera unos minutos despu\u00e9s de aplicarte el kohl para que se fije bien y luego ponte las lentillas.<\/p>\n<ul>\n<li><strong>En cosm\u00e9tica :<\/strong><\/li>\n<\/ul>\n<p>Tradicionalmente, el kohl se aplica con un palito de madera llamado mirwed. Tras recubrirlo de polvos, el palito se desliza hacia delante y hacia atr\u00e1s entre los dos p\u00e1rpados, y el kohl resalta armoniosamente el ojo o el p\u00e1rpado. El mirwed se retira suavemente del exterior del ojo para permitir que se extienda.<\/p>\n<p>Puede rectificar la l\u00ednea si es necesario. Puede que te lloren los ojos en la primera aplicaci\u00f3n, pero no te preocupes, recuerda que esto es primero un limpiador de ojos. D\u00e9jalo actuar, limpia el exceso y \u00a1listo!<\/p>\n<h2><strong>Kh\u00f4l y la pol\u00e9mica... \u00a1lo que hay que saber!<\/strong><\/h2>\n<p>El kohl en polvo tambi\u00e9n es muy controvertido por la presencia habitual de\u00a0<strong>plomo<\/strong>\u00a0y a veces incluso\u00a0<strong>limaduras de hierro<\/strong>. <strong>Nuestro kohl tradicional\u00a0<\/strong>sea realizada por una persona de confianza en Marruecos y\u00a0<strong>no contiene ninguna de las dos cosas. <\/strong>Seg\u00fan algunos estudios, la presencia de plomo, en peque\u00f1as dosis, no es peligrosa, pero no todo el mundo est\u00e1 de acuerdo... En cuanto a las limaduras de hierro, \u00a1son m\u00e1s que peligrosas! He aqu\u00ed un truco para comprobar si hay limaduras de hierro en el kohl: vi\u00e9rtalo sobre una hoja de papel y coloque un im\u00e1n debajo. Si se mueve y sigue al im\u00e1n, contiene limaduras de hierro. Le recomendamos encarecidamente que lo tire a la basura.<\/p>\n<h3><u><strong>Ingredientes INCI:<\/strong><\/u><\/h3>\n<ul>\n<li>Antimonio<\/li>\n<li>Fechadores<\/li>\n<li>Huesos de aceituna<\/li>\n<li>P\u00e9talos de rosa de Damasco secos<\/li>\n<li>Safran<\/li>\n<\/ul>\n<p><u><strong>Origen :<\/strong><\/u>\u00a0Marruecos<\/p>\n<p><u><strong>Capacidad :<\/strong><\/u>\u00a0Aprox. 10 g<\/p>\n<p><u><strong>Color del kohl :<\/strong><\/u>Gris azulado<\/p>\n<p>Nuestro kohl se entrega con un aplicador de madera \"mirwed\" (madera de lima o lim\u00f3n). <a href=\"https:\/\/1001vertus.com\/es\/product\/doranger-miel-de-marruecos-1001-virtudes\/\"><strong>naranja<\/strong><\/a>) en una bonita caja de cart\u00f3n. El color puede diferir del de la foto.<\/p>","protected":false},"excerpt":{"rendered":"<p>Kh\u00f4l es un producto para el cuidado de los ojos que tambi\u00e9n sirve para maquillarlos. Es un polvo elaborado con elementos naturales que se aplica en el interior del ojo.<\/p>\n<p>Utilizado tradicionalmente como colirio o como protecci\u00f3n natural contra las agresiones externas, el kohl tiene propiedades protectoras. Combate las infecciones oculares y otras enfermedades, al tiempo que embellece los ojos.<\/p>\n<p>Es perfecto para quienes buscan un tratamiento\/maquillaje calmante para los ojos que no necesite aplicarse como maquillaje (incluso puede aplicarse por la noche) o para quienes buscan un maquillaje que dure varios d\u00edas.<\/p>","protected":false},"featured_media":1979,"template":"","meta":[],"product_brand":[],"product_cat":[27,92,28],"product_tag":[],"class_list":{"0":"post-1202","1":"product","2":"type-product","3":"status-publish","4":"has-post-thumbnail","6":"product_cat-bien-etre","7":"product_cat-maquillage-naturel","8":"product_cat-medecine-sante","10":"first","11":"instock","12":"shipping-taxable","13":"purchasable","14":"product-type-simple"},"_links":{"self":[{"href":"https:\/\/1001vertus.com\/es\/wp-json\/wp\/v2\/product\/1202","targetHints":{"allow":["GET"]}}],"collection":[{"href":"https:\/\/1001vertus.com\/es\/wp-json\/wp\/v2\/product"}],"about":[{"href":"https:\/\/1001vertus.com\/es\/wp-json\/wp\/v2\/types\/product"}],"wp:featuredmedia":[{"embeddable":true,"href":"https:\/\/1001vertus.com\/es\/wp-json\/wp\/v2\/media\/1979"}],"wp:attachment":[{"href":"https:\/\/1001vertus.com\/es\/wp-json\/wp\/v2\/media?parent=1202"}],"wp:term":[{"taxonomy":"product_brand","embeddable":true,"href":"https:\/\/1001vertus.com\/es\/wp-json\/wp\/v2\/product_brand?post=1202"},{"taxonomy":"product_cat","embeddable":true,"href":"https:\/\/1001vertus.com\/es\/wp-json\/wp\/v2\/product_cat?post=1202"},{"taxonomy":"product_tag","embeddable":true,"href":"https:\/\/1001vertus.com\/es\/wp-json\/wp\/v2\/product_tag?post=1202"}],"curies":[{"name":"wp","href":"https:\/\/api.w.org\/{rel}","templated":true}]}}