{"id":64,"date":"2018-03-01T12:00:42","date_gmt":"2018-03-01T12:00:42","guid":{"rendered":"https:\/\/1001vertus.com\/about-us\/"},"modified":"2022-09-05T11:19:10","modified_gmt":"2022-09-05T10:19:10","slug":"a-propos","status":"publish","type":"page","link":"https:\/\/1001vertus.com\/es\/a-propos\/","title":{"rendered":"\u00bfQui\u00e9nes somos?"},"content":{"rendered":"[vc_row amy_add_container=\u00a0\u00bbyes\u00a0\u00bb css=\u00a0\u00bb.vc_custom_1523309604391{margin-top: 35px !important;}\u00a0\u00bb][vc_column][ult_animation_block animation=\u00a0\u00bbfadeInDownBig\u00a0\u00bb animation_duration=\u00a0\u00bb0.5&Prime; animation_delay=\u00a0\u00bb0.5&Prime; animation_iteration_count=\u00a0\u00bb1&Prime;][vc_column_text][amy_organic_content show_readmore=\u00a0\u00bb\u00a0\u00bb title_first=\u00a0\u00bbBIENVENUE CHEZ \u00a0\u00bb title_last=\u00a0\u00bb1001 VERTUS\u00a0\u00bb]\n<p style=\"text-align: justify;\">Tout a commenc\u00e9 par une rencontre entre deux commer\u00e7ants. Une rencontre scell\u00e9e par un cadeau exceptionnel\u00a0: un pot du meilleur miel au monde, un miel aux nombreuses vertus, le fameux miel Royal de Jujubier du Y\u00e9men (NDA\u00a0: miel que nous vous proposons d&rsquo;ailleurs sur notre site, pas folle la gu\u00eape). Rapidement, une amiti\u00e9 forte s&rsquo;installa entre mon mari et cet autre commer\u00e7ant au grand c\u0153ur, tous les deux soucieux des produits qu&rsquo;ils vendaient et soucieux de la satisfaction de leur client\u00e8le. Ces deux amis avaient bien d&rsquo;autres points en commun, dont notamment les produits naturels et les bons petits plats\u2026<\/p>\n[\/amy_organic_content][\/vc_column_text][\/ult_animation_block][\/vc_column][\/vc_row][vc_row amy_add_container=\u00a0\u00bbyes\u00a0\u00bb][vc_column width=\u00a0\u00bb1\/3&Prime; offset=\u00a0\u00bbvc_col-lg-4 vc_col-md-6&Prime;][ult_animation_block animation=\u00a0\u00bbfadeInLeft\u00a0\u00bb animation_duration=\u00a0\u00bb0.5&Prime; animation_delay=\u00a0\u00bb0.5&Prime; animation_iteration_count=\u00a0\u00bb1&Prime;][vc_column_text]\n<p style=\"text-align: justify;\">Quant \u00e0 moi, outre les bons petits plats, j&rsquo;\u00e9tais passionn\u00e9e par la naturoth\u00e9rapie, les huiles essentielles et la cosm\u00e9tique BIO que je faisais d&rsquo;ailleurs moi-m\u00eame.<\/p>\n<p style=\"text-align: justify;\">Puis nous nous install\u00e2mes \u00e0 l\u2019\u00e9tranger et une grande distance s\u00e9para ces deux amis mais une volont\u00e9 commune grandissait chez chacun d\u2019eux, une volont\u00e9 de proposer des produits naturels permettant d\u2019aider les autres au quotidien.<\/p>\n<p style=\"text-align: justify;\">Un jour au d\u00e9tour d\u2019une conversation t\u00e9l\u00e9phonique, mon mari parla \u00e0 son ami de son projet de cr\u00e9er un site internet permettant de proposer toutes sortes de produits\u00a0: de v\u00e9ritables rem\u00e8des de grand-m\u00e8re, des rem\u00e8des m\u00e9connus ou oubli\u00e9s, des produits naturels, BIO, ancestraux\u2026 Bref des produits aux \u00ab\u00a0Mille et une vertus\u00a0\u00bb. Son compagnon fut tout de suite s\u00e9duit par l\u2019id\u00e9e et ils d\u00e9cid\u00e8rent de s\u2019associer.<\/p>\n<p style=\"text-align: justify;\">Nous avions tous les trois, par notre exp\u00e9rience professionnelle ou personnelle, de solides connaissances mais aussi des contacts dans ces diff\u00e9rents domaines. Il ne restait plus qu\u2019\u00e0 travailler\u2026<\/p>\n<p>Et c\u2019est ainsi que\u00a0<u>1001vertus.com<\/u>\u00a0vit le jour\u2026 Comme vous l\u2019avez compris, derri\u00e8re ce site il y a donc une r\u00e9elle volont\u00e9 d\u2019aider les autres, que ce soit au niveau de la sant\u00e9, de la fertilit\u00e9, du bien-\u00eatre et j\u2019en passe\u2026[\/vc_column_text][\/ult_animation_block][\/vc_column][vc_column css_animation=\u00a0\u00bbnone\u00a0\u00bb width=\u00a0\u00bb1\/3&Prime; offset=\u00a0\u00bbvc_col-lg-4 vc_hidden-md vc_hidden-sm vc_hidden-xs\u00a0\u00bb][ult_animation_block animation=\u00a0\u00bbbounceInDown\u00a0\u00bb animation_duration=\u00a0\u00bb1&Prime; animation_delay=\u00a0\u00bb0&Prime; animation_iteration_count=\u00a0\u00bb1&Prime;][vc_single_image image=\u00a0\u00bb1111&Prime; img_size=\u00a0\u00bbfull\u00a0\u00bb alignment=\u00a0\u00bbcenter\u00a0\u00bb css=\u00a0\u00bb.vc_custom_1544981580945{margin-top: 40px !important;}\u00a0\u00bb][\/ult_animation_block][\/vc_column][vc_column width=\u00a0\u00bb1\/3&Prime; css=\u00a0\u00bb.vc_custom_1523342282976{padding-left: 0px !important;}\u00a0\u00bb offset=\u00a0\u00bbvc_col-lg-4 vc_col-md-6 vc_hidden-xs\u00a0\u00bb][ult_animation_block animation=\u00a0\u00bbbounceInRight\u00a0\u00bb animation_duration=\u00a0\u00bb1.5&Prime; animation_delay=\u00a0\u00bb0&Prime; animation_iteration_count=\u00a0\u00bb1&Prime;][info_list style=\u00a0\u00bbcircle with_bg\u00a0\u00bb font_size_icon=\u00a0\u00bb30&Prime; connector_color=\u00a0\u00bb#9ac100&Prime;][info_list_item list_title=\u00a0\u00bbPRODUITS SOIGNEUSEMENT S\u00c9LECTIONN\u00c9S\u00a0\u00bb list_icon=\u00a0\u00bbDefaults-leaf\u00a0\u00bb title_font_style=\u00a0\u00bbfont-weight:bold;\u00a0\u00bb title_font_size=\u00a0\u00bbdesktop:20px;\u00a0\u00bb title_font_color=\u00a0\u00bb#759b2e\u00a0\u00bb desc_font_size=\u00a0\u00bbdesktop:15px;\u00a0\u00bb title_font_line_height=\u00a0\u00bbdesktop:40px;\u00a0\u00bb desc_font_line_height=\u00a0\u00bbdesktop:22px;\u00a0\u00bb]\n<p style=\"text-align: justify;\">Nous travaillons avec des fournisseurs de confiance et nous nous effor\u00e7ons de fournir une certification BIO ou lorsque cela n&rsquo;est pas possible une analyse en laboratoire\u00a0ind\u00e9pendant afin de vous garantir une qualit\u00e9 optimum.<\/p>\n[\/info_list_item][info_list_item list_title=\u00a0\u00bbPaiements S\u00e9curis\u00e9s\u00a0\u00bb list_icon=\u00a0\u00bbDefaults-credit-card\u00a0\u00bb title_font_style=\u00a0\u00bbfont-weight:bold;\u00a0\u00bb title_font_size=\u00a0\u00bbdesktop:20px;\u00a0\u00bb title_font_line_height=\u00a0\u00bbdesktop:40px;\u00a0\u00bb title_font_color=\u00a0\u00bb#759b2e\u00a0\u00bb desc_font_size=\u00a0\u00bbdesktop:15px;\u00a0\u00bb desc_font_line_height=\u00a0\u00bbdesktop:22px;\u00a0\u00bb]\n<p style=\"text-align: justify;\">Vous pouvez payer soit par CB soit par PayPal vous permettant ainsi de commander en toute s\u00e9r\u00e9nit\u00e9.<\/p>\n[\/info_list_item][info_list_item list_title=\u00a0\u00bbEXP\u00c9DITION RAPIDE ET AU MEILLEUR PRIX EN FRANCE ET EN EUROPE\u00a0\u00bb list_icon=\u00a0\u00bbDefaults-truck\u00a0\u00bb title_font_style=\u00a0\u00bbfont-weight:bold;\u00a0\u00bb title_font_size=\u00a0\u00bbdesktop:20px;\u00a0\u00bb title_font_line_height=\u00a0\u00bbdesktop:40px;\u00a0\u00bb title_font_color=\u00a0\u00bb#759b2e\u00a0\u00bb desc_font_size=\u00a0\u00bbdesktop:15px;\u00a0\u00bb desc_font_line_height=\u00a0\u00bbdesktop:22px;\u00a0\u00bb]\n<p style=\"text-align: justify;\">Choisissez vous-m\u00eame votre transporteur parmi les meilleurs du march\u00e9 et avec un tarif pr\u00e9f\u00e9rentiel.<\/p>\n<p style=\"text-align: justify;\">\u00c0 partir de 69\u20ac d\u2019achats, b\u00e9n\u00e9ficiez des frais de port gratuit via Mondial Relay, ou de -50% sur le Chrono 18 (livraison \u00e0 domicile le lendemain avant 18h). Offre valable uniquement en France m\u00e9tropolitaine.<\/p>\n[\/info_list_item][\/info_list][\/ult_animation_block][\/vc_column][\/vc_row][vc_row amy_add_container=\u00a0\u00bbyes\u00a0\u00bb][vc_column][ult_animation_block animation=\u00a0\u00bbfadeInUpBig\u00a0\u00bb animation_duration=\u00a0\u00bb0.5&Prime; animation_delay=\u00a0\u00bb0.5&Prime; animation_iteration_count=\u00a0\u00bb1&Prime;][vc_column_text]\n<p style=\"text-align: justify;\">Le tout autour d&rsquo;un axe commun\u00a0: de bons produits, aux bons prix et avec un service irr\u00e9prochable. Vous trouverez donc sur notre site une multitude de produits diff\u00e9rents, \u00e0 la provenance parfois r\u00e9gionale, parfois exotique mais avec une volont\u00e9 commune\u00a0: votre bien-\u00eatre\u00a0! C&rsquo;est pourquoi dans la barre de recherche vous pourrez rechercher soit des produits bien sp\u00e9cifiques comme partout ailleurs, soit rechercher directement une vertu en fonction de vos attentes et besoins, et peut \u00eatre d\u00e9couvrir de nouveaux produits.<\/p>\n<p style=\"text-align: justify;\">Il est bien s\u00fbr inconcevable pour nous de vendre des produits que nous ne consommerions pas nous-m\u00eame ou que nous ne conseillerons pas \u00e0 nos proches. C&rsquo;est dans cette optique que nous privil\u00e9gions le BIO, les analyses en laboratoire ind\u00e9pendant pour les produits qui ne peuvent pas avoir la certification (comme par exemple, lorsqu&rsquo;il n&rsquo;y a pas d&rsquo;organismes BIO dans tel ou tel pays, comme l&rsquo;\u00c9thiopie)&#8230; Nous travaillons avec des fournisseurs de confiance qui connaissent directement les producteurs et essayons de r\u00e9duire au maximum les circuits de distribution afin de garantir une qualit\u00e9 optimale et une bonne tra\u00e7abilit\u00e9.<\/p>\n<p>&nbsp;<\/p>\n<p style=\"text-align: right;\">Naturellement v\u00f4tre,<br \/>\n<img decoding=\"async\" class=\"alignnone size-full wp-image-474\" src=\"https:\/\/1001vertus.com\/wp-content\/uploads\/2018\/04\/Signature-Jasmine-1001Vertus.png\" alt=\"Signature Jasmine 1001Vertus\" width=\"162\" height=\"73\" \/><\/p>\n[\/vc_column_text][\/ult_animation_block][\/vc_column][\/vc_row][vc_row amy_add_container=\u00a0\u00bbyes\u00a0\u00bb amy_row_curved_bottom=\u00a0\u00bbyes\u00a0\u00bb bg_type=\u00a0\u00bbimage\u00a0\u00bb parallax_style=\u00a0\u00bbvcpb-default\u00a0\u00bb bg_image_new=\u00a0\u00bbid^886|url^https:\/\/1001vertus.com\/wp-content\/uploads\/2018\/11\/Arri\u00e8re-plan-1001vertus-1.png|caption^null|alt^Arri\u00e8re plan 1001vertus|title^Arri\u00e8re plan 1001vertus|description^null\u00a0\u00bb bg_image_repeat=\u00a0\u00bbno-repeat\u00a0\u00bb bg_image_size=\u00a0\u00bbinitial\u00a0\u00bb bg_img_attach=\u00a0\u00bbfixed\u00a0\u00bb bg_override=\u00a0\u00bb1&Prime; css=\u00a0\u00bb.vc_custom_1542544927079{padding-top: 90px !important;padding-bottom: 90px !important;background-color: #006633 !important;}\u00a0\u00bb][vc_column][vc_column_text]\n<h1 style=\"text-align: center;\"><span style=\"color: #ffcc00;\"><span style=\"color: #ffffff;\">Le mot de l&rsquo;\u00e9quipe<\/span>\u00a0<\/span><\/h1>\n[\/vc_column_text][vc_row_inner][vc_column_inner width=\u00a0\u00bb1\/3&Prime;][ult_animation_block animation=\u00a0\u00bbfadeInLeft\u00a0\u00bb animation_duration=\u00a0\u00bb1&Prime; animation_delay=\u00a0\u00bb0&Prime; animation_iteration_count=\u00a0\u00bb1&Prime;][vc_hoverbox image=\u00a0\u00bb1117&Prime; primary_title=\u00a0\u00bb\u00a0\u00bb hover_title=\u00a0\u00bb\u00a0\u00bb shape=\u00a0\u00bbround\u00a0\u00bb]\u00a0\u00bbPour nous la satisfaction client est primordiale. Et cela passe par un produit de qualit\u00e9 au bon prix avec un service soign\u00e9 et rigoureux.\u00a0\u00bb[\/vc_hoverbox][vc_empty_space height=\u00a0\u00bb20px\u00a0\u00bb][amy_organic_heading title=\u00a0\u00bbSamir\u00a0\u00bb title_color=\u00a0\u00bb#ffffff\u00a0\u00bb title_fontsize=\u00a0\u00bb16&Prime;][\/ult_animation_block][\/vc_column_inner][vc_column_inner width=\u00a0\u00bb1\/3&Prime;][ult_animation_block animation=\u00a0\u00bbfadeInUp\u00a0\u00bb animation_duration=\u00a0\u00bb1&Prime; animation_delay=\u00a0\u00bb0&Prime; animation_iteration_count=\u00a0\u00bb1&Prime;][vc_hoverbox image=\u00a0\u00bb1118&Prime; primary_title=\u00a0\u00bb\u00a0\u00bb hover_title=\u00a0\u00bb\u00a0\u00bb shape=\u00a0\u00bbround\u00a0\u00bb]\u00ab\u00a0Je m\u2019efforce de trouver des produits de qualit\u00e9 et BIO lorsque cela est possible. Je travaille au maximum avec des producteurs ou des fournisseurs de confiance qui connaissent eux-m\u00eames les producteurs afin de garantir la qualit\u00e9 et la tra\u00e7abilit\u00e9 de nos produits.\u00a0\u00bb[\/vc_hoverbox][vc_empty_space height=\u00a0\u00bb20px\u00a0\u00bb][amy_organic_heading title=\u00a0\u00bbAlex\u00a0\u00bb title_color=\u00a0\u00bb#ffffff\u00a0\u00bb title_fontsize=\u00a0\u00bb16&Prime;][\/ult_animation_block][\/vc_column_inner][vc_column_inner width=\u00a0\u00bb1\/3&Prime;][ult_animation_block animation=\u00a0\u00bbfadeInRight\u00a0\u00bb animation_duration=\u00a0\u00bb1&Prime; animation_delay=\u00a0\u00bb0&Prime; animation_iteration_count=\u00a0\u00bb1&Prime;][vc_hoverbox image=\u00a0\u00bb1119&Prime; primary_title=\u00a0\u00bb\u00a0\u00bb hover_title=\u00a0\u00bb\u00a0\u00bb shape=\u00a0\u00bbround\u00a0\u00bb]\u00a0\u00bbMon r\u00f4le est notamment de conna\u00eetre aux mieux nos diff\u00e9rents produits et leurs vertus afin de mettre cela en ad\u00e9quation avec vos attentes, et cela dans l&rsquo;inter\u00eat de tous.\u00a0\u00bb[\/vc_hoverbox][vc_empty_space height=\u00a0\u00bb20px\u00a0\u00bb][amy_organic_heading title=\u00a0\u00bbJasmine\u00a0\u00bb title_color=\u00a0\u00bb#ffffff\u00a0\u00bb title_fontsize=\u00a0\u00bb16&Prime;][\/ult_animation_block][\/vc_column_inner][\/vc_row_inner][\/vc_column][\/vc_row][vc_row amy_add_container=\u00a0\u00bbyes\u00a0\u00bb bg_type=\u00a0\u00bbbg_color\u00a0\u00bb css=\u00a0\u00bb.vc_custom_1521126015518{padding-top: 90px !important;padding-bottom: 0px !important;}\u00a0\u00bb][vc_column][vc_column_text]\n<h1 style=\"text-align: center;\"><span style=\"color: #759b2e;\">POURQUOI NOUS CHOISIR ?<\/span><\/h1>\n[\/vc_column_text][vc_row_inner css=\u00a0\u00bb.vc_custom_1483843080596{background-position: center !important;background-repeat: no-repeat !important;background-size: cover !important;}\u00a0\u00bb][vc_column_inner el_class=\u00a0\u00bbimg-outside-839-486&Prime; width=\u00a0\u00bb1\/2&Prime; offset=\u00a0\u00bbvc_hidden-md vc_hidden-sm vc_hidden-xs\u00a0\u00bb][ult_animation_block animation=\u00a0\u00bbslideInLeft\u00a0\u00bb animation_duration=\u00a0\u00bb1&Prime; animation_delay=\u00a0\u00bb0&Prime; animation_iteration_count=\u00a0\u00bb1&Prime;][vc_single_image image=\u00a0\u00bb1103&Prime; img_size=\u00a0\u00bbfull\u00a0\u00bb alignment=\u00a0\u00bbcenter\u00a0\u00bb css=\u00a0\u00bb.vc_custom_1544972402919{margin-bottom: 0px !important;}\u00a0\u00bb][\/ult_animation_block][\/vc_column_inner][vc_column_inner offset=\u00a0\u00bbvc_col-lg-6 vc_col-md-12&Prime;][ult_animation_block animation=\u00a0\u00bbslideInRight\u00a0\u00bb animation_duration=\u00a0\u00bb1&Prime; animation_delay=\u00a0\u00bb0&Prime; animation_iteration_count=\u00a0\u00bb1&Prime;][bsf-info-box icon=\u00a0\u00bbDefaults-trophy\u00a0\u00bb icon_size=\u00a0\u00bb34&Prime; icon_color=\u00a0\u00bb#ffffff\u00a0\u00bb icon_style=\u00a0\u00bbcircle\u00a0\u00bb icon_color_bg=\u00a0\u00bb#759b2e\u00a0\u00bb title=\u00a0\u00bbQUALIT\u00c9 ET S\u00c9RIEUX\u00a0\u00bb hover_effect=\u00a0\u00bbstyle_3&Prime; pos=\u00a0\u00bbleft\u00a0\u00bb title_font_style=\u00a0\u00bbfont-weight:bold;\u00a0\u00bb title_font_size=\u00a0\u00bbdesktop:20px;\u00a0\u00bb title_font_color=\u00a0\u00bb#333333&Prime; desc_font_size=\u00a0\u00bbdesktop:15px;\u00a0\u00bb css_info_box=\u00a0\u00bb.vc_custom_1524774329553{margin-bottom: 50px !important;padding-right: 100px !important;}\u00a0\u00bb]\n<p style=\"text-align: justify;\">Nos packagings sont choisis avec soin et nos produits soigneusement emball\u00e9s. Nous exp\u00e9dions ensuite votre colis dans les plus brefs d\u00e9lais.<\/p>\n[\/bsf-info-box][bsf-info-box icon=\u00a0\u00bbDefaults-child\u00a0\u00bb icon_size=\u00a0\u00bb34&Prime; icon_color=\u00a0\u00bb#ffffff\u00a0\u00bb icon_style=\u00a0\u00bbcircle\u00a0\u00bb icon_color_bg=\u00a0\u00bb#759b2e\u00a0\u00bb title=\u00a0\u00bbSATISFACTION CLIENT\u00a0\u00bb hover_effect=\u00a0\u00bbstyle_3&Prime; pos=\u00a0\u00bbleft\u00a0\u00bb title_font_style=\u00a0\u00bbfont-weight:bold;\u00a0\u00bb title_font_size=\u00a0\u00bbdesktop:20px;\u00a0\u00bb title_font_color=\u00a0\u00bb#333333&Prime; desc_font_size=\u00a0\u00bbdesktop:15px;\u00a0\u00bb css_info_box=\u00a0\u00bb.vc_custom_1523343717726{margin-bottom: 50px !important;margin-left: 50px !important;padding-right: 50px !important;}\u00a0\u00bb]\n<p style=\"text-align: justify;\">Votre satisfaction est la clef de vo\u00fbte de notre soci\u00e9t\u00e9, c&rsquo;est pourquoi nous y attachons une importance toute particuli\u00e8re.<\/p>\n[\/bsf-info-box][bsf-info-box icon=\u00a0\u00bbDefaults-leaf\u00a0\u00bb icon_size=\u00a0\u00bb34&Prime; icon_color=\u00a0\u00bb#ffffff\u00a0\u00bb icon_style=\u00a0\u00bbcircle\u00a0\u00bb icon_color_bg=\u00a0\u00bb#759b2e\u00a0\u00bb title=\u00a0\u00bbSANT\u00c9 ET BIEN-\u00caTRE\u00a0\u00bb hover_effect=\u00a0\u00bbstyle_3&Prime; pos=\u00a0\u00bbleft\u00a0\u00bb title_font_style=\u00a0\u00bbfont-weight:bold;\u00a0\u00bb title_font_size=\u00a0\u00bbdesktop:20px;\u00a0\u00bb title_font_color=\u00a0\u00bb#333333&Prime; desc_font_size=\u00a0\u00bbdesktop:15px;\u00a0\u00bb css_info_box=\u00a0\u00bb.vc_custom_1523343727931{margin-left: 100px !important;}\u00a0\u00bb]\n<p style=\"text-align: justify;\">Nous vous proposons une multitude de produits divers et originaux ayant tous un point commun\u00a0: votre sant\u00e9 et votre bien-\u00eatre.<\/p>\n[\/bsf-info-box][\/ult_animation_block][\/vc_column_inner][\/vc_row_inner][\/vc_column][\/vc_row][vc_row amy_add_container=\u00a0\u00bbyes\u00a0\u00bb css=\u00a0\u00bb.vc_custom_1542544939063{padding-top: 90px !important;padding-bottom: 15px !important;background-color: #006633 !important;}\u00a0\u00bb][vc_column width=\u00a0\u00bb7\/12&Prime;][ult_animation_block animation=\u00a0\u00bbfadeInLeft\u00a0\u00bb animation_duration=\u00a0\u00bb1&Prime; animation_delay=\u00a0\u00bb0&Prime; animation_iteration_count=\u00a0\u00bb1&Prime;][vc_column_text]\n<h1><span style=\"color: #ffffff;\">LA QUALIT\u00c9\u00a0 SINON RIEN !<\/span><\/h1>\n<h2><\/h2>\n<h2><span style=\"color: #759b2e;\">Parce que pour nous la qualit\u00e9 est plus que primordiale.<\/span><\/h2>\n<h3><\/h3>\n<h3><\/h3>\n<p><span style=\"color: #ffffff;\">Nos produits sont d\u2019excellentes qualit\u00e9s. Nous nous effor\u00e7ons de vous fournir une certification BIO, si ce n\u2019est possible nous essayons de travailler directement avec le producteur ou de limiter au maximum les interm\u00e9diaires afin de garantir la tra\u00e7abilit\u00e9 des produits ainsi que leurs qualit\u00e9s.<\/span><\/p>\n<p><span style=\"color: #ffffff;\">Nous analysons avec soin les compositions et testons toujours nous-m\u00eames les produits avant de les commercialiser.<\/span><\/p>\n<p><span style=\"color: #ffffff;\">Pour nous la qualit\u00e9 et le go\u00fbt priment avant tout et nous nous effor\u00e7ons de proposer des produits dont le but premier est votre satisfaction.<\/span>[\/vc_column_text][\/ult_animation_block][\/vc_column][vc_column width=\u00a0\u00bb5\/12&Prime;][ult_animation_block animation=\u00a0\u00bbfadeInRight\u00a0\u00bb animation_duration=\u00a0\u00bb1&Prime; animation_delay=\u00a0\u00bb0&Prime; animation_iteration_count=\u00a0\u00bb1&Prime;][vc_single_image image=\u00a0\u00bb1122&Prime; img_size=\u00a0\u00bbfull\u00a0\u00bb style=\u00a0\u00bbvc_box_border_circle\u00a0\u00bb][ultimate_icon_list icon_size=\u00a0\u00bb20&Prime; icon_margin=\u00a0\u00bb10&Prime; el_class=\u00a0\u00bbalign-center\u00a0\u00bb css_icon_list=\u00a0\u00bb.vc_custom_1542741136121{padding-top: 30px !important;}\u00a0\u00bb][ultimate_icon_list_item icon=\u00a0\u00bbDefaults-check\u00a0\u00bb icon_color=\u00a0\u00bb#fda901&Prime; content_font_size=\u00a0\u00bbdesktop:17px;\u00a0\u00bb content_font_color=\u00a0\u00bb#fda901&Prime;]<strong><span style=\"color: #fda901; font-size: 17px;\">Certification BIO.<\/span><\/strong>[\/ultimate_icon_list_item][ultimate_icon_list_item icon=\u00a0\u00bbDefaults-check\u00a0\u00bb icon_color=\u00a0\u00bb#fda901&Prime; content_font_size=\u00a0\u00bbdesktop:17px;\u00a0\u00bb]<strong><span style=\"color: #fda901; font-size: 17px;\">Fournisseurs ou producteurs de confiance.<\/span><\/strong>[\/ultimate_icon_list_item][ultimate_icon_list_item icon=\u00a0\u00bbDefaults-check\u00a0\u00bb icon_color=\u00a0\u00bb#fda901&Prime; content_font_size=\u00a0\u00bbdesktop:17px;\u00a0\u00bb]<strong><span style=\"color: #fda901; font-size: 17px;\">Interm\u00e9diaires limit\u00e9s au maximum.<\/span><\/strong>[\/ultimate_icon_list_item][\/ultimate_icon_list][\/ult_animation_block][\/vc_column][\/vc_row][vc_row amy_add_container=\u00a0\u00bbyes\u00a0\u00bb css=\u00a0\u00bb.vc_custom_1524771805461{margin-bottom: 30px !important;padding-top: 90px !important;}\u00a0\u00bb][vc_column][vc_row_inner][vc_column_inner width=\u00a0\u00bb1\/4&Prime;][vc_single_image image=\u00a0\u00bb476&Prime; img_size=\u00a0\u00bbfull\u00a0\u00bb alignment=\u00a0\u00bbcenter\u00a0\u00bb][\/vc_column_inner][vc_column_inner width=\u00a0\u00bb1\/4&Prime;][vc_single_image image=\u00a0\u00bb477&Prime; img_size=\u00a0\u00bbfull\u00a0\u00bb alignment=\u00a0\u00bbcenter\u00a0\u00bb][\/vc_column_inner][vc_column_inner width=\u00a0\u00bb1\/4&Prime;][vc_single_image image=\u00a0\u00bb479&Prime; img_size=\u00a0\u00bbfull\u00a0\u00bb alignment=\u00a0\u00bbcenter\u00a0\u00bb][\/vc_column_inner][vc_column_inner width=\u00a0\u00bb1\/4&Prime;][vc_single_image image=\u00a0\u00bb478&Prime; img_size=\u00a0\u00bbfull\u00a0\u00bb alignment=\u00a0\u00bbcenter\u00a0\u00bb][\/vc_column_inner][\/vc_row_inner][\/vc_column][\/vc_row]\n","protected":false},"excerpt":{"rendered":"[vc_row amy_add_container=\u00a0\u00bbyes\u00a0\u00bb css=\u00a0\u00bb.vc_custom_1523309604391{margin-top: 35px !important;}\u00a0\u00bb][vc_column][ult_animation_block animation=\u00a0\u00bbfadeInDownBig\u00a0\u00bb animation_duration=\u00a0\u00bb0.5&Prime; animation_delay=\u00a0\u00bb0.5&Prime; animation_iteration_count=\u00a0\u00bb1&Prime;][vc_column_text][amy_organic_content show_readmore=\u00a0\u00bb\u00a0\u00bb title_first=\u00a0\u00bbBIENVENUE CHEZ \u00a0\u00bb title_last=\u00a0\u00bb1001 VERTUS\u00a0\u00bb] Tout a commenc\u00e9 par une rencontre entre deux commer\u00e7ants. Une rencontre scell\u00e9e par un cadeau exceptionnel\u00a0: un pot du meilleur miel au monde, un miel aux nombreuses vertus, le fameux miel Royal de Jujubier du Y\u00e9men (NDA\u00a0: miel que nous [&#8230;]\n","protected":false},"author":3299,"featured_media":0,"parent":0,"menu_order":0,"comment_status":"closed","ping_status":"closed","template":"","meta":{"footnotes":""},"class_list":["post-64","page","type-page","status-publish","hentry"],"_links":{"self":[{"href":"https:\/\/1001vertus.com\/es\/wp-json\/wp\/v2\/pages\/64","targetHints":{"allow":["GET"]}}],"collection":[{"href":"https:\/\/1001vertus.com\/es\/wp-json\/wp\/v2\/pages"}],"about":[{"href":"https:\/\/1001vertus.com\/es\/wp-json\/wp\/v2\/types\/page"}],"author":[{"embeddable":true,"href":"https:\/\/1001vertus.com\/es\/wp-json\/wp\/v2\/users\/3299"}],"replies":[{"embeddable":true,"href":"https:\/\/1001vertus.com\/es\/wp-json\/wp\/v2\/comments?post=64"}],"version-history":[{"count":64,"href":"https:\/\/1001vertus.com\/es\/wp-json\/wp\/v2\/pages\/64\/revisions"}],"predecessor-version":[{"id":6689,"href":"https:\/\/1001vertus.com\/es\/wp-json\/wp\/v2\/pages\/64\/revisions\/6689"}],"wp:attachment":[{"href":"https:\/\/1001vertus.com\/es\/wp-json\/wp\/v2\/media?parent=64"}],"curies":[{"name":"wp","href":"https:\/\/api.w.org\/{rel}","templated":true}]}}