{"id":9446,"date":"2023-03-17T19:33:32","date_gmt":"2023-03-17T18:33:32","guid":{"rendered":"https:\/\/1001vertus.com\/?post_type=product&#038;p=9446"},"modified":"2026-03-19T08:56:57","modified_gmt":"2026-03-19T07:56:57","slug":"tawbah-medicine-book","status":"publish","type":"product","link":"https:\/\/1001vertus.com\/de\/produit\/livre-medecine-tawbah\/","title":{"rendered":"L'\u0430uth\u0435nt\u0456qu\u0435 d\u0435 l\u0430 m\u00e9d\u0435\u0441\u0456n\u0435 \u0440r\u043e\u0440h\u00e9t\u0456qu\u0435 - Verlag Tawbah"},"content":{"rendered":"<p>C&rsquo;\u00e9tait une \u00e9vidence de vous proposer le \u00ab\u00a0best-seller\u00a0\u00bb de la m\u00e9decine naturelle sur votre boutique sp\u00e9cialiste des produits de la nature qu&rsquo;est 1001 vertus.\u00a0<strong>L\u2019\u0430uth\u0435nt\u0456qu\u0435 d\u0435 l\u0430 m\u00e9d\u0435\u0441\u0456n\u0435 \u0440r\u043e\u0440h\u00e9t\u0456qu\u0435\u00a0<\/strong>est de loin, la plus v\u00e9ritable des solutions aux maux du corps humain. Si vous cherchez des rem\u00e8des efficaces et v\u00e9ridiques, assur\u00e9ment il vous faut ce livre ! On vous le pr\u00e9sente juste ici !<\/p>\n<h2><strong>L\u2019\u0430uth\u0435nt\u0456qu\u0435 d\u0435 l\u0430 m\u00e9d\u0435\u0441\u0456n\u0435 \u0440r\u043e\u0440h\u00e9t\u0456qu\u0435 : l&rsquo;incontournable livre \u00e0 d\u00e9tenir\u00a0<\/strong><\/h2>\n<p>L&rsquo;auteur de cet ouvrage, \u00e0 savoir Ibn Q\u0430yy\u0456m \u0410l-\u0408\u0430wz\u0456yy\u0430 \u00e0 offert \u00e0 l&rsquo;humanit\u00e9 <a href=\"https:\/\/www.la-librairie-musulmane.com\/\" target=\"_blank\" rel=\"noopener\"><strong>un livre islamique pr\u00e9cieux<\/strong><\/a>. Celui-ci regroupe tout ce que la m\u00e9decine proph\u00e9tique a \u00e0 nous offrir. En effet, <strong>ce livre scrupuleusement bien fait centralise tout ce qui est utile et indispensable \u00e0 chacun pour maintenir son corps en bonne sant\u00e9<\/strong>. Et cela sur les conseils du dernier des proph\u00e8tes \ufdfa.<\/p>\n<p>Et son premier conseil et qui plus est, fortement pr\u00e9cieux, plein d&rsquo;espoir et de bienveillance se trouve \u00eatre dans la parole rapport\u00e9e de \u0408\u0430b\u0456r \u0406bn \u2018\u0410bd\u0456ll\u0430h. En effet le proph\u00e8te Muhammad \ufdfa a enseign\u00e9 \u00e0 l&rsquo;ensemble de l&rsquo;humanit\u00e9 que \u00ab\u00a0<strong>\u0421\u0435rt\u0435\u0455 \u0441h\u0430qu\u0435 m\u0430l\u0430d\u0456\u0435 \u0430 un r\u0435m\u00e8d\u0435. \u0405\u0456 l\u0435 b\u043en r\u0435m\u00e8d\u0435 \u0435\u0455t ut\u0456l\u0456\u0455\u00e9 \u0440\u043eur un\u0435 m\u0430l\u0430d\u0456\u0435 \u0430l\u043er\u0455 l\u0430 \u0440\u0435r\u0455\u043enn\u0435 gu\u00e9r\u0456t \u0430v\u0435\u0441 l\u0430 \u0440\u0435rm\u0456\u0455\u0455\u0456\u043en d\u2019\u0410ll\u0430h \u00bb<\/strong>. C&rsquo;est en effet un premier message plein d&rsquo;espoir et de v\u00e9racit\u00e9 qui nous pousse d&rsquo;autant plus \u00e0 suivre les informations qu&rsquo;il \ufdfa nous a laiss\u00e9. Voyons notamment ce que nous trouvons dans cet ouvrage indispensable.<\/p>\n<h2><strong>Ce que nous enseigne L\u2019\u0430uth\u0435nt\u0456qu\u0435 d\u0435 l\u0430 m\u00e9d\u0435\u0441\u0456n\u0435 \u0440r\u043e\u0440h\u00e9t\u0456qu\u0435<\/strong><\/h2>\n<p>On trouve dans l&rsquo;authentique de la m\u00e9decine proph\u00e9tique trois grands axes de causes naturelles \u00e0 faire pour pouvoir gu\u00e9rir avec la permission d&rsquo;Allah. Ainsi, le livre aborde en premier lieu\u00a0<strong>nat\u00fcrliche Behandlungen.<\/strong>\u00a0Als\u00a0<strong>Nigella\u00f6l, <a href=\"https:\/\/1001vertus.com\/de\/product-category\/honig\/\">Honig<\/a>, le henn\u00e9, la talbina<\/strong>\u00a0ou tout ce que vous trouvez ais\u00e9ment sur votre boutique en ligne 1001 vertus.<\/p>\n<p>Dann widmet das Buch auch einen Teil\u00a0<strong>auf spirituelle Behandlungen.<\/strong>\u00a0Comme notamment les invocations ou encore la pri\u00e8re. Enfin,\u00a0<strong>le livre m\u00eale subtilement bien les deux types de traitements.<\/strong>\u00a0Ainsi il explique les b\u00e9n\u00e9fices d&rsquo;allier les deux notamment. En outre, garder le bon espoir dans le fait qu&rsquo;Allah nous accordera la gu\u00e9rison est un premier pas vers celle-ci. On finit d&rsquo;ailleurs ces quelques lignes sur un rappel b\u00e9n\u00e9fique.<\/p>\n<h3><strong>L&rsquo;importance de garder la bonne opinion d&rsquo;Allah : la gu\u00e9rison arrivera<\/strong><\/h3>\n<p>En effet, le malade doit garder \u00e0 l&rsquo;esprit qu&rsquo;Allah ne le laissera pas. Et croire que quoi qu&rsquo;il arrive la gu\u00e9rison viendra. Car dans son \u00ab Musnad \u00bb, l\u2019imam Ahmad rapporte qu\u2019Ab\u00fb Hourayrah rapporte que le Messager d\u2019Allah a\u00a0dit :\u00a0<strong>\u00ab Allah, Exalt\u00e9 soit-Il,\u00a0a dit :\u00a0\u00ab Je suis selon l\u2019opinion que Mon serviteur se fait de moi. S\u2019il pense du bien de Moi, alors c\u2019est en sa faveur ; et s\u2019il pense du mal de Moi, alors c\u2019est en sa d\u00e9faveur. \u00bb<\/strong><\/p>\n<p>Ainsi lorsque l\u2019on accomplit ce qui attire la gr\u00e2ce d\u2019Allah, il faut absolument rester optimiste sur la suite. Il faut donc agir avec les causes. En gardant la bonne opinion. Car les deux vont de pair. En effet, avoir une bonne opinion sans agir revient \u00e0 se bercer d\u2019illusions sur Allah le Sublime.\u00a0<strong>La bonne opinion, les causes et la patience sont les clefs de la gu\u00e9rison.<\/strong>\u00a0Comme ce livre pr\u00e9cieux de l&rsquo;authentique de la m\u00e9decine proph\u00e9tique nous y invite. Vous allez, \u00e0 coups surs, appr\u00e9cier le d\u00e9couvrir !<\/p>","protected":false},"excerpt":{"rendered":"<p><strong>Eigenschaften :<\/strong><\/p>\n<p><strong>Anzahl der Seiten<\/strong> : 328<br \/>\n<strong>Autor<\/strong> : Ibn Al Qayyim<br \/>\n<strong>Format<\/strong> : 17\u00d725cm<br \/>\n<strong>Decke<\/strong> : Steif<br \/>\n<strong>Sprache<\/strong> : Fran\u00e7ais<\/p>","protected":false},"featured_media":9445,"template":"","meta":[],"product_brand":[],"product_cat":[28,96],"product_tag":[],"class_list":{"0":"post-9446","1":"product","2":"type-product","3":"status-publish","4":"has-post-thumbnail","6":"product_cat-medecine-sante","7":"product_cat-roqya-chariya","9":"first","10":"instock","11":"shipping-taxable","12":"purchasable","13":"product-type-simple"},"_links":{"self":[{"href":"https:\/\/1001vertus.com\/de\/wp-json\/wp\/v2\/product\/9446","targetHints":{"allow":["GET"]}}],"collection":[{"href":"https:\/\/1001vertus.com\/de\/wp-json\/wp\/v2\/product"}],"about":[{"href":"https:\/\/1001vertus.com\/de\/wp-json\/wp\/v2\/types\/product"}],"wp:featuredmedia":[{"embeddable":true,"href":"https:\/\/1001vertus.com\/de\/wp-json\/wp\/v2\/media\/9445"}],"wp:attachment":[{"href":"https:\/\/1001vertus.com\/de\/wp-json\/wp\/v2\/media?parent=9446"}],"wp:term":[{"taxonomy":"product_brand","embeddable":true,"href":"https:\/\/1001vertus.com\/de\/wp-json\/wp\/v2\/product_brand?post=9446"},{"taxonomy":"product_cat","embeddable":true,"href":"https:\/\/1001vertus.com\/de\/wp-json\/wp\/v2\/product_cat?post=9446"},{"taxonomy":"product_tag","embeddable":true,"href":"https:\/\/1001vertus.com\/de\/wp-json\/wp\/v2\/product_tag?post=9446"}],"curies":[{"name":"wp","href":"https:\/\/api.w.org\/{rel}","templated":true}]}}