{"id":8295,"date":"2023-02-03T18:18:05","date_gmt":"2023-02-03T17:18:05","guid":{"rendered":"https:\/\/1001vertus.com\/?post_type=product&#038;p=8295"},"modified":"2023-06-13T11:56:56","modified_gmt":"2023-06-13T10:56:56","slug":"nilapulver","status":"publish","type":"product","link":"https:\/\/1001vertus.com\/de\/produit\/poudre-de-nila\/","title":{"rendered":"Nila-Pulver - 100g"},"content":{"rendered":"<p>Nilapulver ist ein Naturprodukt, das zahlreiche Vorteile bietet. Es wird durch Mahlen und Sieben der Wurzeln des Nila-Baumes gewonnen, einer in Indien und Sri Lanka beheimateten Pflanze, die einen sehr hohen Gehalt an Wirkstoffen aufweist.<\/p>\n<p>Fr\u00fcher wurde es haupts\u00e4chlich wegen seiner aufhellenden Eigenschaften verwendet, doch heute entdecken wir all seine anderen Vorteile. Lassen Sie uns gemeinsam herausfinden, welche Vorteile Ihnen das Nilapulver bieten kann!<\/p>\n<h2><strong>Nilapuder: Ein aufhellender und gleichm\u00e4\u00dfigerer Effekt<\/strong><\/h2>\n<p>Nilapulver besteht aus Mineralien und Vitaminen, die miteinander interagieren und daf\u00fcr sorgen, dass Ihr Teint insgesamt besser aussieht. Es ist in der Tat ein sehr wirksames Produkt, um Ihr Gesicht oder Ihre H\u00e4nde aufzuhellen, da es Pigmente enth\u00e4lt, die das Licht absorbieren, die Farbe Ihrer Haut aufhellen und sie gleichm\u00e4\u00dfiger erscheinen lassen.<\/p>\n<p>Dar\u00fcber hinaus wird dieses Puder auch sehr n\u00fctzlich sein, wenn Sie Pigmentflecken mildern und Hautunreinheiten reduzieren m\u00f6chten (<a href=\"https:\/\/1001vertus.com\/de\/product\/nigellaol-dethiopia-abyssinia-100ml\/\"><strong>Akne<\/strong><\/a>(z. B. R\u00f6tungen...). Nilapulver kann auch auf das Haar aufgetragen werden, um erste Anzeichen von Bleichung zu verdecken.<\/p>\n<h2><strong>Intensive und lang anhaltende Feuchtigkeitsversorgung<\/strong><\/h2>\n<p>Neben seiner aufhellenden Wirkung ist dieses Naturprodukt auch sehr n\u00fctzlich, um die Haut tief mit Feuchtigkeit zu versorgen. Dank der zahlreichen Wirkstoffe, die es enth\u00e4lt, erh\u00f6ht es die Zufuhr von essentiellen Fetts\u00e4uren und Feuchtigkeit. Mit anderen Worten, es wird die Produktion von Kollagen und Keratin f\u00f6rdern, was die Elastizit\u00e4t und Festigkeit Ihrer Haut erheblich verbessert.<\/p>\n<p>Au\u00dferdem hilft das blaue Nilapulver, der Bildung von feinen Linien und Falten vorzubeugen. Es verleiht Ihrer Haut ein glatteres und leichteres Aussehen. Au\u00dferdem bietet es einen UV-Schutz und hilft, den pH-Wert der Haut wiederherzustellen. So erh\u00e4lt Ihre Haut ihre nat\u00fcrliche Sch\u00f6nheit und Frische zur\u00fcck, und Sie k\u00f6nnen die Vorteile des Nilapulvers viele Jahre lang genie\u00dfen.<\/p>\n<h2><strong>Antioxidative Eigenschaften<\/strong><\/h2>\n<p>Nilapulver ist au\u00dferdem reich an Antioxidantien. Diese helfen dabei, die Haut vor \u00e4u\u00dferen Einfl\u00fcssen wie Luftverschmutzung zu sch\u00fctzen. Sch\u00e4dliche UV-Strahlen der Sonne und Infrarotstrahlung. Diese Antioxidantien wirken direkt auf die Zellen und stimulieren ihre normale Aktivit\u00e4t und Funktion, wodurch das Auftreten von Anzeichen vorzeitiger Hautalterung begrenzt wird.<\/p>\n<p>Im Einzelnen sind hier Astaxanthin, Lycopin, Vitamin A, Vitamin E und Polyphenole zu nennen, die zusammenwirken und Ihrer Haut einen maximalen Schutz vor freien Radikalen und Umweltgiften bieten.<\/p>\n<h2><strong>Eine n\u00e4hrende Pflege f\u00fcr das Haar<\/strong><\/h2>\n<p>Nilapulver ist nicht nur gut f\u00fcr die Haut, sondern auch f\u00fcr das Haar. Es ist n\u00e4mlich reich an N\u00e4hrstoffen, die f\u00fcr das Wachstum und die St\u00e4rkung der Haare wichtig sind. Es enth\u00e4lt unter anderem hohe Konzentrationen an B-Vitaminen, Mineralien und Aminos\u00e4uren.<\/p>\n<p>Au\u00dferdem lindert sie Irritationen und verbessert die Qualit\u00e4t Ihres Haars erheblich. Sie bietet Schutz vor \u00e4u\u00dferen Einfl\u00fcssen, indem sie die Kopfhaut st\u00e4rkt und den Blutfluss zu den Haarfollikeln reguliert. Dadurch erh\u00f6ht sie das Volumen und die Dichte des Haares und verleiht ihm eine weiche, seidige Textur.<\/p>\n<h3><strong>Verwendung von Nilapulver<\/strong><\/h3>\n<p>Sie k\u00f6nnen Nilapulver in den meisten Gesch\u00e4ften f\u00fcr biologische und nat\u00fcrliche Lebensmittel kaufen. Um von seinen zahlreichen Vorteilen zu profitieren, k\u00f6nnen Sie es auf zwei Arten verwenden:<\/p>\n<ul>\n<li>Als Gesichtsmaske. Vermischen Sie 2 Teel\u00f6ffel Nilapulver mit einer ausreichenden Menge Wasser, um eine homogene Paste zu bilden. Tragen Sie diese Mischung dann auf Ihr Gesicht auf und massieren Sie sie sanft ein. Lassen Sie die Maske 10 bis 15 Minuten einwirken, bevor Sie sie mit lauwarmem Wasser absp\u00fclen.<\/li>\n<li>In Form von Shampoo. Geben Sie einen oder zwei Teel\u00f6ffel Nilapulver in Ihr \u00fcbliches Shampoo und mischen Sie es gut. Verwenden Sie das Shampoo wie gewohnt und sp\u00fclen Sie es nicht mit hei\u00dfem Wasser aus.<\/li>\n<\/ul>\n<p>Um die Vorteile des Nilapulvers voll auszusch\u00f6pfen, k\u00f6nnen Sie w\u00e4hlen, ob Sie es w\u00f6chentlich oder t\u00e4glich anwenden m\u00f6chten. Z\u00f6gern Sie nicht, Ihren Arzt oder Apotheker um Rat zu fragen, um die richtige Behandlung f\u00fcr Ihren Hauttyp und Ihre Bed\u00fcrfnisse zu finden.<\/p>\n<p>Nilapulver ist ein sehr wirksames Produkt, um das Erscheinungsbild Ihrer Haut und Ihres Haars zu verbessern. Dank seiner n\u00e4hrenden und antioxidativen Hauptbestandteile bildet es ein Schutzschild gegen sch\u00e4dliche Umwelteinfl\u00fcsse, versorgt Ihre Haut intensiv mit Feuchtigkeit und hellt sie gleichzeitig auf und verleiht ihr ein ebenm\u00e4\u00dfiges Aussehen. Jetzt m\u00fcssen Sie diesen au\u00dfergew\u00f6hnlichen Inhaltsstoff nur noch ausprobieren!<\/p>","protected":false},"excerpt":{"rendered":"<p><strong>Verwendung von Nilapulver<\/strong><\/p>\n<p>Sie k\u00f6nnen Nilapulver in den meisten Gesch\u00e4ften f\u00fcr biologische und nat\u00fcrliche Lebensmittel kaufen. Um von seinen zahlreichen Vorteilen zu profitieren, k\u00f6nnen Sie es auf zwei Arten verwenden:<\/p>\n<ul>\n<li>Als Gesichtsmaske. Mischen Sie 2 Teel\u00f6ffel Nilapulver mit ausreichend Wasser, um eine homogene Paste zu bilden.<\/li>\n<li>Tragen Sie diese Mischung dann auf Ihr Gesicht auf und massieren Sie sie sanft ein. Lassen Sie die Maske 10 bis 15 Minuten einwirken, bevor Sie sie mit lauwarmem Wasser absp\u00fclen.<\/li>\n<li>In Form von Shampoo. Geben Sie einen oder zwei Teel\u00f6ffel Nilapulver in Ihr \u00fcbliches Shampoo und mischen Sie es gut. Verwenden Sie das Shampoo wie gewohnt und sp\u00fclen Sie es nicht mit hei\u00dfem Wasser aus.<\/li>\n<\/ul>","protected":false},"featured_media":8296,"template":"","meta":[],"product_brand":[],"product_cat":[27],"product_tag":[],"class_list":{"0":"post-8295","1":"product","2":"type-product","3":"status-publish","4":"has-post-thumbnail","6":"product_cat-bien-etre","8":"first","9":"instock","10":"shipping-taxable","11":"purchasable","12":"product-type-simple"},"_links":{"self":[{"href":"https:\/\/1001vertus.com\/de\/wp-json\/wp\/v2\/product\/8295","targetHints":{"allow":["GET"]}}],"collection":[{"href":"https:\/\/1001vertus.com\/de\/wp-json\/wp\/v2\/product"}],"about":[{"href":"https:\/\/1001vertus.com\/de\/wp-json\/wp\/v2\/types\/product"}],"wp:featuredmedia":[{"embeddable":true,"href":"https:\/\/1001vertus.com\/de\/wp-json\/wp\/v2\/media\/8296"}],"wp:attachment":[{"href":"https:\/\/1001vertus.com\/de\/wp-json\/wp\/v2\/media?parent=8295"}],"wp:term":[{"taxonomy":"product_brand","embeddable":true,"href":"https:\/\/1001vertus.com\/de\/wp-json\/wp\/v2\/product_brand?post=8295"},{"taxonomy":"product_cat","embeddable":true,"href":"https:\/\/1001vertus.com\/de\/wp-json\/wp\/v2\/product_cat?post=8295"},{"taxonomy":"product_tag","embeddable":true,"href":"https:\/\/1001vertus.com\/de\/wp-json\/wp\/v2\/product_tag?post=8295"}],"curies":[{"name":"wp","href":"https:\/\/api.w.org\/{rel}","templated":true}]}}