{"id":816,"date":"2018-09-02T14:45:08","date_gmt":"2018-09-02T13:45:08","guid":{"rendered":"https:\/\/1001vertus.com\/?post_type=product&#038;p=816"},"modified":"2023-10-09T18:03:36","modified_gmt":"2023-10-09T17:03:36","slug":"bio-sesamol","status":"publish","type":"product","link":"https:\/\/1001vertus.com\/de\/produit\/huile-de-sesame-bio\/","title":{"rendered":"BIO-Sesam\u00f6l"},"content":{"rendered":"<p>D\u00e9couvrons les multiples vertus de l&rsquo;<strong>huile de s\u00e9same bio<\/strong>\u00a0ainsi que ses utilisations possibles pour le visage, le corps, les cheveux et la cuisine. Pour s&rsquo;approvisionner en huile de s\u00e9same d&rsquo;excellente qualit\u00e9, la boutique en ligne\u00a0<strong>1001vertus.com<\/strong>\u00a0est une r\u00e9f\u00e9rence s\u00fbre.<\/p>\n<h2><strong>Obtention et singularit\u00e9s de l&rsquo;huile de s\u00e9same bio<\/strong><\/h2>\n<p>Extraites de graines de cette plante cultiv\u00e9e selon les normes strictes de l&rsquo;<strong>biologische Landwirtschaft<\/strong>, l&rsquo;huile de s\u00e9same bio offre des garanties suppl\u00e9mentaires par rapport \u00e0 celle classique\u00a0: absence de pesticides, engrais chimiques ou autres produits synth\u00e9tiques. Cette m\u00e9thode de culture respectueuse de l&rsquo;environnement permet ainsi de pr\u00e9server la qualit\u00e9 et les propri\u00e9t\u00e9s originelles du produit.<\/p>\n<h3><strong>Composition riche en \u00e9l\u00e9ments b\u00e9n\u00e9fiques<\/strong><\/h3>\n<p>L&rsquo;huile de s\u00e9same bio est particuli\u00e8rement riche en nutriments ayant des effets b\u00e9n\u00e9fiques pour la peau, les cheveux et la sant\u00e9 en g\u00e9n\u00e9ral :<\/p>\n<ul>\n<li><strong>Vitamine<\/strong>\u00a0: e (antioxydant), B (m\u00e9tabolisme cellulaire)<\/li>\n<li><strong>Min\u00e9raux<\/strong>\u00a0: calcium, magn\u00e9sium, phosphore, zinc<\/li>\n<li><strong>Essentielle Fetts\u00e4uren<\/strong>\u00a0: om\u00e9ga-6 et -9, excellents pour la sant\u00e9 cardiovasculaire<\/li>\n<li><strong>Antioxidantien<\/strong>\u00a0: deux lignanes sp\u00e9cifiques, aux vertus protectrices du syst\u00e8me cellulaire<\/li>\n<\/ul>\n<h2><strong>Utilisations de l&rsquo;huile de s\u00e9same bio en beaut\u00e9 et soins<\/strong><\/h2>\n<p>Ses qualit\u00e9s nutritives font de l&rsquo;huile de s\u00e9same bio un incontournable dans les domaines cosm\u00e9tiques et du bien-\u00eatre.<\/p>\n<h3><strong>Behandlung f\u00fcr Gesicht und K\u00f6rper<\/strong><\/h3>\n<p>R\u00e9g\u00e9n\u00e9rante, elle aide \u00e0 lutter contre les signes de vieillissement cutan\u00e9. P\u00e9n\u00e9trant rapidement sans film gras, elle est \u00e9galement adapt\u00e9e aux massages relaxants et apaisants. En nourrissant intens\u00e9ment la peau, son utilisation r\u00e9guli\u00e8re permet :<\/p>\n<ul>\n<li>die Haut geschmeidig zu machen und ihr Feuchtigkeit zu spenden<\/li>\n<li>De r\u00e9duire les rides et ridules<\/li>\n<li>die Heilung des Gewebes zu f\u00f6rdern<\/li>\n<li>De pr\u00e9venir les vergetures et autres marques cellulaires<\/li>\n<li>Irritationen und R\u00f6tungen zu lindern<\/li>\n<\/ul>\n<h3><strong>Pflege der Haare<\/strong><\/h3>\n<p>L&rsquo;huile de s\u00e9same bio est aussi b\u00e9n\u00e9fique pour les cheveux et le cuir chevelu.<\/p>\n<p><strong>Appliqu\u00e9e en masque ou en bain d&rsquo;huile, seul ou m\u00e9lang\u00e9 avec d&rsquo;autres huiles v\u00e9g\u00e9tales :<\/strong><\/p>\n<ul>\n<li>Nourrit les fibres capillaires expliquant ainsi l&rsquo;am\u00e9lioration l\u00e9ger de la texture des cheveux<\/li>\n<li>Renforce contre la casse des cheveux, a fortiori pour des cheveux d\u00e9vitalis\u00e9s<\/li>\n<li>R\u00e9gule l&rsquo;exc\u00e8s de s\u00e9bum et calme les d\u00e9mangeaisons du cuir chevelu<\/li>\n<li>aide \u00e0 combattre les pellicules<\/li>\n<li>prot\u00e8ge les cheveux des agressions ext\u00e9rieures comme les rayons UV par exemple.<\/li>\n<\/ul>\n<h2><strong>Exotische Aromen und Vorteile in der K\u00fcche<\/strong><\/h2>\n<p>En plus de ses applications cosm\u00e9tiques, cette huile est appr\u00e9ci\u00e9e pour sa\u00a0<strong>warmer Geschmack und <a href=\"https:\/\/1001vertus.com\/de\/product\/mandelmus\/\">Gourmet<\/a>,<\/strong>\u00a0qui rappelle celle de la noisette grill\u00e9e. Ses qualit\u00e9s nutritives sont \u00e9galement tr\u00e8s attrayantes pour les recettes de cuisine. Ajouter de l&rsquo;huile de s\u00e9same bio dans vos plats vous procurera donc divers b\u00e9n\u00e9fices :<\/p>\n<ul>\n<li>Rehausser le go\u00fbt de vos recettes asiatiques ou orientales<\/li>\n<li>Salaten und Dressings einen originellen Geschmack verleihen<\/li>\n<li>Griller, frire ou sauter l\u00e9gumes et viandes sans risque d&rsquo;\u00e9claboussure ni fum\u00e9es<\/li>\n<li>Profiter d&rsquo;une meilleure sant\u00e9 gr\u00e2ce \u00e0 ses nutriments protecteurs du syst\u00e8me cardiovasculaire\u00a0: acides gras essentiels, vitamine E et lignanes antioxydants<\/li>\n<\/ul>\n<h3><strong>Tipps zur Verwendung und Aufbewahrung<\/strong><\/h3>\n<p>Pour profiter pleinement des bienfaits et saveurs de l&rsquo;huile de s\u00e9same bio en cuisine :<\/p>\n<ul>\n<li>Utiliser une petite quantit\u00e9 suffit \u00e0 apporter de la richesse aux plats<\/li>\n<li>M\u00e9langer l&rsquo;huile chaude avec des \u00e9pices pour parfumer encore davantage les pr\u00e9parations culinaires<\/li>\n<li>Choisir une huile vierge, extraite par premi\u00e8re pression \u00e0 froid, qui conserve mieux les antioxydants<\/li>\n<li>Stocker son flacon dans un endroit frais, sec et \u00e0 l&rsquo;abri de la lumi\u00e8re pour \u00e9viter l&rsquo;alt\u00e9ration des acides gras ou le rancissement<\/li>\n<\/ul>\n<h3><strong>O\u00f9 se procurer de l&rsquo;huile de s\u00e9same bio ?<\/strong><\/h3>\n<p><strong>1001vertus.com<\/strong>\u00a0ist eine unumg\u00e4ngliche Seite f\u00fcr den Kauf von<strong>huile de s\u00e9same bio<\/strong>\u00a0de qualit\u00e9 sup\u00e9rieure. Proposant une large s\u00e9lection d&rsquo;articles, cette boutique en ligne vous offrira une vaste gamme de produits d&rsquo;excellence, issus de l&rsquo;agriculture biologique.<\/p>\n<p><u><strong>INCI-Inhaltsstoffe :<\/strong><\/u><\/p>\n<p>Sesamum indicum seed til (huile vierge de s\u00e9same)<\/p>\n<p><u><strong>Herkunft :<\/strong><\/u>\u00a0Herkunft Mexiko, Burkina Faso oder Kenia.<\/p>\n<p><em>Disponible en format 50ml (bouteille cosm\u00e9tique), 100ml (bouteille \u00ab\u00a0marasca\u00a0\u00bb) ou 900ml (bouteille en plastique).<\/em><\/p>","protected":false},"excerpt":{"rendered":"<p class=\"western\" align=\"justify\"><span style=\"font-family: Arial, sans-serif;\">L&rsquo;huile de s\u00e9same est extraite des graines du s\u00e9same. Ces graines sont grill\u00e9es afin d\u2019accentuer leur ar\u00f4me, et press\u00e9es \u00e0 froid afin de conserver toutes leurs vertus. D\u2019un beau jaune clair, l\u2019huile de s\u00e9same r\u00e9v\u00e8le une l\u00e9g\u00e8re saveur de noisette.<\/span><\/p>\n<p class=\"western\" align=\"justify\"><span style=\"font-family: Arial, sans-serif;\">Tr\u00e8s utilis\u00e9e en cuisine orientale, on saura surtout appr\u00e9cier les bienfaits de cette huile sur la peau. Tr\u00e8s p\u00e9n\u00e9trante, l&rsquo;huile de s\u00e9same est surtout connue pour ses propri\u00e9t\u00e9s r\u00e9g\u00e9n\u00e9rantes et assouplissantes de l&rsquo;\u00e9piderme.<\/span><\/p>\n<p class=\"western\" align=\"justify\"><span style=\"font-family: Arial, sans-serif;\">Sa teneur en vitamine E antioxydante , en s\u00e9samoline, en s\u00e9samine et en l\u00e9cithine, lui apporte des propri\u00e9t\u00e9s \u00e9mollientes id\u00e9ales pour les peaux matures.<\/span><\/p>\n<p class=\"western\" align=\"justify\"><span style=\"font-family: Arial, sans-serif;\">Notre huile de s\u00e9same est garantie BIO par Cosmos.<br \/>\n<\/span><\/p>","protected":false},"featured_media":846,"template":"","meta":[],"product_brand":[],"product_cat":[15,29,27],"product_tag":[],"class_list":{"0":"post-816","1":"product","2":"type-product","3":"status-publish","4":"has-post-thumbnail","6":"product_cat-huiles-bio","7":"product_cat-alimentation","8":"product_cat-bien-etre","10":"first","11":"instock","12":"shipping-taxable","13":"purchasable","14":"product-type-variable"},"_links":{"self":[{"href":"https:\/\/1001vertus.com\/de\/wp-json\/wp\/v2\/product\/816","targetHints":{"allow":["GET"]}}],"collection":[{"href":"https:\/\/1001vertus.com\/de\/wp-json\/wp\/v2\/product"}],"about":[{"href":"https:\/\/1001vertus.com\/de\/wp-json\/wp\/v2\/types\/product"}],"wp:featuredmedia":[{"embeddable":true,"href":"https:\/\/1001vertus.com\/de\/wp-json\/wp\/v2\/media\/846"}],"wp:attachment":[{"href":"https:\/\/1001vertus.com\/de\/wp-json\/wp\/v2\/media?parent=816"}],"wp:term":[{"taxonomy":"product_brand","embeddable":true,"href":"https:\/\/1001vertus.com\/de\/wp-json\/wp\/v2\/product_brand?post=816"},{"taxonomy":"product_cat","embeddable":true,"href":"https:\/\/1001vertus.com\/de\/wp-json\/wp\/v2\/product_cat?post=816"},{"taxonomy":"product_tag","embeddable":true,"href":"https:\/\/1001vertus.com\/de\/wp-json\/wp\/v2\/product_tag?post=816"}],"curies":[{"name":"wp","href":"https:\/\/api.w.org\/{rel}","templated":true}]}}