{"id":810,"date":"2018-09-02T14:45:10","date_gmt":"2018-09-02T13:45:10","guid":{"rendered":"https:\/\/1001vertus.com\/?post_type=product&#038;p=810"},"modified":"2026-03-22T19:25:38","modified_gmt":"2026-03-22T18:25:38","slug":"kaktusfeigenkernol-aus-zertifiziertem-bio-und-ecocert-anbau","status":"publish","type":"product","link":"https:\/\/1001vertus.com\/de\/produit\/huile-de-pepins-de-figue-de-barbarie-certifiee-bio-et-ecocert\/","title":{"rendered":"Kaktusfeigenkern\u00f6l BIO und Ecocert"},"content":{"rendered":"<p class=\"western\" align=\"justify\"><span style=\"font-family: Arial, sans-serif;\">L&rsquo;huile de p\u00e9pins de figue de barbarie est un anti \u00e2ge prodigieux et le meilleur anti-ride naturel. C&rsquo;est aussi <a href=\"https:\/\/www.youtube.com\/watch?v=wwAgC0rW2w8\" target=\"_blank\" rel=\"noopener\">l&rsquo;huile la plus ch\u00e8re du monde<\/a>.<br \/>\n<\/span><\/p>\n<p class=\"western\" align=\"justify\"><span style=\"font-family: Arial, sans-serif;\">Attention cependant \u00e0 ne pas la confondre avec l\u2019huile de figue de barbarie car la plus grande partie des principes actifs se trouvent concentr\u00e9s dans les graines&#8230; c&rsquo;est-\u00e0-dire les p\u00e9pins.<\/span><\/p>\n<h3 class=\"western\" align=\"justify\"><span style=\"font-family: Arial, sans-serif;\"><u><b>Diff\u00e9rence entre l\u2019huile de p\u00e9pins de figue de barbarie et l\u2019huile de figue de barbarie\u00a0:<\/b><\/u><\/span><\/h3>\n<p class=\"western\" align=\"justify\"><span style=\"font-family: Arial, sans-serif;\">La figue de barbarie est une petite merveille que nous offre la nature : l&rsquo;huile contenue dans ses p\u00e9pins renferme des propri\u00e9t\u00e9s anti-ride \u00e9tonnantes du \u00e0 un taux de vitamine E qui bat tous les records (1000mg\/kg) ! Aucune huile n&rsquo;en contient autant !!!<\/span><\/p>\n<p class=\"western\" align=\"justify\"><span style=\"font-family: Arial, sans-serif;\">L&rsquo;extraction de l&rsquo;huile de p\u00e9pins de figues de barbarie est un v\u00e9ritable d\u00e9fi !<br \/>\nEn effet, seules les p\u00e9pins doivent \u00eatre press\u00e9es \u00e0 froid, et comme ils ne contiennent que 5% d&rsquo;huile, il faudra une tonne de fruits pour l&rsquo;obtention d&rsquo;un seul litre de cet \u00e9lixir !!!<\/span><\/p>\n<p class=\"western\" align=\"justify\"><span style=\"font-family: Arial, sans-serif;\">Cueillir, \u00e9plucher, \u00e9p\u00e9piner, rincer, faire s\u00e9cher, presser et cela \u00e0 froid sont les \u00e9tapes indispensables pour un r\u00e9sultat de qualit\u00e9. Voici donc une explication de son prix \u00e9lev\u00e9.<\/span><\/p>\n<p class=\"western\" align=\"justify\"><span style=\"font-family: Arial, sans-serif;\">Le mac\u00e9r\u00e2t appel\u00e9 \u00ab huile de figue de barbarie \u00bb quant \u00e0 lui, est en fait la mac\u00e9ration du fruit ou de la fleur dans une huile v\u00e9g\u00e9tale, g\u00e9n\u00e9ralement de l\u2019huile de tournesol raffin\u00e9e.<br \/>\nUn cosm\u00e9tique BIO certes, mais ayant des principes actifs et propri\u00e9t\u00e9s diff\u00e9rents de l\u2019huile de p\u00e9pins de figue de barbarie.<\/span><\/p>\n<p class=\"western\" align=\"justify\"><span style=\"font-family: Arial, sans-serif;\">Ce mac\u00e9r\u00e2t est donc moins co\u00fbteux mais beaucoup moins efficace&#8230;<\/span><\/p>\n<h3 class=\"western\" align=\"justify\"><span style=\"font-family: Arial, sans-serif;\"><u><b>VERTUS DE L&rsquo;HUILE DE P\u00c9PINS DE FIGUE DE BARBARIE :<br \/>\n<\/b><\/u><\/span><\/h3>\n<h4 class=\"western\" align=\"justify\"><span style=\"font-family: Arial, sans-serif;\"><u><b>Pour la peau\u00a0:<\/b><\/u><\/span><\/h4>\n<ul>\n<li>\n<p class=\"western\" align=\"justify\"><span style=\"font-family: Arial, sans-serif;\">Un anti acn\u00e9 redoutable :<\/span><\/p>\n<\/li>\n<\/ul>\n<p class=\"western\" align=\"justify\"><span style=\"font-family: Arial, sans-serif;\">Elle est un atout ind\u00e9niable pour les peaux jeunes. M\u00eame \u00e0 tendance grasse. Cette huile est effectivement r\u00e9gulatrice de s\u00e9bum. Tr\u00e8s cicatrisante elle a aussi un effet redoutable sur l&rsquo;acn\u00e9.<\/span><\/p>\n<ul>\n<li>\n<p class=\"western\" align=\"justify\"><span style=\"font-family: Arial, sans-serif;\">Son action est \u00e9galement d&rsquo;une efficacit\u00e9 spectaculaire sur les cicatrices, les vergetures, les t\u00e2ches de vieillesse, l&rsquo;ecz\u00e9ma\u2026<\/span><\/p>\n<\/li>\n<\/ul>\n<p class=\"western\" align=\"justify\"><span style=\"font-family: Arial, sans-serif;\"><span style=\"font-size: medium;\">C&rsquo;est pourquoi il n&rsquo;est pas rare de trouver de l&rsquo;huile de figue de Barbarie dans les cosm\u00e9tiques anti-rides, mais aussi dans les cr\u00e8mes contre les vergetures ou pour les peaux sensibles. Gr\u00e2ce \u00e0 ses propri\u00e9t\u00e9s r\u00e9paratrices, elle est tr\u00e8s efficace pour att\u00e9nuer des cicatrices. Vous pouvez par exemple l&rsquo;utiliser pour diminuer les traces de boutons d&rsquo;acn\u00e9 ou pour adoucir des vergetures.<\/span><\/span><\/p>\n<h4 class=\"western\" align=\"justify\"><span style=\"font-family: Arial, sans-serif;\"><span style=\"font-size: medium;\"><u><b>Haarpflege : <\/b><\/u><\/span><\/span><\/h4>\n<p class=\"western\" align=\"justify\"><span style=\"color: #000000;\"><span style=\"font-family: Arial, sans-serif;\"><span style=\"font-size: medium;\"><span lang=\"fr-FR\">L\u2019huile de figue de barbarie nourrit et hydrate les cheveux, mais pour obtenir l\u2019effet<\/span><\/span><\/span><\/span><span style=\"font-family: Arial, sans-serif;\"> souhait\u00e9, il est n\u00e9cessaire que les cheveux l\u2019absorbe. C\u2019est pourquoi on recommande de laisser agir l\u2019huile de p\u00e9pin de figue de barbarie sur les cheveux un bon quart d\u2019heure au minimum.<br \/>\nTout comme les masques \u00e0 l\u2019huile d\u2019argan, il est pr\u00e9f\u00e9rable de laisser l\u2019huile sur les cheveux plus longtemps. N\u2019ayez aucune crainte, l\u2019huile de figue de barbarie est une huile de grande qualit\u00e9, elle ne laissera vos cheveux ni gras ni collant.<br \/>\nFaites suivre ce masque d\u2019un shampoing doux, \u00e9ventuellement un shampoing \u00e0 l\u2019huile d\u2019argan.<br \/>\nVotre chevelure retrouvera brillance, douceur, souplesse et \u00e9clat.<br \/>\nEn \u00e9t\u00e9, l&rsquo;huile de figue de Barbarie fera le bonheur des cheveux secs. Vous pouvez l&rsquo;utiliser pure, directement sur les pointes, en soin avant le shampoing.<\/span><\/p>\n<p class=\"western\"><span style=\"font-family: Arial, sans-serif;\"><u><b>Hinweise zur Verwendung :<\/b><\/u><\/span><\/p>\n<p class=\"western\">\u2022 <span style=\"font-family: Arial, sans-serif;\">A utiliser pure ou \u00e0 m\u00e9langer \u00e0 de l&rsquo;huile d&rsquo;argan, ou \u00e0 votre cr\u00e8me hydratante. <\/span><\/p>\n<p class=\"western\">\u2022 <span style=\"font-family: Arial, sans-serif;\">Quelques gouttes appliqu\u00e9es sur l&rsquo;ensemble du visage propre et sec. <\/span><\/p>\n<p class=\"western\">\u2022 <span style=\"font-family: Arial, sans-serif;\">Pratiquez des massages doux et circulaires en insistant sur les rides marqu\u00e9es, le contour des yeux et des l\u00e8vres. <\/span><\/p>\n<p class=\"western\">\u2022 <span style=\"font-family: Arial, sans-serif;\">Rituel beaut\u00e9 \u00e0 appliquer de pr\u00e9f\u00e9rence le soir : c&rsquo;est en effet durant la nuit que les cellules se r\u00e9g\u00e9n\u00e8rent. <\/span><\/p>\n<p class=\"western\"><span style=\"font-family: Arial, sans-serif;\">\u00a0<\/span><\/p>\n<p class=\"western\"><span style=\"font-family: Arial, sans-serif;\"><i>Erh\u00e4ltlich in der Gr\u00f6\u00dfe 15ml <\/i><\/span><span style=\"font-family: Arial, sans-serif;\"><i>in<\/i><\/span><span style=\"font-family: Arial, sans-serif;\"><i> seine <\/i><\/span><span style=\"font-family: Arial, sans-serif;\"><i>h\u00fcbsch<\/i><\/span><span style=\"font-family: Arial, sans-serif;\"><i> flacon compte-goutte ambr\u00e9.<\/i><\/span><\/p>\n<p>&nbsp;<\/p>\n<p><span style=\"font-family: Liberation Sans, sans-serif;\"><u><b>INCI-Inhaltsstoffe :<\/b><\/u><\/span><\/p>\n<p><span style=\"color: #00000a;\"><span style=\"font-family: Liberation Sans, sans-serif;\"><span style=\"font-size: medium;\">Huile de p\u00e9pins de figues de Barbarie<\/span><\/span><\/span><\/p>\n<p><span style=\"font-family: Liberation Sans, sans-serif;\"><u><b>Herkunft :<\/b><\/u> <span style=\"font-size: medium;\">Marokko<\/span><\/span><\/p>","protected":false},"excerpt":{"rendered":"<p class=\"western\" align=\"justify\"><span style=\"font-family: Arial, sans-serif;\">D\u00e9couvrez notre huile de p\u00e9pins de figue de barbarie certifi\u00e9e BIO et \u00c9cocert. C\u2019est un v\u00e9ritable \u00e9lixir de beaut\u00e9, le soin anti-ride par excellence parmi tous les cosm\u00e9tiques bio. <\/span><\/p>\n<p class=\"western\" align=\"justify\"><span style=\"font-family: Arial, sans-serif;\">Elle hydrate, prot\u00e8ge, r\u00e9pare les peaux sensibles et ab\u00eem\u00e9es, r\u00e9gule le taux de s\u00e9bum des peaux grasses.<\/span><\/p>\n<p class=\"western\" align=\"justify\"><span style=\"font-family: Arial, sans-serif;\">Elle lisse les ridules, att\u00e9nue les rides, regalbe le visage et le d\u00e9collet\u00e9, estompe les taches, et ses capacit\u00e9s r\u00e9g\u00e9n\u00e9ratrices en font un parfait anti-vergetures.<\/span><\/p>\n<p class=\"western\" align=\"justify\"><span style=\"font-family: Arial, sans-serif;\">Bref, elle fait du bien \u00e0 tous et convient \u00e0 tous les types de peaux. <\/span><\/p>\n<p class=\"western\" align=\"justify\"><span style=\"font-family: Arial, sans-serif;\">Notre huile de p\u00e9pins de figue de barbarie est certifi\u00e9e BIO et Ecocert.<br \/>\n<\/span><\/p>","protected":false},"featured_media":5277,"template":"","meta":[],"product_brand":[],"product_cat":[15,27],"product_tag":[],"class_list":{"0":"post-810","1":"product","2":"type-product","3":"status-publish","4":"has-post-thumbnail","6":"product_cat-huiles-bio","7":"product_cat-bien-etre","9":"first","10":"instock","11":"shipping-taxable","12":"purchasable","13":"product-type-simple"},"_links":{"self":[{"href":"https:\/\/1001vertus.com\/de\/wp-json\/wp\/v2\/product\/810","targetHints":{"allow":["GET"]}}],"collection":[{"href":"https:\/\/1001vertus.com\/de\/wp-json\/wp\/v2\/product"}],"about":[{"href":"https:\/\/1001vertus.com\/de\/wp-json\/wp\/v2\/types\/product"}],"wp:featuredmedia":[{"embeddable":true,"href":"https:\/\/1001vertus.com\/de\/wp-json\/wp\/v2\/media\/5277"}],"wp:attachment":[{"href":"https:\/\/1001vertus.com\/de\/wp-json\/wp\/v2\/media?parent=810"}],"wp:term":[{"taxonomy":"product_brand","embeddable":true,"href":"https:\/\/1001vertus.com\/de\/wp-json\/wp\/v2\/product_brand?post=810"},{"taxonomy":"product_cat","embeddable":true,"href":"https:\/\/1001vertus.com\/de\/wp-json\/wp\/v2\/product_cat?post=810"},{"taxonomy":"product_tag","embeddable":true,"href":"https:\/\/1001vertus.com\/de\/wp-json\/wp\/v2\/product_tag?post=810"}],"curies":[{"name":"wp","href":"https:\/\/api.w.org\/{rel}","templated":true}]}}