{"id":7997,"date":"2023-01-12T20:25:34","date_gmt":"2023-01-12T19:25:34","guid":{"rendered":"https:\/\/1001vertus.com\/?post_type=product&#038;p=7997"},"modified":"2025-09-01T19:12:33","modified_gmt":"2025-09-01T18:12:33","slug":"khamare-vetiverstamme","status":"publish","type":"product","link":"https:\/\/1001vertus.com\/de\/produit\/khamare-tiges-de-vetiver\/","title":{"rendered":"Khamar\u00e9 (Vetiverwurzel)"},"content":{"rendered":"<p>Willkommen in der wunderbaren Welt\u00a0<strong>der wundersamen Vetiverwurzel.<\/strong>\u00a0Ja, wir nehmen Sie mit\u00a0<strong>bei der Entdeckung des kostbaren Khamar\u00e9,<\/strong>\u00a0eine Pflanze mit tausendundeiner Wohltat. Auf geht's zu einer Wohlf\u00fchlreise in die nat\u00fcrliche Welt der Vetiverst\u00e4mme.<\/p>\n<h2><strong>Khamare, Vetiverwurzel oder -st\u00e4ngel, was ist das?<\/strong><\/h2>\n<p>Zun\u00e4chst einmal k\u00f6nnen wir Ihnen die vielen Namen dieser Pflanze mit ihren vielen Vorteilen nennen. Sie finden sie antwortend\u00a0<strong>mit dem exotischen Namen Khamar\u00e9<\/strong>sondern auch auf die von\u00a0<strong>Vetiverst\u00e4ngel oder -wurzel<\/strong>wie auch in\u00a0<strong>s\u00fc\u00dfen Namen Gongoli oder Sodhore.<\/strong>\u00a0Sie stammt urspr\u00fcnglich aus Westafrika, und je nachdem, in welcher Region man sich befindet, unterscheidet sich ihr Kosename. Der Name der Pflanze wird in der Regel nicht mit den zahlreichen positiven Eigenschaften in Verbindung gebracht, die ihr nachgesagt werden.<\/p>\n<p>Es handelt sich um eine Pflanze mit gr\u00fcnen Wurzeln, die in einem B\u00fcschel angeordnet ist und in die H\u00f6he w\u00e4chst. Sie kann 2 bis 3 Meter hoch werden! Gleichzeitig k\u00f6nnen die Wurzeln des Vetiver bis zu 4 Meter tief in den Boden reichen. Das hei\u00dft, es gibt viel zu tun! Aber woher kommen die Vetiverst\u00e4mme und wo wachsen sie?<\/p>\n<h2><strong>Woher stammen die Vetiverst\u00e4mme?<\/strong><\/h2>\n<p>Grunds\u00e4tzlich ist Khamar\u00e9\u00a0<strong>aus Indien und Sri Lanka stammend<\/strong>. Er wurde jedoch in viele tropische L\u00e4nder eingef\u00fchrt. Gegenw\u00e4rtig ist sein Anbau\u00a0<strong>hat sich in fast allen tropischen Lebensr\u00e4umen verbreitet.\u00a0<\/strong>So ist es leicht, ihn vor allem in Indien, China oder Malaysia zu finden.<\/p>\n<p>Aber auch auf Haiti, im Indischen Ozean und im s\u00fcdlichen Afrika. Aus dem einfachen Grund, dass die Vetiverwurzel <strong>w\u00e4chst vor allem in warmen und feuchten Umgebungen.<\/strong>\u00a0Nachdem wir nun seine Urspr\u00fcnge und sein Aussehen bestimmt haben, wollen wir uns die Details ansehen\u00a0<strong>was sind seine zahlreichen Vorteile<\/strong><\/p>\n<h2><strong>Die menschlichen Vorteile der Vetiverwurzel<\/strong><\/h2>\n<p>Die\u00a0<strong>Anzahl der Vorteile, die diese kleinen St\u00e4ngel enthalten, sind unglaublich zahlreich.<\/strong>\u00a0Zun\u00e4chst wird ihm zugeschrieben\u00a0<strong>antiseptische Eigenschaften.<\/strong>\u00a0Er wird insbesondere als Aufguss verwendet, um\u00a0<strong>den Bauch reinigen und den K\u00f6rper entschlacken<\/strong>. Khamare ist auch geeignet f\u00fcr\u00a0<strong>die Durchblutung und die Immunabwehr anregen<\/strong>. Dar\u00fcber hinaus wird es auch eine\u00a0<strong>Hilfe bei der<\/strong>\u00a0<strong>Verdauung und Transit.<\/strong><\/p>\n<p>Aber das ist l\u00e4ngst nicht alles, in \u00d6l<strong>Es ist eine wertvolle Hilfe bei Nesselsucht, Juckreiz und Hautjucken.<\/strong>. Schlie\u00dflich kann man noch anmerken, dass die Vetiverwurzel auch als <strong><a href=\"https:\/\/1001vertus.com\/de\/product\/geschnittene-kirschschwanze\/\">eine Hilfe bei der Gewichtsabnahme<\/a>.<\/strong>\u00a0Hier sind also einige Vorteile aus einer sehr langen und reichhaltigen Liste, die ihm zugeschrieben werden.<\/p>\n<p>Zu den allgemeinen Vorteilen von Vetiverst\u00e4ngeln ist zu sagen, dass sie eine wertvolle Hilfe sind. <strong>bei Angstzust\u00e4nden, Stress oder Nervosit\u00e4t.<\/strong>\u00a0Und ihre kleinen Extras, finden sich in\u00a0<strong>der aphrodisierende Charakter<\/strong>\u00a0die man in ihnen findet. So k\u00f6nnen Sie Ihre Gesundheit mit einem \"kleinen Schub\" verbinden. Hinzu kommt noch Folgendes\u00a0<strong>die St\u00e4ngel des Vetiverbaums weisen spezifische Tugenden f\u00fcr das weibliche Geschlecht auf<\/strong>. Sehen wir uns das genauer an.<\/p>\n<h3><strong>Der Nutzen von Khamare f\u00fcr die Frau im Besonderen<\/strong><\/h3>\n<p>Wenn wir sagen, dass die Liste lang ist, meinen wir das ernst. Wir sprechen also gleich \u00fcber\u00a0<strong>die Vorteile von Khamar\u00e9 f\u00fcr Frauen,<\/strong>\u00a0im Besonderen. Und so ist unter ihnen vor allem seine N\u00fctzlichkeit hervorzuheben\u00a0<strong>zur Linderung von Schmerzen in der Amenorrhoe.<\/strong>\u00a0 Aber genauso\u00a0<strong>zur Linderung von Harnwegsinfektionen.\u00a0<\/strong>Was viele Frauen aber auch an seinen Tugenden sch\u00e4tzen, ist die F\u00e4higkeit\u00a0<strong>Vetiverst\u00e4bchen, die sich auf die Schmierung des Intimbereichs auswirken sollen.\u00a0<\/strong><\/p>\n<p>Und zwar\u00a0<strong>f\u00fcr Frauen, die k\u00fcrzlich entbunden haben<\/strong>Der Khamar\u00e9 wird eine\u00a0<strong>vollst\u00e4ndige Reinigung insbesondere des Bauches<\/strong><\/p>\n<p>Und dar\u00fcber hinaus eine deutlich schnellere Wundheilung an den Folgen der Geburt. Dar\u00fcber hinaus ist Khamare aber auch\u00a0<strong>ein Verb\u00fcndeter beim Stillen!<\/strong>\u00a0Und insbesondere\u00a0<strong>wenn der S\u00e4ugling an Koliken oder Bl\u00e4hungen leidet.\u00a0<\/strong>Schlie\u00dflich die Vetiverwurzeln <strong>k\u00f6nnen der jungen Mutter auch den R\u00fcckweg aus dem Wochenbett und damit die Wiederaufnahme eines regelm\u00e4\u00dfigen Menstruationszyklus erleichtern,<\/strong>\u00a0in k\u00fcrzeren Zeitr\u00e4umen.<\/p>\n<p>Khamare ist also immer wieder f\u00fcr \u00dcberraschungen gut. Hier haben wir seine gesundheitlichen Vorteile ausf\u00fchrlich beschrieben. Aber lassen Sie uns die Reise fortsetzen zu den ungeahnten Verwendungsm\u00f6glichkeiten des wertvollen Khamar\u00e9.<\/p>\n<h3><strong>Weitere ungeahnte Verwendungsm\u00f6glichkeiten von Khamare\u00a0<\/strong><\/h3>\n<p>In der Tat wollte man durch diese Zeilen\u00a0<strong>Ihnen einige Erkenntnisse \u00fcber Vetiver mitteilen, die \u00fcber den Gesundheitsaspekt hinausgehen. <\/strong>So konnten wir bei unseren Recherchen unter anderem erfahren, dass der Anbau von Vetiver, der in bestimmten Regionen insbesondere Folgendes erm\u00f6glicht <strong>entwerfen von Wohnungen.<\/strong><\/p>\n<p>In der Tat, insbesondere,\u00a0<strong>auf der Insel La R\u00e9union<\/strong>Vor allem Vetiver wurde f\u00fcr die Gestaltung von H\u00e4usern oder Nebengeb\u00e4uden verwendet. So war es nicht ungew\u00f6hnlich, dass man auf <strong>H\u00fctten mit W\u00e4nden und Dach aus Vetiver.<\/strong>\u00a0Doch die kostbaren St\u00e4ngel sind noch lange nicht aus der Welt.<\/p>\n<p>Nach dem Trocknen ist Vetiver also ein Strohhalm, der auf verschiedene Arten verwendet werden kann. Zum Beispiel f\u00fcr <strong>das Flechten von H\u00fcten, das Ausstopfen von St\u00fchlen zus\u00e4tzlich zu D\u00e4chern und W\u00e4nden aus Stroh<\/strong>wie wir gerade erkl\u00e4rt haben. Ja, Vetiver wird als erneuerbare Ressource im Bauwesen eingesetzt und erm\u00f6glicht so Folgendes <strong>die H\u00e4user besser gegen Hitze und Schall zu isolieren.<\/strong><\/p>\n<p>Hier sind also einige Informationen \u00fcber Vetiver, die wir gerne mit Ihnen teilen m\u00f6chten. Aber kommen wir zur\u00fcck <strong>\u00fcber den Gesundheitsaspekt von Khamare, Ihnen Details zur Anwendung zu geben.\u00a0<\/strong><\/p>\n<h3><strong>Die gesundheitliche Verwendung von Vetiverst\u00e4mmchen<\/strong><\/h3>\n<p>Bevor wir uns von Ihnen verabschieden, geben wir Ihnen das richtige Rezept, um Ihre Gesundheit mit den vielen Vorteilen der Vetiverwurzel zu pflegen. Und Sie werden feststellen, dass es ganz einfach ist! Nachdem Sie Ihr Khamare unter kaltem Wasser gewaschen haben, k\u00f6nnen Sie es einfach wie einen Tee trinken! Genie\u00dfen Sie den holzigen Geschmack als hei\u00dfen oder kalten Tee, ganz wie Sie wollen.<\/p>\n<p>Um sie warm zu verzehren,\u00a0<strong>Bereiten Sie Ihren Tee zu, indem Sie 1-3 St\u00e4ngel einige Zeit einweichen lassen.<\/strong>\u00a0<strong>Augenblick in hei\u00dfem Wasser<\/strong>\u00a0vor dem Verzehr. Und\u00a0<strong>Wenn Sie sich f\u00fcr die kalte Variante entscheiden, m\u00fcssen Sie die gleiche Menge mindestens 24 Stunden lang in einem gek\u00fchlten Raum ziehen lassen.<\/strong><\/p>\n<p>Sie k\u00f6nnen Ihren Aufguss aus Vetiverwurzeln konsumieren <strong>den ganzen Tag \u00fcber\u00a0<\/strong>in aller Gelassenheit. Und das kleine Extra dieses Geschenks der Natur ist, dass\u00a0<strong>Sie k\u00f6nnen Ihren Vetiverstab bis zu f\u00fcnfmal wiederverwenden, ohne dass seine Vorteile beeintr\u00e4chtigt werden!<\/strong>\u00a0Achten Sie also darauf, sie nicht wegzuwerfen und bewahren Sie sie in ihrem Beutel oder einer luftdichten Dose auf, wenn Sie das bevorzugen.<\/p>\n<p>Und schlie\u00dflich, falls Sie es noch nicht verwendet haben, sollten Sie wissen, dass Khamare auch den Vorteil hat, dass es\u00a0<strong>viele Jahre lang aufbewahrt werden.<\/strong><\/p>","protected":false},"excerpt":{"rendered":"<p>Bienvenue dans le monde merveilleux\u00a0de la racine miraculeuse de Vetiver.\u00a0Eh oui on vous emporte avec nous\u00a0\u00e0 la d\u00e9couverte du pr\u00e9cieux khamar\u00e9,\u00a0une plante aux mille et un bienfaits. C&rsquo;est parti pour un voyage bien \u00eatre dans le monde naturel des tiges de v\u00e9tiver. Le khamar\u00e9, racine ou tiges de Vetiver, qu&rsquo;est-ce que c&rsquo;est ? On peut [&#8230;]\n","protected":false},"featured_media":16513,"template":"","meta":[],"product_brand":[],"product_cat":[27],"product_tag":[],"class_list":{"0":"post-7997","1":"product","2":"type-product","3":"status-publish","4":"has-post-thumbnail","6":"product_cat-bien-etre","8":"first","9":"instock","10":"shipping-taxable","11":"purchasable","12":"product-type-variable"},"_links":{"self":[{"href":"https:\/\/1001vertus.com\/de\/wp-json\/wp\/v2\/product\/7997","targetHints":{"allow":["GET"]}}],"collection":[{"href":"https:\/\/1001vertus.com\/de\/wp-json\/wp\/v2\/product"}],"about":[{"href":"https:\/\/1001vertus.com\/de\/wp-json\/wp\/v2\/types\/product"}],"wp:featuredmedia":[{"embeddable":true,"href":"https:\/\/1001vertus.com\/de\/wp-json\/wp\/v2\/media\/16513"}],"wp:attachment":[{"href":"https:\/\/1001vertus.com\/de\/wp-json\/wp\/v2\/media?parent=7997"}],"wp:term":[{"taxonomy":"product_brand","embeddable":true,"href":"https:\/\/1001vertus.com\/de\/wp-json\/wp\/v2\/product_brand?post=7997"},{"taxonomy":"product_cat","embeddable":true,"href":"https:\/\/1001vertus.com\/de\/wp-json\/wp\/v2\/product_cat?post=7997"},{"taxonomy":"product_tag","embeddable":true,"href":"https:\/\/1001vertus.com\/de\/wp-json\/wp\/v2\/product_tag?post=7997"}],"curies":[{"name":"wp","href":"https:\/\/api.w.org\/{rel}","templated":true}]}}