{"id":797,"date":"2018-09-01T12:36:23","date_gmt":"2018-09-01T11:36:23","guid":{"rendered":"https:\/\/1001vertus.com\/?post_type=product&#038;p=797"},"modified":"2026-01-16T22:54:51","modified_gmt":"2026-01-16T21:54:51","slug":"bio-davocatol","status":"publish","type":"product","link":"https:\/\/1001vertus.com\/de\/produit\/huile-davocat-bio\/","title":{"rendered":"BIO-Avocado\u00f6l"},"content":{"rendered":"<p class=\"western\"><span style=\"color: #000000;\"><span style=\"font-family: Arial, sans-serif;\"><span style=\"font-size: medium;\"><span lang=\"fr-FR\"> L&rsquo;huile d&rsquo;avocat est pr\u00e9cieuse dans les soins pour peaux matures gr\u00e2ce \u00e0 son action antioxydante et r\u00e9g\u00e9n\u00e9rante. <\/span><\/span><\/span><\/span><\/p>\n<p class=\"western\"><span style=\"color: #000000;\"><span style=\"font-family: Arial, sans-serif;\"><span style=\"font-size: medium;\"><span lang=\"fr-FR\">Elle est \u00e9galement b\u00e9n\u00e9fique pour les cheveux parce qu\u2019elle contient des graisses mono insatur\u00e9es, des prot\u00e9ines, du cuivre, de l\u2019acide folique, du magn\u00e9sium et des min\u00e9raux qui renforcent la croissance de vos cheveux.<\/span><\/span><\/span><\/span><\/p>\n<p class=\"western\" align=\"justify\"><span style=\"font-family: Arial, sans-serif;\">Niveau alimentaire\u00a0l<\/span><span style=\"font-family: Arial, sans-serif;\">\u2019huile d\u2019avocat est d\u00e9licate et raffin\u00e9e, elle met une touche ensoleill\u00e9e dans votre cuisine. <\/span><\/p>\n<p class=\"western\" align=\"justify\"><span style=\"font-family: Arial, sans-serif;\">Elle s\u2019utilise pour l\u2019assaisonnement de tous vos plats, viandes, poissons et l\u00e9gumes. C\u2019est un r\u00e9gal avec des p\u00e2tes ou une salade.<\/span><\/p>\n<p class=\"western\" align=\"justify\"><span style=\"font-family: Arial, sans-serif;\"><u><b>VERTUS<\/b><\/u><\/span><\/p>\n<p class=\"western\" align=\"justify\"><span style=\"font-family: Arial, sans-serif;\"><u>Utilisation de l&rsquo;huile v\u00e9g\u00e9tale d&rsquo;avocat pour la peau :<\/u><\/span><\/p>\n<ul>\n<li>\n<p class=\"western\" align=\"justify\"><span style=\"font-family: Arial, sans-serif;\">St\u00e4rkt die Haut und versorgt sie mit Feuchtigkeit.<\/span><\/p>\n<\/li>\n<li>\n<p class=\"western\" align=\"justify\"><span style=\"font-family: Arial, sans-serif;\">Bek\u00e4mpft wirksam die kleinen Wehwehchen des Alltags und Dehnungsstreifen.<\/span><\/p>\n<\/li>\n<li>\n<p class=\"western\" align=\"justify\"><span style=\"font-family: Arial, sans-serif;\">Retarde l\u2019apparition des signes du vieillissement. <\/span><\/p>\n<\/li>\n<li>\n<p class=\"western\" align=\"justify\"><span style=\"font-family: Arial, sans-serif;\">Prot\u00e8ge votre visage des agressions ext\u00e9rieures (froid, vent, soleil)<\/span><\/p>\n<\/li>\n<li>\n<p class=\"western\" align=\"justify\"><span style=\"font-family: Arial, sans-serif;\">Aide la peau \u00e0 se prot\u00e9ger des effets nuisibles des rayons du soleil<\/span><\/p>\n<\/li>\n<li>\n<p class=\"western\" align=\"justify\"><span style=\"font-family: Arial, sans-serif;\">Assouplit, r\u00e9g\u00e9n\u00e8re et aide \u00e0 la cicatrisation.<\/span><\/p>\n<\/li>\n<\/ul>\n<p class=\"western\" align=\"justify\"><span style=\"font-family: Arial, sans-serif;\"><u>Utilisation de l&rsquo;huile v\u00e9g\u00e9tale d&rsquo;avocat sur les cheveux\u00a0:<\/u><\/span><\/p>\n<ul>\n<li>\n<p class=\"western\" align=\"justify\"><span style=\"font-family: Arial, sans-serif;\">Verleiht dem Haar Glanz und Kraft.<\/span><\/p>\n<\/li>\n<li>\n<p class=\"western\" align=\"justify\"><span style=\"font-family: Arial, sans-serif;\">Stimule \u00e9galement la repousse.<\/span><\/p>\n<\/li>\n<\/ul>\n<p>&nbsp;<\/p>\n<p><span style=\"font-family: Liberation Sans, sans-serif;\"><u><b>INCI-Inhaltsstoffe :<\/b><\/u><\/span><\/p>\n<p><span style=\"color: #00000a;\"><span style=\"font-family: Liberation Sans, sans-serif;\"><span style=\"font-size: medium;\">Persea graassima oil (huile vierge d\u2019avocat)<\/span><\/span><\/span><\/p>\n<p><span style=\"font-family: Liberation Sans, sans-serif;\"><u><b>Herkunft :<\/b><\/u> Franz\u00f6sische Herstellung. <span style=\"font-size: medium;\">Die Fr\u00fcchte stammen aus <\/span><span style=\"font-size: medium;\">d\u2019<\/span><span style=\"font-size: medium;\">Spanien, <\/span><span style=\"font-size: medium;\">von <\/span><span style=\"font-size: medium;\">Kenia, aber <\/span><span style=\"font-size: medium;\">possibilit\u00e9<\/span><span style=\"font-size: medium;\"> d\u2019Europe, d\u2019Afrique ou du Mexique.<\/span><\/span><\/p>\n<p>Certifi\u00e9 BIO par COSMOS Organic.<\/p>\n<p class=\"western\" align=\"justify\"><span style=\"font-family: Arial, sans-serif;\"><i>Disponible en format 50ml (bouteille cosm\u00e9tique), 100ml (bouteille \u00ab\u00a0marasca\u00a0\u00bb) ou 900ml (bouteille en plastique).<\/i><\/span><i> <\/i><\/p>\n<p class=\"western\" align=\"justify\">","protected":false},"excerpt":{"rendered":"<p class=\"western\"><span style=\"color: #000000;\"><span style=\"font-family: Arial, sans-serif;\"><span style=\"font-size: medium;\"><span lang=\"fr-FR\">Cette huile vierge est extraite de la pulpe du fruit qui est riche en principes actifs.. D&rsquo;odeur et de go\u00fbt agr\u00e9ables alliant ceux de l&rsquo;avocat et de la noisette, elle s\u2019utilise en cosm\u00e9tique ou alors de mani\u00e8re alimentaire, \u00e0 froid ou en cuisson l\u00e9g\u00e8re pour des saut\u00e9s ou des grillades.<\/span><\/span><\/span><\/span><\/p>\n<p class=\"western\"><span style=\"color: #000000;\"><span style=\"font-family: Arial, sans-serif;\"><span style=\"font-size: medium;\"><span lang=\"fr-FR\">Comme le fruit, l&rsquo;huile d&rsquo;avocat est riche en acides gras essentiels et en vitamines E et B. Elle a un fort pouvoir nutritif, mais elle reste l\u00e9g\u00e8re sur la peau et p\u00e9n\u00e8tre facilement. Particuli\u00e8rement adapt\u00e9e aux peaux s\u00e8ches et fragilis\u00e9es, elle nourrit en profondeur, et redonne \u00e9lasticit\u00e9 et confort \u00e0 la peau. <\/span><\/span><\/span><\/span><\/p>\n<p class=\"western\"><span style=\"color: #000000;\"><span style=\"font-family: Arial, sans-serif;\"><span style=\"font-size: medium;\"><span lang=\"fr-FR\">C&rsquo;est \u00e9galement un embellisseur capillaire qui apporte brillance et vigueur aux cheveux.<\/span><\/span><\/span><\/span><\/p>","protected":false},"featured_media":855,"template":"","meta":[],"product_brand":[],"product_cat":[15,29,27],"product_tag":[],"class_list":{"0":"post-797","1":"product","2":"type-product","3":"status-publish","4":"has-post-thumbnail","6":"product_cat-huiles-bio","7":"product_cat-alimentation","8":"product_cat-bien-etre","10":"first","11":"instock","12":"shipping-taxable","13":"purchasable","14":"product-type-variable"},"_links":{"self":[{"href":"https:\/\/1001vertus.com\/de\/wp-json\/wp\/v2\/product\/797","targetHints":{"allow":["GET"]}}],"collection":[{"href":"https:\/\/1001vertus.com\/de\/wp-json\/wp\/v2\/product"}],"about":[{"href":"https:\/\/1001vertus.com\/de\/wp-json\/wp\/v2\/types\/product"}],"wp:featuredmedia":[{"embeddable":true,"href":"https:\/\/1001vertus.com\/de\/wp-json\/wp\/v2\/media\/855"}],"wp:attachment":[{"href":"https:\/\/1001vertus.com\/de\/wp-json\/wp\/v2\/media?parent=797"}],"wp:term":[{"taxonomy":"product_brand","embeddable":true,"href":"https:\/\/1001vertus.com\/de\/wp-json\/wp\/v2\/product_brand?post=797"},{"taxonomy":"product_cat","embeddable":true,"href":"https:\/\/1001vertus.com\/de\/wp-json\/wp\/v2\/product_cat?post=797"},{"taxonomy":"product_tag","embeddable":true,"href":"https:\/\/1001vertus.com\/de\/wp-json\/wp\/v2\/product_tag?post=797"}],"curies":[{"name":"wp","href":"https:\/\/api.w.org\/{rel}","templated":true}]}}