{"id":777,"date":"2018-08-31T11:47:57","date_gmt":"2018-08-31T10:47:57","guid":{"rendered":"https:\/\/1001vertus.com\/?post_type=product&#038;p=777"},"modified":"2023-04-06T19:07:34","modified_gmt":"2023-04-06T18:07:34","slug":"bio-dailol","status":"publish","type":"product","link":"https:\/\/1001vertus.com\/de\/produit\/huile-dail-bio\/","title":{"rendered":"BIO-Knoblauch\u00f6l"},"content":{"rendered":"<p class=\"western\" align=\"justify\"><span style=\"font-family: Arial, sans-serif;\">L\u2019huile d&rsquo;ail est excellente pour la sant\u00e9, la peau et m\u00eame les cheveux. D&rsquo;ailleurs, utilis\u00e9 depuis plus de 5000 ans, la vie sans ail serait impensable pour certaines cultures. <\/span><\/p>\n<h3 class=\"western\" align=\"justify\"><span style=\"font-family: Arial, sans-serif;\"><u><b>TUGENDEN VON KNOBLAUCH\u00d6L :<br \/>\n<\/b><\/u><\/span><\/h3>\n<h4 align=\"justify\"><span style=\"font-family: Arial, sans-serif;\"><u>Verwendung f\u00fcr die Haare :<\/u><\/span><\/h4>\n<p align=\"justify\"><span style=\"font-family: Arial, sans-serif;\">Les huiles poss\u00e8dent toujours un doux parfum, cependant l&rsquo;huile d\u2019ail a une odeur forte et d\u00e9plaisante mais elle est tr\u00e8s efficace pour la repousse des cheveux et leur entretien.<\/span><\/p>\n<ul>\n<li>\n<p class=\"western\" align=\"justify\"><span style=\"font-family: Arial, sans-serif;\">Bek\u00e4mpft wirksam Haarausfall,<\/span><\/p>\n<\/li>\n<li>\n<p class=\"western\" align=\"justify\"><span style=\"font-family: Arial, sans-serif;\">Favorise la repousse au niveau du bulbe\u00a0capillaire donc particuli\u00e8rement int\u00e9ressante pour les personnes pour qui les cheveux ne poussent plus du tout,<\/span><\/p>\n<\/li>\n<li>\n<p class=\"western\" align=\"justify\"><span style=\"font-family: Arial, sans-serif;\">Macht die Kopfhaut gesund und bek\u00e4mpft Schuppen,<\/span><\/p>\n<\/li>\n<li>\n<p class=\"western\" align=\"justify\"><span style=\"font-family: Arial, sans-serif;\">Donne un bel \u00e9clat aux cheveux secs et fragiles.<\/span><\/p>\n<\/li>\n<\/ul>\n<h4 class=\"western\" align=\"justify\"><span style=\"font-family: Arial, sans-serif;\"><u>Verwendung <\/u><\/span><span style=\"font-family: Arial, sans-serif;\"><u>f\u00fcr die Haut :<\/u><\/span><\/h4>\n<ul>\n<li>\n<p class=\"western\" align=\"justify\"><span style=\"font-family: Arial, sans-serif;\">Aide \u00e0 r\u00e9duire le psoriasis, la dermatite et l\u2019ecz\u00e9ma,<\/span><\/p>\n<\/li>\n<li>\n<p class=\"western\" align=\"justify\"><span style=\"font-family: Arial, sans-serif;\">Melden Sie sich <\/span><span style=\"font-family: Arial, sans-serif;\"><span lang=\"zxx\">l\u2019acn\u00e9 et les boutons,<\/span><\/span><\/p>\n<\/li>\n<li>\n<p class=\"western\" align=\"justify\"><span style=\"font-family: Arial, sans-serif;\">Fonctionne pour le pied d\u2019athl\u00e8te, les cors, durillons ou verrues. Une goutte d\u2019huile d\u2019ail suffit en application localis\u00e9e 2 fois par jour en utilisant un coton-tige. <\/span><\/p>\n<\/li>\n<\/ul>\n<h4 align=\"justify\"><span style=\"font-family: Arial, sans-serif;\"><u>Utilisation pour la sant\u00e9 :<\/u><\/span><\/h4>\n<ul>\n<li>\n<p class=\"western\" align=\"justify\"><span style=\"font-family: Arial, sans-serif;\">Am\u00e9liore la circulation sanguine, la sant\u00e9 cardiovasculaire et diminue la tension art\u00e9rielle,<\/span><\/p>\n<\/li>\n<li>\n<p class=\"western\" align=\"justify\"><span style=\"font-family: Arial, sans-serif;\">Wirksam in F\u00e4llen <\/span><span style=\"font-family: Arial, sans-serif;\"><span lang=\"zxx\">d\u2019infection <\/span><\/span><span style=\"font-family: Arial, sans-serif;\">oder <\/span><span style=\"font-family: Arial, sans-serif;\"><span lang=\"zxx\">de maux d\u2019oreille<\/span><\/span><span style=\"font-family: Arial, sans-serif;\">. Mettez en quelques gouttes dans vos oreilles pour une r\u00e9cup\u00e9ration rapide.<\/span><\/p>\n<\/li>\n<li>\n<p class=\"western\" align=\"justify\"><span style=\"font-family: Arial, sans-serif;\">D\u00e9congestionnant. Il est recommand\u00e9 pour les infections des sinus et les rhumes.<\/span><\/p>\n<\/li>\n<li>\n<p class=\"western\" align=\"justify\"><span style=\"font-family: Arial, sans-serif;\">U<\/span><span style=\"font-family: Arial, sans-serif;\"><span lang=\"zxx\">tile f\u00fcr Ihre Z\u00e4hne<\/span><\/span><span style=\"font-family: Arial, sans-serif;\"> car c\u2019est un agent antibact\u00e9rien et anti-inflammatoire fort. Mettez un peu d\u2019huile d\u2019ail dans votre bouche, elle procurera un soulagement rapide en cas de douleur,<\/span><\/p>\n<\/li>\n<li>\n<p class=\"western\" align=\"justify\"><span style=\"font-family: Arial, sans-serif;\">Fonctionne comme un agent anticanc\u00e9reux puissant. Les compos\u00e9s allyl sulful combattent efficacement le cancer de la prostate, du pancr\u00e9as, de l\u2019\u0153sophage, du sein, du rectum et de l\u2019estomac,<\/span><\/p>\n<\/li>\n<li>\n<p class=\"western\" align=\"justify\"><span style=\"font-family: Arial, sans-serif;\">Efficace contre les bact\u00e9ries <\/span><span style=\"font-family: Arial, sans-serif;\"><i>Staphylococcus aereus<\/i><\/span><span style=\"font-family: Arial, sans-serif;\"> (staphylocoque dor\u00e9), <\/span><span style=\"font-family: Arial, sans-serif;\"><i>Salmonella (<\/i><\/span><span style=\"font-family: Arial, sans-serif;\">Salmonellen<\/span><i><span style=\"font-family: Arial, sans-serif;\">)<\/span><\/i><span style=\"font-family: Arial, sans-serif;\"><i> und H. pylori (<\/i><\/span><span style=\"font-family: Arial, sans-serif;\">Helicobacter<\/span><span style=\"font-family: Arial, sans-serif;\"><i>),<\/i><\/span><\/p>\n<\/li>\n<li>\n<p class=\"western\" align=\"justify\"><span style=\"font-family: Arial, sans-serif;\">Renforcer l\u2019endurance et donne du tonus,<\/span><\/p>\n<\/li>\n<li>\n<p class=\"western\" align=\"justify\"><span style=\"font-family: Arial, sans-serif;\">Efficace dans les traitements\u00a0: de la prostate \u00e9largie, du diab\u00e8te, de l\u2019arthrose, <\/span><\/p>\n<\/li>\n<li>\n<p class=\"western\" align=\"justify\"><span style=\"font-family: Arial, sans-serif;\">Maintient une fonction h\u00e9patique saine,<\/span><\/p>\n<\/li>\n<li>\n<p class=\"western\" align=\"justify\"><span style=\"font-family: Arial, sans-serif;\">Aide \u00e0 la perte de poids,<\/span><\/p>\n<\/li>\n<li>\n<p class=\"western\" align=\"justify\"><span style=\"font-family: Arial, sans-serif;\">Aide \u00e0 expulser les toxines du corps m\u00eame le plomb et le mercure,<\/span><\/p>\n<\/li>\n<li>\n<p class=\"western\" align=\"justify\"><span style=\"font-family: Arial, sans-serif;\">Wirksames Antioxidans,<\/span><\/p>\n<\/li>\n<li>\n<p class=\"western\" align=\"justify\"><span style=\"font-family: Arial, sans-serif;\">Soulage la migraine et les maux de t\u00eate. Frottez l\u2019huile d\u2019ail sur vos tempes, votre front et \u00e0 l\u2019arri\u00e8re de votre cou et masser doucement.<\/span><\/p>\n<\/li>\n<\/ul>\n<p class=\"western\" align=\"justify\"><span style=\"font-family: Arial, sans-serif;\"><span style=\"background-color: transparent; color: #333333; display: inline; float: none; font-family: Georgia,&amp;quot; times new roman&amp;quot;,&amp;quot;bitstream charter&amp;quot;,times,serif; font-size: 16px; font-style: normal; font-variant: normal; font-weight: 400; letter-spacing: normal; line-height: 24px; orphans: 2; text-align: left; text-decoration: none; text-indent: 0px; text-transform: none; -webkit-text-stroke-width: 0px; white-space: normal; word-spacing: 0px; word-wrap: break-word;\">Notre huile d&rsquo;ail est un mac\u00e9r\u00e2t huileux \u00e0 base d&rsquo;huile d&rsquo;olive BIO d&rsquo;Espagne et d&rsquo;ail BIO.<\/span><b style=\"background-color: transparent; color: #333333; font-family: Arial,sans-serif; font-size: 16px; font-style: normal; font-variant: normal; font-weight: bold; letter-spacing: normal; orphans: 2; text-align: justify; text-decoration: none; text-indent: 0px; text-transform: none; -webkit-text-stroke-width: 0px; white-space: normal; word-spacing: 0px;\"><\/b><\/span><\/p>\n<p><u><b>INCI-Inhaltsstoffe :<\/b><\/u><\/p>\n<p>Olea europaea fruit oil<\/p>\n<p>Allium sativium<\/p>\n<p><u><b>Herkunft :<\/b><\/u> Spanien<\/p>\n<p class=\"western\" align=\"justify\"><span style=\"font-family: Arial, sans-serif;\"><i>Disponible en format 50ml (bouteille cosm\u00e9tique) et 100ml (bouteille \u00ab\u00a0marasca\u00a0\u00bb).<br \/>\n<\/i><\/span><\/p>\n<p class=\"western\" align=\"justify\"><span style=\"font-family: Arial, sans-serif;\">Conditions de conservation : Huile v\u00e9g\u00e9tale sensible \u00e0 l&rsquo;oxydation. \u00c0 conserver dans un endroit frais \u00e0 l&rsquo;abri de l&rsquo;air et de la lumi\u00e8re.<\/span><\/p>","protected":false},"excerpt":{"rendered":"<p align=\"justify\"><span style=\"font-family: Arial, sans-serif;\">Connue depuis l&rsquo;Antiquit\u00e9 pour ses vertus m\u00e9dicinales, cette huile v\u00e9g\u00e9tale BIO est obtenue par mac\u00e9ration de gousses d&rsquo;ail pel\u00e9es et \u00e9cras\u00e9es dans de l&rsquo;huile d&rsquo;olive BIO.<\/span><\/p>\n<p class=\"western\" align=\"justify\"><span style=\"font-family: Arial, sans-serif;\">Malgr\u00e9 sa forte odeur, l&rsquo;huile d\u2019Ail\u00a0BIO est une huile de premier choix pour les soins de cheveux et<\/span><span style=\"font-family: Arial, sans-serif;\"> particuli\u00e8rement pour les cheveux secs.<\/span><\/p>\n<p class=\"western\" align=\"justify\"><span style=\"font-family: Arial, sans-serif;\">Antibact\u00e9rienne, d\u00e9congestionnante et d\u00e9sintoxiquante, elle va \u00e0 la fois assainir le cuir chevelu, combattre les pellicules et am\u00e9liorer la circulation sanguine au niveau du bulbe, emp\u00eachant ainsi la chute des cheveux et permettant une pousse plus rapide.<\/span><\/p>\n<p class=\"western\" align=\"justify\"><span style=\"font-family: Arial, sans-serif;\">Mais elle a aussi de nombreuses vertus pour notre corps et notre sant\u00e9. <\/span><\/p>\n<p class=\"western\" align=\"justify\"><span style=\"font-family: Arial, sans-serif;\">Cette huile est certifi\u00e9e BIO par Cosmos et Kosher.<br \/>\n<\/span><\/p>\n<p align=\"justify\">","protected":false},"featured_media":864,"template":"","meta":[],"product_brand":[],"product_cat":[15,29,27,28],"product_tag":[],"class_list":{"0":"post-777","1":"product","2":"type-product","3":"status-publish","4":"has-post-thumbnail","6":"product_cat-huiles-bio","7":"product_cat-alimentation","8":"product_cat-bien-etre","9":"product_cat-medecine-sante","11":"first","12":"instock","13":"shipping-taxable","14":"purchasable","15":"product-type-variable"},"_links":{"self":[{"href":"https:\/\/1001vertus.com\/de\/wp-json\/wp\/v2\/product\/777","targetHints":{"allow":["GET"]}}],"collection":[{"href":"https:\/\/1001vertus.com\/de\/wp-json\/wp\/v2\/product"}],"about":[{"href":"https:\/\/1001vertus.com\/de\/wp-json\/wp\/v2\/types\/product"}],"wp:featuredmedia":[{"embeddable":true,"href":"https:\/\/1001vertus.com\/de\/wp-json\/wp\/v2\/media\/864"}],"wp:attachment":[{"href":"https:\/\/1001vertus.com\/de\/wp-json\/wp\/v2\/media?parent=777"}],"wp:term":[{"taxonomy":"product_brand","embeddable":true,"href":"https:\/\/1001vertus.com\/de\/wp-json\/wp\/v2\/product_brand?post=777"},{"taxonomy":"product_cat","embeddable":true,"href":"https:\/\/1001vertus.com\/de\/wp-json\/wp\/v2\/product_cat?post=777"},{"taxonomy":"product_tag","embeddable":true,"href":"https:\/\/1001vertus.com\/de\/wp-json\/wp\/v2\/product_tag?post=777"}],"curies":[{"name":"wp","href":"https:\/\/api.w.org\/{rel}","templated":true}]}}