{"id":765,"date":"2018-08-24T23:34:59","date_gmt":"2018-08-24T22:34:59","guid":{"rendered":"https:\/\/1001vertus.com\/?post_type=product&#038;p=765"},"modified":"2024-02-09T10:58:40","modified_gmt":"2024-02-09T09:58:40","slug":"distelhonig-aus-marokko-analyse-a-57","status":"publish","type":"product","link":"https:\/\/1001vertus.com\/de\/produit\/miel-de-chardon-du-maroc-analyse-a-57\/","title":{"rendered":"Marokkanischer Distelhonig"},"content":{"rendered":"<p><strong>Venez d\u00e9guster la raret\u00e9 du miel de chardon du Maroc en particulier !<\/strong>\u00a0Une douceur en bouche aussi tendre que d&rsquo;une qualit\u00e9 av\u00e9r\u00e9e. On vous le pr\u00e9sente sans plus tarder !<\/p>\n<h2><strong>Die Urspr\u00fcnge des Distelhonigs<\/strong><\/h2>\n<p>Comme nous le disions ce pr\u00e9cieux nectar est originaire du bassin m\u00e9diterran\u00e9en. Mais c&rsquo;est<strong>\u00a0au Maroc que nous avons trouv\u00e9 d\u00e9finitivement la perle de cette douceur sucr\u00e9e !<\/strong>\u00a0Le chardon, aussi appel\u00e9 le \u00ab chouk \u00bb est une plante vivace et \u00e9pineuse. Mais qui, malgr\u00e9 cela, arbore de\u00a0<strong>jolies fleurs violettes dont le nectar attire nos ch\u00e8res abeilles.<\/strong>\u00a0Et ce, pour le plus grand plaisir de notre palais ! Alors quel go\u00fbt vous appr\u00eatez-vous \u00e0 savourer ?<\/p>\n<h2><strong>Der Geschmack von Distelhonig aus Marokko<\/strong><\/h2>\n<p>Wie bereits erw\u00e4hnt ist der Distelhonig, der direkt aus dem Mittleren Atlas kommt, ein\u00a0<strong>relativ seltener Honig.\u00a0<\/strong>Ainsi, si vous avez l&rsquo;opportunit\u00e9 d&rsquo;y go\u00fbter profitez-en sans plus tarder ! C&rsquo;est un\u00a0<strong>go\u00fbt subtilement parfum\u00e9 aux douces saveurs d\u2019anis ou encore de r\u00e9glisse<\/strong>\u00a0que vous allez appr\u00e9cier avec d\u00e9lice. Une texture tendre et fine que les adeptes reconnaissent d&rsquo;une qualit\u00e9 infinie ! En effet, cette douceur sucr\u00e9e tient une forte renomm\u00e9e dans le monde entier, d&rsquo;autant plus car sa robe dor\u00e9e arbore une tr\u00e8s grande qualit\u00e9. Et nous devons aussi vous parler de ses pr\u00e9cieux bienfaits.<\/p>\n<h3><strong>Die Vorteile, die es enth\u00e4lt\u00a0<\/strong><\/h3>\n<p>Le miel dont on vous parle ici est recommand\u00e9 contre bien des maladies. Notamment en cas d&rsquo;an\u00e9mie, il vient pallier les carences en vitamines et min\u00e9raux en particulier. Ses effets th\u00e9rapeutiques sont av\u00e9r\u00e9s. Le miel de chardon permettra notamment de\u00a0<strong>gu\u00e9rir les diff\u00e9rentes maladies du foie et de pr\u00e9venir certains cancers<\/strong>\u00a0ou encore le diab\u00e8te. Il a aussi comme vertus d&rsquo;<strong>am\u00e9liorer le confort digestif et de faciliter le transit.<\/strong><\/p>\n<p>Pour les couples, le miel de chardon sera aussi une aide car il aide notamment \u00e0 combattre l\u2019impuissance sexuelle. Le miel de chardon permet tout aussi de lutter\u00a0<strong>gegen Stress und M\u00fcdigkeit<\/strong>\u00a0Et pour les mamans allaitantes, il sera aussi un tr\u00e8s bon compagnon car il permet de\u00a0<strong><a href=\"https:\/\/1001vertus.com\/de\/product\/bockshornklee-kapseln-1001-tugenden\/\">die Laktation anregen<\/a>.\u00a0<\/strong><\/p>\n<p>Ne tardez donc plus \u00e0 vous accorder une d\u00e9licieuse d\u00e9gustation !<\/p>\n<p>Accompagn\u00e9 d&rsquo;un miel blanc de Kirghizistan, vous vous rem\u00e9morerez de douces saveurs d&rsquo;enfance.<\/p>","protected":false},"excerpt":{"rendered":"<p>Ce miel provient des fleurs du chardon, cette plante \u00e9pineuse et vivace originaire du bassin m\u00e9diterran\u00e9en. Cependant, \u00e0 l\u2019Antiquit\u00e9, les Romains et Grecs lui vouaient des vertus m\u00e9dicinales sans pareilles.<\/p>\n<p>Bienen lieben es, die Bl\u00fcten der Distel zu sammeln, aber ihr Honig ist dennoch recht selten.<br \/>\nCe miel ambr\u00e9 fonc\u00e9 \u00e0 une odeur forte et un go\u00fbt fruit\u00e9 assez complexe.<\/p>\n<p>Il est un v\u00e9ritable alli\u00e9 pour votre foie. Il le d\u00e9toxifie et traite les maladies le concernant (intoxication, h\u00e9patites, cirrhose), et le prot\u00e8ge lors de la chimioth\u00e9rapie.<br \/>\nIl est \u00e9galement utilis\u00e9 pour traiter le diab\u00e8te ainsi que les troubles digestifs (dyspepsie) et les troubles de la v\u00e9sicule biliaire<br \/>\nSchlie\u00dflich regt es die Milchbildung an.<\/p>","protected":false},"featured_media":1073,"template":"","meta":[],"product_brand":[],"product_cat":[25,29,28,68],"product_tag":[],"class_list":{"0":"post-765","1":"product","2":"type-product","3":"status-publish","4":"has-post-thumbnail","6":"product_cat-miels","7":"product_cat-alimentation","8":"product_cat-medecine-sante","9":"product_cat-miel-maroc","11":"first","12":"instock","13":"shipping-taxable","14":"purchasable","15":"product-type-variable"},"_links":{"self":[{"href":"https:\/\/1001vertus.com\/de\/wp-json\/wp\/v2\/product\/765","targetHints":{"allow":["GET"]}}],"collection":[{"href":"https:\/\/1001vertus.com\/de\/wp-json\/wp\/v2\/product"}],"about":[{"href":"https:\/\/1001vertus.com\/de\/wp-json\/wp\/v2\/types\/product"}],"wp:featuredmedia":[{"embeddable":true,"href":"https:\/\/1001vertus.com\/de\/wp-json\/wp\/v2\/media\/1073"}],"wp:attachment":[{"href":"https:\/\/1001vertus.com\/de\/wp-json\/wp\/v2\/media?parent=765"}],"wp:term":[{"taxonomy":"product_brand","embeddable":true,"href":"https:\/\/1001vertus.com\/de\/wp-json\/wp\/v2\/product_brand?post=765"},{"taxonomy":"product_cat","embeddable":true,"href":"https:\/\/1001vertus.com\/de\/wp-json\/wp\/v2\/product_cat?post=765"},{"taxonomy":"product_tag","embeddable":true,"href":"https:\/\/1001vertus.com\/de\/wp-json\/wp\/v2\/product_tag?post=765"}],"curies":[{"name":"wp","href":"https:\/\/api.w.org\/{rel}","templated":true}]}}