{"id":761,"date":"2018-08-24T23:19:04","date_gmt":"2018-08-24T22:19:04","guid":{"rendered":"https:\/\/1001vertus.com\/?post_type=product&#038;p=761"},"modified":"2026-02-13T11:48:32","modified_gmt":"2026-02-13T10:48:32","slug":"eukalyptushonig-aus-marokko","status":"publish","type":"product","link":"https:\/\/1001vertus.com\/de\/produit\/miel-deucalyptus-du-maroc\/","title":{"rendered":"Eukalyptushonig aus Marokko"},"content":{"rendered":"<p>Die\u00a0<strong>Eukalyptushonig aus Marokko<\/strong>\u00a0zeichnet sich durch seinen einzigartigen Geschmack und seine au\u00dfergew\u00f6hnlichen medizinischen Eigenschaften aus. Dieser k\u00f6stliche Honig stammt aus den Bl\u00fcten des Eukalyptusbaums, der in Marokko weit verbreitet ist. Er bietet zahlreiche gesundheitliche Vorteile, insbesondere bei Husten und Atemwegsinfektionen. In diesem Artikel erfahren Sie mehr \u00fcber die Herkunft des Eukalyptushonigs aus Marokko und seine zahlreichen Vorteile f\u00fcr Ihren K\u00f6rper und Geist.<\/p>\n<h2><strong>Herkunft und Produktion von Eukalyptushonig in Marokko<\/strong><\/h2>\n<p>Eukalyptushonig hat seinen Namen von dem Baum, aus dem er gewonnen wird: dem<strong>Eukalyptus<\/strong>. Diese urspr\u00fcnglich aus Australien stammenden B\u00e4ume wurden im 19. Jahrhundert nach Marokko importiert. Heute findet man im ganzen Land zahlreiche Eukalyptusplantagen.<\/p>\n<p>Die Bl\u00fctezeit des Eukalyptusbaums dauert in der Regel von November bis Dezember. Die Bienen sammeln dann die Bl\u00fcten dieses Baumes und verarbeiten den Nektar zu reichhaltigem und wohlschmeckendem Honig. Die Ernte erfolgt dann zwischen Februar und M\u00e4rz.<\/p>\n<p>Dieser Honig wird nach traditionellen marokkanischen Methoden hergestellt, die eine optimale Qualit\u00e4t garantieren. Die Extraktion erfolgt von Hand, und es werden keine Zusatzstoffe oder W\u00e4rmebehandlungen verwendet, um die nat\u00fcrlichen Eigenschaften des Produkts zu erhalten.<\/p>\n<h2><strong>Eigenschaften und kulinarische Verwendung<\/strong><\/h2>\n<p>Marokkanischer Eukalyptushonig besitzt eine\u00a0<strong>bernsteinfarbenes Kleid<\/strong>Die Farbe ist manchmal gr\u00fcn. Seine Textur ist eher cremig und dickfl\u00fcssig, mit einem leicht k\u00f6rnigen Aussehen, das an Muscovadozucker erinnert. Geschmacklich zeichnet er sich durch holzige und leicht mentholartige Noten aus, die an den Geschmack von Eukalyptus erinnern.<\/p>\n<p>Dieser Honig eignet sich hervorragend, um Ihre s\u00fc\u00dfen oder herzhaften Gerichte zu verfeinern. Er l\u00e4sst sich in einer Vielzahl von Rezepten verwenden :<\/p>\n<ul>\n<li>Als Marinade f\u00fcr gegrilltes Fleisch oder Fisch<\/li>\n<li>In So\u00dfen, um Ihre Gerichte zu begleiten<\/li>\n<li>Auf einer Scheibe warmes Brot mit Butter und einer Prise Salz<\/li>\n<li>Als Beilage zu frischen oder trockenen K\u00e4sesorten<\/li>\n<li>Mit Joghurt, M\u00fcsli oder Fr\u00fcchten gemischt f\u00fcr ein gesundes, energiereiches Fr\u00fchst\u00fcck.<\/li>\n<\/ul>\n<h2><strong>Gesundheitliche Vorteile<\/strong><\/h2>\n<p>Die medizinischen Eigenschaften von Eukalyptushonig sind zahlreich und seit Jahrhunderten bekannt. Hier sind einige der Vorteile, die dieser Honig f\u00fcr Ihre Gesundheit haben kann :<\/p>\n<ul>\n<li><strong>Reich an Antioxidantien und essentiellen N\u00e4hrstoffen<\/strong><\/li>\n<\/ul>\n<p>Eukalyptushonig ist reich an\u00a0<strong>essentielle N\u00e4hrstoffe<\/strong>Die meisten dieser Stoffe sind in der Nahrung enthalten. Diese Elemente helfen, das Immunsystem zu st\u00e4rken und verschiedenen Krankheiten vorzubeugen. Au\u00dferdem besitzt dieser Honig antioxidative Eigenschaften, die dabei helfen, freie Radikale zu bek\u00e4mpfen, die f\u00fcr eine vorzeitige Zellalterung verantwortlich sind.<\/p>\n<ul>\n<li><strong>Linderung der Symptome von Husten und Atemwegsinfektionen<\/strong><\/li>\n<\/ul>\n<p>Aufgrund seiner schleiml\u00f6senden und hustenreizstillenden Eigenschaften wird Eukalyptushonig h\u00e4ufig zur Linderung von\u00a0<strong>Husten<\/strong>\u00a0und die Atemwege frei machen. Er hilft auch, Entz\u00fcndungen im Rachenraum zu reduzieren und sorgt f\u00fcr ein beruhigendes Gef\u00fchl, wenn er hei\u00df mit Zitrone getrunken oder in einen Kr\u00e4utertee gemischt wird.<\/p>\n<ul>\n<li><strong>Hilft bei der Verdauung<\/strong><\/li>\n<\/ul>\n<p>Dieser nat\u00fcrliche Honig tr\u00e4gt zu einer normalen Funktion des Verdauungssystems bei und kann so helfen, Verstopfung, Bl\u00e4hungen und Bauchschmerzen vorzubeugen.<\/p>\n<ul>\n<li><strong>Verringerung von Kopfschmerzen und Migr\u00e4ne<\/strong><\/li>\n<\/ul>\n<p>Die entz\u00fcndungshemmenden und krampfl\u00f6senden Eigenschaften des Eukalyptushonigs aus Marokko sind f\u00fcr ihre Wirkung bei Kopfschmerzen und Migr\u00e4ne bekannt. Tats\u00e4chlich hilft er dabei, die <a href=\"https:\/\/1001vertus.com\/de\/product\/mandelmus\/\"><strong>Muskelverspannungen im Halsbereich<\/strong><\/a> und f\u00f6rdert die Entspannung.<\/p>\n<ul>\n<li><strong>Antibakteriell und wundheilend<\/strong><\/li>\n<\/ul>\n<p>Eukalyptushonig kann auf Wunden oder Verbrennungen aufgetragen werden, um die Heilung zu beschleunigen und das Infektionsrisiko zu verringern. Seine antibakteriellen Eigenschaften machen ihn in solchen Situationen zu einem wertvollen Verb\u00fcndeten.<\/p>\n<h3><strong>Eukalyptushonig aus Marokko: Ein sicherer Wert f\u00fcr Ihre Gesundheit<\/strong><\/h3>\n<p>Letztendlich ist der\u00a0<strong>Eukalyptushonig aus Marokko<\/strong>\u00a0ist ein Naturprodukt mit zahlreichen Vorteilen f\u00fcr unseren Organismus. Da es ebenso schmackhaft wie n\u00fctzlich f\u00fcr unsere Gesundheit ist, verdient es einen festen Platz in unserer t\u00e4glichen Ern\u00e4hrung. Z\u00f6gern Sie nicht, es in Ihre Lieblingsrezepte zu integrieren, um seine medizinischen Vorz\u00fcge voll auszusch\u00f6pfen!<\/p>","protected":false},"excerpt":{"rendered":"<p class=\"western\">Wenn man an Eukalyptus denkt, denkt man oft an Eukalyptusw\u00e4lder, die von Koalas bev\u00f6lkert werden, oder an diesen starken, kampferartigen Geruch, der ein wenig an Minze erinnert. Unser Eukalyptushonig stammt jedoch nicht aus Australien und hat keinen starken Geschmack oder Geruch wie die Bl\u00e4tter und Bl\u00fcten, aus denen er gewonnen wird. Er hat einen warmen, holzigen Geschmack, ist angenehm duftend und hat viele therapeutische und medizinische Eigenschaften.<\/p>","protected":false},"featured_media":1074,"template":"","meta":[],"product_brand":[],"product_cat":[25,29,28,68],"product_tag":[],"class_list":{"0":"post-761","1":"product","2":"type-product","3":"status-publish","4":"has-post-thumbnail","6":"product_cat-miels","7":"product_cat-alimentation","8":"product_cat-medecine-sante","9":"product_cat-miel-maroc","11":"first","12":"instock","13":"shipping-taxable","14":"purchasable","15":"product-type-variable"},"_links":{"self":[{"href":"https:\/\/1001vertus.com\/de\/wp-json\/wp\/v2\/product\/761","targetHints":{"allow":["GET"]}}],"collection":[{"href":"https:\/\/1001vertus.com\/de\/wp-json\/wp\/v2\/product"}],"about":[{"href":"https:\/\/1001vertus.com\/de\/wp-json\/wp\/v2\/types\/product"}],"wp:featuredmedia":[{"embeddable":true,"href":"https:\/\/1001vertus.com\/de\/wp-json\/wp\/v2\/media\/1074"}],"wp:attachment":[{"href":"https:\/\/1001vertus.com\/de\/wp-json\/wp\/v2\/media?parent=761"}],"wp:term":[{"taxonomy":"product_brand","embeddable":true,"href":"https:\/\/1001vertus.com\/de\/wp-json\/wp\/v2\/product_brand?post=761"},{"taxonomy":"product_cat","embeddable":true,"href":"https:\/\/1001vertus.com\/de\/wp-json\/wp\/v2\/product_cat?post=761"},{"taxonomy":"product_tag","embeddable":true,"href":"https:\/\/1001vertus.com\/de\/wp-json\/wp\/v2\/product_tag?post=761"}],"curies":[{"name":"wp","href":"https:\/\/api.w.org\/{rel}","templated":true}]}}