{"id":756,"date":"2018-08-24T22:57:14","date_gmt":"2018-08-24T21:57:14","guid":{"rendered":"https:\/\/1001vertus.com\/?post_type=product&#038;p=756"},"modified":"2023-02-20T14:03:50","modified_gmt":"2023-02-20T13:03:50","slug":"marokkanischer-jujubenhonig-analyse-89","status":"publish","type":"product","link":"https:\/\/1001vertus.com\/de\/produit\/miel-de-jujubier-du-maroc-analyse-a-89\/","title":{"rendered":"Marokkanischer Jujubenhonig"},"content":{"rendered":"<p class=\"western\">Entdecken Sie unseren Honig des marokkanischen Jujubenbaums. Dieser reine Honig hat eine dunkle Bernsteinfarbe und einen komplexen Geschmack: fruchtig, aber mit einigen kleinen s\u00e4uerlichen Ankl\u00e4ngen, die viele begeistern werden.<\/p>\n<p class=\"western\">Marokkanischer Jujubenhonig ist nat\u00fcrlich nicht so selten und ber\u00fchmt wie Jujubenhonig aus dem Jemen oder aus Kaschmir, aber er ist dennoch ein Jujubenhonig von sehr guter Qualit\u00e4t mit einem sehr angenehmen Geschmack und einer angenehmen Textur im Mund.<\/p>\n<p class=\"western\">Er ist wegen seiner therapeutischen Eigenschaften, insbesondere bei Leber- und Magenerkrankungen, sehr begehrt. Aufgrund dieser unz\u00e4hligen Vorteile wurde Jujubenhonig im Forschungszentrum des Ottawa Hospitals untersucht und seine antibakteriellen Eigenschaften haben die anderer Honigsorten \u00fcbertroffen.<\/p>\n<p class=\"western\">Dieser Honig ist auch eine echte Stimulanz f\u00fcr das Immunsystem und erweist sich als hervorragendes Heilmittel f\u00fcr :<\/p>\n<ul>\n<li class=\"western\">Leberfunktionsst\u00f6rungen,<\/li>\n<li class=\"western\">Lebererkrankungen,<\/li>\n<li class=\"western\">An\u00e4mie,<\/li>\n<li class=\"western\">Atemwegserkrankungen wie Asthma, Bronchitis...<\/li>\n<li class=\"western\">Sinusitis und Rhinosinusitis,<\/li>\n<li class=\"western\">Magengeschw\u00fcre,<\/li>\n<li class=\"western\">Verdauungsprobleme,<\/li>\n<li class=\"western\">Verstopfung,<\/li>\n<li class=\"western\">Augenkrankheiten.<\/li>\n<\/ul>\n<p class=\"western\">Es ist auch bekannt, dass es neben seiner Wirkung als Aphrodisiakum die Fruchtbarkeit bei Frauen f\u00f6rdert.<\/p>\n<p class=\"western\">Unser Honig wird auf traditionelle Weise geerntet und kann Wachsreste oder kleine Souvenirs aus dem Bienenstock enthalten. Nach der Abf\u00fcllung kann der Honig kristallisieren, was ein nat\u00fcrliches Ph\u00e4nomen ist und seine Qualit\u00e4t garantiert. Er enth\u00e4lt keine Zusatz- oder Konservierungsstoffe.<\/p>\n<p class=\"western\">Nat\u00fcrlich ist es zur besseren Haltbarkeit in einem Glasgef\u00e4\u00df verpackt.<\/p>\n<p class=\"western\"><i>Erh\u00e4ltlich in Gl\u00e4sern zu 50g, 125g und 250g.<\/i><\/p>","protected":false},"excerpt":{"rendered":"<p class=\"western\">Entdecken Sie unseren Honig aus der marokkanischen Jujube. Dieser reine Honig hat eine dunkle Bernsteinfarbe und einen komplexen Geschmack: fruchtig, aber mit einigen kleinen s\u00e4uerlichen Ankl\u00e4ngen, die viele begeistern werden.<\/p>\n<p class=\"western\">Er ist wegen seiner therapeutischen Eigenschaften, insbesondere bei Leber- und Magenerkrankungen, sehr begehrt. Aufgrund dieser unz\u00e4hligen Vorteile wurde Jujubenhonig im Forschungszentrum des Ottawa Hospitals untersucht und seine antibakteriellen Eigenschaften haben die anderer Honigsorten \u00fcbertroffen.<\/p>\n<p class=\"western\">Es ist auch bekannt, dass es neben seiner Wirkung als Aphrodisiakum die Fruchtbarkeit bei Frauen f\u00f6rdert.<\/p>","protected":false},"featured_media":1078,"template":"","meta":[],"product_brand":[],"product_cat":[25,29,28,68],"product_tag":[],"class_list":{"0":"post-756","1":"product","2":"type-product","3":"status-publish","4":"has-post-thumbnail","6":"product_cat-miels","7":"product_cat-alimentation","8":"product_cat-medecine-sante","9":"product_cat-miel-maroc","11":"first","12":"instock","13":"shipping-taxable","14":"purchasable","15":"product-type-variable"},"_links":{"self":[{"href":"https:\/\/1001vertus.com\/de\/wp-json\/wp\/v2\/product\/756","targetHints":{"allow":["GET"]}}],"collection":[{"href":"https:\/\/1001vertus.com\/de\/wp-json\/wp\/v2\/product"}],"about":[{"href":"https:\/\/1001vertus.com\/de\/wp-json\/wp\/v2\/types\/product"}],"wp:featuredmedia":[{"embeddable":true,"href":"https:\/\/1001vertus.com\/de\/wp-json\/wp\/v2\/media\/1078"}],"wp:attachment":[{"href":"https:\/\/1001vertus.com\/de\/wp-json\/wp\/v2\/media?parent=756"}],"wp:term":[{"taxonomy":"product_brand","embeddable":true,"href":"https:\/\/1001vertus.com\/de\/wp-json\/wp\/v2\/product_brand?post=756"},{"taxonomy":"product_cat","embeddable":true,"href":"https:\/\/1001vertus.com\/de\/wp-json\/wp\/v2\/product_cat?post=756"},{"taxonomy":"product_tag","embeddable":true,"href":"https:\/\/1001vertus.com\/de\/wp-json\/wp\/v2\/product_tag?post=756"}],"curies":[{"name":"wp","href":"https:\/\/api.w.org\/{rel}","templated":true}]}}