{"id":743,"date":"2018-08-20T16:11:56","date_gmt":"2018-08-20T16:11:56","guid":{"rendered":"https:\/\/1001vertus.com\/?post_type=product&#038;p=743"},"modified":"2023-05-06T15:03:49","modified_gmt":"2023-05-06T14:03:49","slug":"weiser-honig-aus-kirgisistan","status":"publish","type":"product","link":"https:\/\/1001vertus.com\/de\/produit\/miel-blanc-du-kirghizistan\/","title":{"rendered":"Wei\u00dfer Honig aus Kirgisistan"},"content":{"rendered":"<p class=\"western\">Kirgisistan ist als \u00abK\u00f6nigreich der Bienenzucht\u00bb bekannt. Entlang der Bergstra\u00dfen oder in abgelegeneren Gegenden kann man zahlreiche Imker beobachten, die seit Generationen ihrer Leidenschaft f\u00fcr Honig nachgehen und um den besten Honig konkurrieren.<\/p>\n<p class=\"western\">Die Region Naryn besteht haupts\u00e4chlich aus hohen Bergen und Hochebenen, die meist \u00fcber 2000 m hoch sind. Auf den Wiesen dieser hohen Berge (den sogenannten \u00ab\u00a0<em>jailoo \u00bb<\/em>), die reich an nektar- und pollenspendenden Pflanzen sind, die von Bienen zum Sammeln aufgesucht werden.<\/p>\n<p class=\"western\">Dieser wei\u00dfe Honig ist ein Monobl\u00fctenhonig, d. h. er hat nur eine einzige Bl\u00fctenquelle: die Esparsette.<\/p>\n<p class=\"western\">Studien zufolge kann Esparsette zehnmal mehr Bienen anziehen als Wei\u00dfklee, und viele Bienenz\u00fcchter sind der Ansicht, dass Esparsettenhonig qualitativ besser ist als Wei\u00dfkleehonig.<\/p>\n<p class=\"western\">Dieser Honig hat eine mittlere Kristallisationszeit. Er hat eine wei\u00dfe Farbe, einen intensiven Geschmack und blumige Aromen und ist eine der seltensten Gourmet-Honigsorten der Welt. <span style=\"color: #000000;\">Er ist das Ergebnis einer Sammelt\u00e4tigkeit in \u00fcber 2000 m H\u00f6he, einer H\u00f6he, die einen unbestreitbaren Effekt auf diesen wilden Bl\u00fctenhonig hervorruft. <\/span><\/p>\n<h3 class=\"western\">Tugenden des wei\u00dfen Honigs :<\/h3>\n<ul>\n<li class=\"western\">nat\u00fcrliche antibakterielle und antioxidative Eigenschaften (hilft, den K\u00f6rper vor durch freie Radikale verursachten Zellsch\u00e4den zu sch\u00fctzen),<\/li>\n<li class=\"western\">st\u00e4rkt das Immunsystem,<\/li>\n<li>Quelle von Vitaminen und Mineralstoffen,<\/li>\n<li>wirkt als St\u00e4rkungsmittel (erh\u00f6ht die Kraft und verringert die M\u00fcdigkeit),<\/li>\n<li>verbessert die Durchblutung und den Stoffwechsel,<\/li>\n<li>sch\u00fctzt vor Magen-Darm-Erkrankungen (wie Gastritis und Magengeschw\u00fcren, die durch Bakterien verursacht werden),<\/li>\n<li>wirkt als nat\u00fcrliches Anti-Aging-Mittel.<\/li>\n<\/ul>\n<p>&nbsp;<\/p>\n<p class=\"western\">Geh\u00f6ren Sie zu den Privilegierten, die diesen wei\u00dfen Nektar von h\u00f6chster Qualit\u00e4t mit dem Aroma von Wildblumen probieren k\u00f6nnen. Eine Verkostung, die Sie in die Hocht\u00e4ler Zentralasiens entf\u00fchren wird.<\/p>\n<h4 class=\"western\"><\/h4>\n<p class=\"western\">Nat\u00fcrlich ist es zur besseren Haltbarkeit in einem Glasgef\u00e4\u00df verpackt.<\/p>\n<p class=\"western\"><i>Erh\u00e4ltlich in Gl\u00e4sern zu 50g, 125g und 250g.<\/i><\/p>\n<p>&nbsp;<\/p>\n<p><strong><u><b>Achtung :<\/b><\/u><\/strong> Wir m\u00f6chten Sie daran erinnern, dass es verboten ist, S\u00e4uglingen Honig zu geben. Lesen Sie mehr dazu <a href=\"https:\/\/1001vertus.com\/de\/honig-fur-sauglinge-verboten\/\">dieser Artikel<\/a>.<\/p>","protected":false},"excerpt":{"rendered":"<p class=\"western\">Kirgisistan ist als \u00abK\u00f6nigreich der Bienenzucht\u00bb bekannt und sein wei\u00dfer Honig ist sehr ber\u00fchmt. Die Medaillen und Preise auf dem letzten \u00abInternationalen Bienenzuchtkongress\u00bb sprechen f\u00fcr sich selbst.<\/p>\n<p class=\"western\">Es ist in den Wiesen der hohen Berge (die \u00ab\u00a0<em>jailoo \u00bb<\/em>), die reich an nektar- und pollenspendenden Pflanzen sind, die von den Bienen zum Sammeln aufgesucht werden. Dieser wei\u00dfe Honig<span style=\"color: #000000;\"> ist das Ergebnis des Sammelns in \u00fcber 2000 m H\u00f6he, einer H\u00f6he, die eine unbestreitbare Wirkung auf diesen wilden Bl\u00fctenhonig hervorruft. <\/span><\/p>\n<p class=\"western\">Er hat einen intensiven Geschmack und blumige Aromen und ist einer der seltensten Gourmet-Honigsorten der Welt. Das hindert ihn jedoch nicht daran, dennoch einige positive Eigenschaften zu besitzen...<\/p>\n<p class=\"western\"><span style=\"color: #000000;\">Geh\u00f6ren Sie zu den Privilegierten, die diesen wei\u00dfen Nektar von h\u00f6chster Qualit\u00e4t mit dem Aroma von Wildblumen probieren k\u00f6nnen. Eine Verkostung, die Sie in die Hocht\u00e4ler Zentralasiens entf\u00fchren wird.<\/span><\/p>","protected":false},"featured_media":1132,"template":"","meta":[],"product_brand":[],"product_cat":[25,29,28],"product_tag":[],"class_list":{"0":"post-743","1":"product","2":"type-product","3":"status-publish","4":"has-post-thumbnail","6":"product_cat-miels","7":"product_cat-alimentation","8":"product_cat-medecine-sante","10":"first","11":"instock","12":"shipping-taxable","13":"purchasable","14":"product-type-variable","15":"has-default-attributes"},"_links":{"self":[{"href":"https:\/\/1001vertus.com\/de\/wp-json\/wp\/v2\/product\/743","targetHints":{"allow":["GET"]}}],"collection":[{"href":"https:\/\/1001vertus.com\/de\/wp-json\/wp\/v2\/product"}],"about":[{"href":"https:\/\/1001vertus.com\/de\/wp-json\/wp\/v2\/types\/product"}],"wp:featuredmedia":[{"embeddable":true,"href":"https:\/\/1001vertus.com\/de\/wp-json\/wp\/v2\/media\/1132"}],"wp:attachment":[{"href":"https:\/\/1001vertus.com\/de\/wp-json\/wp\/v2\/media?parent=743"}],"wp:term":[{"taxonomy":"product_brand","embeddable":true,"href":"https:\/\/1001vertus.com\/de\/wp-json\/wp\/v2\/product_brand?post=743"},{"taxonomy":"product_cat","embeddable":true,"href":"https:\/\/1001vertus.com\/de\/wp-json\/wp\/v2\/product_cat?post=743"},{"taxonomy":"product_tag","embeddable":true,"href":"https:\/\/1001vertus.com\/de\/wp-json\/wp\/v2\/product_tag?post=743"}],"curies":[{"name":"wp","href":"https:\/\/api.w.org\/{rel}","templated":true}]}}