{"id":728,"date":"2018-08-19T14:50:37","date_gmt":"2018-08-19T13:50:37","guid":{"rendered":"https:\/\/1001vertus.com\/?post_type=product&#038;p=728"},"modified":"2023-09-13T18:20:47","modified_gmt":"2023-09-13T17:20:47","slug":"abyssinia-bio-vegetarische-gelen-mit-gemahlenem-nigella-samen-aus-thiopien","status":"publish","type":"product","link":"https:\/\/1001vertus.com\/de\/produit\/gelules-vegetales-bio-abyssinia-a-la-graine-de-nigelle-moulue-dethiopie\/","title":{"rendered":"Abyssinia vegetarische Kapseln mit gemahlenem Nigella-Samen aus \u00c4thiopien"},"content":{"rendered":"<p align=\"justify\"><span style=\"font-family: Arial, sans-serif;\"><span style=\"font-size: medium;\">Es ist also nicht ohne Stolz, dass wir Ihnen diese Kapseln mit Schwarzk\u00fcmmelpulver anbieten, ein au\u00dfergew\u00f6hnliches nat\u00fcrliches Produkt ohne Zusatzstoffe, ein echtes Wohlf\u00fchlkonzentrat, wirksam und einfach in der Anwendung. <\/span><\/span><\/p>\n<p align=\"justify\"><span style=\"font-family: Arial, sans-serif;\"><span style=\"font-size: medium;\">Als Nahrungserg\u00e4nzungsmittel ist Schwarzk\u00fcmmel neben seinen zahlreichen verdauungsf\u00f6rdernden, anregenden und antioxidativen Eigenschaften geeignet, um das Immunsystem zu st\u00e4rken und Infektionen und Allergien vorzubeugen.<\/span><\/span><\/p>\n<p align=\"justify\"><span style=\"font-family: Arial, sans-serif;\"><span style=\"font-size: medium;\"><u><b>Ratschlag zur Verwendung:<\/b><\/u><\/span><\/span><\/p>\n<p align=\"justify\"><span style=\"font-family: Arial, sans-serif;\"><span style=\"font-size: medium;\">Nehmen Sie 1 bis 2 Kapseln morgens und abends, d. h. maximal 4 Kapseln mit Nigella-Pulver pro Tag, 1 bis 2 Monate lang mit einem gro\u00dfen Glas Wasser ein. <\/span><\/span><\/p>\n<h4 class=\"western\" align=\"justify\"><span style=\"font-family: Arial, sans-serif;\"><span style=\"font-size: medium;\"><u><br \/>\nVorsichtsma\u00dfnahmen f\u00fcr den Gebrauch :<\/u><\/span><\/span><\/h4>\n<p align=\"justify\"><span style=\"font-family: Arial, sans-serif;\"><span style=\"font-size: medium;\">- An einem k\u00fchlen, trockenen und lichtgesch\u00fctzten Ort aufbewahren<\/span><\/span><\/p>\n<p align=\"justify\"><span style=\"font-family: Arial, sans-serif;\"><span style=\"font-size: medium;\">- Schwangeren und stillenden Frauen wird von der Einnahme abgeraten.<\/span><\/span><\/p>\n<p align=\"justify\"><span style=\"font-family: Arial, sans-serif;\"><span style=\"font-size: medium;\">- Die Gr\u00f6\u00dfe der Kapseln ist f\u00fcr Kinder unter 12 Jahren nicht zu empfehlen. Bevorzugen Sie in diesem Fall die Einnahme von einem halben Teel\u00f6ffel \u00d6l pro Tag, gemischt mit Fruchtsaft, Honig, Milch oder Joghurt.<\/span><\/span><\/p>\n<p align=\"justify\"><span style=\"font-family: Arial, sans-serif;\"><span style=\"font-size: medium;\">- \u00dcberschreiten Sie nicht die empfohlene Tagesdosis.<\/span><\/span><\/p>\n<p align=\"justify\"><span style=\"font-family: Arial, sans-serif;\"><span style=\"font-size: medium;\">-Au\u00dferhalb der Reichweite von Kindern aufbewahren.<\/span><\/span><\/p>\n<p><u><b>INCI-Inhaltsstoffe :<\/b><\/u><\/p>\n<p>Pulver aus \u00e4thiopischen Nigella-Samen<\/p>\n<p>Kapsel aus Pullulan 100 % pflanzlich, halal, koscher und gentechnikfrei<\/p>\n<p><u><b>Herkunft :<\/b><\/u> Frankreich<\/p>\n<p><u><b>Inhalt :<\/b><\/u> 60 Kapseln zu je 500mg<\/p>\n<p>&nbsp;<\/p>\n<p class=\"western\" align=\"justify\"><span style=\"font-family: Arial, sans-serif;\"><span style=\"font-size: medium;\"><i>M\u00f6chten Sie mehr \u00fcber Nigella erfahren? Finden Sie <a href=\"https:\/\/1001vertus.com\/de\/nigella-der-samen-mit-den-1001-tugenden\/\">ein vollst\u00e4ndiger Artikel<\/a> \u00fcber diese Wunderpflanze in unserer Blog-Rubrik!<\/i><\/span><\/span><\/p>","protected":false},"excerpt":{"rendered":"<p class=\"western\" align=\"justify\"><span style=\"font-family: Arial, sans-serif;\"><span style=\"font-size: medium;\">Viele Menschen sind von den positiven Auswirkungen des Schwarzk\u00fcmmels auf den K\u00f6rper und die Gesundheit \u00fcberzeugt, verzichten aber wegen seines starken und ausgepr\u00e4gten Geschmacks auf dieses erstaunliche Heilmittel. Diese Kapseln wurden haupts\u00e4chlich f\u00fcr diese Menschen entwickelt, die den starken Geschmack des \u00d6ls nicht vertragen oder die Samen und das Pulver des Schwarzk\u00fcmmels als nicht einfach zu konsumieren empfinden.<\/span><\/span><\/p>\n<p class=\"western\" align=\"justify\"><span style=\"font-family: Arial, sans-serif;\"><span style=\"font-size: medium;\">Auch hier bieten wir Ihnen ein Qualit\u00e4tsprodukt an, da das Pulver in den Kapseln das gleiche ist, das wir verkaufen, d. h. ein Pulver, das direkt aus \u00e4thiopischen Samen der h\u00f6chsten Qualit\u00e4tsstufe A gewonnen wird, die von einer unabh\u00e4ngigen Stelle mit einem Reinheitsgrad von 99% zertifiziert wurden. Au\u00dferdem verpflichten wir uns, Ihnen ein Pulver aus intakten Nigella-Samen zu liefern und nicht aus R\u00fcckst\u00e4nden von bereits gepressten Samen, wie es oft auf dem Markt der Fall ist.<\/span><\/span><\/p>","protected":false},"featured_media":14107,"template":"","meta":[],"product_brand":[],"product_cat":[26,53,28,96],"product_tag":[],"class_list":{"0":"post-728","1":"product","2":"type-product","3":"status-publish","4":"has-post-thumbnail","6":"product_cat-nigelle","7":"product_cat-complements-alimentaires","8":"product_cat-medecine-sante","9":"product_cat-roqya-chariya","11":"first","12":"instock","13":"shipping-taxable","14":"purchasable","15":"product-type-simple"},"_links":{"self":[{"href":"https:\/\/1001vertus.com\/de\/wp-json\/wp\/v2\/product\/728","targetHints":{"allow":["GET"]}}],"collection":[{"href":"https:\/\/1001vertus.com\/de\/wp-json\/wp\/v2\/product"}],"about":[{"href":"https:\/\/1001vertus.com\/de\/wp-json\/wp\/v2\/types\/product"}],"wp:featuredmedia":[{"embeddable":true,"href":"https:\/\/1001vertus.com\/de\/wp-json\/wp\/v2\/media\/14107"}],"wp:attachment":[{"href":"https:\/\/1001vertus.com\/de\/wp-json\/wp\/v2\/media?parent=728"}],"wp:term":[{"taxonomy":"product_brand","embeddable":true,"href":"https:\/\/1001vertus.com\/de\/wp-json\/wp\/v2\/product_brand?post=728"},{"taxonomy":"product_cat","embeddable":true,"href":"https:\/\/1001vertus.com\/de\/wp-json\/wp\/v2\/product_cat?post=728"},{"taxonomy":"product_tag","embeddable":true,"href":"https:\/\/1001vertus.com\/de\/wp-json\/wp\/v2\/product_tag?post=728"}],"curies":[{"name":"wp","href":"https:\/\/api.w.org\/{rel}","templated":true}]}}