{"id":725,"date":"2018-08-19T11:54:52","date_gmt":"2018-08-19T10:54:52","guid":{"rendered":"https:\/\/1001vertus.com\/?post_type=product&#038;p=725"},"modified":"2026-05-03T05:11:08","modified_gmt":"2026-05-03T04:11:08","slug":"schwarzkummelol-aus-thiopien-abyssinia","status":"publish","type":"product","link":"https:\/\/1001vertus.com\/de\/produit\/huile-de-nigelle-dethiopie-abyssinia\/","title":{"rendered":"\u00c4thiopisches Schwarzk\u00fcmmel\u00f6l \"Abyssinia\" analysiert - 50ml"},"content":{"rendered":"<p><span style=\"font-family: Arial, sans-serif;\"><span style=\"font-size: medium;\">Unser Schwarzk\u00fcmmel\u00f6l wird durch erste Kaltpressung gewonnen, um alle Vorteile und Tugenden dieses au\u00dfergew\u00f6hnlichen Samens optimal zu bewahren.<\/span><\/span><\/p>\n<p align=\"justify\"><span style=\"font-family: Arial, sans-serif;\"><span style=\"font-size: medium;\">Ces pr\u00e9cieuses graines, de grade A (\u00e0 savoir, la meilleure qualit\u00e9) ont \u00e9t\u00e9 certifi\u00e9es pures \u00e0 99% par un organisme ind\u00e9pendant. Ce pourcentage tr\u00e8s \u00e9lev\u00e9 est le fruit d\u2019un long travail local consistant d\u2019abord en l\u2019utilisation de diff\u00e9rents tamis, puis d\u2019un d\u00e9poussi\u00e9rage et enfin d\u2019un tri manuel afin de retirer tout ce qui pourrait alt\u00e9rer le produit final.<\/span><\/span><\/p>\n<p align=\"justify\"><span style=\"font-family: Arial, sans-serif;\"><span style=\"font-size: medium;\">Da es sich um ein reines und nat\u00fcrliches 100%-Produkt handelt, das keinerlei chemischen Ver\u00e4nderungen oder F\u00e4rbephasen unterliegt, ist es nicht verwunderlich, dass das Aussehen des \u00d6ls, sein Geschmack und seine Farbe im Laufe des Jahres gelegentlich leicht unterschiedlich sein k\u00f6nnen.<\/span><\/span><\/p>\n<p align=\"justify\"><span style=\"font-family: Arial, sans-serif;\"><span style=\"font-size: medium;\">Dans un souci de transparence sur la qualit\u00e9 de notre huile de nigelle d\u2019\u00c9thiopie, celle-ci a \u00e9galement \u00e9t\u00e9 analys\u00e9e par un laboratoire ind\u00e9pendant. Le r\u00e9sultat est sans appel, elle est d\u2019une qualit\u00e9 rare et poss\u00e8dent des taux d\u2019om\u00e9ga 6 (acides gras polyinsatur\u00e9s) exceptionnel de plus de 60% et ce quelque soit la r\u00e9colte dont les graines sont issues tout au long de l&rsquo;ann\u00e9e comme en atteste les analyses faites sur chaque lot de production.<\/span><\/span><\/p>\n<p align=\"justify\"><span style=\"font-family: Arial, sans-serif;\"><span style=\"font-size: medium;\"><i>Remarque : l&rsquo;acide linol\u00e9ique est un acide gras polyinsatur\u00e9 appartenant \u00e0 la famille des om\u00e9ga-6. Cet acide gras n&rsquo;est pas synth\u00e9tis\u00e9 par l&rsquo;organisme. On dit pour cela que c&rsquo;est un acide gras \u00ab\u00a0essentiel\u00a0\u00bb. Une carence en om\u00e9ga-6 peut entra\u00eener une s\u00e9cheresse intense de la peau et des allergies. Au niveau cutan\u00e9, cet acide gras entre dans la composition des c\u00e9ramides. Il participe \u00e0 la reconstitution des lipides \u00e9pidermiques et favorise la bonne coh\u00e9sion des cellules de la peau entre elles. L&rsquo;acide linol\u00e9ique permet de limiter les pertes en eau de la peau tout en pr\u00e9sentant des qualit\u00e9s adoucissantes et nutritives.<\/i><\/span><\/span><\/p>\n<p align=\"justify\"><span style=\"font-family: Arial, sans-serif;\"><span style=\"font-size: medium;\"><br \/>\n<span style=\"color: #020101;\">Schwarzk\u00fcmmel\u00f6l aus \u00c4thiopien hat einige \u00fcberraschende Eigenschaften. Es hat die Besonderheit, dunkler zu sein als seine klassischen Verwandten (\u00c4gypten, Marokko...), die von gelbem Bernstein bis zu hellem Ocker variieren. Nat\u00fcrlich beschr\u00e4nkt sich seine Besonderheit nicht nur darauf. Seine gr\u00f6\u00dfte Besonderheit ist die therapeutische, denn seine Vorteile \u00fcbertreffen die anderer Schwarzk\u00fcmmel\u00f6le. <\/span><\/span><\/span><\/p>\n<p align=\"justify\"><span style=\"font-family: Arial, sans-serif;\"><span style=\"font-size: medium;\">Seit mehr als 2000 Jahren, <strong>der Nigella<\/strong> de mani\u00e8re g\u00e9n\u00e9rale est utilis\u00e9e pour ses vertus pour la sant\u00e9 mais aussi cosm\u00e9tiques. Selon certaines sources, l\u2019huile de Nigelle \u00e9tait utilis\u00e9e comme produit de beaut\u00e9 par Cl\u00e9op\u00e2tre et N\u00e9fertiti. Les \u00e9gyptiens ont encore pour habitude d&rsquo;appeler cette graine \u00ab\u00a0habba al baraka\u00a0\u00bb, qui signifie la \u00ab\u00a0graine b\u00e9nite\u00a0\u00bb.<\/span><\/span><\/p>\n<p><span style=\"font-family: Arial, sans-serif;\"><span style=\"font-size: medium;\">Nigella ist auch Teil der traditionellen indischen Medizin und der chinesischen Medizin, wo es als nat\u00fcrliches Antibiotikum verwendet wird. <\/span><\/span><\/p>\n<p align=\"justify\"><span style=\"font-family: Arial, sans-serif;\"><span style=\"font-size: medium;\"><i>Wir haben dar\u00fcber \u00fcbrigens einen spannenden Artikel verfasst, den Sie in unserem Blog finden k\u00f6nnen.<\/i><\/span><\/span><\/p>\n<p align=\"justify\"><span style=\"font-family: Arial, sans-serif;\"><span style=\"font-size: medium;\">Es handelt sich also um ein jahrhundertealtes Heilmittel, das vor allem aufgrund mehrerer neuerer wissenschaftlicher Forschungen, aber auch durch die Entwicklung des Islams an Popularit\u00e4t gewinnt. <\/span><\/span><\/p>\n<p align=\"justify\"><span style=\"font-family: Arial, sans-serif;\"><span style=\"font-size: medium;\">\u00dcbrigens haben die Pioniere der Medizin, ob Muslime oder nicht, \u00fcber den Nigella und seine zahlreichen positiven Eigenschaften gesprochen. <\/span><\/span><\/p>\n<h2 align=\"justify\"><span style=\"font-family: Arial, sans-serif;\"><span style=\"font-size: medium;\"><b>Die Vorteile von Nigella\u00f6l<\/b><\/span><\/span><\/h2>\n<p align=\"justify\"><span style=\"font-family: Arial, sans-serif;\"><span style=\"font-size: medium;\">Wie bereits gesagt, kann Schwarzk\u00fcmmel\u00f6l sowohl innerlich als auch \u00e4u\u00dferlich angewendet werden. <\/span><\/span><\/p>\n<p align=\"justify\"><span style=\"font-family: Arial, sans-serif;\"><span style=\"font-size: medium;\">Nigella enth\u00e4lt zahlreiche nat\u00fcrliche Bestandteile (Vitamine, Enzyme, Spurenelemente oder auch pflanzliche Omega-6- und Omega-3-Fetts\u00e4uren). Deren gesundheitsf\u00f6rdernde Wirkung ist seit \u00fcber 40 Jahren wissenschaftlich erwiesen. <\/span><\/span><\/p>\n<p align=\"justify\"><span style=\"font-family: Arial, sans-serif;\"><span style=\"font-size: medium;\">Au\u00dferdem enth\u00e4lt es Proteine, Fette, Kohlenhydrate, Aminos\u00e4uren und sekund\u00e4re Metaboliten, die f\u00fcr ihre pharmakologische Wirkung bekannt sind. Diese Komponenten beugen Infektionen und Allergien vor und st\u00e4rken vor allem das Immunsystem.<\/span><\/span><\/p>\n<p><span style=\"font-family: Arial, sans-serif;\"><span style=\"font-size: medium;\">Schwarzk\u00fcmmel\u00f6l ist ein Nahrungserg\u00e4nzungsmittel, mit dem Sie beim Wechsel der Jahreszeiten neue Energie tanken k\u00f6nnen. Wenn Sie jedes Jahr zwei dreiw\u00f6chige Kuren mit Schwarzk\u00fcmmel\u00f6l durchf\u00fchren, k\u00f6nnen Sie Ihr Immunsystem st\u00e4rken und Ihr allgemeines Wohlbefinden verbessern.<\/span><\/span><\/p>\n<p align=\"justify\"><span style=\"font-family: Arial, sans-serif;\"><span style=\"font-size: medium;\"><u><b>Hinweise zur Verwendung :<\/b><\/u><\/span><\/span><\/p>\n<p align=\"justify\"><span style=\"font-family: Arial, sans-serif;\"><span style=\"font-size: medium;\"><u>Dosierung : <\/u><\/span><\/span><\/p>\n<p align=\"justify\"><span style=\"font-family: Arial, sans-serif;\"><span style=\"font-size: medium;\">Zur lokalen Anwendung (Hautpflege, Massagen gegen Verspannungen, Mundwasser...): je nach Beschwerden ein- bis mehrmals t\u00e4glich.<\/span><\/span><\/p>\n<p align=\"justify\"><span style=\"font-family: Arial, sans-serif;\"><span style=\"font-size: medium;\">Schwarzk\u00fcmmel\u00f6l kann auch zur Inhalation verwendet werden.<\/span><\/span><\/p>\n<p align=\"justify\"><span style=\"font-family: Arial, sans-serif;\"><span style=\"font-size: medium;\">Die zersto\u00dfenen Samen k\u00f6nnen in Umschl\u00e4gen verwendet werden, um bestimmte Hautprobleme zu behandeln. <\/span><\/span><\/p>\n<p align=\"justify\"><span style=\"font-family: Arial, sans-serif;\"><span style=\"font-size: medium;\">Es ist auch m\u00f6glich, das \u00d6l in seine Kosmetikprodukte einzuarbeiten.<\/span><\/span><\/p>\n<p align=\"justify\"><span style=\"font-family: Arial, sans-serif;\"><span style=\"font-size: medium;\"><u>Orale Verabreichung :<\/u><\/span><\/span><\/p>\n<p align=\"justify\"><span style=\"font-family: Arial, sans-serif;\"><span style=\"font-size: medium;\">- Erwachsene: T\u00e4glich einen Teel\u00f6ffel auf n\u00fcchternen Magen morgens einnehmen, f\u00fcr Kuren von drei Monaten.<\/span><\/span><\/p>\n<p align=\"justify\"><span style=\"font-family: Arial, sans-serif;\"><span style=\"font-size: medium;\">- F\u00fcr ein Kind (bis 12 Jahre) : Die Einnahme eines halben Teel\u00f6ffels auf n\u00fcchternen Magen morgens jeden Tag ist ausreichend.\u00a0<\/span><\/span><\/p>\n<p align=\"justify\"><span style=\"font-family: Arial, sans-serif;\"><span style=\"font-size: medium;\">Es ist gut zu wissen, dass man Nigella mit Honig, Fruchts\u00e4ften, Milch, Wasser, Oliven\u00f6l usw. mischen kann. Beispielsweise kann man eine Mischung aus einem Teel\u00f6ffel Schwarzk\u00fcmmel\u00f6l mit einem Joghurt zu sich nehmen, um Durchfall zu lindern.<\/span><\/span><\/p>\n<h3 align=\"justify\"><strong><span style=\"font-family: Arial, sans-serif;\"><span style=\"font-size: medium;\">GEGENANZEIGEN<\/span><\/span><\/strong><\/h3>\n<p align=\"justify\"><span style=\"font-family: Arial, sans-serif;\"><span style=\"font-size: medium;\">Auch wenn dies nur nach Verabreichung von Dosen beobachtet wurde, die weit \u00fcber den f\u00fcr den medizinischen Gebrauch empfohlenen Dosen lagen, ist die Einnahme von Nigella bei Schwangeren und Stillenden bei l\u00e4ngerer Anwendung kontraindiziert.<\/span><\/span><\/p>\n<p align=\"justify\"><span style=\"font-family: Arial, sans-serif;\"><span style=\"font-size: medium;\">Ansonsten gibt es keine unerw\u00fcnschten Wirkungen, keine Wechselwirkungen mit Heilpflanzen oder Erg\u00e4nzungsmitteln und keine Wechselwirkungen mit Medikamenten. Bei Patienten, die Antikoagulantien einnehmen, ist jedoch Vorsicht geboten.<\/span><\/span><\/p>\n<p align=\"justify\"><span style=\"font-family: Arial, sans-serif;\"><span style=\"font-size: medium;\"><i>Envie d\u2019en savoir plus sur la nigelle\u00a0? Retrouve <a href=\"https:\/\/1001vertus.com\/de\/nigella-der-samen-mit-den-1001-tugenden\/\">ein vollst\u00e4ndiger Artikel<\/a> \u00fcber diese Wunderpflanze in unserer Blog-Rubrik!<\/i><\/span><\/span><\/p>\n<p><span style=\"font-family: Arial, sans-serif;\"><span style=\"font-size: medium;\"><u><b>Zutaten :<\/b><\/u><\/span><\/span><\/p>\n<p><span style=\"color: #00000a;\"><span style=\"font-family: Arial, sans-serif;\"><span style=\"font-size: medium;\">Nigella-\u00d6l<\/span><\/span><\/span><\/p>\n<p><span style=\"font-family: Arial, sans-serif;\"><span style=\"font-size: medium;\"><u><b>Herkunft :<\/b><\/u> \u00c4thiopien<\/span><\/span><\/p>\n<p align=\"justify\"><span style=\"font-family: Arial, sans-serif;\"><span style=\"font-size: medium;\">Retrouvez cette huile de nigelle exceptionnelle en diff\u00e9rents formats : 50ml, 100ml, 200ml, 500ml et 700ml dans de magnifiques bouteilles en verre de qualit\u00e9 sup\u00e9rieure.<\/span><\/span><\/p>\n<p align=\"justify\"><span style=\"font-family: Arial, sans-serif;\"><span style=\"font-size: medium;\">Aufbewahrungsbedingungen: Pflanzliches \u00d6l, das empfindlich auf Oxidation reagiert. An einem k\u00fchlen (&lt; 20\u00b0C), luft- und lichtgesch\u00fctzten Ort aufbewahren.<\/span><\/span><\/p>\n<p class=\"western\" align=\"justify\">","protected":false},"excerpt":{"rendered":"<p><span style=\"font-family: Arial, sans-serif;\"><span style=\"font-size: medium;\">Mit gro\u00dfem Stolz pr\u00e4sentieren wir Ihnen dieses au\u00dfergew\u00f6hnliche Produkt: das Schwarzk\u00fcmmel\u00f6l \"Abyssinia\" aus \u00c4thiopien. Dieses \u00d6l steckt voller Vorteile, sowohl innerlich als auch \u00e4u\u00dferlich.<\/span><\/span><\/p>\n<p align=\"justify\"><span style=\"font-family: Arial, sans-serif;\"><span style=\"font-size: medium;\">Wie h\u00e4tten wir auch an diesem Produkt mit seinen 1001 Tugenden vorbeigehen k\u00f6nnen? Es war von Anfang an unvorstellbar, dass wir Ihnen keine Produkte mit Schwarzk\u00fcmmel anbieten w\u00fcrden, und zwar mit Schwarzk\u00fcmmel aus \u00c4thiopien. Im \u00dcbrigen haben wir daraus eine komplette Produktreihe namens <i>Abyssinia<\/i> (der fr\u00fchere Name von \u00c4thiopien auf Englisch).<\/span><\/span><\/p>\n<p align=\"justify\"><span style=\"font-family: Arial, sans-serif;\"><span style=\"font-size: medium;\">Der \u00e4thiopische Schwarzk\u00fcmmel, oder \"Habbachiya\" auf Arabisch, ist einfach der beste Schwarzk\u00fcmmelsamen der Welt und damit auch sein \u00d6l.<\/span><\/span><\/p>\n<p align=\"justify\"><span style=\"font-family: Arial, sans-serif;\"><span style=\"font-size: medium;\">Fid\u00e8le \u00e0 notre volont\u00e9 d&rsquo;excellence, <i>Abyssinia<\/i> de 1001 vertus est une huile de nigelle \u00c9thiopienne absolument pure, analys\u00e9e en laboratoire, 100 % naturelle et d\u2019une qualit\u00e9 cosm\u00e9tique et alimentaire irr\u00e9prochable. Elle est garantie sans aucun m\u00e9lange ni traitement chimique. <\/span><\/span><\/p>","protected":false},"featured_media":34016,"template":"","meta":[],"product_brand":[],"product_cat":[26,28,96],"product_tag":[],"class_list":{"0":"post-725","1":"product","2":"type-product","3":"status-publish","4":"has-post-thumbnail","6":"product_cat-nigelle","7":"product_cat-medecine-sante","8":"product_cat-roqya-chariya","10":"first","11":"instock","12":"shipping-taxable","13":"purchasable","14":"product-type-simple"},"_links":{"self":[{"href":"https:\/\/1001vertus.com\/de\/wp-json\/wp\/v2\/product\/725","targetHints":{"allow":["GET"]}}],"collection":[{"href":"https:\/\/1001vertus.com\/de\/wp-json\/wp\/v2\/product"}],"about":[{"href":"https:\/\/1001vertus.com\/de\/wp-json\/wp\/v2\/types\/product"}],"wp:featuredmedia":[{"embeddable":true,"href":"https:\/\/1001vertus.com\/de\/wp-json\/wp\/v2\/media\/34016"}],"wp:attachment":[{"href":"https:\/\/1001vertus.com\/de\/wp-json\/wp\/v2\/media?parent=725"}],"wp:term":[{"taxonomy":"product_brand","embeddable":true,"href":"https:\/\/1001vertus.com\/de\/wp-json\/wp\/v2\/product_brand?post=725"},{"taxonomy":"product_cat","embeddable":true,"href":"https:\/\/1001vertus.com\/de\/wp-json\/wp\/v2\/product_cat?post=725"},{"taxonomy":"product_tag","embeddable":true,"href":"https:\/\/1001vertus.com\/de\/wp-json\/wp\/v2\/product_tag?post=725"}],"curies":[{"name":"wp","href":"https:\/\/api.w.org\/{rel}","templated":true}]}}