{"id":724,"date":"2018-08-19T12:22:20","date_gmt":"2018-08-19T11:22:20","guid":{"rendered":"https:\/\/1001vertus.com\/?post_type=product&#038;p=724"},"modified":"2026-04-20T15:08:44","modified_gmt":"2026-04-20T14:08:44","slug":"schwarzkummelol-aus-marokko","status":"publish","type":"product","link":"https:\/\/1001vertus.com\/de\/produit\/huile-de-nigelle-du-maroc\/","title":{"rendered":"Schwarzk\u00fcmmel\u00f6l aus Marokko"},"content":{"rendered":"<p class=\"western\" align=\"justify\"><span style=\"font-family: Arial, sans-serif;\"><span style=\"font-size: medium;\">Seit \u00fcber 2000 Jahren wird Nigella wegen seiner gesundheitsf\u00f6rdernden, aber auch kosmetischen Eigenschaften verwendet. <\/span><\/span><span style=\"font-family: Arial, sans-serif;\"><span style=\"font-size: medium;\">Einigen Quellen zufolge wurde Schwarzk\u00fcmmel\u00f6l von Kleopatra und Nofretete als Sch\u00f6nheitsmittel verwendet. <\/span><\/span><span style=\"font-family: Arial, sans-serif;\"><span style=\"font-size: medium;\">Bei den \u00c4gyptern ist es immer noch \u00fcblich, diesen Samen \u00abhabba al baraka\u00bb zu nennen, was so viel wie \u00abgesegneter Samen\u00bb bedeutet.<\/span><\/span><\/p>\n<p class=\"western\"><span style=\"font-family: Arial, sans-serif;\"><span style=\"font-size: medium;\">Nigella ist ebenfalls Teil der <\/span><\/span><span style=\"font-family: Arial, sans-serif;\"><span style=\"font-size: medium;\">traditionellen indischen Medizin und der chinesischen Medizin, wo es als nat\u00fcrliches Antibiotikum verwendet wird. <\/span><\/span><\/p>\n<p class=\"western\" align=\"justify\"><span style=\"font-family: Arial, sans-serif;\"><span style=\"font-size: medium;\"><i>Wir haben dar\u00fcber \u00fcbrigens einen spannenden Artikel verfasst, den Sie in unserem Blog finden k\u00f6nnen.<\/i><\/span><\/span><\/p>\n<p align=\"justify\"><span style=\"font-family: Arial, sans-serif;\"><span style=\"font-size: medium;\">Es handelt sich also um ein jahrhundertealtes Heilmittel, das vor allem aufgrund mehrerer neuerer wissenschaftlicher Forschungen, aber auch durch die Entwicklung des Islams an Popularit\u00e4t gewinnt. <\/span><\/span><\/p>\n<p align=\"justify\"><span style=\"font-family: Arial, sans-serif;\"><span style=\"font-size: medium;\">Der Prophet der Muslime, Muhammad, wies seine Gemeinschaft an, ihn zu verwenden, indem er sagte: \"Heilt euch mit Schwarzk\u00fcmmel, denn er ist ein Heilmittel f\u00fcr alle \u00dcbel au\u00dfer dem Tod\" (Hadith-Sammlung von Al-Bukhari). Nigella ist daher eine S\u00e4ule der muslimischen Prophetenmedizin. <\/span><\/span><\/p>\n<p align=\"justify\"><span style=\"font-family: Arial, sans-serif;\"><span style=\"font-size: medium;\">\u00dcbrigens haben die Pioniere der Medizin, ob Muslime oder nicht, \u00fcber den Nigella und seine zahlreichen positiven Eigenschaften gesprochen. <\/span><\/span><\/p>\n<h3 class=\"western\" align=\"justify\"><span style=\"font-family: Arial, sans-serif;\"><span style=\"font-size: x-large;\"><b>Die Vorteile von Nigella\u00f6l<\/b><\/span><\/span><\/h3>\n<p class=\"western\" align=\"justify\"><span style=\"font-family: Arial, sans-serif;\"><span style=\"font-size: medium;\">Wie bereits gesagt, kann Schwarzk\u00fcmmel\u00f6l sowohl innerlich als auch \u00e4u\u00dferlich angewendet werden. <\/span><\/span><\/p>\n<p align=\"justify\"><span style=\"font-family: Times New Roman, serif;\"><span style=\"font-size: medium;\"><span style=\"font-family: Arial, sans-serif;\">Nigella enth\u00e4lt zahlreiche nat\u00fcrliche Bestandteile (Vitamine, Enzyme, Spurenelemente oder auch pflanzliche Omega-6- und Omega-3-Fetts\u00e4uren). Deren gesundheitsf\u00f6rdernde Wirkung ist seit \u00fcber 40 Jahren wissenschaftlich erwiesen. <\/span><\/span><\/span><\/p>\n<p align=\"justify\"><span style=\"font-family: Times New Roman, serif;\"><span style=\"font-size: medium;\"><span style=\"font-family: Arial, sans-serif;\">Au\u00dferdem enth\u00e4lt es Proteine, Fette, Kohlenhydrate, Aminos\u00e4uren und sekund\u00e4re Metaboliten, die f\u00fcr ihre pharmakologische Wirkung bekannt sind. Diese Komponenten beugen Infektionen und Allergien vor und st\u00e4rken vor allem das Immunsystem.<\/span><\/span><\/span><\/p>\n<h3 class=\"western\" align=\"justify\"><span style=\"font-family: Arial, sans-serif;\"><span style=\"font-size: medium;\"><b>Hier eine (nicht vollst\u00e4ndige) Liste<\/b><\/span><\/span><span style=\"font-family: Arial, sans-serif;\"><span style=\"font-size: medium;\">)<\/span><\/span><span style=\"font-family: Arial, sans-serif;\"><span style=\"font-size: medium;\"><b> von 46 Krankheiten und Beschwerden, bei denen Nigella die Heilungschancen f\u00f6rdert :<\/b><\/span><\/span><\/h3>\n<ul>\n<li><span style=\"font-family: Arial, sans-serif;\"><span style=\"font-size: medium;\">Krebs (Bauchspeicheldr\u00fcse, Dickdarm, Prostata, Brust, Lunge, Bauchspeicheldr\u00fcse und sogar Hirnkrebs).<\/span><\/span><\/li>\n<\/ul>\n<ul>\n<li>\n<p class=\"western\" align=\"justify\"><span style=\"font-family: Arial, sans-serif;\"><span style=\"font-size: medium;\">Autoimmunerkrankungen (Lupus, Morbus Crohn...)<\/span><\/span><\/p>\n<\/li>\n<\/ul>\n<ul>\n<li>\n<p class=\"western\" align=\"justify\"><span style=\"font-family: Arial, sans-serif;\"><span style=\"font-size: medium;\">Aids <\/span><\/span><\/p>\n<\/li>\n<li>\n<p class=\"western\" align=\"justify\"><span style=\"font-family: Arial, sans-serif;\"><span style=\"font-size: medium;\">Allergien, Heuschnupfen<\/span><\/span><\/p>\n<\/li>\n<li>\n<p class=\"western\" align=\"justify\"><span style=\"font-family: Arial, sans-serif;\"><span style=\"font-size: medium;\">Entz\u00fcndung<\/span><\/span><\/p>\n<\/li>\n<li>\n<p class=\"western\" align=\"justify\"><span style=\"font-family: Arial, sans-serif;\"><span style=\"font-size: medium;\">Rheuma, Arthritis und andere Gelenkschmerzen<\/span><\/span><\/p>\n<\/li>\n<li>\n<p class=\"western\" align=\"justify\"><span style=\"font-family: Arial, sans-serif;\"><span style=\"font-size: medium;\">Muskelschmerzen<\/span><\/span><\/p>\n<\/li>\n<li>\n<p class=\"western\" align=\"justify\"><span style=\"font-family: Arial, sans-serif;\"><span style=\"font-size: medium;\">R\u00fcckenschmerzen<\/span><\/span><\/p>\n<\/li>\n<li>\n<p class=\"western\" align=\"justify\"><span style=\"font-family: Arial, sans-serif;\"><span style=\"font-size: medium;\">Thoraxkongestion<\/span><\/span><\/p>\n<\/li>\n<li>\n<p class=\"western\" align=\"justify\"><span style=\"font-family: Arial, sans-serif;\"><span style=\"font-size: medium;\">Bronchitis<\/span><\/span><\/p>\n<\/li>\n<li>\n<p class=\"western\" align=\"justify\"><span style=\"font-family: Arial, sans-serif;\"><span style=\"font-size: medium;\">Verstopfte Nase<\/span><\/span><\/p>\n<\/li>\n<li>\n<p class=\"western\" align=\"justify\"><span style=\"font-family: Arial, sans-serif;\"><span style=\"font-size: medium;\">Erk\u00e4ltungen<\/span><\/span><\/p>\n<\/li>\n<li>\n<p class=\"western\" align=\"justify\"><span style=\"font-family: Arial, sans-serif;\"><span style=\"font-size: medium;\">Husten<\/span><\/span><\/p>\n<\/li>\n<li>\n<p class=\"western\" align=\"justify\"><span style=\"font-family: Arial, sans-serif;\"><span style=\"font-size: medium;\">Grippe<\/span><\/span><\/p>\n<\/li>\n<li>\n<p class=\"western\" align=\"justify\"><span style=\"font-family: Arial, sans-serif;\"><span style=\"font-size: medium;\">Halsschmerzen, Angina<\/span><\/span><\/p>\n<\/li>\n<li>\n<p class=\"western\" align=\"justify\"><span style=\"font-family: Arial, sans-serif;\"><span style=\"font-size: medium;\">Kopfschmerzen, Migr\u00e4ne<\/span><\/span><\/p>\n<\/li>\n<li>\n<p class=\"western\" align=\"justify\"><span style=\"font-family: Arial, sans-serif;\">Beruhigt Verbrennungen, Risse und Sonnenbrand.<\/span><\/p>\n<\/li>\n<li>\n<p class=\"western\" align=\"justify\"><span style=\"font-family: Arial, sans-serif;\"><span style=\"font-size: medium;\">Juckreiz<\/span><\/span><\/p>\n<\/li>\n<li>\n<p class=\"western\" align=\"justify\"><span style=\"font-family: Arial, sans-serif;\"><span style=\"font-size: medium;\">Ekzeme, Psoriasis und andere Hautprobleme<\/span><\/span><\/p>\n<\/li>\n<li>\n<p class=\"western\" align=\"justify\"><span style=\"font-family: Arial, sans-serif;\"><span style=\"font-size: medium;\">Akne und kleine Pickel<\/span><\/span><\/p>\n<\/li>\n<li>\n<p class=\"western\" align=\"justify\"><span style=\"font-family: Arial, sans-serif;\"><span style=\"font-size: medium;\">N\u00e4hrt trockene oder gereizte Haut<\/span><\/span><\/p>\n<\/li>\n<li>\n<p class=\"western\" align=\"justify\"><span style=\"font-family: Arial, sans-serif;\"><span style=\"font-size: medium;\">Kahlheit und Haarausfall<\/span><\/span><\/p>\n<\/li>\n<li>\n<p class=\"western\" align=\"justify\"><span style=\"font-family: Arial, sans-serif;\"><span style=\"font-size: medium;\">\u00dcbelkeit und Erbrechen<\/span><\/span><\/p>\n<\/li>\n<li>\n<p class=\"western\" align=\"justify\"><span style=\"font-family: Arial, sans-serif;\"><span style=\"font-size: medium;\">Verdauungsbeschwerden<\/span><\/span><\/p>\n<\/li>\n<li>\n<p class=\"western\" align=\"justify\"><span style=\"font-family: Arial, sans-serif;\"><span style=\"font-size: medium;\">Verstopfung<\/span><\/span><\/p>\n<\/li>\n<li>\n<p class=\"western\" align=\"justify\"><span style=\"font-family: Arial, sans-serif;\"><span style=\"font-size: medium;\">Durchfall<\/span><\/span><\/p>\n<\/li>\n<li>\n<p class=\"western\" align=\"justify\"><span style=\"font-family: Arial, sans-serif;\"><span style=\"font-size: medium;\">Sodbrennen<\/span><\/span><\/p>\n<\/li>\n<li>\n<p class=\"western\" align=\"justify\"><span style=\"font-family: Arial, sans-serif;\"><span style=\"font-size: medium;\">Darmparasiten<\/span><\/span><\/p>\n<\/li>\n<li>\n<p class=\"western\" align=\"justify\"><span style=\"font-family: Arial, sans-serif;\"><span style=\"font-size: medium;\">Gas<\/span><\/span><\/p>\n<\/li>\n<li>\n<p class=\"western\" align=\"justify\"><span style=\"font-family: Arial, sans-serif;\"><span style=\"font-size: medium;\">Zahnschmerzen und Abszesse <\/span><\/span><span style=\"font-family: Arial, sans-serif;\">(als Mundsp\u00fclung)<\/span><\/p>\n<\/li>\n<li>\n<p class=\"western\" align=\"justify\"><span style=\"font-family: Arial, sans-serif;\"><span style=\"font-size: medium;\">Infektionen und Zahnfleischbluten <\/span><\/span><span style=\"font-family: Arial, sans-serif;\">(als Mundsp\u00fclung)<\/span><\/p>\n<\/li>\n<li>\n<p class=\"western\" align=\"justify\"><span style=\"font-family: Arial, sans-serif;\"><span style=\"font-size: medium;\">Infektion der Blase<\/span><\/span><\/p>\n<\/li>\n<li>\n<p class=\"western\" align=\"justify\"><span style=\"font-family: Arial, sans-serif;\"><span style=\"font-size: medium;\">H\u00e4morrhoiden<\/span><\/span><\/p>\n<\/li>\n<li>\n<p class=\"western\" align=\"justify\"><span style=\"font-family: Arial, sans-serif;\"><span style=\"font-size: medium;\">Otitis<\/span><\/span><\/p>\n<\/li>\n<li>\n<p class=\"western\" align=\"justify\"><span style=\"font-family: Arial, sans-serif;\"><span style=\"font-size: medium;\">Asthma<\/span><\/span><\/p>\n<\/li>\n<li>\n<p class=\"western\" align=\"justify\"><span style=\"font-family: Arial, sans-serif;\"><span style=\"font-size: medium;\">Blutdruck<\/span><\/span><\/p>\n<\/li>\n<li>\n<p class=\"western\" align=\"justify\"><span style=\"font-family: Arial, sans-serif;\"><span style=\"font-size: medium;\">Cholesterin<\/span><\/span><\/p>\n<\/li>\n<li>\n<p class=\"western\" align=\"justify\"><span style=\"font-family: Arial, sans-serif;\"><span style=\"font-size: medium;\">Sexuelle Schw\u00e4che<\/span><\/span><\/p>\n<\/li>\n<li>\n<p class=\"western\" align=\"justify\"><span style=\"font-family: Arial, sans-serif;\"><span style=\"font-size: medium;\">Diabetes<\/span><\/span><span style=\"font-family: Arial, sans-serif;\"><span style=\"font-size: medium;\"> (Regelm\u00e4\u00dfiger Verzehr kann den Blutzuckerspiegel und die Insulinresistenz senken, was ihn zu einem wirksamen Mittel zur Vermeidung von Typ-2-Diabetes macht)<\/span><\/span><\/p>\n<\/li>\n<li>\n<p class=\"western\" align=\"justify\"><span style=\"font-family: Arial, sans-serif;\"><span style=\"font-size: medium;\">Seine entw\u00e4ssernde Wirkung tr\u00e4gt zur Ausscheidung von Giftstoffen in Darm und Lunge bei.<\/span><\/span><\/p>\n<\/li>\n<li>\n<p class=\"western\" align=\"justify\"><span style=\"font-family: Arial, sans-serif;\"><span style=\"font-size: medium;\">Verhindert und gleicht Bluthochdruck aus<\/span><\/span><\/p>\n<\/li>\n<li>\n<p class=\"western\" align=\"justify\"><span style=\"font-family: Arial, sans-serif;\"><span style=\"font-size: medium;\">Senkt den schlechten Cholesterinspiegel<\/span><\/span><span style=\"font-family: Arial, sans-serif;\"><span style=\"font-size: medium;\">l<\/span><\/span><\/p>\n<\/li>\n<li>\n<p class=\"western\" align=\"justify\"><span style=\"font-family: Arial, sans-serif;\"><span style=\"font-size: medium;\">Depression<\/span><\/span><\/p>\n<\/li>\n<li>\n<p class=\"western\" align=\"justify\"><span style=\"font-family: Arial, sans-serif;\"><span style=\"font-size: medium;\">Schlaflosigkeit<\/span><\/span><\/p>\n<\/li>\n<li>\n<p class=\"western\" align=\"justify\"><span style=\"font-family: Arial, sans-serif;\"><span style=\"font-size: medium;\">Unfruchtbarkeit<\/span><\/span><\/p>\n<\/li>\n<li>\n<p class=\"western\" align=\"justify\"><span style=\"font-family: Arial, sans-serif;\"><span style=\"font-size: medium;\">Ged\u00e4chtnisst\u00f6rungen<\/span><\/span><\/p>\n<\/li>\n<\/ul>\n<p class=\"western\" align=\"justify\"><span style=\"font-family: Arial, sans-serif;\"><span style=\"font-size: medium;\"><i>Achtung: Bei schweren Krankheiten wie Krebs, AIDS oder Autoimmunerkrankungen sollte Nigella als alternative oder zus\u00e4tzliche Behandlung eingesetzt werden. <\/i><\/span><\/span><\/p>\n<p class=\"western\" align=\"justify\"><span style=\"font-family: Arial, sans-serif;\"><span style=\"font-size: medium;\"><i>Auch wenn die j\u00fcngsten Studien zu diesem Thema atemberaubend sind, sollten Sie auf keinen Fall etwaige Behandlungen abbrechen und sich ausschlie\u00dflich dem Schwarzk\u00fcmmel zuwenden, und wir lehnen jede Verantwortung ab, falls dies doch der Fall sein sollte.<\/i><\/span><\/span><\/p>\n<p><span style=\"font-family: Arial, sans-serif;\"><span style=\"font-size: medium;\">Schwarzk\u00fcmmel\u00f6l ist ein Nahrungserg\u00e4nzungsmittel, mit dem Sie beim Wechsel der Jahreszeiten neue Energie tanken k\u00f6nnen. Wenn Sie jedes Jahr zwei dreiw\u00f6chige Kuren mit Schwarzk\u00fcmmel\u00f6l durchf\u00fchren, k\u00f6nnen Sie Ihr Immunsystem st\u00e4rken und Ihr allgemeines Wohlbefinden verbessern.<\/span><\/span><\/p>\n<p>&nbsp;<\/p>\n<h3 align=\"justify\"><span style=\"font-family: Arial, sans-serif;\"><span style=\"font-size: medium;\"><u><b>Hinweise zur Verwendung :<\/b><\/u><\/span><\/span><\/h3>\n<p align=\"justify\"><span style=\"font-family: Arial, sans-serif;\"><span style=\"font-size: medium;\"><u>Dosierung : <\/u><\/span><\/span><\/p>\n<p align=\"justify\"><span style=\"font-family: Arial, sans-serif;\"><span style=\"font-size: medium;\">Zur lokalen Anwendung (Hautpflege, Massagen gegen Verspannungen, Mundwasser...): je nach Beschwerden ein- bis mehrmals t\u00e4glich.<\/span><\/span><\/p>\n<p align=\"justify\"><span style=\"font-family: Times New Roman, serif;\"><span style=\"font-size: medium;\"><span style=\"font-family: Arial, sans-serif;\">Schwarzk\u00fcmmel\u00f6l kann auch zur Inhalation verwendet werden.<\/span><\/span><\/span><\/p>\n<p align=\"justify\"><span style=\"font-family: Times New Roman, serif;\"><span style=\"font-size: medium;\"><span style=\"font-family: Arial, sans-serif;\">Die zersto\u00dfenen Samen k\u00f6nnen in Umschl\u00e4gen verwendet werden, um bestimmte Hautprobleme zu behandeln. <\/span><\/span><\/span><\/p>\n<p align=\"justify\"><span style=\"font-family: Arial, sans-serif;\"><span style=\"font-size: medium;\">Es ist auch m\u00f6glich, das \u00d6l in seine Kosmetikprodukte einzuarbeiten.<\/span><\/span><\/p>\n<p align=\"justify\"><span style=\"font-family: Arial, sans-serif;\"><span style=\"font-size: medium;\"><u>Orale Verabreichung :<\/u><\/span><\/span><\/p>\n<p align=\"justify\"><span style=\"font-family: Arial, sans-serif;\"><span style=\"font-size: medium;\">- Erwachsene: T\u00e4glich einen Teel\u00f6ffel auf n\u00fcchternen Magen morgens einnehmen, f\u00fcr Kuren von drei Monaten.<\/span><\/span><\/p>\n<p align=\"justify\"><span style=\"font-family: Arial, sans-serif;\"><span style=\"font-size: medium;\">- F\u00fcr ein Kind (bis 12 Jahre) : Die Einnahme eines halben Teel\u00f6ffels auf n\u00fcchternen Magen morgens jeden Tag ist ausreichend.\u00a0<\/span><\/span><\/p>\n<p align=\"justify\"><span style=\"font-family: Arial, sans-serif;\"><span style=\"font-size: medium;\">Es ist gut zu wissen, dass man Nigella mit Honig, Fruchts\u00e4ften, Milch, Wasser, Oliven\u00f6l usw. mischen kann. Beispielsweise kann man eine Mischung aus einem Teel\u00f6ffel Schwarzk\u00fcmmel\u00f6l mit einem Joghurt zu sich nehmen, um Durchfall zu lindern.<\/span><\/span><\/p>\n<p align=\"justify\"><span style=\"font-family: Times New Roman, serif;\"><span style=\"font-size: medium;\"><strong><span style=\"font-family: Arial, sans-serif;\">GEGENANZEIGEN :<br \/>\n<\/span><\/strong><\/span><\/span><\/p>\n<p class=\"western\" align=\"justify\"><span style=\"font-family: Arial, sans-serif;\"><span style=\"font-size: medium;\">Auch wenn dies nur nach Verabreichung von Dosen beobachtet wurde, die weit \u00fcber den f\u00fcr den medizinischen Gebrauch empfohlenen Dosen lagen, ist die Einnahme von Nigella bei Schwangeren und Stillenden bei l\u00e4ngerer Anwendung kontraindiziert.<\/span><\/span><\/p>\n<p class=\"western\" align=\"justify\"><span style=\"font-family: Arial, sans-serif;\"><span style=\"font-size: medium;\">Ansonsten gibt es keine unerw\u00fcnschten Wirkungen, keine Wechselwirkungen mit Heilpflanzen oder Erg\u00e4nzungsmitteln und keine Wechselwirkungen mit Medikamenten. Bei Patienten, die Antikoagulantien einnehmen, ist jedoch Vorsicht geboten.<\/span><\/span><\/p>\n<p class=\"western\" align=\"justify\"><span style=\"font-family: Arial, sans-serif;\"><span style=\"font-size: medium;\">\u00a0<\/span><\/span><\/p>\n<p><span style=\"font-family: Liberation Sans, sans-serif;\"><u><b>Ing<\/b><\/u><u><b>r<\/b><\/u><u><b>INCI-Erzeugnisse:<\/b><\/u><\/span><\/p>\n<p><span style=\"color: #00000a;\"><span style=\"font-family: Liberation Sans, sans-serif;\"><span style=\"font-size: medium;\">Nigella-\u00d6l<\/span><\/span><\/span><\/p>\n<p><span style=\"font-family: Liberation Sans, sans-serif;\"><u><b>Herkunft :<\/b><\/u> <span style=\"font-size: medium;\">Marokko<\/span><\/span><\/p>\n<p><u><b>Inhalt :<\/b><\/u><b> <\/b>100ml<\/p>\n<p>&nbsp;<\/p>\n<p class=\"western\" align=\"justify\"><span style=\"font-family: Arial, sans-serif;\"><span style=\"font-size: medium;\">Aufbewahrungsbedingungen: Pflanzliches \u00d6l, das empfindlich auf Oxidation reagiert. An einem k\u00fchlen (&lt; 20\u00b0C), luft- und lichtgesch\u00fctzten Ort aufbewahren.<\/span><\/span><\/p>\n<p class=\"western\"><span style=\"font-family: Arial, sans-serif;\"><span style=\"font-size: medium;\"><i>M\u00f6chten Sie mehr \u00fcber Nigella erfahren? Finden Sie einen ausf\u00fchrlichen Artikel \u00fcber diese Wunderpflanze in unserer Blog-Rubrik!<\/i><\/span><\/span><\/p>","protected":false},"excerpt":{"rendered":"<p align=\"justify\"><span style=\"font-family: Times New Roman, serif;\"><span style=\"font-size: medium;\"><span style=\"font-family: Arial, sans-serif;\">Schwarzk\u00fcmmel\u00f6l ist ein Produkt mit 1001 Tugenden, weshalb wir es Ihnen in verschiedenen Versionen anbieten (marokkanisch und \u00e4thiopisch). Wir haben daraus sogar eine ganze Produktreihe namens <\/span><span style=\"font-family: Arial, sans-serif;\"><i>Abyssinia<\/i><\/span><span style=\"font-family: Arial, sans-serif;\">.<\/span><\/span><\/span><\/p>\n<p align=\"justify\"><span style=\"font-family: Times New Roman, serif;\"><span style=\"font-size: medium;\"><span style=\"font-family: Arial, sans-serif;\">Dieses \u00d6l <\/span><span style=\"font-family: Arial, sans-serif;\">strotzt vor Vorteilen<\/span><span style=\"font-family: Arial, sans-serif;\">,<\/span><span style=\"font-family: Arial, sans-serif;\"> auf interner Ebene, aber auch auf externer Ebene.<\/span><\/span><\/span><\/p>\n<p align=\"justify\"><span style=\"font-family: Times New Roman, serif;\"><span style=\"font-size: medium;\"><span style=\"font-family: Arial, sans-serif;\">Unser marokkanisches Schwarzk\u00fcmmel\u00f6l ist absolut rein, 100 % naturbelassen und von hoher Qualit\u00e4t.<\/span><span style=\"font-family: Arial, sans-serif;\">einwandfreie Kosmetik- und Lebensmittelqualit\u00e4t<\/span><span style=\"font-family: Arial, sans-serif;\">. <\/span><span style=\"font-family: Arial, sans-serif;\">Sie ist <\/span><span style=\"font-family: Arial, sans-serif;\">durch erste Kaltpressung gewonnen, um <\/span><span style=\"font-family: Arial, sans-serif;\">alle seine Vorteile und Tugenden optimal zu bewahren. Sie wird vor Ort aus lokalen Samen aus der Region Ouazzane gepresst.<\/span><\/span><\/span><\/p>","protected":false},"featured_media":899,"template":"","meta":[],"product_brand":[],"product_cat":[26,28,96],"product_tag":[],"class_list":{"0":"post-724","1":"product","2":"type-product","3":"status-publish","4":"has-post-thumbnail","6":"product_cat-nigelle","7":"product_cat-medecine-sante","8":"product_cat-roqya-chariya","10":"first","11":"instock","12":"shipping-taxable","13":"purchasable","14":"product-type-simple"},"_links":{"self":[{"href":"https:\/\/1001vertus.com\/de\/wp-json\/wp\/v2\/product\/724","targetHints":{"allow":["GET"]}}],"collection":[{"href":"https:\/\/1001vertus.com\/de\/wp-json\/wp\/v2\/product"}],"about":[{"href":"https:\/\/1001vertus.com\/de\/wp-json\/wp\/v2\/types\/product"}],"wp:featuredmedia":[{"embeddable":true,"href":"https:\/\/1001vertus.com\/de\/wp-json\/wp\/v2\/media\/899"}],"wp:attachment":[{"href":"https:\/\/1001vertus.com\/de\/wp-json\/wp\/v2\/media?parent=724"}],"wp:term":[{"taxonomy":"product_brand","embeddable":true,"href":"https:\/\/1001vertus.com\/de\/wp-json\/wp\/v2\/product_brand?post=724"},{"taxonomy":"product_cat","embeddable":true,"href":"https:\/\/1001vertus.com\/de\/wp-json\/wp\/v2\/product_cat?post=724"},{"taxonomy":"product_tag","embeddable":true,"href":"https:\/\/1001vertus.com\/de\/wp-json\/wp\/v2\/product_tag?post=724"}],"curies":[{"name":"wp","href":"https:\/\/api.w.org\/{rel}","templated":true}]}}