{"id":723,"date":"2018-08-18T23:24:08","date_gmt":"2018-08-18T23:24:08","guid":{"rendered":"https:\/\/1001vertus.com\/?post_type=product&#038;p=723"},"modified":"2026-04-24T04:04:47","modified_gmt":"2026-04-24T03:04:47","slug":"kardoune-algerien","status":"publish","type":"product","link":"https:\/\/1001vertus.com\/de\/produit\/kardoune-algerien\/","title":{"rendered":"Algerische Kardoune"},"content":{"rendered":"<p class=\"western\"><span style=\"font-family: Arial, sans-serif;\">Depuis des g\u00e9n\u00e9rations, l&rsquo;utilisation du kardoune est un secret qui se transmet de m\u00e8re en fille, au Maghreb, pour lisser, renforcer et redonner \u00e9clat \u00e0 leurs cheveux.<\/span><\/p>\n<p class=\"western\"><span style=\"color: #000000;\"><span style=\"font-family: Arial, sans-serif;\"><span style=\"font-size: medium;\"><span lang=\"fr-FR\">Es handelt sich um einen <\/span><\/span><\/span><\/span><a href=\"https:\/\/www.islam-oumma.fr\/kardoune\/\" target=\"_blank\" rel=\"noopener\"><strong><span style=\"color: #000000;\"><span style=\"font-family: Arial, sans-serif;\"><span style=\"font-size: medium;\"><span lang=\"fr-FR\">ruban tiss\u00e9 traditionnel<\/span><\/span><\/span><\/span><\/strong><\/a><span style=\"color: #000000;\"><span style=\"font-family: Arial, sans-serif;\"><span style=\"font-size: medium;\"><span lang=\"fr-FR\"> tr\u00e8s connu et tr\u00e8s utilis\u00e9 <\/span><\/span><\/span><\/span><span style=\"color: #000000;\"><span style=\"font-family: Arial, sans-serif;\"><span style=\"font-size: medium;\"><span lang=\"fr-FR\">par les femmes pour le soin et la beaut\u00e9 des cheveux, notamment en Kabylie (Alg\u00e9rie) d&rsquo;o\u00f9 est originaire ce fameux accessoire aux couleurs de cette r\u00e9gion berb\u00e8re. Le terme arabe<\/span><\/span><\/span><\/span><em><span style=\"color: #000000;\"><span style=\"font-family: Arial, sans-serif;\"><span style=\"font-size: medium;\"><span lang=\"fr-FR\"> kardoune<\/span><\/span><\/span><\/span><\/em><span style=\"color: #000000;\"><span style=\"font-family: Arial, sans-serif;\"><span style=\"font-size: medium;\"><span lang=\"fr-FR\"> signifie en fran\u00e7ais \u00ab\u00a0cordon\u00a0\u00bb.<\/span><\/span><\/span><\/span><\/p>\n<p class=\"western\"><span style=\"font-family: Arial, sans-serif;\">Il sert \u00e0 lisser ses cheveux sans chaleur et \u00e0 prot\u00e9ger les cheveux des frottements pendant la nuit.<\/span><\/p>\n<p class=\"western\"><span style=\"font-family: Arial, sans-serif;\">Efficace sur tout type de cheveux, ondul\u00e9s, fris\u00e9s, boucl\u00e9s, il rend les cheveux doux, souples et brillants, prot\u00e8ge les longueurs de la casse et emp\u00eache la formation de fourches. <\/span><\/p>\n<p><span style=\"font-family: Arial, sans-serif;\">Il peut s&rsquo;utiliser sur cheveux secs ou mouill\u00e9. <\/span><\/p>\n<p><span style=\"font-family: Arial, sans-serif;\">Imit\u00e9 mais jamais \u00e9gal\u00e9, on reconna\u00eet le v\u00e9ritable kardoune alg\u00e9rien au tissage particulier de ses fibres et \u00e0 sa couleur rouge orang\u00e9e&#8230; <\/span><\/p>\n<p>&nbsp;<\/p>\n<p class=\"western\"><span style=\"font-family: Arial, sans-serif;\">Disponible de 2 \u00e0 5m (en fonction de la longueur de vos cheveux) :<br \/>\n<\/span><\/p>\n<p class=\"western\"><span style=\"font-family: Arial, sans-serif;\">2m (Schultern)<\/span><\/p>\n<p class=\"western\"><span style=\"font-family: Arial, sans-serif;\">3m (Brust bis Mitte R\u00fccken)<\/span><\/p>\n<p class=\"western\"><span style=\"font-family: Arial, sans-serif;\">4m (H\u00fcfte)<\/span><\/p>\n<p class=\"western\"><span style=\"font-family: Arial, sans-serif;\">5m (Stei\u00dfbein)<\/span><\/p>\n<p class=\"western\"><span style=\"font-family: Arial, sans-serif;\"><u>Astuce\u00a0:<\/u> Il est recommand\u00e9 de choisir un kardoune toujours un peu plus long pour pouvoir encore l&rsquo;utiliser quand les cheveux pousseront.\u00a0 <\/span><\/p>\n<p><span style=\"font-family: Liberation Sans, sans-serif;\"><u><b>Herkunft :<\/b><\/u> <span style=\"font-size: medium;\">Alg\u00e9rie<\/span><\/span><\/p>","protected":false},"excerpt":{"rendered":"<p class=\"western\"><span style=\"font-family: Arial, sans-serif;\">Le kardoune sert \u00e0 lisser ses cheveux sans chaleur et \u00e0 prot\u00e9ger les cheveux des frottements pendant la nuit.\u00a0Efficace sur tout type de cheveux, ondul\u00e9s, fris\u00e9s, boucl\u00e9s, il rend les cheveux doux, souples et brillants, prot\u00e8ge les longueurs de la casse et emp\u00eache la formation de fourches. <\/span><\/p>\n<p class=\"western\"><span style=\"font-family: Arial, sans-serif;\">Disponible de 2m \u00e0 5m.<\/span><\/p>\n<p class=\"western\"><span style=\"font-family: Arial, sans-serif;\">2m (Schultern)<\/span><\/p>\n<p class=\"western\"><span style=\"font-family: Arial, sans-serif;\">3m (Brust bis Mitte R\u00fccken)<\/span><\/p>\n<p class=\"western\"><span style=\"font-family: Arial, sans-serif;\">4m (H\u00fcfte)<\/span><\/p>\n<p class=\"western\"><span style=\"font-family: Arial, sans-serif;\">5m (Stei\u00dfbein)<\/span><\/p>","protected":false},"featured_media":1035,"template":"","meta":[],"product_brand":[],"product_cat":[27],"product_tag":[],"class_list":{"0":"post-723","1":"product","2":"type-product","3":"status-publish","4":"has-post-thumbnail","6":"product_cat-bien-etre","8":"first","9":"instock","10":"shipping-taxable","11":"purchasable","12":"product-type-variable"},"_links":{"self":[{"href":"https:\/\/1001vertus.com\/de\/wp-json\/wp\/v2\/product\/723","targetHints":{"allow":["GET"]}}],"collection":[{"href":"https:\/\/1001vertus.com\/de\/wp-json\/wp\/v2\/product"}],"about":[{"href":"https:\/\/1001vertus.com\/de\/wp-json\/wp\/v2\/types\/product"}],"wp:featuredmedia":[{"embeddable":true,"href":"https:\/\/1001vertus.com\/de\/wp-json\/wp\/v2\/media\/1035"}],"wp:attachment":[{"href":"https:\/\/1001vertus.com\/de\/wp-json\/wp\/v2\/media?parent=723"}],"wp:term":[{"taxonomy":"product_brand","embeddable":true,"href":"https:\/\/1001vertus.com\/de\/wp-json\/wp\/v2\/product_brand?post=723"},{"taxonomy":"product_cat","embeddable":true,"href":"https:\/\/1001vertus.com\/de\/wp-json\/wp\/v2\/product_cat?post=723"},{"taxonomy":"product_tag","embeddable":true,"href":"https:\/\/1001vertus.com\/de\/wp-json\/wp\/v2\/product_tag?post=723"}],"curies":[{"name":"wp","href":"https:\/\/api.w.org\/{rel}","templated":true}]}}