{"id":720,"date":"2018-08-18T15:14:33","date_gmt":"2018-08-18T14:14:33","guid":{"rendered":"https:\/\/1001vertus.com\/?post_type=product&#038;p=720"},"modified":"2023-04-06T13:02:47","modified_gmt":"2023-04-06T12:02:47","slug":"dattelsirup","status":"publish","type":"product","link":"https:\/\/1001vertus.com\/de\/produit\/sirop-de-dattes\/","title":{"rendered":"BIO-Dattel-Sirup"},"content":{"rendered":"<p align=\"JUSTIFY\"><span style=\"color: #000000;\"><span style=\"font-family: Arial, sans-serif;\"><span style=\"font-size: medium;\">C\u2019est un <span lang=\"zxx\">Sirup<\/span> sucr\u00e9 fonc\u00e9 obtenu \u00e0 partir d&rsquo;extrait de <span lang=\"zxx\">Datteln<\/span> und typisch f\u00fcr die K\u00fcche des <span lang=\"zxx\">Naher Osten<\/span>. <\/span><\/span><\/span><\/p>\n<p><span style=\"color: #000000;\"><span style=\"font-family: Arial, sans-serif;\"><span style=\"font-size: medium;\">Une cuill\u00e8re \u00e0 soupe donne le m\u00eame pouvoir calorifique qu\u2019environ sept dattes ! Mais ce qui le distingue du fruit, c\u2019est sa rapidit\u00e9 de digestion et l&rsquo;absorption facile de ce sirop par la paroi intestinale .<\/span><\/span><\/span><\/p>\n<p><span style=\"color: #000000;\"><span style=\"font-family: Arial, sans-serif;\"><span style=\"font-size: medium;\">Le sirop de dattes est consid\u00e9r\u00e9 comme un aliment exceptionnel vu le grand nombre des \u00e9l\u00e9ments min\u00e9raux qu\u2019il contient : Calcium &#8211; Magn\u00e9sium &#8211; Cuivre &#8211; Sodium &#8211; Phosphore &#8211; Zinc &#8211; S\u00e9l\u00e9nium en plus du sucre naturel (<span lang=\"zxx\">Saccharose<\/span>, <span lang=\"zxx\">Glukose<\/span> und <span lang=\"zxx\">Fruktose<\/span>), et des vitamines qui sont b\u00e9n\u00e9fiques pour le corps : A &#8211; B1 &#8211; B2 &#8211; C.<\/span><\/span><\/span><\/p>\n<p><span style=\"color: #000000;\"><span style=\"font-family: Arial, sans-serif;\"><span style=\"font-size: medium;\">A ce titre, il est fr\u00e9quemment employ\u00e9 par les <\/span><\/span><\/span><strong><span style=\"color: #000000;\"><span style=\"font-family: Arial, sans-serif;\"><span style=\"font-size: medium;\">femmes qui viennent d\u2019accoucher ou allaitantes.<\/span><\/span><\/span><\/strong><span style=\"color: #000000;\"><span style=\"font-family: Arial, sans-serif;\"><span style=\"font-size: medium;\"> En effet, en plus de favoriser les mont\u00e9es de lait, il redonne de l&rsquo;\u00e9nergie.<\/span><\/span><\/span><\/p>\n<p align=\"JUSTIFY\"><span style=\"color: #000000;\"><span style=\"font-family: Arial, sans-serif;\"><span style=\"font-size: medium;\">Dattelsirup ist auch ideal, wenn Sie <\/span><\/span><\/span><strong><span style=\"color: #000000;\"><span style=\"font-family: Arial, sans-serif;\"><span style=\"font-size: medium;\">an\u00e4misch<\/span><\/span><\/span><\/strong><span style=\"color: #000000;\"><span style=\"font-family: Arial, sans-serif;\"><span style=\"font-size: medium;\"> (in Eisenmangel) oder <\/span><\/span><\/span><strong><span style=\"color: #000000;\"><span style=\"font-family: Arial, sans-serif;\"><span style=\"font-size: medium;\">m\u00fcde<\/span><\/span><\/span><\/strong><span style=\"color: #000000;\"><span style=\"font-family: Arial, sans-serif;\"><span style=\"font-size: medium;\">.<\/span><\/span><\/span><\/p>\n<p align=\"JUSTIFY\"><span style=\"color: #000000;\"><span style=\"font-family: Arial, sans-serif;\"><span style=\"font-size: medium;\">Er ist au\u00dferdem reich an Ballaststoffen und wirkt daher gegen <strong>Verstopfung<\/strong>.\u00a0 <\/span><\/span><\/span><\/p>\n<p align=\"JUSTIFY\"><span style=\"color: #000000;\"><span style=\"font-family: Arial, sans-serif;\"><span style=\"font-size: medium;\">Enfin, c&rsquo;est une alternative naturelle au sucre blanc raffin\u00e9.<\/span><\/span><\/span><\/p>\n<p align=\"JUSTIFY\"><span style=\"color: #000000;\"><span style=\"font-family: Arial, sans-serif;\"><span style=\"font-size: medium;\">Le sirop de datte s&rsquo;utilise de la m\u00eame fa\u00e7on que le <span lang=\"zxx\">sirop d&rsquo;\u00e9rable<\/span> oder Agave: zu Pfannkuchen, Waffeln, Pancakes oder als <span lang=\"zxx\">Brotaufstrich<\/span>. Sie k\u00f6nnen es auch zum S\u00fc\u00dfen von Joghurt und Quark verwenden. Schlie\u00dflich k\u00f6nnen Sie es auch in Geb\u00e4ck und Desserts einr\u00fchren.<\/span><\/span><\/span><\/p>\n<p><span style=\"color: #000000;\"><span style=\"font-family: Arial, sans-serif;\"><span style=\"font-size: medium;\">Erh\u00e4ltlich in 250g-, 500g- oder 1kg-T\u00f6pfen. <\/span><\/span><\/span><\/p>\n<p><span style=\"color: #000000;\"><span style=\"font-family: Arial, sans-serif;\"><span style=\"font-size: medium;\">Notre sirop de dattes est conditionn\u00e9 dans des pots en verre pour une meilleure conservation.<br \/>\n<\/span><\/span><\/span><\/p>\n<p>&nbsp;<\/p>\n<p><u><b>Hinweise zur Verwendung :<\/b><\/u><\/p>\n<p><span style=\"color: #000000;\"><span style=\"font-family: Arial, sans-serif;\"><span style=\"font-size: medium;\">Prendre une bonne cuill\u00e8re \u00e0 soupe le matin, \u00e0 jeun de pr\u00e9f\u00e9rence. <\/span><\/span><\/span><\/p>\n<p><span style=\"color: #000000;\"><span style=\"font-family: Arial, sans-serif;\"><span style=\"font-size: medium;\">Vous pouvez \u00e9galement en mettre dans vos yaourts natures pour les sucrer, sur des pancakes ou des cr\u00eapes ou encore l&rsquo;incorporer dans vos recettes sucr\u00e9es et m\u00eame sal\u00e9es !<br \/>\n<\/span><\/span><\/span><\/p>\n<p>&nbsp;<\/p>\n<p><span style=\"font-family: Liberation Sans, sans-serif;\"><u><b>INCI-Inhaltsstoffe :<\/b><\/u><\/span><\/p>\n<p><span style=\"color: #00000a;\"><span style=\"font-family: Liberation Sans, sans-serif;\"><span style=\"font-size: medium;\">Dattes des \u00c9mirats Arabes Unis, e<\/span><\/span><\/span><span style=\"color: #00000a;\"><span style=\"font-family: Liberation Sans, sans-serif;\"><span style=\"font-size: medium;\">au.<\/span><\/span><\/span><\/p>\n<p><span style=\"font-family: Liberation Sans, sans-serif;\"><u><b>Herkunft :<\/b><\/u> <span style=\"font-size: medium;\">Marokko<\/span><\/span><\/p>","protected":false},"excerpt":{"rendered":"<p>Le sirop de datte, \u00e9galement appel\u00e9 miel de dattes ou m\u00e9lasse de dattes, est un aliment naturel et sain. Il est extrait par le biais d&rsquo;un proc\u00e9d\u00e9 enti\u00e8rement naturel qui garantit tous les bienfaits connus de son fruit d&rsquo;origine.<\/p>\n<p>Une cuill\u00e8re \u00e0 soupe donne le m\u00eame pouvoir calorifique qu\u2019environ sept dattes !!!<\/p>\n<p>Il est consid\u00e9r\u00e9 comme un aliment exceptionnel vu le grand nombre d&rsquo;\u00e9l\u00e9ments min\u00e9raux, de fer et\u00a0 de vitamines qu\u2019il contient. <strong>A ce titre, il est fr\u00e9quemment employ\u00e9 par les femmes qui viennent d\u2019accoucher ou allaitantes mais aussi par les personnes an\u00e9mi\u00e9es ou tr\u00e8s fatigu\u00e9es.<\/strong><\/p>\n<p>Les dattes utilis\u00e9es pour la fabrication de ce sirop sont certifi\u00e9es <strong>BIO und Ecocert<\/strong>.<\/p>","protected":false},"featured_media":2167,"template":"","meta":[],"product_brand":[],"product_cat":[29,79,28],"product_tag":[],"class_list":{"0":"post-720","1":"product","2":"type-product","3":"status-publish","4":"has-post-thumbnail","6":"product_cat-alimentation","7":"product_cat-bienfaits-des-dattes","8":"product_cat-medecine-sante","10":"first","11":"instock","12":"shipping-taxable","13":"purchasable","14":"product-type-variable"},"_links":{"self":[{"href":"https:\/\/1001vertus.com\/de\/wp-json\/wp\/v2\/product\/720","targetHints":{"allow":["GET"]}}],"collection":[{"href":"https:\/\/1001vertus.com\/de\/wp-json\/wp\/v2\/product"}],"about":[{"href":"https:\/\/1001vertus.com\/de\/wp-json\/wp\/v2\/types\/product"}],"wp:featuredmedia":[{"embeddable":true,"href":"https:\/\/1001vertus.com\/de\/wp-json\/wp\/v2\/media\/2167"}],"wp:attachment":[{"href":"https:\/\/1001vertus.com\/de\/wp-json\/wp\/v2\/media?parent=720"}],"wp:term":[{"taxonomy":"product_brand","embeddable":true,"href":"https:\/\/1001vertus.com\/de\/wp-json\/wp\/v2\/product_brand?post=720"},{"taxonomy":"product_cat","embeddable":true,"href":"https:\/\/1001vertus.com\/de\/wp-json\/wp\/v2\/product_cat?post=720"},{"taxonomy":"product_tag","embeddable":true,"href":"https:\/\/1001vertus.com\/de\/wp-json\/wp\/v2\/product_tag?post=720"}],"curies":[{"name":"wp","href":"https:\/\/api.w.org\/{rel}","templated":true}]}}