{"id":719,"date":"2018-08-18T14:58:39","date_gmt":"2018-08-18T13:58:39","guid":{"rendered":"https:\/\/1001vertus.com\/?post_type=product&#038;p=719"},"modified":"2024-06-24T22:06:26","modified_gmt":"2024-06-24T21:06:26","slug":"descargot-schleim","status":"publish","type":"product","link":"https:\/\/1001vertus.com\/de\/produit\/mucus-descargot\/","title":{"rendered":"Gefilterter Schneckenschleim (Schneckenschleim)"},"content":{"rendered":"<p><span style=\"font-family: Arial, sans-serif;\">Le mucus d&rsquo;escargot, ou bave d&rsquo;escargot, est\u00a0un\u00a0actif cosm\u00e9tique\u00a0dont raffolent les\u00a0femmes\u00a0japonaises\u00a0et les\u00a0cor\u00e9ennes\u00a0pour prendre\u00a0soin\u00a0de leur\u00a0peau, l&rsquo;entretenir et l&#8217;embellir. Il est \u00e9galement tr\u00e8s utilis\u00e9 au Chili, particuli\u00e8rement dans les centres de \u00ab\u00a0grands br\u00fbl\u00e9s\u00a0\u00bb. Il a de\u00a0nombreuses vertus\u00a0pour la\u00a0peau\u00a0mais\u00a0\u00e9galement\u00a0pour les\u00a0cheveux.<\/span><\/p>\n<p><span style=\"font-family: Arial, sans-serif;\">La bave permet \u00e0 l\u2019escargot, lors d&rsquo;une blessure, d&rsquo;avoir la facult\u00e9 de s&rsquo;auto-reg\u00e9n\u00e9rer et donc de rentrer dans un processus d&rsquo;auto gu\u00e9rison. <\/span><\/p>\n<p><span style=\"font-family: Arial, sans-serif;\">Pour les cellules de la peau humaine, elle a des propri\u00e9t\u00e9s r\u00e9g\u00e9n\u00e9rantes et r\u00e9paratrices exceptionnelles et elle permet de traiter et r\u00e9parer beaucoup d&rsquo;imperfections de l&rsquo;\u00e9piderme.<\/span><\/p>\n<p><span style=\"font-family: Arial, sans-serif;\">Les composants de la bave d&rsquo;escargot permettent aussi de retarder et d&rsquo;att\u00e9nuer les effets du vieillissement cutan\u00e9.<br \/>\n<\/span><\/p>\n<p><span style=\"font-family: Arial, sans-serif;\"><u>Tugenden :<\/u><\/span><\/p>\n<p><span style=\"font-family: Arial, sans-serif;\">&#8211; Il\u00a0hydrate\u00a0la peau,\u00a0illumine le teint\u00a0et aide \u00e0\u00a0\u00e9liminer\u00a0les\u00a0peaux mortes.\u00a0<\/span><\/p>\n<p><span style=\"font-family: Arial, sans-serif;\">&#8211; C&rsquo;est un antirides naturel efficace. Il assouplit la peau et pr\u00e9serve son \u00e9lasticit\u00e9.\u00a0<\/span><\/p>\n<p><span style=\"font-family: Arial, sans-serif;\">&#8211; Il aide \u00e0\u00a0att\u00e9nuer\u00a0les\u00a0vergetures\u00a0en particulier les plus r\u00e9centes (couleur violette \/ rouge) mais aussi parfois les plus anciennes (blanches).\u00a0<\/span><\/p>\n<p><span style=\"font-family: Arial, sans-serif;\">&#8211; Il att\u00e9nue les\u00a0t\u00e2ches\u00a0brunes, calme\u00a0les coups de soleil et\u00a0soigne les petites blessures.\u00a0<\/span><\/p>\n<p><span style=\"font-family: Arial, sans-serif;\">&#8211; Il traite l&rsquo;acn\u00e9, m\u00eame s\u00e9v\u00e8re, et les cicatrices (blessures, br\u00fblures, chirurgie&#8230;).<\/span><\/p>\n<p><span style=\"font-family: Arial, sans-serif;\">&#8211; Il est tr\u00e8s efficace contre les probl\u00e8mes de peaux comme le psoriasis, l&rsquo;ecz\u00e9ma, la couperose et \u00e9galement les verrues.<\/span><\/p>\n<p><span style=\"font-family: Arial, sans-serif;\">&#8211; Il hydrate \u00e9galement les cheveux: c&rsquo;est un s\u00e9rum naturel pour les longueurs et les pointes d\u00e9shydrat\u00e9es.<\/span><\/p>\n<p>&nbsp;<\/p>\n<p><span style=\"font-family: Arial, sans-serif;\"><u>Tipp zur Verwendung :<\/u><\/span><\/p>\n<p><span style=\"font-family: Arial, sans-serif;\">Ein- bis zweimal t\u00e4glich anwenden. <\/span><\/p>\n<p><span style=\"font-family: Arial, sans-serif;\">Nous vous conseillons cependant une application le soir car elle intensifie le ph\u00e9nom\u00e8ne naturel de r\u00e9g\u00e9n\u00e9ration de la peau pendant le sommeil.<\/span><\/p>\n<p>&nbsp;<\/p>\n<p><span style=\"font-family: Arial, sans-serif;\">Le\u00a0mucus d&rsquo;escargot est fabriqu\u00e9 \u00e0 partir des\u00a0s\u00e9cr\u00e9tions naturelles de l&rsquo;escargot mais rassurez-vous, <\/span><strong><span style=\"font-family: Arial, sans-serif;\">l\u2019escargot n\u2019est pas tu\u00e9 afin de d\u2019obtenir son mucus et il ne souffre pas. <\/span><\/strong><\/p>\n<p>&nbsp;<\/p>\n<p><span style=\"font-family: Liberation Sans, sans-serif;\"><u><b>Ing<\/b><\/u><u><b>r<\/b><\/u><u><b>INCI-Erzeugnisse:<\/b><\/u><\/span><\/p>\n<p><span style=\"color: #00000a;\"><span style=\"font-family: Liberation Sans, sans-serif;\"><span style=\"font-size: medium;\">Bave d&rsquo;escargot (filtr\u00e9)<br \/>\n<\/span><\/span><\/span><\/p>\n<p><span style=\"font-family: Liberation Sans, sans-serif;\"><u><b>Herkunft :<\/b><\/u> <span style=\"font-size: medium;\">Marokko<\/span><\/span><\/p>\n<p><u><b>Inhalt :<\/b><\/u><b> <\/b>80g<\/p>\n<p>&nbsp;<\/p>\n<p>&nbsp;<\/p>\n<p>&nbsp;<\/p>\n<p>&nbsp;<\/p>","protected":false},"excerpt":{"rendered":"<p><span style=\"font-family: Arial, sans-serif;\">Le mucus d\u2019escargot a<\/span><span style=\"font-family: Arial, sans-serif;\"> des propri\u00e9t\u00e9s r\u00e9g\u00e9n\u00e9rantes et r\u00e9paratrices exceptionnelles et il permet de traiter et r\u00e9parer beaucoup d&rsquo;imperfections de l&rsquo;\u00e9piderme. Il est tr\u00e8s utilis\u00e9 pour faire disparaitre (ou grandement att\u00e9nuer) les vergetures et les cicatrices<br \/>\n<\/span><\/p>\n<p><span style=\"font-family: Arial, sans-serif;\">Les composants de la bave d&rsquo;escargot permettent aussi de retarder et d&rsquo;att\u00e9nuer les effets du vieillissement cutan\u00e9.<br \/>\n<\/span><\/p>\n<p>&nbsp;<\/p>","protected":false},"featured_media":7035,"template":"","meta":[],"product_brand":[],"product_cat":[27],"product_tag":[],"class_list":{"0":"post-719","1":"product","2":"type-product","3":"status-publish","4":"has-post-thumbnail","6":"product_cat-bien-etre","8":"first","9":"outofstock","10":"shipping-taxable","11":"purchasable","12":"product-type-simple"},"_links":{"self":[{"href":"https:\/\/1001vertus.com\/de\/wp-json\/wp\/v2\/product\/719","targetHints":{"allow":["GET"]}}],"collection":[{"href":"https:\/\/1001vertus.com\/de\/wp-json\/wp\/v2\/product"}],"about":[{"href":"https:\/\/1001vertus.com\/de\/wp-json\/wp\/v2\/types\/product"}],"wp:featuredmedia":[{"embeddable":true,"href":"https:\/\/1001vertus.com\/de\/wp-json\/wp\/v2\/media\/7035"}],"wp:attachment":[{"href":"https:\/\/1001vertus.com\/de\/wp-json\/wp\/v2\/media?parent=719"}],"wp:term":[{"taxonomy":"product_brand","embeddable":true,"href":"https:\/\/1001vertus.com\/de\/wp-json\/wp\/v2\/product_brand?post=719"},{"taxonomy":"product_cat","embeddable":true,"href":"https:\/\/1001vertus.com\/de\/wp-json\/wp\/v2\/product_cat?post=719"},{"taxonomy":"product_tag","embeddable":true,"href":"https:\/\/1001vertus.com\/de\/wp-json\/wp\/v2\/product_tag?post=719"}],"curies":[{"name":"wp","href":"https:\/\/api.w.org\/{rel}","templated":true}]}}