{"id":595,"date":"2018-06-29T10:51:33","date_gmt":"2018-06-29T09:51:33","guid":{"rendered":"https:\/\/1001vertus.com\/?post_type=product&#038;p=595"},"modified":"2026-05-05T21:22:34","modified_gmt":"2026-05-05T20:22:34","slug":"sudan-gummi-arabicum","status":"publish","type":"product","link":"https:\/\/1001vertus.com\/de\/produit\/gomme-arabique-du-soudan\/","title":{"rendered":"Sudanisches Gummiarabikum"},"content":{"rendered":"<p>Gummiarabikum ist ein eher unbekanntes Produkt, das Ihnen sehr n\u00fctzlich sein wird, da es viele Vorteile enth\u00e4lt. Es ist ein verfestigter Saft, der auf nat\u00fcrliche Weise oder durch Einschnitte in den Stamm von B\u00e4umen der Akazienfamilie gewonnen wird. Er ist essbar und wird haupts\u00e4chlich in der Sahara (Maghreb, Mali, Senegal, Tschad, \u00c4gypten, Sudan usw.) gesammelt. Es ist eine nat\u00fcrliche Form von Kohlenhydraten, die in Form von Mischungen aus Kalium-, Magnesium- und Kalziumsalzen vorkommen.<\/p>\n<p>Es gibt \u00fcber 900 aufgelistete Akazienarten und damit verschiedene Arten von Gummiarabikum, aber auch verschiedene Qualit\u00e4tsniveaus, wobei die aus dem Senegal und dem Sudan am meisten gesch\u00e4tzt werden.<\/p>\n<h2><strong>Gummi arabicum ist sehr n\u00fctzlich, um kurativ oder pr\u00e4ventiv zu behandeln :<\/strong><\/h2>\n<ul>\n<li>akute und chronische Nierenerkrankungen,<\/li>\n<li>hilft bei der Behandlung von Erkrankungen der Brust und der Lunge (Erk\u00e4ltung, <a href=\"https:\/\/1001vertus.com\/de\/product\/thymianhonig-despagne-1001-tugenden\/\"><strong>Husten<\/strong><\/a>...),<\/li>\n<li>Bluthochdruck,<\/li>\n<li>Diabetes (senkt den Blutzuckerspiegel),<\/li>\n<li>Infektionen des Verdauungssystems, die Ballaststoffe des Gummiarabikums sind Pr\u00e4biotika und werden zur St\u00e4rkung der guten Darmbakterienpopulation empfohlen.<\/li>\n<li>Osteoporose (sehr hoher Kalziumgehalt),<\/li>\n<li>reguliert den Cholesterinspiegel,<\/li>\n<li>tr\u00e4gt zur Vorbeugung von Darm- und Dickdarmkrebs bei,<\/li>\n<li>Reizdarm,<\/li>\n<li>ausgezeichnetes nat\u00fcrliches Antibiotikum<\/li>\n<li><a href=\"https:\/\/www.la-perte-de-poids.com\/\" target=\"_blank\" rel=\"noopener\"><strong>hilft bei der Gewichtsabnahme<\/strong><\/a>.<\/li>\n<\/ul>\n<h3><strong><u>Gebrauchsanweisung f\u00fcr unser Gummi arabicum :<\/u><\/strong><\/h3>\n<p>Geben Sie etwa 20 g davon in ein Glas lauwarmes Wasser und trinken Sie es 1- bis 2-mal t\u00e4glich, am besten morgens auf n\u00fcchternen Magen.<\/p>\n<h3><u><strong>Ing<\/strong><\/u><u><strong>r<\/strong><\/u><u><strong>\u00e9dients:<\/strong><\/u><\/h3>\n<ul>\n<li>Gummi arabicum<\/li>\n<\/ul>\n<p><u><strong>Herkunft :<\/strong><\/u>\u00a0Sudan<\/p>\n<p><u><strong>Inhalt :<\/strong><\/u>Erh\u00e4ltlich im 100g- oder 250g-Zip-Beutel<\/p>\n<p>An einem trockenen Ort aufbewahren.<\/p>","protected":false},"excerpt":{"rendered":"<p>Gummi arabicum ist ein verfestigter Saft, der auf nat\u00fcrliche Weise oder durch Einschnitt am Stamm von B\u00e4umen der Akazienfamilie entsteht und haupts\u00e4chlich in der Sahara geerntet wird.<\/p>\n<p>Es ist sehr n\u00fctzlich bei der Behandlung von Nierenerkrankungen, Brust- und Lungenerkrankungen (Erk\u00e4ltung, Husten...), Bluthochdruck, Diabetes und Infektionen des Verdauungssystems.<\/p>","protected":false},"featured_media":1097,"template":"","meta":[],"product_brand":[],"product_cat":[28],"product_tag":[],"class_list":{"0":"post-595","1":"product","2":"type-product","3":"status-publish","4":"has-post-thumbnail","6":"product_cat-medecine-sante","8":"first","9":"instock","10":"shipping-taxable","11":"purchasable","12":"product-type-variable"},"_links":{"self":[{"href":"https:\/\/1001vertus.com\/de\/wp-json\/wp\/v2\/product\/595","targetHints":{"allow":["GET"]}}],"collection":[{"href":"https:\/\/1001vertus.com\/de\/wp-json\/wp\/v2\/product"}],"about":[{"href":"https:\/\/1001vertus.com\/de\/wp-json\/wp\/v2\/types\/product"}],"wp:featuredmedia":[{"embeddable":true,"href":"https:\/\/1001vertus.com\/de\/wp-json\/wp\/v2\/media\/1097"}],"wp:attachment":[{"href":"https:\/\/1001vertus.com\/de\/wp-json\/wp\/v2\/media?parent=595"}],"wp:term":[{"taxonomy":"product_brand","embeddable":true,"href":"https:\/\/1001vertus.com\/de\/wp-json\/wp\/v2\/product_brand?post=595"},{"taxonomy":"product_cat","embeddable":true,"href":"https:\/\/1001vertus.com\/de\/wp-json\/wp\/v2\/product_cat?post=595"},{"taxonomy":"product_tag","embeddable":true,"href":"https:\/\/1001vertus.com\/de\/wp-json\/wp\/v2\/product_tag?post=595"}],"curies":[{"name":"wp","href":"https:\/\/api.w.org\/{rel}","templated":true}]}}