{"id":594,"date":"2018-06-29T11:42:08","date_gmt":"2018-06-29T10:42:08","guid":{"rendered":"https:\/\/1001vertus.com\/?post_type=product&#038;p=594"},"modified":"2026-05-01T11:22:08","modified_gmt":"2026-05-01T10:22:08","slug":"mandelmus","status":"publish","type":"product","link":"https:\/\/1001vertus.com\/de\/produit\/amlou-aux-amandes\/","title":{"rendered":"Mandelmus 200g"},"content":{"rendered":"<p>Wenn Sie ein absoluter Fan von Brotaufstrichen sind, dann wird Amlou Sie garantiert umhauen!\u00a0<strong>Der, den man gemeinhin als marokkanischen Brotaufstrich bezeichnet, erweist sich im Mund als wahres Wunder.<\/strong>\u00a0Mit seinen Zutaten, die vollst\u00e4ndig aus der Natur stammen,\u00a0<strong>das marokkanische Amlou ist ein geschmackliches Must-have, das garantiert Freude bereitet<\/strong>. Hier wird Ihnen genau dar\u00fcber berichtet. Zoom auf diesen nat\u00fcrlichen Brotaufstrich, Amlou mit Mandeln, ein au\u00dfergew\u00f6hnliches Produkt.<\/p>\n<h2><strong>Amlou ist ein echtes Naturprodukt!<\/strong><\/h2>\n<p>An der Basis des Amlou,\u00a0<strong>ein eher famili\u00e4res Rezept<\/strong>. Die erfolgte\u00a0<strong>in Berberhaushalten<\/strong>\u00a0vor allem in den USA. Amlou ist seit einigen Jahren ein echter Renner Das Originalrezept enth\u00e4lt\u00a0<strong>eine Basis von Produkten, die garantiert aus der Region stammen<\/strong>, wie insbesondere\u00a0<strong>Mandeln, Honig und Argan\u00f6l<\/strong>. Das Ziel war es, diese Zutaten zu p\u00fcrieren, um daraus eine Paste zu machen, die an Erdnussbutter, ihren entfernten Verwandten, erinnert.\u00a0<strong>Marokkanischer Amlou ist zweifellos ein traditioneller Bestandteil der marokkanischen Gastronomie.<\/strong>\u00a0und dadurch in jedem Haushalt pr\u00e4sent ist.<\/p>\n<p>Inzwischen ist der marokkanische Brotaufstrich weit \u00fcber die Landesgrenzen hinaus bekannt geworden. Und\u00a0<strong>besticht durch seine gesunde und nat\u00fcrliche Zusammensetzung.<\/strong>\u00a0Der Wunsch nach einer R\u00fcckkehr zur Nat\u00fcrlichkeit, der in den letzten Jahren zu beobachten war, hat den weltweiten Erfolg dieser Methode stark gef\u00f6rdert.\u00a0<strong>Amlou soll vollst\u00e4ndig im Einklang mit einer gesunden, biologischen Ern\u00e4hrung stehen.<\/strong>\u00a0Nat\u00fcrlich erf\u00fcllen nicht alle Produkte auf dem Markt diesen Qualit\u00e4tsstandard, aber ihre einfache Zusammensetzung voller Vorteile macht sie mit Sicherheit zu einem Qualit\u00e4tsmerkmal.<\/p>\n<h2><strong>Amlou, der unnachahmliche Geschmack!<\/strong><\/h2>\n<p>Amlou ist\u00a0<strong>das Spiegelbild des marokkanischen S\u00fcdens schlechthin, aber der orientalischen Patisserie ebenso.<\/strong>\u00a0Die Aromen, die wir hier entdecken, versetzen uns ganz sicher in die warme Umgebung des Orients. Und das verdanken wir vor allem dem Honig, den Mandeln und dem Argan\u00f6l. Dar\u00fcber hinaus wird marokkanischem Amlou h\u00e4ufig Folgendes zugeschrieben\u00a0<strong>einen s\u00fc\u00dfen nussigen Geschmack. <\/strong><\/p>\n<p><strong>Dazu kommen Referenzen aus der orientalischen Patisserie<\/strong>. Man kann tats\u00e4chlich Varianten mit Schokolade, Orangenbl\u00fcte oder auch Kokosnuss entdecken, eine Gourmetseite, der Gro\u00df und Klein erliegt.<\/p>\n<p>Allerdings wird die Mandel in diesem marokkanischen Brotaufstrich heute manchmal durch andere Trockenfr\u00fcchte ersetzt. Er ist jedoch genauso beliebt.<\/p>\n<p>Als\u00a0<strong>insbesondere Pistazien oder Erdn\u00fcsse.<\/strong>\u00a0Aber selbst dann hat Amlou immer noch einen einzigartigen Geschmack. Der s\u00fc\u00dfe und milde Geschmack des Honigs, der sich mit den Trockenfr\u00fcchten vermischt, erinnert fast an Nussbutter oder Erdnussbutter.\u00a0<strong>Ein leckerer Geschmack, der sich zu einer sicheren Konsistenz gesellt <a href=\"https:\/\/1001vertus.com\/de\/product\/weiser-honig-aus-kirgisistan\/\">cremig<\/a>.<\/strong><\/p>\n<h3><strong>Ein cremiges Aussehen, das Gaumen und Augen erfreut<\/strong><\/h3>\n<p>Die cremige Konsistenz von Amlou best\u00e4tigt die unvermeidliche \u00c4hnlichkeit mit dem international bekannten Brotaufstrich. Was Amlou jedoch genau unterscheidet, ist Folgendes\u00a0<strong>das ber\u00fchmte \u00d6l, das man auf reichhaltige und zugleich subtile Weise hinzuf\u00fcgt.<\/strong>\u00a0Argan\u00f6l bietet n\u00e4mlich seine Vollmundigkeit im Mund, aber auch ein angenehmes Aussehen, das man optisch entdecken kann. Zus\u00e4tzlich zu<strong>einen garantiert s\u00fc\u00dfen und leckeren Geruch.<\/strong>\u00a0Dieses \u00d6l harmoniert sehr gut mit Honig und Mandeln. Kein Wunder also, dass es in der marokkanischen Gastronomie weit verbreitet ist.<\/p>\n<p>Der Amlou tr\u00e4gt also\u00a0<strong>eine Harmonie von einzigartigen, authentischen und garantiert geschmackvollen Aromen f\u00fcr die Papillen.<\/strong>\u00a0Lassen Sie uns gleich sehen, mit welchen Lebensmitteln Sie ihn am besten verzehren k\u00f6nnen.<\/p>\n<h2><strong>Wie konsumiert man Amloo?<\/strong><\/h2>\n<p>Aufgrund der hervorragenden Textur des marokkanischen Brotaufstrichs wird Amlou nat\u00fcrlich oft auf neutralen Lebensmitteln serviert. So k\u00f6nnen Sie den unnachahmlichen und hervorragenden Geschmack voll auskosten.  Es w\u00e4re also wunderbar, wenn\u00a0<strong>Sie k\u00f6nnen es zum Fr\u00fchst\u00fcck genie\u00dfen. Es wird oft auf Brote, Pfannkuchen, Pancakes und Msemen gestreut.<\/strong><\/p>\n<p>Dar\u00fcber hinaus wird an ihm gesch\u00e4tzt, dass er<strong>es passt voll und ganz in den Alltag einer gesunden Ern\u00e4hrung.<\/strong>\u00a0Denn tats\u00e4chlich enth\u00e4lt Amloo viele positive Eigenschaften.<\/p>\n<h3><strong>Die Vorteile von Amloo<\/strong><\/h3>\n<p>Die Zusammensetzung von Amloo enth\u00e4lt Produkte, die weltweit f\u00fcr ihre wunderbaren gesundheitlichen Eigenschaften bekannt sind. Bereits\u00a0<strong>in der prophetischen Medizin werden alle diese Nahrungsmittel seit jeher als Ursachen f\u00fcr Heilung anerkannt.<\/strong>\u00a0Wie der <a href=\"https:\/\/1001vertus.com\/de\/product-category\/honig\/\"><strong>Honig<\/strong><\/a>, <a href=\"https:\/\/1001vertus.com\/de\/product\/darganol-fur-lebensmittel-bio-und-ecocert-zertifiziert\/\"><strong>Argan\u00f6l<\/strong><\/a> und Mandeln, die unbestreitbar wunderbare Tugenden aufweisen.<\/p>\n<h3><strong>Das Vorhandensein von Honig<\/strong><\/h3>\n<p>Die Wirksamkeit von Honig in vielen F\u00e4llen ist sicherlich nicht mehr zu beweisen. Besonders hervorzuheben ist seine Wirksamkeit im Bereich der Immunit\u00e4t, aber auch seine Leistung\u00a0<strong>gegen Beschwerden der Atemwege, der Harnwege und der Verdauung,<\/strong>\u00a0unbestreitbar erwiesen. Der Honig will ebenso\u00a0<strong>antioxidativ und antibakteriell<\/strong>und hilft bei\u00a0<strong>ein gutes Wachstum, regeneriert das H\u00e4moglobin und st\u00e4rkt das Knochensystem.<\/strong><\/p>\n<h2><strong>Mandeln ein unbestrittener Gesundheitsverb\u00fcndeter!<\/strong><\/h2>\n<p>Mandeln sind bekannt f\u00fcr\u00a0<strong>ihre Hilfe bei Kopfschmerzen.<\/strong>\u00a0Das in ihr enthaltene Salicin ist n\u00e4mlich ein Hauptbestandteil von Aspirin. Au\u00dferdem sind sie aufgrund ihres N\u00e4hrstoffreichtums n\u00fctzlich zur Vorbeugung von<strong>\u00a0das Auftreten von Herz-Kreislauf-Erkrankungen, aber auch von Darmkrebs und Diabetes<\/strong>.<\/p>\n<h3><strong>Argan\u00f6l als unverzichtbares Antioxidans<\/strong><\/h3>\n<p>Dieses \u00d6l bietet n\u00e4mlich seinen reichen Gehalt an Antioxidantien und insbesondere an Vitamin E. Es\u00a0<strong>tr\u00e4gt so zu einer guten Funktion der Leber bei<\/strong>\u00a0genau. Dar\u00fcber hinaus wird Argan\u00f6l\u00a0<strong>helfen, den Cholesterinspiegel zu senken<\/strong>\u00a0sowie das Risiko einer koronaren Herzkrankheit und ebenso\u00a0<strong>Probleme mit Bluthochdruck<\/strong>. Schlie\u00dflich wird sie auch im Kampf gegen bestimmte Krebsarten hilfreich sein.<\/p>\n<p>Amlou enth\u00e4lt also wertvolle Eigenschaften. Achten Sie jedoch darauf, dass Sie ihn nicht nur aus diesem Grund verzehren. Denn Amloo hat nat\u00fcrlich keine medizinischen Eigenschaften.<\/p>\n<p>Aber<strong>\u00a0seine gesundheitsf\u00f6rdernde Wirkung ist jedoch unvermeidbar.<\/strong>\u00a0Der regelm\u00e4\u00dfige Verzehr ist daher eine gute Praxis im Rahmen einer gesunden und abwechslungsreichen Ern\u00e4hrung. Auch\u00a0<strong>Sportler werden den hohen Proteingehalt zu sch\u00e4tzen wissen.<\/strong><\/p>\n<p>Und zum Schluss noch dieser wunderbare nat\u00fcrliche Brotaufstrich. Sie sollten wissen, was wir bedingungslos sch\u00e4tzen, ist, dass<strong>zus\u00e4tzlich zu all diesen bemerkenswerten Vorteilen handelt es sich um einen palm\u00f6lfreien Brotaufstrich!<\/strong>\u00a0Ein weiterer Vorteil, der den Amloo zu einem Alltagsbegleiter mit hervorragendem Geschmack und einer unglaublichen Zusammensetzung macht.<\/p>\n<p>Probieren Sie es aus, Sie werden es nicht bereuen!<\/p>","protected":false},"excerpt":{"rendered":"<p>Amlou ist ein traditioneller nat\u00fcrlicher 100% Brotaufstrich aus dem S\u00fcden Marokkos .<\/p>\n<p>Es besteht aus drei reichhaltigen Lebensmitteln, die zahlreiche positive Eigenschaften besitzen: Honig, Argan\u00f6l und gemahlene Mandeln.<br \/>\nEs ist eine wahre N\u00e4hrstoffbombe.<\/p>\n<p>Amlou, ein schmackhafter und gesunder Brotaufstrich, den Sie in vollen Z\u00fcgen genie\u00dfen k\u00f6nnen!<\/p>","protected":false},"featured_media":14233,"template":"","meta":[],"product_brand":[],"product_cat":[29,28],"product_tag":[],"class_list":{"0":"post-594","1":"product","2":"type-product","3":"status-publish","4":"has-post-thumbnail","6":"product_cat-alimentation","7":"product_cat-medecine-sante","9":"first","10":"instock","11":"shipping-taxable","12":"purchasable","13":"product-type-simple"},"_links":{"self":[{"href":"https:\/\/1001vertus.com\/de\/wp-json\/wp\/v2\/product\/594","targetHints":{"allow":["GET"]}}],"collection":[{"href":"https:\/\/1001vertus.com\/de\/wp-json\/wp\/v2\/product"}],"about":[{"href":"https:\/\/1001vertus.com\/de\/wp-json\/wp\/v2\/types\/product"}],"wp:featuredmedia":[{"embeddable":true,"href":"https:\/\/1001vertus.com\/de\/wp-json\/wp\/v2\/media\/14233"}],"wp:attachment":[{"href":"https:\/\/1001vertus.com\/de\/wp-json\/wp\/v2\/media?parent=594"}],"wp:term":[{"taxonomy":"product_brand","embeddable":true,"href":"https:\/\/1001vertus.com\/de\/wp-json\/wp\/v2\/product_brand?post=594"},{"taxonomy":"product_cat","embeddable":true,"href":"https:\/\/1001vertus.com\/de\/wp-json\/wp\/v2\/product_cat?post=594"},{"taxonomy":"product_tag","embeddable":true,"href":"https:\/\/1001vertus.com\/de\/wp-json\/wp\/v2\/product_tag?post=594"}],"curies":[{"name":"wp","href":"https:\/\/api.w.org\/{rel}","templated":true}]}}