{"id":5837,"date":"2022-02-23T19:06:43","date_gmt":"2022-02-23T18:06:43","guid":{"rendered":"https:\/\/1001vertus.com\/?post_type=product&#038;p=5837"},"modified":"2023-05-21T14:21:38","modified_gmt":"2023-05-21T13:21:38","slug":"minzkristalle","status":"publish","type":"product","link":"https:\/\/1001vertus.com\/de\/produit\/cristaux-de-menthe\/","title":{"rendered":"Pfefferminzkristalle (oder Menthol)"},"content":{"rendered":"<p>Minzkristalle (oder Mentholkristalle) werden aus der Kristallisation des \u00e4therischen \u00d6ls Mentha Arvensis gewonnen. Sie sind also 100% nat\u00fcrlich und stammen aus den Bl\u00fcten der Minze.<\/p>\n<p>Le Menthol est connu pour son effet rafra\u00eechissant\u00a0et son odeur menthol\u00e9e extr\u00eamement puissante<br \/>\nIl a \u00e9t\u00e9 d\u00e9couvert au Japon il y a plus de 2000 ans.\u00a0C\u2019est un composant essentiel de la m\u00e9decine chinoise, il \u00e9tait aussi utilis\u00e9 en alimentation en tant qu&rsquo;ar\u00f4me pour des boissons rafraichissantes.<\/p>\n<p>De nos jours, on les utilise beaucoup pour la pr\u00e9paration de cosm\u00e9tiques (dentifrices, d\u00e9odorants, gels jambes l\u00e9g\u00e8res, baumes \u00e0 l\u00e8vres repulpant), les bains de bouche\u2026 Mais il est aussi tr\u00e8s utilis\u00e9 dans les produits pour les sportifs afin de favoriser l&rsquo;\u00e9chauffement et la d\u00e9contraction\u00a0des muscles car c\u2019est un analg\u00e9sique puissant\u00a0; ou encore dans les SPA et centres de soins (notamment pour purifier l\u2019air et d\u00e9gager les bronches).<\/p>\n<h2><strong>Comment fonctionnent les cristaux de menthe\u00a0?<\/strong><\/h2>\n<p>Les mol\u00e9cules du menthol pr\u00e9sentent dans les cristaux de menthe stimulent les r\u00e9cepteurs de la peau r\u00e9ceptifs au froid. Cette r\u00e9action diminue alors la sensibilit\u00e9 de la peau et conf\u00e8re des propri\u00e9t\u00e9s antalgiques, antidouleurs (musculaires, coups, contusions, ecchymoses, bleus), et anti-inflammatoires (calme les irritations, les d\u00e9mangeaisons cutan\u00e9es, etc&#8230;) sans oublier un effet \u00ab frisson \u00bb tr\u00e8s rafra\u00eechissant.<br \/>\nLes cristaux de menthol disposent \u00e9galement de vertus antibact\u00e9riennes et antivirales. Ils sont donc id\u00e9als pour r\u00e9aliser des bains de bouche purifiants et provoquant qui plus est un effet haleine fra\u00eeche.<\/p>\n<h2><strong>Nutzen von Pfefferminzkristallen :<\/strong><\/h2>\n<p>Zu seinen Tugenden geh\u00f6ren:<br \/>\n&#8211; Lib\u00e8re les bronches et d\u00e9congestionne les voies respiratoires,<br \/>\n&#8211; Lutte contre les maux de gorge, le rhume et la grippe ,<br \/>\n&#8211; Soulage les nez \u00ab\u00a0bouch\u00e9s\u00a0\u00bb (en inhalation),<br \/>\n&#8211; Aide et augmente le taux de concentration,<br \/>\n&#8211; Soulage les maux de t\u00eate : en application locale sur les tempes (attention, pas trop pr\u00e8s des yeux),<br \/>\n&#8211; Antalgique, antidouleur : soulage les douleurs localis\u00e9es, les coups, les bosses et les bleus,<br \/>\n&#8211; Calme les d\u00e9mangeaisons cutan\u00e9es : m\u00e9langer dans un peu de pommade et appliquer localement,<br \/>\n&#8211; Peut aider \u00e0 d\u00e9congestionner (jambes lourds, pieds gonfl\u00e9s\u2026),<br \/>\n&#8211; Relaxant et antistress,<br \/>\n&#8211; Rafra\u00eechissant, effet \u00ab\u00a0frisson\u00a0\u00bb,<br \/>\n&#8211; Repulpant pour les l\u00e8vres,<br \/>\n&#8211; Rafra\u00eechit l&rsquo;haleine et masque les mauvaises odeurs buccales.<\/p>\n<h2><strong>Utilisation\u00a0:<\/strong><\/h2>\n<ul>\n<li>A incorporer dans vos pr\u00e9parations cosm\u00e9tiques : se dilue dans l\u2019huile ou l\u2019alcool.<\/li>\n<li>Par \u00e9vaporation : mettre dans un bol d\u2019eau bouillante dans un coin de la chambre ou en inhalation directe.<\/li>\n<li>Dilu\u00e9 dans une tisane, un th\u00e9 \u00e0 la menthe ou autres. Ou le faire fondre directement sur la langue.<\/li>\n<li>M\u00e9langer \u00e0 une huile vierge ou une pommade, pour effectuer un massage.<\/li>\n<\/ul>\n<p><strong>F\u00fcr jede dieser Verwendungen reicht ein kleiner 3-mm-Kristall.<\/strong><\/p>\n<p><u>Herkunft :<\/u> Indien<\/p>\n<p><u>Inhalt :<\/u> 20g<\/p>\n<h3><strong>Contre-indications et effets ind\u00e9sirables :<\/strong><\/h3>\n<p>&#8211; Strictement interdit chez les b\u00e9b\u00e9s et enfants de moins de 36 mois, peut provoquer un r\u00e9flexe d\u2019apn\u00e9e ou laryngospasme.<br \/>\n&#8211; Les femmes enceintes ou qui allaitent ne doivent pas non plus les utiliser. Ne jamais appliquer de produit contenant du menthol sur les seins si vous allaitez.<\/p>\n<p>&#8211; Utiliser sur les \u00e9pileptiques, les asthmatiques ou les personnes ayant des ant\u00e9c\u00e9dents de convulsions.<br \/>\n&#8211; Eviter le contact avec les yeux et ne pas appliquer les formules \u00e0 base de Menthol \u00e0 proximit\u00e9 des yeux.<br \/>\n&#8211; Ne pas utiliser sur une peau l\u00e9s\u00e9e (br\u00fblure, plaie, ecz\u00e9ma&#8230;), ni sur les muqueuses et zones sensibles.<br \/>\n&#8211; R\u00e9action allergique possible : toujours tester vos pr\u00e9parations dans le pli du coude 48 h avant utilisation, afin de d\u00e9tecter une \u00e9ventuelle r\u00e9action.<br \/>\n&#8211; Irritation respiratoire possible, notamment en cas de surdosage.<\/p>\n<p>Attention ! Bien que cette substance ne soit pas toxique, il est recommand\u00e9 de limiter la quantit\u00e9 utilis\u00e9e de cristaux de menthe. Commencez par une petite quantit\u00e9, afin d\u2019apprendre progressivement \u00e0 estimer et conna\u00eetre l\u2019intensit\u00e9 de l\u2019effet.<\/p>\n<p>Par ailleurs, il est important de bien se laver les mains apr\u00e8s avoir touch\u00e9 des cristaux pour pr\u00e9venir l\u2019irritation. En cas de contact de cristaux non dilu\u00e9s avec les yeux ou avec une blessure ouverte, il est pr\u00e9f\u00e9rable de rincer abondamment \u00e0 l\u2019eau.<\/p>\n<p>Conservez les cristaux de menthe toujours dans leur emballage original. Fermez l\u2019emballage apr\u00e8s chaque utilisation. Choisissez pr\u00e9f\u00e9rablement un endroit sec pour \u00e9viter que l\u2019humidit\u00e9 fasse fondre les cristaux.<\/p>","protected":false},"excerpt":{"rendered":"<p>Minzkristalle (oder Menthol) entstehen durch die Kristallisation von Minz\u00f6l, sie sind also 100% nat\u00fcrlich und stammen aus der Minzbl\u00fcte.<\/p>\n<p>Antidouleur, ils ont de nombreuses autres vertus : lib\u00e8rent les bronches et d\u00e9congestionne les voies respiratoires, luttent contre les maux de gorge, le rhume et la grippe, d\u00e9bouche le nez&#8230; En quelques mots, c&rsquo;est le \u00ab\u00a0must have\u00a0\u00bb de l&rsquo;hiver !<\/p>\n<p>Mais ils s&rsquo;utilisent aussi pour les massages, les pr\u00e9parations cosm\u00e9tiques&#8230;<\/p>","protected":false},"featured_media":5818,"template":"","meta":[],"product_brand":[],"product_cat":[27,28],"product_tag":[],"class_list":{"0":"post-5837","1":"product","2":"type-product","3":"status-publish","4":"has-post-thumbnail","6":"product_cat-bien-etre","7":"product_cat-medecine-sante","9":"first","10":"instock","11":"shipping-taxable","12":"purchasable","13":"product-type-simple"},"_links":{"self":[{"href":"https:\/\/1001vertus.com\/de\/wp-json\/wp\/v2\/product\/5837","targetHints":{"allow":["GET"]}}],"collection":[{"href":"https:\/\/1001vertus.com\/de\/wp-json\/wp\/v2\/product"}],"about":[{"href":"https:\/\/1001vertus.com\/de\/wp-json\/wp\/v2\/types\/product"}],"wp:featuredmedia":[{"embeddable":true,"href":"https:\/\/1001vertus.com\/de\/wp-json\/wp\/v2\/media\/5818"}],"wp:attachment":[{"href":"https:\/\/1001vertus.com\/de\/wp-json\/wp\/v2\/media?parent=5837"}],"wp:term":[{"taxonomy":"product_brand","embeddable":true,"href":"https:\/\/1001vertus.com\/de\/wp-json\/wp\/v2\/product_brand?post=5837"},{"taxonomy":"product_cat","embeddable":true,"href":"https:\/\/1001vertus.com\/de\/wp-json\/wp\/v2\/product_cat?post=5837"},{"taxonomy":"product_tag","embeddable":true,"href":"https:\/\/1001vertus.com\/de\/wp-json\/wp\/v2\/product_tag?post=5837"}],"curies":[{"name":"wp","href":"https:\/\/api.w.org\/{rel}","templated":true}]}}