{"id":5470,"date":"2021-12-27T12:04:59","date_gmt":"2021-12-27T11:04:59","guid":{"rendered":"https:\/\/1001vertus.com\/?post_type=product&#038;p=5470"},"modified":"2024-08-19T14:26:05","modified_gmt":"2024-08-19T13:26:05","slug":"gelules-diode-physio-source","status":"publish","type":"product","link":"https:\/\/1001vertus.com\/de\/produit\/gelules-diode-physio-source\/","title":{"rendered":"Jodkapseln - Physio source"},"content":{"rendered":"<p>L&rsquo;iode est un oligo-\u00e9l\u00e9ment indispensable \u00e0 la fabrication des hormones thyro\u00efdiennes. Ces hormones sont extr\u00eamement importantes tout au long de notre vie, et notamment au stade du f\u0153tus (formation du syst\u00e8me nerveux) et lors de la pubert\u00e9.<\/p>\n<h2>Qu\u2019est-ce que l\u2019iode\u00a0?<\/h2>\n<p>L\u2019iode est un oligo-\u00e9l\u00e9ment essentiel pour assurer le bon fonctionnement de notre organisme. (fabrication des hormones thyro\u00efdiennes, production cellulaire, bon fonctionnement des muscles et du syst\u00e8me nerveux&#8230;). L\u2019iode est pr\u00e9sent en grande quantit\u00e9 dans\u00a0les oc\u00e9ans. Chez l\u2019homme, il est particuli\u00e8rement concentr\u00e9 dans\u00a0la glande thyro\u00efde, situ\u00e9e au niveau du cou.<\/p>\n<p>Il est important d\u2019en apporter \u00e0 notre corps via l\u2019alimentation ou la compl\u00e9mentation, car ce dernier ne sait pas le stocker.<br \/>\nOn peut trouver de l\u2019iode dans les aliments. Les plus riches en iode sont ceux qui viennent de la mer (fruits de mer et poissons), puis les produits laitiers (surtout les fromages) et les \u0153ufs.<\/p>\n<p>L\u2019iode pr\u00e9sent dans nos g\u00e9lules est d\u2019origine naturelle, apport\u00e9 par un extrait d\u2019algue\u00a0: le fucus (fucus vesiculosus), une algue pr\u00e9sente dans les oc\u00e9ans.<\/p>\n<h2>Pourquoi prendre de l\u2019iode\u00a0?<\/h2>\n<p>Selon l\u2019OMS (Organisation Mondiale de la Sant\u00e9), la carence en iode concerne le quart de l\u2019humanit\u00e9.<\/p>\n<p>Dans les r\u00e9gions de d\u00e9ficit marqu\u00e9, une atteinte c\u00e9r\u00e9brale se manifeste d\u00e8s la naissance, d\u00e9nomm\u00e9e : \u00ab\u00a0cr\u00e9tinisme end\u00e9mique\u00a0\u00bb. Ce retard mental est irr\u00e9versible. Les enfants et les adultes carenc\u00e9s pr\u00e9sentent un goitre (gros cou), qui t\u00e9moigne d\u2019une hypertrophie de la glande thyro\u00efde. Cela peut aussi se traduire par des troubles de croissance et de d\u00e9veloppement.<\/p>\n<p>Dans les pays d\u00e9velopp\u00e9s, cet oligo-\u00e9l\u00e9ment est en g\u00e9n\u00e9ral plus pr\u00e9sent, notamment avec la pr\u00e9sence du sel iod\u00e9 sur la plupart des tables. Les carences en iode sont donc moins fortes mais sont loin d\u2019\u00eatre n\u00e9gligeables.<br \/>\nUne r\u00e9cente \u00e9tude fran\u00e7aise r\u00e9v\u00e8le que 70% des adolescentes et 40% des femmes ont des apports insuffisants en iode. \u00a0Les besoins en iode sont variables selon l&rsquo;\u00e2ge, le sexe, les situations physiologiques.<\/p>\n<p>Un d\u00e9ficit en iode prolong\u00e9 peut affecter la fertilit\u00e9 et aboutit \u00e0 une hypothyro\u00efdie (insuffisance d\u2019hormones thyro\u00efdiennes), qui se traduit par de nombreux sympt\u00f4mes\u00a0: prise de poids, frilosit\u00e9, douleurs articulaires, fatigue, d\u00e9prime\u2026<\/p>\n<p>Un d\u00e9ficit en s\u00e9l\u00e9nium associ\u00e9 augmente le risque d\u2019hypothyro\u00efdie et d\u2019alt\u00e9ration de la glande thyro\u00efde.\u00a0C\u2019est pourquoi nos g\u00e9lules contiennent \u00e9galement du s\u00e9l\u00e9nium (90% des AJR).<\/p>\n<p>La femme enceinte est tout particuli\u00e8rement concern\u00e9e par le d\u00e9ficit en iode, qui a pour cons\u00e9quences un risque de pr\u00e9maturit\u00e9, de mortalit\u00e9 n\u00e9o-natale, d\u2019hypothyro\u00efdie n\u00e9onatale, de retard staturo-pond\u00e9ral.<br \/>\nDe plus, au cours du premier trimestre de vie f\u0153tale, la glande thyro\u00efde n\u2019est pas form\u00e9e\u00a0: le futur b\u00e9b\u00e9 est d\u00e9pendant des hormones thyro\u00efdiennes de sa m\u00e8re, dont la production augmente de 50\u00a0% tout au long de la grossesse et n\u00e9cessite un apport d\u2019iode suppl\u00e9mentaire.<\/p>\n<p>Dies sind jedoch nicht die einzigen Personen mit einer unzureichenden Jodzufuhr. Die folgenden Personen sollten auf diese Zufuhr achten:<\/p>\n<ul>\n<li>Stillende Frauen,<\/li>\n<li>Les femmes m\u00e9nopaus\u00e9es (bouleversement hormonal),<\/li>\n<li>Sportler (bei \u00fcberm\u00e4\u00dfigem Schwitzen),<\/li>\n<li>S\u00e4uglinge,<\/li>\n<li>Teenager (hormonelle Umstellung),<\/li>\n<li>Les personnes \u00e2g\u00e9es,<\/li>\n<li>Personen, die weit vom Meer entfernt wohnen,<\/li>\n<li>Les personnes qui suivent un r\u00e9gime sans sel,<\/li>\n<li>Les v\u00e9g\u00e9tariens,<\/li>\n<li>Les fumeurs (le tabac freine l\u2019absorption de l\u2019iode par l\u2019organisme)&#8230;<\/li>\n<\/ul>\n<p>&nbsp;<\/p>\n<p><strong>Les apports nutritionnels conseill\u00e9s en iode sont les suivants\u00a0:<\/strong><\/p>\n<table style=\"height: 327px;\" width=\"990\">\n<tbody>\n<tr>\n<td width=\"302\"><\/td>\n<td width=\"302\">R\u00e9f\u00e9rence nutritionnelle en iode en microgrammes (\u00b5g) par jour<\/td>\n<\/tr>\n<tr>\n<td width=\"302\">Enfants de 6 mois \u00e0 6 ans<\/td>\n<td width=\"302\">\u00a090<\/td>\n<\/tr>\n<tr>\n<td width=\"302\">Enfants de 7 \u00e0 10 ans<\/td>\n<td width=\"302\">\u00a0120<\/td>\n<\/tr>\n<tr>\n<td width=\"302\">Jugendliche und Erwachsene<\/td>\n<td width=\"302\">\u00a0150<\/td>\n<\/tr>\n<tr>\n<td width=\"302\">Schwangere oder stillende Frauen<\/td>\n<td width=\"302\">\u00a0200 \u00e0 250<\/td>\n<\/tr>\n<\/tbody>\n<\/table>\n<p>Chez le sportif, l\u2019apport peut \u00eatre major\u00e9 de 50 \u00b5g par jour, surtout en cas de sudation importante.<\/p>\n<p>&nbsp;<\/p>\n<h2>Vertus\u00a0:<\/h2>\n<p>L\u2019iode permet d\u2019assurer le bon fonctionnement\u00a0:<\/p>\n<ul>\n<li>du m\u00e9tabolisme \u00e9nerg\u00e9tique. Il joue un r\u00f4le important dans le m\u00e9tabolisme des glucides, des lipides et des prot\u00e9ines.<\/li>\n<li>du syst\u00e8me nerveux. Il joue notamment un r\u00f4le dans le bon d\u00e9veloppement des fonctions cognitives (m\u00e9moire, concentration,\u2026)<\/li>\n<li>de la thyro\u00efde. Il joue un r\u00f4le important dans la production des hormones thyro\u00efdiennes.<\/li>\n<li>du transit intestinal. L\u2019acide alginique contenu dans le fucus a des effets b\u00e9n\u00e9fiques sur le syst\u00e8me digestif.<\/li>\n<li>L\u2019iode a \u00e9galement un effet coupe-faim. L\u2019acide alginique pr\u00e9sent dans le fucus est connu pour avoir un effet coupe-faim en augmentant la sensation de sati\u00e9t\u00e9. Son utilisation est donc pertinente dans le cadre d\u2019un r\u00e9gime hypocalorique.<\/li>\n<\/ul>\n<p>&nbsp;<\/p>\n<p><u>Tipp zur Verwendung :<\/u> Prendre 1 \u00e0 2 g\u00e9lules le matin<\/p>\n<p><u>Inhalt :<\/u> 60 g\u00e9lules<\/p>\n<p>I<u>ngr\u00e9dients :<\/u> Extrait de thalles de fucus (fucus vesiculosus), levure au s\u00e9l\u00e9nium (saccharomyces cerevisiae)<br \/>\nNos g\u00e9lules sont \u00e0 base de\u00a0g\u00e9latine v\u00e9g\u00e9tale (HPMC).<\/p>\n<p><strong>Une g\u00e9lule fournit :<\/strong><br \/>\nIode : 60 \u00b5g (40% des AJR*)<br \/>\nS\u00e9l\u00e9nium : 50 \u00b5g (90% des AJR*)<br \/>\n*Apport Journalier de R\u00e9f\u00e9rence<\/p>\n<p><strong><u>Vorsichtsma\u00dfnahmen f\u00fcr den Gebrauch :<\/u><\/strong><br \/>\nD\u00e9conseill\u00e9 aux personnes souffrant de troubles de la thyro\u00efde, sans un avis m\u00e9dical pr\u00e9alable.<br \/>\n\u00dcberschreiten Sie nicht die angegebene Tagesdosis.<\/p>","protected":false},"excerpt":{"rendered":"<p>L\u2019iode est un oligo-\u00e9l\u00e9ment essentiel pour assurer le bon fonctionnement de notre organisme. Cependant notre corps ne sait pas le stocker, il est donc important de lui en apporter.<\/p>\n<p>L\u2019iode permet d\u2019assurer le bon fonctionnement\u00a0du m\u00e9tabolisme \u00e9nerg\u00e9tique, du syst\u00e8me nerveux et des fonctions cognitives, de la thyro\u00efde et du transit intestinal.<\/p>","protected":false},"featured_media":5471,"template":"","meta":[],"product_brand":[],"product_cat":[53,28],"product_tag":[],"class_list":{"0":"post-5470","1":"product","2":"type-product","3":"status-publish","4":"has-post-thumbnail","6":"product_cat-complements-alimentaires","7":"product_cat-medecine-sante","9":"first","10":"outofstock","11":"shipping-taxable","12":"purchasable","13":"product-type-simple"},"_links":{"self":[{"href":"https:\/\/1001vertus.com\/de\/wp-json\/wp\/v2\/product\/5470","targetHints":{"allow":["GET"]}}],"collection":[{"href":"https:\/\/1001vertus.com\/de\/wp-json\/wp\/v2\/product"}],"about":[{"href":"https:\/\/1001vertus.com\/de\/wp-json\/wp\/v2\/types\/product"}],"wp:featuredmedia":[{"embeddable":true,"href":"https:\/\/1001vertus.com\/de\/wp-json\/wp\/v2\/media\/5471"}],"wp:attachment":[{"href":"https:\/\/1001vertus.com\/de\/wp-json\/wp\/v2\/media?parent=5470"}],"wp:term":[{"taxonomy":"product_brand","embeddable":true,"href":"https:\/\/1001vertus.com\/de\/wp-json\/wp\/v2\/product_brand?post=5470"},{"taxonomy":"product_cat","embeddable":true,"href":"https:\/\/1001vertus.com\/de\/wp-json\/wp\/v2\/product_cat?post=5470"},{"taxonomy":"product_tag","embeddable":true,"href":"https:\/\/1001vertus.com\/de\/wp-json\/wp\/v2\/product_tag?post=5470"}],"curies":[{"name":"wp","href":"https:\/\/api.w.org\/{rel}","templated":true}]}}