{"id":5178,"date":"2021-10-24T17:32:23","date_gmt":"2021-10-24T16:32:23","guid":{"rendered":"https:\/\/1001vertus.com\/?post_type=product&#038;p=5178"},"modified":"2023-11-12T17:48:44","modified_gmt":"2023-11-12T16:48:44","slug":"gelules-mit-meeresmagnesium-und-vitamin-b6-physio-source","status":"publish","type":"product","link":"https:\/\/1001vertus.com\/de\/produit\/gelules-au-magnesium-marin-et-a-la-vitamine-b6-physio-source\/","title":{"rendered":"Kapseln mit Meeresmagnesium und Vitamin B6 - Physio Source"},"content":{"rendered":"<p>F\u00fchlen Sie sich regelm\u00e4\u00dfig m\u00fcde, deprimiert und antriebslos? Haben Sie oft Kopfschmerzen? Spielt Ihnen Ihre Stimmung einen Streich? Ihr rechtes Augenlid f\u00e4ngt regelm\u00e4\u00dfig an zu zittern? Sie haben wei\u00dfe Flecken auf Ihren Fingern\u00e4geln? Dann ist eine Kur mit Meeresmagnesium genau das Richtige f\u00fcr Sie.<\/p>\n<p>Magnesium ist ein Mineralsalz, das in Knochen und Z\u00e4hnen, aber auch in Muskeln, Leber und anderen Weichgeweben vorkommt. Da es an Hunderten von biochemischen Reaktionen im K\u00f6rper beteiligt ist, sollten Sie Ihrem K\u00f6rper t\u00e4glich 6 mg pro Kilogramm K\u00f6rpergewicht zuf\u00fchren. Wenn Sie also 62 kg wiegen, ben\u00f6tigen Sie 372 mg pro Tag.<\/p>\n<p>Obwohl es eines der acht am h\u00e4ufigsten vorkommenden Elemente auf der Erde ist, <strong>Magnesium ist auch eines der Spurenelemente, die in unserer Gesellschaft am h\u00e4ufigsten unter Mangelerscheinungen leiden. Drei Viertel der franz\u00f6sischen Bev\u00f6lkerung sollen von Magnesiummangel betroffen sein.<\/strong> Noch schlimmer ist, dass viele Menschen (23% der M\u00e4nner und 18% der Frauen) weniger als 2\/3 der empfohlenen N\u00e4hrstoffzufuhr zu sich nehmen w\u00fcrden.<\/p>\n<p>Was sind die Folgen? M\u00fcdigkeit, Stress, Reizbarkeit, Kr\u00e4mpfe...<\/p>\n<p>Unsere ultraverarbeitete Ern\u00e4hrung, die arm an Mikron\u00e4hrstoffen (Vitaminen und Mineralien) ist, kann den hohen Bedarf unseres K\u00f6rpers nicht decken. Auch Stress spielt eine Rolle. Er ist einer der wichtigsten Faktoren f\u00fcr die \u00dcberausscheidung von Magnesium durch den K\u00f6rper.<\/p>\n<p>&nbsp;<\/p>\n<h2>Magnesium: ein Spurenelement, das f\u00fcr das Wohlbefinden unerl\u00e4sslich ist.<\/h2>\n<p>Dieses Spurenelement, das anerkannterma\u00dfen zu einer normalen Funktion des Nervensystems und zu normalen psychologischen Funktionen beitr\u00e4gt, spielt eine Rolle bei der Freisetzung von Serotonin. Dieses Hormon, das wegen seines Einflusses auf unser Wohlbefinden auch als \u201cGl\u00fcckshormon\u201d bezeichnet wird, tr\u00e4gt zur Beruhigung von Reizbarkeit und Impulsivit\u00e4t sowie zur Bek\u00e4mpfung von Niedergeschlagenheit bei.<br \/>\nEr tr\u00e4gt auch zur Aktivierung von Melatonin, dem \u2019Schlafhormon\u201c, bei. Als solches lindert es nerv\u00f6se Erm\u00fcdung, Stress und hilft bei Schlaflosigkeit.<\/p>\n<p><strong>Unter den von Fachleuten am h\u00e4ufigsten empfohlenen Magnesiumkuren steht die Kur mit marinem Magnesium ganz oben auf der Liste.<\/strong><\/p>\n<p>&nbsp;<\/p>\n<h2>Was ist marines Magnesium?<\/h2>\n<p>Wie der Name schon sagt, wird marines Magnesium aus Meerwasser gewonnen.<br \/>\nEs besteht zur H\u00e4lfte aus elementarem Magnesium und verschiedenen Magnesiumsalzen.  Es wird durch die Verdunstung von Meerwasser durch die Einwirkung von Sonne und Wind gewonnen. Dabei wird Meersalz gewonnen, das durch einen Kristallisationsprozess weiterverarbeitet wird. Im Gegensatz zu anderen Magnesiumvarianten, die in der Nahrung vorkommen k\u00f6nnen, wird marines Magnesium nur in Form von Nahrungserg\u00e4nzungsmitteln konsumiert. Der Grund daf\u00fcr ist, dass unser K\u00f6rper dieses f\u00fcr seine Funktion wichtige Spurenelement nicht selbst herstellen kann.<\/p>\n<h2>\n<strong>Die Vorteile von marinem Magnesium :<\/strong><\/h2>\n<ul>\n<li>Kontrolliert Stimmungsschwankungen,<\/li>\n<li>F\u00f6rdert einen besseren Schlaf,<\/li>\n<li>Bek\u00e4mpft Stress,<\/li>\n<li>Verbessert die Konzentration,<\/li>\n<li>Hebt die Stimmung und bek\u00e4mpft Niedergeschlagenheit,<\/li>\n<li>Verringert Kopfschmerzen,<\/li>\n<li>Tr\u00e4gt zu einem normalen Energiestoffwechsel und einer normalen Muskelfunktion bei,<\/li>\n<li>Bek\u00e4mpft Kr\u00e4mpfe der Augenlider,<\/li>\n<li>Verhindert das Auftreten von Kr\u00e4mpfen,<\/li>\n<li>Sorgt f\u00fcr Beruhigung und Entspannung,<\/li>\n<li>Tr\u00e4gt zur Verringerung von Tinnitus bei,<\/li>\n<li>Erh\u00f6ht den Fettstoffwechsel,<\/li>\n<li>Mildert bestimmte Herz-Kreislauf-Erkrankungen, die durch einen chronischen Magnesiummangel verursacht werden.<\/li>\n<\/ul>\n<p>Um die Wirkung festzustellen, sollten Sie eine Magnesiumkur von<strong> lange Dauer<\/strong>.<\/p>\n<p>Es wird empfohlen, eine Kur \u00fcber mehrere Wochen (mindestens 4) oder Monate (h\u00f6chstens 3) zu machen und dann eine Pause einzulegen. Sie k\u00f6nnen die Kur bis zu 3 Mal pro Jahr wiederholen.<\/p>\n<p>Au\u00dferdem ist ein gesunder Lebensstil und eine abwechslungsreiche und ausgewogene Ern\u00e4hrung w\u00e4hrend Ihrer Kur wichtig, damit es sich im Gleichgewicht mit anderen Mineralien wie Kalium und Kalzium befindet.<\/p>\n<p>&nbsp;<\/p>\n<h2>Warum enthalten unsere Kapseln auch Vitamin B6?<\/h2>\n<p><strong>Damit es besser vom K\u00f6rper aufgenommen werden kann, sollte das Meeresmagnesium mit Vitamin B6 kombiniert werden.<\/strong> Leider ist dies nicht immer der Fall und es ist besser, sich zu vergewissern.<\/p>\n<p>&nbsp;<\/p>\n<h3>Nebenwirkungen :<\/h3>\n<p>Da marines Magnesium die Form ist, die vom K\u00f6rper am besten aufgenommen wird, f\u00fchrt die Einnahme als Nahrungserg\u00e4nzungsmittel selten zu Nebenwirkungen. Dennoch kann es vorkommen, dass sie zu Bauchschmerzen und Durchfall f\u00fchrt. In diesem Fall ist es unerl\u00e4sslich, die Magnesiumkur sofort abzubrechen.<\/p>\n<p>&nbsp;<\/p>\n<p><u>Zutaten :<\/u> Marines Magnesium mit 55%: 270 mg, Vitamin B6: 1 mg. Hilfsstoff.<br \/>\nKapseln mit Meeresgelatine.<\/p>\n<p><u>Inhalt :<\/u> 60 Kapseln mit einer Dosierung von 271 mg.<\/p>\n<p><u>Hinweise zur Verwendung :<\/u> Nehmen Sie 2 Kapseln pro Tag, morgens und abends, w\u00e4hrend der Mahlzeiten mit einem Glas Wasser ein.<\/p>\n<p>&nbsp;<\/p>\n<p>Tagesportion (2 Kapseln) :<br \/>\n- Magnesium: 300 mg (80 % der NRV*)<br \/>\n- Vitamin B6: 2 mg (142 % des NRV*)<br \/>\n* Ern\u00e4hrungsreferenzwerte<\/p>\n<p>&nbsp;<\/p>\n<p><em>Im Rahmen einer abwechslungsreichen Ern\u00e4hrung zu sich nehmen. Die angegebene Tagesdosis nicht \u00fcberschreiten. Au\u00dferhalb der Reichweite von kleinen Kindern aufbewahren. Vor Hitze gesch\u00fctzt aufbewahren.<\/em><\/p>","protected":false},"excerpt":{"rendered":"<p>Marines Magnesium ist eines der acht Elemente, die am h\u00e4ufigsten auf der Erde vorkommen. Es ist jedoch auch eines der Spurenelemente, die in unserer Gesellschaft am h\u00e4ufigsten unter Mangelerscheinungen leiden. Drei Viertel der franz\u00f6sischen Bev\u00f6lkerung sollen von Magnesiummangel betroffen sein.<\/p>\n<p>Magnesium ist ein Spurenelement, das f\u00fcr das Wohlbefinden unerl\u00e4sslich ist.<\/p>\n<p>Diese Kapseln sind mit Vitamin B6 angereichert und tragen unter anderem zu einer normalen Funktion des Nervensystems bei, beeinflussen unser Wohlbefinden positiv, wirken aber auch gegen M\u00fcdigkeit.<\/p>","protected":false},"featured_media":5179,"template":"","meta":[],"product_brand":[],"product_cat":[108],"product_tag":[],"class_list":{"0":"post-5178","1":"product","2":"type-product","3":"status-publish","4":"has-post-thumbnail","6":"product_cat-rupture-de-stock","8":"first","9":"outofstock","10":"shipping-taxable","11":"purchasable","12":"product-type-simple"},"_links":{"self":[{"href":"https:\/\/1001vertus.com\/de\/wp-json\/wp\/v2\/product\/5178","targetHints":{"allow":["GET"]}}],"collection":[{"href":"https:\/\/1001vertus.com\/de\/wp-json\/wp\/v2\/product"}],"about":[{"href":"https:\/\/1001vertus.com\/de\/wp-json\/wp\/v2\/types\/product"}],"wp:featuredmedia":[{"embeddable":true,"href":"https:\/\/1001vertus.com\/de\/wp-json\/wp\/v2\/media\/5179"}],"wp:attachment":[{"href":"https:\/\/1001vertus.com\/de\/wp-json\/wp\/v2\/media?parent=5178"}],"wp:term":[{"taxonomy":"product_brand","embeddable":true,"href":"https:\/\/1001vertus.com\/de\/wp-json\/wp\/v2\/product_brand?post=5178"},{"taxonomy":"product_cat","embeddable":true,"href":"https:\/\/1001vertus.com\/de\/wp-json\/wp\/v2\/product_cat?post=5178"},{"taxonomy":"product_tag","embeddable":true,"href":"https:\/\/1001vertus.com\/de\/wp-json\/wp\/v2\/product_tag?post=5178"}],"curies":[{"name":"wp","href":"https:\/\/api.w.org\/{rel}","templated":true}]}}