{"id":5174,"date":"2021-10-24T14:16:29","date_gmt":"2021-10-24T13:16:29","guid":{"rendered":"https:\/\/1001vertus.com\/?post_type=product&#038;p=5174"},"modified":"2023-11-12T17:48:51","modified_gmt":"2023-11-12T16:48:51","slug":"bio-ginkgo-biloba-gelules-physio-source","status":"publish","type":"product","link":"https:\/\/1001vertus.com\/de\/produit\/gelules-de-ginkgo-biloba-bio-physio-source\/","title":{"rendered":"Ginkgo Biloba BIO Kapseln - Physio Source"},"content":{"rendered":"<p>Dieser majest\u00e4tische Baum, der auch als \u00abBaum der Jugend\u00bb oder \u00abFossilbaum\u00bb bezeichnet wird, ist die \u00e4lteste Baumart der Erde und soll aus der Zeit vor den Dinosauriern stammen.<br \/>\nDieser riesige, bis zu 40 Meter hohe Baum kann \u00fcber 1000 Jahre alt werden und besitzt eine au\u00dfergew\u00f6hnliche Widerstandsf\u00e4higkeit. So \u00fcberlebte er verschiedene Eiszeiten und war in j\u00fcngster Zeit die erste Pflanze, die nach dem Atombombenabwurf auf der Insel Hiroshima wieder nachgewachsen ist. Eine au\u00dfergew\u00f6hnliche Langlebigkeit und Widerstandsf\u00e4higkeit, aus der wir Tugenden ableiten.<\/p>\n<h2>\nGinkgo biloba im Laufe der Zeit :<\/h2>\n<p>Die ersten medizinischen Anwendungen des Ginkgos sollen 2600 Jahre v. Chr. in China stattgefunden haben und werden in der Abhandlung \u00fcber medizinische Materie Chen Noung Pen T'sao erw\u00e4hnt. Dort wird erkl\u00e4rt, dass damals der Kern der Frucht des Baumes als Medikament zur Behandlung von Atembeschwerden und Asthma verwendet wurde.<\/p>\n<p>1730 wurde der Ginkgo in Europa und sp\u00e4ter auf dem amerikanischen Kontinent angesiedelt, wo er zun\u00e4chst wegen seiner Zierde und Widerstandsf\u00e4higkeit gesch\u00e4tzt wurde. Erst in den 1950er Jahren untersuchten deutsche Forscher die medizinische Wirksamkeit des standardisierten Extrakts aus Ginkgobl\u00e4ttern (statt aus den Kernen) bei der Linderung des kognitiven Verfalls bei \u00e4lteren Menschen. In Europa geht man allgemein davon aus, dass Ginkgo-Extrakt bei der Verz\u00f6gerung des Fortschreitens der Alzheimer-Krankheit sowie bei der Linderung anderer Beschwerden, die mit dem R\u00fcckgang der kognitiven Funktionen zusammenh\u00e4ngen, mindestens genauso wirksam ist wie herk\u00f6mmliche Medikamente.<\/p>\n<p>In Deutschland geh\u00f6rt Ginkgo biloba-Extrakt (EGb 761) \u00fcbrigens zu den am h\u00e4ufigsten verschriebenen verschreibungspflichtigen Medikamenten. Er wird unter anderem zur Behandlung der zerebralen Durchblutungsst\u00f6rung verwendet, einer Erkrankung, die folgende Symptome umfasst: Ged\u00e4chtnis- und Konzentrationsst\u00f6rungen, Verwirrtheit, Depressionen, Angstzust\u00e4nde, Schwindel, Tinnitus und Kopfschmerzen.<\/p>\n<p>Der Baum wird mittlerweile fast \u00fcberall auf der Welt angebaut, um den Bedarf der Industrie an medizinischen Extrakten aus dieser Pflanze zu decken. Gro\u00dfe kommerzielle Ginkgo-Plantagen gibt es in Westfrankreich, South Carolina (USA), Japan, Korea und China.<\/p>\n<p>&nbsp;<\/p>\n<h2>\nVorteile und Tugenden :<\/h2>\n<p>Die Wirksamkeit seiner Bl\u00e4tter wird von der Weltgesundheitsorganisation als klinisch erwiesen anerkannt. Die traditionelle Verwendung von Ginkgo wird auch von der European Scientific Cooperation in Phytotherapie (ESCOP) anerkannt. Er geh\u00f6rt zu den Heilpflanzen, die in der Liste des franz\u00f6sischen Arzneibuchs (Pharmacop\u00e9e fran\u00e7aise) registriert sind.<\/p>\n<p>&nbsp;<\/p>\n<p>Ginkgo biloba hat viele Vorteile:<\/p>\n<ul>\n<li>Ginkgo biloba ist ein Neuroprotektor und wirkt auf das Gehirn. Seine Bl\u00e4tter werden zur Behandlung von Symptomen der Altersdemenz und Schw\u00e4chezust\u00e4nden wie Ged\u00e4chtnisverlust, Depressionen, Konzentrations- und Wachsamkeitsst\u00f6rungen, Tinnitus oder auch Kopfschmerzen verwendet.<\/li>\n<\/ul>\n<p>&nbsp;<\/p>\n<ul>\n<li>Venotonisch, wirkt auf das Gef\u00e4\u00dfsystem und lindert dank seiner gerinnungshemmenden Wirkung oberfl\u00e4chliche Venenentz\u00fcndungen, H\u00e4morrhoiden, Krampfadern, die Raynaud-Krankheit und Claudicatio intermittens.<\/li>\n<\/ul>\n<p>Es lindert Schwindel und vermindert vestibul\u00e4re St\u00f6rungen.<br \/>\nDie WHO erkennt die Verwendung von Ginkgo \u00abzur Linderung von Schwindel und Tinnitus, die durch den Kreislauf verursacht werden\u00bb, an.<\/p>\n<ul>\n<li>Es beugt Herz-Kreislauf-Erkrankungen vor.<\/li>\n<\/ul>\n<p>Die antioxidativen Flavonoide, die in gro\u00dfer Zahl im Ginkgo-Extrakt enthalten sind, wirken sowohl gef\u00e4\u00dferweiternd als auch pl\u00e4ttchenhemmend. Sie erweitern also den Durchmesser der Blutgef\u00e4\u00dfe und verhindern die Bildung von atherosklerotischen Plaques.<br \/>\n<a href=\"https:\/\/pubmed.ncbi.nlm.nih.gov\/17704974\/\" target=\"_blank\" rel=\"noopener\">Eine deutsche Studie aus dem Jahr 2007<\/a> zeigt, dass Ginkgo-Extrakt atherosklerotische Plaques reduziert, die f\u00fcr die Entstehung zahlreicher Herz-Kreislauf-Erkrankungen verantwortlich sind.<\/p>\n<ul>\n<li>Es ist wirksam gegen H\u00e4morrhoiden.<\/li>\n<\/ul>\n<p>&nbsp;<\/p>\n<ul>\n<li>Es verbessert die k\u00f6rperliche Leistungsf\u00e4higkeit und die Ausdauer.<\/li>\n<\/ul>\n<p>&nbsp;<\/p>\n<ul>\n<li>Es besitzt wundheilende Eigenschaften.<\/li>\n<\/ul>\n<p>&nbsp;<\/p>\n<h2>Ginkgo und die Bek\u00e4mpfung von seniler Demenz, kognitivem Verfall und Alzheimer im Fr\u00fchstadium :<\/h2>\n<p>Sehr viele klinische Studien haben sich mit der Wirkung von Ginkgo bei kognitivem Verfall befasst, der mit der Alzheimer-Krankheit in Zusammenhang steht oder nicht.<\/p>\n<p><a href=\"https:\/\/pubmed.ncbi.nlm.nih.gov\/10755847\/\" target=\"_blank\" rel=\"noopener\">Eine erste Schweizer Studie aus dem Jahr 2000<\/a>, Die Studie \"Ginkgo\" hat die Wirksamkeit von Ginkgo bei Menschen mit Alzheimer im Fr\u00fchstadium nachgewiesen.<\/p>\n<p>2 Jahre sp\u00e4ter <a href=\"https:\/\/pubmed.ncbi.nlm.nih.gov\/12519586\/\" target=\"_blank\" rel=\"noopener\">eine zweite Studie<\/a> befasst sich mit der Wirkung von Ginkgo bei der Behandlung von Demenz und kognitiven St\u00f6rungen. Die Ergebnisse sind ermutigend, aber die Methodik ist unzureichend, um die Wirksamkeit von Ginkgo zu best\u00e4tigen.<\/p>\n<p>Im Jahr 2010,<a href=\"https:\/\/pubmed.ncbi.nlm.nih.gov\/20236541\/\" target=\"_blank\" rel=\"noopener\"> eine deutsche Metaanalyse<\/a> fasst alle zuvor ver\u00f6ffentlichten Studien sowie mehrere neue Studien zusammen. Sie belegt, dass Ginkgo eine signifikante Wirkung auf die kognitiven Funktionen bei allen Demenzen hat.<\/p>\n<p><a href=\"https:\/\/pubmed.ncbi.nlm.nih.gov\/22459264\/\" target=\"_blank\" rel=\"noopener\">Eine letzte deutsche Studie aus dem Jahr 2012<\/a> befasst sich mit der Wirkung von Ginkgo bei Patienten mit mittelschwerer Demenz (Alzheimer-Krankheit oder vaskul\u00e4re Demenz), die mit neuropsychiatrischen Symptomen einhergeht. Sie kommt zu folgendem Schluss: \u00abDie Behandlung mit EGb 761 in einer einmal t\u00e4glichen Dosis von 240 mg war sicher und f\u00fchrte zu einer signifikanten und klinisch relevanten Verbesserung der Kognition, der Psychopathologie, der funktionellen Messungen und der Lebensqualit\u00e4t der Patienten\u00bb.<\/p>\n<p>&nbsp;<\/p>\n<h3>Gegenanzeigen :<\/h3>\n<p>Aufgrund seiner blutverd\u00fcnnenden Wirkung ist Gingko w\u00e4hrend einer Schwangerschaft oder bei Menschen mit H\u00e4mophilie kontraindiziert.<br \/>\nGinkgo kann eine Arzneimittelwechselwirkung mit bestimmten blutgerinnungshemmenden Medikamenten (Warfarin, Aspirin ...) hervorrufen. Personen, die mit diesen Medikamenten behandelt werden, sollten vorher ihren Arzt konsultieren.<br \/>\nIm Falle eines chirurgischen Eingriffs wird empfohlen, die Behandlung mindestens 48 Stunden vorher zu beenden.<\/p>\n<p>&nbsp;<\/p>\n<p><u>Inhalt :<\/u> 90 vegetarische Kapseln mit einer Dosierung von 180 mg<\/p>\n<p>&nbsp;<\/p>\n<p><u>Zutaten :<\/u> Ginkgo Biloba Bl\u00e4tter BIO: 180 mg<\/p>\n<p>Kapsel pflanzlichen Ursprungs.<\/p>\n<p>&nbsp;<\/p>\n<p><u>Tipp zur Verwendung :<\/u> Nehmen Sie 3-4 Kapseln pro Tag ein.<\/p>\n<p>&nbsp;<\/p>\n<p><em>Dieses Nahrungserg\u00e4nzungsmittel ist kein Arzneimittel, sondern ein Nahrungserg\u00e4nzungsmittel, das im Rahmen einer abwechslungsreichen Ern\u00e4hrung verzehrt werden sollte. Die angegebene Tagesdosis darf nicht \u00fcberschritten werden. Au\u00dferhalb der Reichweite von kleinen Kindern aufbewahren.<\/em><\/p>","protected":false},"excerpt":{"rendered":"<p>Dieser jahrtausendealte Baum mit seiner au\u00dfergew\u00f6hnlichen Widerstandsf\u00e4higkeit bietet zahlreiche Vorteile. Er ist vor allem f\u00fcr seine Wirkung auf das Ged\u00e4chtnis und die Konzentration oder seine Auswirkungen auf die Alzheimer-Krankheit bekannt.<\/p>\n<p>Es hilft, das geistige Wohlbefinden und das Ged\u00e4chtnis im Alter zu erhalten und die kognitiven Funktionen zu bewahren.<\/p>","protected":false},"featured_media":5166,"template":"","meta":[],"product_brand":[],"product_cat":[108],"product_tag":[],"class_list":{"0":"post-5174","1":"product","2":"type-product","3":"status-publish","4":"has-post-thumbnail","6":"product_cat-rupture-de-stock","8":"first","9":"outofstock","10":"shipping-taxable","11":"purchasable","12":"product-type-simple"},"_links":{"self":[{"href":"https:\/\/1001vertus.com\/de\/wp-json\/wp\/v2\/product\/5174","targetHints":{"allow":["GET"]}}],"collection":[{"href":"https:\/\/1001vertus.com\/de\/wp-json\/wp\/v2\/product"}],"about":[{"href":"https:\/\/1001vertus.com\/de\/wp-json\/wp\/v2\/types\/product"}],"wp:featuredmedia":[{"embeddable":true,"href":"https:\/\/1001vertus.com\/de\/wp-json\/wp\/v2\/media\/5166"}],"wp:attachment":[{"href":"https:\/\/1001vertus.com\/de\/wp-json\/wp\/v2\/media?parent=5174"}],"wp:term":[{"taxonomy":"product_brand","embeddable":true,"href":"https:\/\/1001vertus.com\/de\/wp-json\/wp\/v2\/product_brand?post=5174"},{"taxonomy":"product_cat","embeddable":true,"href":"https:\/\/1001vertus.com\/de\/wp-json\/wp\/v2\/product_cat?post=5174"},{"taxonomy":"product_tag","embeddable":true,"href":"https:\/\/1001vertus.com\/de\/wp-json\/wp\/v2\/product_tag?post=5174"}],"curies":[{"name":"wp","href":"https:\/\/api.w.org\/{rel}","templated":true}]}}