{"id":5173,"date":"2021-10-24T13:57:28","date_gmt":"2021-10-24T12:57:28","guid":{"rendered":"https:\/\/1001vertus.com\/?post_type=product&#038;p=5173"},"modified":"2023-11-12T17:48:22","modified_gmt":"2023-11-12T16:48:22","slug":"gelules-mit-bio-propolis-physio-source","status":"publish","type":"product","link":"https:\/\/1001vertus.com\/de\/produit\/gelules-a-la-propolis-bio-physio-source\/","title":{"rendered":"Propolis-Kapseln BIO - Physio Source"},"content":{"rendered":"<h2>Was ist Propolis?<\/h2>\n<p>Propolis ist ein pflanzliches Naturprodukt, das meist nach der Honigernte gewonnen wird.<br \/>\nEs ist eine bernsteinfarbene harzige Substanz, die von Bienen aus den Knospen und der Rinde bestimmter B\u00e4ume gesammelt wird. Propolis wird bei der Herstellung mit Speichelsekret und Bienenwachs angereichert.<\/p>\n<p>Die Bienen verwenden es als \u00abKitt\u00bb, um das Innere des Bienenstocks auszukleiden. Dieses nat\u00fcrliche Schutzschild sch\u00fctzt ihren Bienenstock vor Mikroben, indem es f\u00fcr die Bienen wie ein echtes nat\u00fcrliches Desinfektionsmittel wirkt. F\u00fcr die Bienen ist es n\u00e4mlich ein nat\u00fcrliches Antibiotikum, das die Entwicklung von Mikroorganismen (Bakterien, Viren, Schimmelpilze) verhindert. Es f\u00fcllt auch Risse auf, dichtet im Winter vollst\u00e4ndig ab und saniert den Bienenstock.<\/p>\n<p>Die \u00d6ffnung des Bienenstocks, das sogenannte Flugloch, wird st\u00e4ndig mit Hilfe von Propolis angepasst und umgestaltet, um ihre Gr\u00f6\u00dfe und Ausrichtung den klimatischen Bedingungen anzupassen. Dieser Durchgang stellt gleichzeitig eine Art Sterilisationskammer am Eingang des Bienenstocks dar, daher der Name Propolis, der im Altgriechischen so viel wie \u00abvor\u00bb (pro) der \u00abStadt\u00bb (polis) bedeutet.<\/p>\n<p>Die Menge des geernteten Propolis h\u00e4ngt von den Bienenst\u00f6cken, der Bienenpopulation sowie der geografischen Lage (Walddichte, B\u00e4ume, Knospen) und nat\u00fcrlich vom Klima ab. Im Durchschnitt produziert ein Bienenstock jedoch 100 bis 300 Gramm Propolis pro Jahr, was den hohen Preis erkl\u00e4rt.<\/p>\n<p>&nbsp;<\/p>\n<h2>Zusammensetzung :<\/h2>\n<p>\u00abPropolis besteht aus Harzen (50 %), \u00e4therischen \u00d6len (5 bis 10%), Wachs (30 bis 35%) und einigen Pollenk\u00f6rnern (5%). Sie ist reich an \u00fcber 300 aktiven Molek\u00fclen, darunter antivirale, antibakterielle und tumorhemmende Verbindungen, die ihr ein therapeutisches Potenzial verleihen, das in der Humanmedizin genutzt werden kann\u00bb, erl\u00e4utert Fran\u00e7oise Sauvager, Dozentin und ehemalige Forscherin am Labor f\u00fcr Mikrobiologie der Fakult\u00e4t f\u00fcr Pharmazie in Rennes.<\/p>\n<p>Propolis hat eine sehr starke antioxidative Wirkung und wirkt gezielt gegen Bakterien und Viren.<\/p>\n<p>&nbsp;<\/p>\n<h2>Propolis im Wandel der Zeit :<\/h2>\n<p>Propolis ist seit \u00fcber 3000 Jahren bekannt und wurde von den \u00c4gyptern h\u00e4ufig zur Herstellung von Salben und zur Mumifizierung der Toten verwendet.<br \/>\nLaut Aristoteles und Plinius dem \u00c4lteren sch\u00e4tzten auch andere antike Zivilisationen wie die Griechen und R\u00f6mer die Pflanze wegen ihrer antiseptischen und wundheilenden F\u00e4higkeiten.<\/p>\n<p>Reines Propolis war somit Teil der Apotheke der Legion\u00e4re im Feld.<\/p>\n<p>Im Mittelalter trug sie noch zur Heilung von Pfeilwunden bei.<\/p>\n<p>Trotz einiger marginaler Verwendungen, insbesondere w\u00e4hrend des Burenkriegs 1902, wurde es in den letzten beiden Jahrhunderten nach und nach von traditionellen Medikamenten verdr\u00e4ngt. Dennoch beh\u00e4lt Propolis alle seine Eigenschaften, um Atemwegserkrankungen zu lindern und das Immunsystem zu stimulieren.<\/p>\n<p>&nbsp;<\/p>\n<h2>Tugenden :<\/h2>\n<ul>\n<li>Verbessert die Abwehrkr\u00e4fte des K\u00f6rpers gegen bakterielle, pilzliche und virale Infektionen, indem es das Immunsystem stimuliert und antibiotische Eigenschaften besitzt.<\/li>\n<li>Behandelt Erkrankungen der Atemwege und des HNO-Bereichs durch seine entz\u00fcndungshemmende, hustenstillende und an\u00e4sthetische Wirkung.<\/li>\n<li>Wirkt gegen bakteriell bedingte Erkrankungen der Atemwege oder des HNO-Bereichs, virale oder entz\u00fcndliche Erkrankungen (Halsschmerzen, Schnupfen, Husten, Rachenentz\u00fcndung, Nasennebenh\u00f6hlenentz\u00fcndung, Kehlkopfentz\u00fcndung, Angina, Mittelohrentz\u00fcndung, Rhinitis), Stimmverlust, Wundheilung.<\/li>\n<li>Verbessert die Mundhygiene (Vorbeugung von Karies und Aphten) und verringert die mit Parodontitis und Gingivitis verbundenen Schmerzen.<br \/>\nVerringert das Risiko eines erneuten Auftretens von Lippen- und Genitalherpes.<\/li>\n<li>Krampfl\u00f6send, wirkt gegen Magens\u00e4ure und Entz\u00fcndungen des Darms oder Dickdarms und regeneriert gleichzeitig die Flora.<\/li>\n<li>Lindert Muskelschmerzen und rheumatische Beschwerden.<\/li>\n<li>Verhindert und heilt Scheidenpilz, auch wiederkehrende Pilzinfektionen.<\/li>\n<\/ul>\n<p>&nbsp;<\/p>\n<h2>Propolis und die medizinische Forschung :<\/h2>\n<p>In Japan sind die Vorteile von Propolis Gegenstand zahlreicher offizieller Forschungsarbeiten, und seine Entwicklung wird durch die Erforschung der Wirkung von Propolis gegen bestimmte Krebsarten sehr gef\u00f6rdert. In Frankreich ist die Verwendung von Propolis in der Krebstherapie \u00fcberhaupt nicht verbreitet, w\u00e4hrend Propolis in Deutschland und der Schweiz als Arzneimittel gilt.<br \/>\nSeine Verwendung in der Apitherapie wird \u00fcbrigens von einigen Spezialisten in Europa und den USA anerkannt.<\/p>\n<p>&nbsp;<\/p>\n<p><u>Inhalt :<\/u> 60 Kapseln mit einer Dosierung von 225 mg<\/p>\n<p><u>\u00a0<\/u><u>Zutaten :<\/u> BIO Propolis 60% (auf einem Tr\u00e4ger aus BIO Johannisbrotpulver): 225 mg.<\/p>\n<p>Kapsel pflanzlichen Ursprungs.<\/p>\n<p><u>Tipp zur Verwendung :<\/u> 3 bis 6 Kapseln pro Tag<\/p>\n<p><em>Dieses Nahrungserg\u00e4nzungsmittel ist kein Medikament, sondern eine Nahrungserg\u00e4nzung, die im Rahmen einer abwechslungsreichen Ern\u00e4hrung eingenommen werden sollte. <\/em><br \/>\n<em>\u00dcberschreiten Sie nicht die angegebene Tagesdosis. <\/em><br \/>\n<em>Au\u00dferhalb der Reichweite von kleinen Kindern aufbewahren.\u00a0<\/em><br \/>\n<strong><em>Abgeraten f\u00fcr schwangere oder stillende Frauen und Personen, die gegen Bienenprodukte allergisch sind.<\/em><\/strong><\/p>\n<p>&nbsp;<\/p>","protected":false},"excerpt":{"rendered":"<p>Propolis ist ein pflanzliches Material, das von Bienen produziert wird, um den Schutz ihres Bienenstocks zu gew\u00e4hrleisten. Es ist seit der Antike f\u00fcr seine wohltuende Wirkung bei der Behandlung und Vorbeugung von Atemwegserkrankungen bekannt.<\/p>\n<p>Entdecken oder wiederentdecken Sie dieses nat\u00fcrliche Produkt mit 1001 Tugenden!<\/p>","protected":false},"featured_media":5168,"template":"","meta":[],"product_brand":[],"product_cat":[108],"product_tag":[],"class_list":{"0":"post-5173","1":"product","2":"type-product","3":"status-publish","4":"has-post-thumbnail","6":"product_cat-rupture-de-stock","8":"first","9":"outofstock","10":"shipping-taxable","11":"purchasable","12":"product-type-simple"},"_links":{"self":[{"href":"https:\/\/1001vertus.com\/de\/wp-json\/wp\/v2\/product\/5173","targetHints":{"allow":["GET"]}}],"collection":[{"href":"https:\/\/1001vertus.com\/de\/wp-json\/wp\/v2\/product"}],"about":[{"href":"https:\/\/1001vertus.com\/de\/wp-json\/wp\/v2\/types\/product"}],"wp:featuredmedia":[{"embeddable":true,"href":"https:\/\/1001vertus.com\/de\/wp-json\/wp\/v2\/media\/5168"}],"wp:attachment":[{"href":"https:\/\/1001vertus.com\/de\/wp-json\/wp\/v2\/media?parent=5173"}],"wp:term":[{"taxonomy":"product_brand","embeddable":true,"href":"https:\/\/1001vertus.com\/de\/wp-json\/wp\/v2\/product_brand?post=5173"},{"taxonomy":"product_cat","embeddable":true,"href":"https:\/\/1001vertus.com\/de\/wp-json\/wp\/v2\/product_cat?post=5173"},{"taxonomy":"product_tag","embeddable":true,"href":"https:\/\/1001vertus.com\/de\/wp-json\/wp\/v2\/product_tag?post=5173"}],"curies":[{"name":"wp","href":"https:\/\/api.w.org\/{rel}","templated":true}]}}