{"id":4951,"date":"2021-08-29T14:36:45","date_gmt":"2021-08-29T13:36:45","guid":{"rendered":"https:\/\/1001vertus.com\/?post_type=product&#038;p=4951"},"modified":"2026-04-26T18:36:52","modified_gmt":"2026-04-26T17:36:52","slug":"pulverisierte-blatter-der-sidr-jujube","status":"publish","type":"product","link":"https:\/\/1001vertus.com\/de\/produit\/feuilles-de-jujubier-sidr-en-poudre\/","title":{"rendered":"Pulverisierte Bl\u00e4tter der Jujube (Sidr)"},"content":{"rendered":"<p>La poudre de jujubier est obtenue \u00e0 partir des feuilles de jujubier. Les feuilles sont r\u00e9colt\u00e9es \u00e0 la main, s\u00e9ch\u00e9es \u00e0 l&rsquo;air libre et r\u00e9duites en poudre.<\/p>\n<p>Die Bienen lieben seine Bl\u00fcten und daraus entsteht ein fabelhafter Honig.<\/p>\n<p>Il est utilis\u00e9 en m\u00e9decine ayurv\u00e9dique Les Chinois l&rsquo;utilisent aussi pour soulager le stress et revitaliser le corps.<\/p>\n<p>&nbsp;<\/p>\n<h2>Zusammensetzung des Pulvers aus den Bl\u00e4ttern der Jujube :<\/h2>\n<ul>\n<li>Saponoside<\/li>\n<li>Flavono\u00efdes<\/li>\n<li>Glycosides triterp\u00e9niques<\/li>\n<li>Schleim<\/li>\n<\/ul>\n<p>La poudre de jujubier a de nombreuses vertus et utilisations\u00a0: pour les cheveux, pour la peau, en interne, en cosm\u00e9tique\u2026 Les musulmans l\u2019utilisent \u00e9galement pour laver leurs morts ou lutter contre la sorcellerie.<\/p>\n<p>&nbsp;<\/p>\n<h2>Welche Vorteile haben die Bl\u00e4tter des Jujubenbaums?<\/h2>\n<h3>Jujubier et cheveux\u00a0:<\/h3>\n<p>M\u00e9lang\u00e9 \u00e0 de l&rsquo;eau chaude et bien \u00e9mulsionn\u00e9, c&rsquo;est une merveilleuse poudre lavante pour les cheveux, tout en douceur, et id\u00e9ale pour les cuirs chevelus sensibles et \u00e0 tendance pelliculaire. Il est aussi l&rsquo;ami des cheveux secs et fragilis\u00e9s car il apporte souplesse, brillance et douceur.<\/p>\n<ul>\n<li>Mit der Jujube kann man das Haar auf nat\u00fcrliche Weise waschen.<\/li>\n<li>Il est utilis\u00e9 pour laver et embellir les cheveux.<\/li>\n<li>Astringent et purifiant, il aide \u00e0 soulager les d\u00e9mangeaisons li\u00e9es aux maladies du cuir chevelu et lutte contre les pellicules.<\/li>\n<li>Es begrenzt den Haarausfall.<\/li>\n<li>Il permet de laver les cheveux qui ont \u00e9t\u00e9 color\u00e9s sans les faire d\u00e9gorger et en fixant la couleur. Cousin du Shikaka\u00ef, le jujubier a l&rsquo;avantage de permettre de ne pas faire d\u00e9gorger les cheveux ayant \u00e9t\u00e9 color\u00e9s par des m\u00e9langes contenant notamment de l&rsquo;Indigo et du Katam.<\/li>\n<\/ul>\n<p>&nbsp;<\/p>\n<h3>Externe Verwendung :<\/h3>\n<p>En cataplasme, il aide \u00e0 lutter contre les maladies de la peau telles que le psoriasis, ecz\u00e9ma, pellicules, acn\u00e9<\/p>\n<p>Faites un m\u00e9lange d\u2019eau chaude et de jujubier et appliquer le sur le visage 5-10 minutes.<\/p>\n<p>&nbsp;<\/p>\n<h3>Interne Verwendung :<\/h3>\n<p>C&rsquo;est un bon antioxydant et peut traiter la diarrh\u00e9e.<\/p>\n<h3><\/h3>\n<h3>Utilisation dans les cosm\u00e9tiques :<\/h3>\n<ul>\n<li>La poudre de jujubier convient \u00e0 tous les types de peau et de cheveux et est fortement recommand\u00e9 pour les peaux normales et sensibles.<\/li>\n<li>Il peut \u00eatre incorpor\u00e9 dans vos soins, masques corporels et capillaires.<\/li>\n<li>Il est fortement recommand\u00e9 pour traiter les probl\u00e8mes de cuir chevelu.<\/li>\n<li>C\u2019est un savon naturel. Il suffit de mettre une cuill\u00e8re dans un seau et d&rsquo;ajouter de l&rsquo;eau, cela vous donnera un liquide mousseux.<\/li>\n<\/ul>\n<p>&nbsp;<\/p>\n<p class=\"Textbody\"><u>Gewicht :<\/u> 100g<\/p>\n<p class=\"Textbody\"><u>Herkunft :<\/u> Marokko<\/p>","protected":false},"excerpt":{"rendered":"<p>Les feuilles de jujubier sont utilis\u00e9es depuis des si\u00e8cles, notamment dans la m\u00e9decine ayurv\u00e9dique ou musulmane traditionnelle.<\/p>\n<p>Elles ont de nombreuses vertus et utilisations : pour les cheveux, pour la peau, en interne, en cosm\u00e9tique\u2026 Les musulmans l\u2019utilisent \u00e9galement pour laver leurs morts ou lutter contre la sorcellerie.<\/p>","protected":false},"featured_media":4971,"template":"","meta":[],"product_brand":[],"product_cat":[28,27,96],"product_tag":[],"class_list":{"0":"post-4951","1":"product","2":"type-product","3":"status-publish","4":"has-post-thumbnail","6":"product_cat-medecine-sante","7":"product_cat-bien-etre","8":"product_cat-roqya-chariya","10":"first","11":"instock","12":"shipping-taxable","13":"purchasable","14":"product-type-simple"},"_links":{"self":[{"href":"https:\/\/1001vertus.com\/de\/wp-json\/wp\/v2\/product\/4951","targetHints":{"allow":["GET"]}}],"collection":[{"href":"https:\/\/1001vertus.com\/de\/wp-json\/wp\/v2\/product"}],"about":[{"href":"https:\/\/1001vertus.com\/de\/wp-json\/wp\/v2\/types\/product"}],"wp:featuredmedia":[{"embeddable":true,"href":"https:\/\/1001vertus.com\/de\/wp-json\/wp\/v2\/media\/4971"}],"wp:attachment":[{"href":"https:\/\/1001vertus.com\/de\/wp-json\/wp\/v2\/media?parent=4951"}],"wp:term":[{"taxonomy":"product_brand","embeddable":true,"href":"https:\/\/1001vertus.com\/de\/wp-json\/wp\/v2\/product_brand?post=4951"},{"taxonomy":"product_cat","embeddable":true,"href":"https:\/\/1001vertus.com\/de\/wp-json\/wp\/v2\/product_cat?post=4951"},{"taxonomy":"product_tag","embeddable":true,"href":"https:\/\/1001vertus.com\/de\/wp-json\/wp\/v2\/product_tag?post=4951"}],"curies":[{"name":"wp","href":"https:\/\/api.w.org\/{rel}","templated":true}]}}